{"id":970,"date":"2021-10-09T16:06:59","date_gmt":"2021-10-09T16:06:59","guid":{"rendered":"https:\/\/moikk.hu\/?page_id=970"},"modified":"2021-10-14T08:56:14","modified_gmt":"2021-10-14T08:56:14","slug":"pezsgos-koccintas","status":"publish","type":"page","link":"https:\/\/moikk.hu\/index.php\/pezsgos-koccintas\/","title":{"rendered":"Pezsg\u0151s koccint\u00e1s"},"content":{"rendered":"\n<div class=\"wp-block-columns is-layout-flex wp-container-core-columns-is-layout-9d6595d7 wp-block-columns-is-layout-flex\">\n<div class=\"wp-block-column is-layout-flow wp-block-column-is-layout-flow\">\n<figure class=\"wp-block-gallery columns-1 is-cropped wp-block-gallery-1 is-layout-flex wp-block-gallery-is-layout-flex\"><ul class=\"blocks-gallery-grid\"><li class=\"blocks-gallery-item\"><figure><img loading=\"lazy\" decoding=\"async\" width=\"1024\" height=\"768\" src=\"https:\/\/moikk.hu\/wp-content\/uploads\/2021\/10\/22.-Pezsgos-koccintas-1024x768.jpg\" alt=\"\" data-id=\"973\" data-full-url=\"https:\/\/moikk.hu\/wp-content\/uploads\/2021\/10\/22.-Pezsgos-koccintas-scaled.jpg\" data-link=\"https:\/\/moikk.hu\/?attachment_id=973\" class=\"wp-image-973\" srcset=\"https:\/\/moikk.hu\/wp-content\/uploads\/2021\/10\/22.-Pezsgos-koccintas-1024x768.jpg 1024w, https:\/\/moikk.hu\/wp-content\/uploads\/2021\/10\/22.-Pezsgos-koccintas-300x225.jpg 300w, https:\/\/moikk.hu\/wp-content\/uploads\/2021\/10\/22.-Pezsgos-koccintas-768x576.jpg 768w, https:\/\/moikk.hu\/wp-content\/uploads\/2021\/10\/22.-Pezsgos-koccintas-1536x1152.jpg 1536w, https:\/\/moikk.hu\/wp-content\/uploads\/2021\/10\/22.-Pezsgos-koccintas-2048x1536.jpg 2048w, https:\/\/moikk.hu\/wp-content\/uploads\/2021\/10\/22.-Pezsgos-koccintas-850x638.jpg 850w\" sizes=\"auto, (max-width: 1024px) 100vw, 1024px\" \/><\/figure><\/li><\/ul><figcaption class=\"blocks-gallery-caption\"><strong>Pezsg\u0151s koccint\u00e1s<\/strong><\/figcaption><\/figure>\n<\/div>\n\n\n\n<div class=\"wp-block-column is-layout-flow wp-block-column-is-layout-flow\">\n<figure class=\"wp-block-gallery columns-1 is-cropped wp-block-gallery-2 is-layout-flex wp-block-gallery-is-layout-flex\"><ul class=\"blocks-gallery-grid\"><li class=\"blocks-gallery-item\"><figure><img loading=\"lazy\" decoding=\"async\" width=\"1024\" height=\"768\" src=\"https:\/\/moikk.hu\/wp-content\/uploads\/2021\/10\/23.-Pezsgos-koccintas2.-1024x768.jpg\" alt=\"\" data-id=\"974\" data-full-url=\"https:\/\/moikk.hu\/wp-content\/uploads\/2021\/10\/23.-Pezsgos-koccintas2.-scaled.jpg\" data-link=\"https:\/\/moikk.hu\/?attachment_id=974\" class=\"wp-image-974\" srcset=\"https:\/\/moikk.hu\/wp-content\/uploads\/2021\/10\/23.-Pezsgos-koccintas2.-1024x768.jpg 1024w, https:\/\/moikk.hu\/wp-content\/uploads\/2021\/10\/23.-Pezsgos-koccintas2.-300x225.jpg 300w, https:\/\/moikk.hu\/wp-content\/uploads\/2021\/10\/23.-Pezsgos-koccintas2.-768x576.jpg 768w, https:\/\/moikk.hu\/wp-content\/uploads\/2021\/10\/23.-Pezsgos-koccintas2.-1536x1152.jpg 1536w, https:\/\/moikk.hu\/wp-content\/uploads\/2021\/10\/23.-Pezsgos-koccintas2.-2048x1536.jpg 2048w, https:\/\/moikk.hu\/wp-content\/uploads\/2021\/10\/23.-Pezsgos-koccintas2.-850x638.jpg 850w\" sizes=\"auto, (max-width: 1024px) 100vw, 1024px\" \/><\/figure><\/li><\/ul><figcaption class=\"blocks-gallery-caption\"><strong>Boldog sz\u00fclinapot MO\u00cdKK!<\/strong><\/figcaption><\/figure>\n<\/div>\n<\/div>\n\n\n\n<div class=\"wp-block-columns is-layout-flex wp-container-core-columns-is-layout-9d6595d7 wp-block-columns-is-layout-flex\">\n<div class=\"wp-block-column is-layout-flow wp-block-column-is-layout-flow\">\n<figure class=\"wp-block-gallery columns-1 is-cropped wp-block-gallery-3 is-layout-flex wp-block-gallery-is-layout-flex\"><ul class=\"blocks-gallery-grid\"><li class=\"blocks-gallery-item\"><figure><img loading=\"lazy\" decoding=\"async\" width=\"1024\" height=\"576\" src=\"https:\/\/moikk.hu\/wp-content\/uploads\/2021\/10\/23a.-Pezsgos-koccintas-1024x576.jpg\" alt=\"\" data-id=\"975\" data-full-url=\"https:\/\/moikk.hu\/wp-content\/uploads\/2021\/10\/23a.-Pezsgos-koccintas-scaled.jpg\" data-link=\"https:\/\/moikk.hu\/?attachment_id=975\" class=\"wp-image-975\" srcset=\"https:\/\/moikk.hu\/wp-content\/uploads\/2021\/10\/23a.-Pezsgos-koccintas-1024x576.jpg 1024w, https:\/\/moikk.hu\/wp-content\/uploads\/2021\/10\/23a.-Pezsgos-koccintas-300x169.jpg 300w, https:\/\/moikk.hu\/wp-content\/uploads\/2021\/10\/23a.-Pezsgos-koccintas-768x432.jpg 768w, https:\/\/moikk.hu\/wp-content\/uploads\/2021\/10\/23a.-Pezsgos-koccintas-1536x864.jpg 1536w, https:\/\/moikk.hu\/wp-content\/uploads\/2021\/10\/23a.-Pezsgos-koccintas-2048x1152.jpg 2048w, https:\/\/moikk.hu\/wp-content\/uploads\/2021\/10\/23a.-Pezsgos-koccintas-850x478.jpg 850w\" sizes=\"auto, (max-width: 1024px) 100vw, 1024px\" \/><\/figure><\/li><\/ul><figcaption class=\"blocks-gallery-caption\">Pezsg\u0151s koccint\u00e1s 2.<\/figcaption><\/figure>\n<\/div>\n\n\n\n<div class=\"wp-block-column is-layout-flow wp-block-column-is-layout-flow\">\n<figure class=\"wp-block-gallery columns-1 is-cropped wp-block-gallery-4 is-layout-flex wp-block-gallery-is-layout-flex\"><ul class=\"blocks-gallery-grid\"><li class=\"blocks-gallery-item\"><figure><img loading=\"lazy\" decoding=\"async\" width=\"1024\" height=\"576\" src=\"https:\/\/moikk.hu\/wp-content\/uploads\/2021\/10\/23b.-Egeszsegunkre-1024x576.jpg\" alt=\"\" data-id=\"976\" data-full-url=\"https:\/\/moikk.hu\/wp-content\/uploads\/2021\/10\/23b.-Egeszsegunkre-scaled.jpg\" data-link=\"https:\/\/moikk.hu\/?attachment_id=976\" class=\"wp-image-976\" srcset=\"https:\/\/moikk.hu\/wp-content\/uploads\/2021\/10\/23b.-Egeszsegunkre-1024x576.jpg 1024w, https:\/\/moikk.hu\/wp-content\/uploads\/2021\/10\/23b.-Egeszsegunkre-300x169.jpg 300w, https:\/\/moikk.hu\/wp-content\/uploads\/2021\/10\/23b.-Egeszsegunkre-768x432.jpg 768w, https:\/\/moikk.hu\/wp-content\/uploads\/2021\/10\/23b.-Egeszsegunkre-1536x864.jpg 1536w, https:\/\/moikk.hu\/wp-content\/uploads\/2021\/10\/23b.-Egeszsegunkre-2048x1152.jpg 2048w, https:\/\/moikk.hu\/wp-content\/uploads\/2021\/10\/23b.-Egeszsegunkre-850x478.jpg 850w\" sizes=\"auto, (max-width: 1024px) 100vw, 1024px\" \/><\/figure><\/li><\/ul><figcaption class=\"blocks-gallery-caption\"><strong>Eg\u00e9szs\u00e9g\u00fcnkre!<\/strong><\/figcaption><\/figure>\n<\/div>\n<\/div>\n\n\n\n<div class=\"wp-block-columns is-layout-flex wp-container-core-columns-is-layout-9d6595d7 wp-block-columns-is-layout-flex\">\n<div class=\"wp-block-column is-layout-flow wp-block-column-is-layout-flow\">\n<figure class=\"wp-block-gallery columns-1 is-cropped wp-block-gallery-5 is-layout-flex wp-block-gallery-is-layout-flex\"><ul class=\"blocks-gallery-grid\"><li class=\"blocks-gallery-item\"><figure><img loading=\"lazy\" decoding=\"async\" width=\"1024\" height=\"768\" src=\"https:\/\/moikk.hu\/wp-content\/uploads\/2021\/10\/24.-Pezsgo-allofogadas-1024x768.jpg\" alt=\"\" data-id=\"977\" data-full-url=\"https:\/\/moikk.hu\/wp-content\/uploads\/2021\/10\/24.-Pezsgo-allofogadas-scaled.jpg\" data-link=\"https:\/\/moikk.hu\/?attachment_id=977\" class=\"wp-image-977\" srcset=\"https:\/\/moikk.hu\/wp-content\/uploads\/2021\/10\/24.-Pezsgo-allofogadas-1024x768.jpg 1024w, https:\/\/moikk.hu\/wp-content\/uploads\/2021\/10\/24.-Pezsgo-allofogadas-300x225.jpg 300w, https:\/\/moikk.hu\/wp-content\/uploads\/2021\/10\/24.-Pezsgo-allofogadas-768x576.jpg 768w, https:\/\/moikk.hu\/wp-content\/uploads\/2021\/10\/24.-Pezsgo-allofogadas-1536x1152.jpg 1536w, https:\/\/moikk.hu\/wp-content\/uploads\/2021\/10\/24.-Pezsgo-allofogadas-2048x1536.jpg 2048w, https:\/\/moikk.hu\/wp-content\/uploads\/2021\/10\/24.-Pezsgo-allofogadas-850x638.jpg 850w\" sizes=\"auto, (max-width: 1024px) 100vw, 1024px\" \/><\/figure><\/li><\/ul><figcaption class=\"blocks-gallery-caption\"><strong>Pezsg\u0151s \u00e1ll\u00f3fogad\u00e1s<\/strong><\/figcaption><\/figure>\n<\/div>\n\n\n\n<div class=\"wp-block-column is-layout-flow wp-block-column-is-layout-flow\">\n<figure class=\"wp-block-gallery columns-1 is-cropped wp-block-gallery-6 is-layout-flex wp-block-gallery-is-layout-flex\"><ul class=\"blocks-gallery-grid\"><li class=\"blocks-gallery-item\"><figure><img loading=\"lazy\" decoding=\"async\" width=\"1024\" height=\"806\" src=\"https:\/\/moikk.hu\/wp-content\/uploads\/2021\/10\/25.-Pezsgo-allofogadas-1024x806.jpg\" alt=\"\" data-id=\"978\" data-full-url=\"https:\/\/moikk.hu\/wp-content\/uploads\/2021\/10\/25.-Pezsgo-allofogadas-scaled.jpg\" data-link=\"https:\/\/moikk.hu\/?attachment_id=978\" class=\"wp-image-978\" srcset=\"https:\/\/moikk.hu\/wp-content\/uploads\/2021\/10\/25.-Pezsgo-allofogadas-1024x806.jpg 1024w, https:\/\/moikk.hu\/wp-content\/uploads\/2021\/10\/25.-Pezsgo-allofogadas-300x236.jpg 300w, https:\/\/moikk.hu\/wp-content\/uploads\/2021\/10\/25.-Pezsgo-allofogadas-768x604.jpg 768w, https:\/\/moikk.hu\/wp-content\/uploads\/2021\/10\/25.-Pezsgo-allofogadas-1536x1209.jpg 1536w, https:\/\/moikk.hu\/wp-content\/uploads\/2021\/10\/25.-Pezsgo-allofogadas-2048x1611.jpg 2048w, https:\/\/moikk.hu\/wp-content\/uploads\/2021\/10\/25.-Pezsgo-allofogadas-850x669.jpg 850w\" sizes=\"auto, (max-width: 1024px) 100vw, 1024px\" \/><\/figure><\/li><\/ul><figcaption class=\"blocks-gallery-caption\"><strong>Pezsg\u0151s \u00e1ll\u00f3fogad\u00e1s<\/strong><\/figcaption><\/figure>\n<\/div>\n<\/div>\n\n\n\n<div class=\"wp-block-columns is-layout-flex wp-container-core-columns-is-layout-9d6595d7 wp-block-columns-is-layout-flex\">\n<div class=\"wp-block-column is-layout-flow wp-block-column-is-layout-flow\">\n<figure class=\"wp-block-gallery columns-1 is-cropped wp-block-gallery-7 is-layout-flex wp-block-gallery-is-layout-flex\"><ul class=\"blocks-gallery-grid\"><li class=\"blocks-gallery-item\"><figure><img loading=\"lazy\" decoding=\"async\" width=\"1024\" height=\"669\" src=\"https:\/\/moikk.hu\/wp-content\/uploads\/2021\/10\/27.-MOIKK-45-46.-szulinap-1-1024x669.jpg\" alt=\"\" data-id=\"979\" data-full-url=\"https:\/\/moikk.hu\/wp-content\/uploads\/2021\/10\/27.-MOIKK-45-46.-szulinap-1.jpg\" data-link=\"https:\/\/moikk.hu\/?attachment_id=979\" class=\"wp-image-979\" srcset=\"https:\/\/moikk.hu\/wp-content\/uploads\/2021\/10\/27.-MOIKK-45-46.-szulinap-1-1024x669.jpg 1024w, https:\/\/moikk.hu\/wp-content\/uploads\/2021\/10\/27.-MOIKK-45-46.-szulinap-1-300x196.jpg 300w, https:\/\/moikk.hu\/wp-content\/uploads\/2021\/10\/27.-MOIKK-45-46.-szulinap-1-768x502.jpg 768w, https:\/\/moikk.hu\/wp-content\/uploads\/2021\/10\/27.-MOIKK-45-46.-szulinap-1-1536x1004.jpg 1536w, https:\/\/moikk.hu\/wp-content\/uploads\/2021\/10\/27.-MOIKK-45-46.-szulinap-1-350x230.jpg 350w, https:\/\/moikk.hu\/wp-content\/uploads\/2021\/10\/27.-MOIKK-45-46.-szulinap-1-850x556.jpg 850w, https:\/\/moikk.hu\/wp-content\/uploads\/2021\/10\/27.-MOIKK-45-46.-szulinap-1.jpg 1686w\" sizes=\"auto, (max-width: 1024px) 100vw, 1024px\" \/><\/figure><\/li><\/ul><figcaption class=\"blocks-gallery-caption\"><strong>MO\u00cdKK 45 &#8211; 46. sz\u00fclet\u00e9snap<\/strong><\/figcaption><\/figure>\n<\/div>\n\n\n\n<div class=\"wp-block-column is-layout-flow wp-block-column-is-layout-flow\">\n<figure class=\"wp-block-gallery columns-1 is-cropped wp-block-gallery-8 is-layout-flex wp-block-gallery-is-layout-flex\"><ul class=\"blocks-gallery-grid\"><li class=\"blocks-gallery-item\"><figure><img loading=\"lazy\" decoding=\"async\" width=\"1024\" height=\"627\" src=\"https:\/\/moikk.hu\/wp-content\/uploads\/2021\/10\/28.-MOIKK-45-46.-szulinap-2-1024x627.jpg\" alt=\"\" data-id=\"980\" data-full-url=\"https:\/\/moikk.hu\/wp-content\/uploads\/2021\/10\/28.-MOIKK-45-46.-szulinap-2-scaled.jpg\" data-link=\"https:\/\/moikk.hu\/?attachment_id=980\" class=\"wp-image-980\" srcset=\"https:\/\/moikk.hu\/wp-content\/uploads\/2021\/10\/28.-MOIKK-45-46.-szulinap-2-1024x627.jpg 1024w, https:\/\/moikk.hu\/wp-content\/uploads\/2021\/10\/28.-MOIKK-45-46.-szulinap-2-300x184.jpg 300w, https:\/\/moikk.hu\/wp-content\/uploads\/2021\/10\/28.-MOIKK-45-46.-szulinap-2-768x470.jpg 768w, https:\/\/moikk.hu\/wp-content\/uploads\/2021\/10\/28.-MOIKK-45-46.-szulinap-2-1536x940.jpg 1536w, https:\/\/moikk.hu\/wp-content\/uploads\/2021\/10\/28.-MOIKK-45-46.-szulinap-2-2048x1253.jpg 2048w, https:\/\/moikk.hu\/wp-content\/uploads\/2021\/10\/28.-MOIKK-45-46.-szulinap-2-850x520.jpg 850w\" sizes=\"auto, (max-width: 1024px) 100vw, 1024px\" \/><\/figure><\/li><\/ul><figcaption class=\"blocks-gallery-caption\"><strong>MO\u00cdKK 45 &#8211; 46. sz\u00fclinap<\/strong><\/figcaption><\/figure>\n<\/div>\n<\/div>\n\n\n\n<div class=\"wp-block-columns is-layout-flex wp-container-core-columns-is-layout-9d6595d7 wp-block-columns-is-layout-flex\">\n<div class=\"wp-block-column is-layout-flow wp-block-column-is-layout-flow\">\n<figure class=\"wp-block-gallery columns-1 is-cropped wp-block-gallery-9 is-layout-flex wp-block-gallery-is-layout-flex\"><ul class=\"blocks-gallery-grid\"><li class=\"blocks-gallery-item\"><figure><img loading=\"lazy\" decoding=\"async\" width=\"1024\" height=\"795\" src=\"https:\/\/moikk.hu\/wp-content\/uploads\/2021\/10\/30.-MOIKK-45-46.-szulinap2.-1024x795.jpg\" alt=\"\" data-id=\"981\" data-full-url=\"https:\/\/moikk.hu\/wp-content\/uploads\/2021\/10\/30.-MOIKK-45-46.-szulinap2..jpg\" data-link=\"https:\/\/moikk.hu\/?attachment_id=981\" class=\"wp-image-981\" srcset=\"https:\/\/moikk.hu\/wp-content\/uploads\/2021\/10\/30.-MOIKK-45-46.-szulinap2.-1024x795.jpg 1024w, https:\/\/moikk.hu\/wp-content\/uploads\/2021\/10\/30.-MOIKK-45-46.-szulinap2.-300x233.jpg 300w, https:\/\/moikk.hu\/wp-content\/uploads\/2021\/10\/30.-MOIKK-45-46.-szulinap2.-768x597.jpg 768w, https:\/\/moikk.hu\/wp-content\/uploads\/2021\/10\/30.-MOIKK-45-46.-szulinap2.-1536x1193.jpg 1536w, https:\/\/moikk.hu\/wp-content\/uploads\/2021\/10\/30.-MOIKK-45-46.-szulinap2.-2048x1591.jpg 2048w, https:\/\/moikk.hu\/wp-content\/uploads\/2021\/10\/30.-MOIKK-45-46.-szulinap2.-850x660.jpg 850w\" sizes=\"auto, (max-width: 1024px) 100vw, 1024px\" \/><\/figure><\/li><\/ul><figcaption class=\"blocks-gallery-caption\">MO\u00cdKK 45 -46 sz\u00fclet\u00e9snap 2.<\/figcaption><\/figure>\n<\/div>\n\n\n\n<div class=\"wp-block-column is-layout-flow wp-block-column-is-layout-flow\">\n<figure class=\"wp-block-gallery columns-1 is-cropped wp-block-gallery-10 is-layout-flex wp-block-gallery-is-layout-flex\"><ul class=\"blocks-gallery-grid\"><li class=\"blocks-gallery-item\"><figure><img loading=\"lazy\" decoding=\"async\" width=\"1024\" height=\"768\" src=\"https:\/\/moikk.hu\/wp-content\/uploads\/2021\/10\/26.-Pezsgos-45.-szulinap-1024x768.jpg\" alt=\"\" data-id=\"982\" data-full-url=\"https:\/\/moikk.hu\/wp-content\/uploads\/2021\/10\/26.-Pezsgos-45.-szulinap-scaled.jpg\" data-link=\"https:\/\/moikk.hu\/?attachment_id=982\" class=\"wp-image-982\" srcset=\"https:\/\/moikk.hu\/wp-content\/uploads\/2021\/10\/26.-Pezsgos-45.-szulinap-1024x768.jpg 1024w, https:\/\/moikk.hu\/wp-content\/uploads\/2021\/10\/26.-Pezsgos-45.-szulinap-300x225.jpg 300w, https:\/\/moikk.hu\/wp-content\/uploads\/2021\/10\/26.-Pezsgos-45.-szulinap-768x576.jpg 768w, https:\/\/moikk.hu\/wp-content\/uploads\/2021\/10\/26.-Pezsgos-45.-szulinap-1536x1152.jpg 1536w, https:\/\/moikk.hu\/wp-content\/uploads\/2021\/10\/26.-Pezsgos-45.-szulinap-2048x1536.jpg 2048w, https:\/\/moikk.hu\/wp-content\/uploads\/2021\/10\/26.-Pezsgos-45.-szulinap-850x638.jpg 850w\" sizes=\"auto, (max-width: 1024px) 100vw, 1024px\" \/><\/figure><\/li><\/ul><figcaption class=\"blocks-gallery-caption\"><strong>MO\u00cdKK 45 &#8211; 46. sz\u00fclinap 2.<\/strong><\/figcaption><\/figure>\n<\/div>\n<\/div>\n\n\n\n<div class=\"wp-block-columns is-layout-flex wp-container-core-columns-is-layout-9d6595d7 wp-block-columns-is-layout-flex\">\n<div class=\"wp-block-column is-layout-flow wp-block-column-is-layout-flow\">\n<figure class=\"wp-block-gallery columns-1 is-cropped wp-block-gallery-11 is-layout-flex wp-block-gallery-is-layout-flex\"><ul class=\"blocks-gallery-grid\"><li class=\"blocks-gallery-item\"><figure><img loading=\"lazy\" decoding=\"async\" width=\"1024\" height=\"942\" src=\"https:\/\/moikk.hu\/wp-content\/uploads\/2021\/10\/31.-Allofogadas-1024x942.jpg\" alt=\"\" data-id=\"983\" data-full-url=\"https:\/\/moikk.hu\/wp-content\/uploads\/2021\/10\/31.-Allofogadas-scaled.jpg\" data-link=\"https:\/\/moikk.hu\/?attachment_id=983\" class=\"wp-image-983\" srcset=\"https:\/\/moikk.hu\/wp-content\/uploads\/2021\/10\/31.-Allofogadas-1024x942.jpg 1024w, https:\/\/moikk.hu\/wp-content\/uploads\/2021\/10\/31.-Allofogadas-300x276.jpg 300w, https:\/\/moikk.hu\/wp-content\/uploads\/2021\/10\/31.-Allofogadas-768x707.jpg 768w, https:\/\/moikk.hu\/wp-content\/uploads\/2021\/10\/31.-Allofogadas-1536x1413.jpg 1536w, https:\/\/moikk.hu\/wp-content\/uploads\/2021\/10\/31.-Allofogadas-2048x1884.jpg 2048w, https:\/\/moikk.hu\/wp-content\/uploads\/2021\/10\/31.-Allofogadas-850x782.jpg 850w\" sizes=\"auto, (max-width: 1024px) 100vw, 1024px\" \/><\/figure><\/li><\/ul><figcaption class=\"blocks-gallery-caption\"><strong>\u00c1ll\u00f3fogad\u00e1s<\/strong><\/figcaption><\/figure>\n<\/div>\n\n\n\n<div class=\"wp-block-column is-layout-flow wp-block-column-is-layout-flow\">\n<figure class=\"wp-block-gallery columns-1 is-cropped wp-block-gallery-12 is-layout-flex wp-block-gallery-is-layout-flex\"><ul class=\"blocks-gallery-grid\"><li class=\"blocks-gallery-item\"><figure><img loading=\"lazy\" decoding=\"async\" width=\"1024\" height=\"401\" src=\"https:\/\/moikk.hu\/wp-content\/uploads\/2021\/10\/32.-Allofogadas-1024x401.jpg\" alt=\"\" data-id=\"984\" data-full-url=\"https:\/\/moikk.hu\/wp-content\/uploads\/2021\/10\/32.-Allofogadas-scaled.jpg\" data-link=\"https:\/\/moikk.hu\/?attachment_id=984\" class=\"wp-image-984\" srcset=\"https:\/\/moikk.hu\/wp-content\/uploads\/2021\/10\/32.-Allofogadas-1024x401.jpg 1024w, https:\/\/moikk.hu\/wp-content\/uploads\/2021\/10\/32.-Allofogadas-300x118.jpg 300w, https:\/\/moikk.hu\/wp-content\/uploads\/2021\/10\/32.-Allofogadas-768x301.jpg 768w, https:\/\/moikk.hu\/wp-content\/uploads\/2021\/10\/32.-Allofogadas-1536x602.jpg 1536w, https:\/\/moikk.hu\/wp-content\/uploads\/2021\/10\/32.-Allofogadas-2048x802.jpg 2048w, https:\/\/moikk.hu\/wp-content\/uploads\/2021\/10\/32.-Allofogadas-850x333.jpg 850w\" sizes=\"auto, (max-width: 1024px) 100vw, 1024px\" \/><\/figure><\/li><\/ul><figcaption class=\"blocks-gallery-caption\"><strong>\u00c1ll\u00f3fogad\u00e1s 2.<\/strong><\/figcaption><\/figure>\n<\/div>\n<\/div>\n","protected":false},"excerpt":{"rendered":"","protected":false},"author":1,"featured_media":0,"parent":0,"menu_order":0,"comment_status":"closed","ping_status":"closed","template":"","meta":{"footnotes":""},"class_list":["post-970","page","type-page","status-publish","hentry"],"_links":{"self":[{"href":"https:\/\/moikk.hu\/index.php\/wp-json\/wp\/v2\/pages\/970","targetHints":{"allow":["GET"]}}],"collection":[{"href":"https:\/\/moikk.hu\/index.php\/wp-json\/wp\/v2\/pages"}],"about":[{"href":"https:\/\/moikk.hu\/index.php\/wp-json\/wp\/v2\/types\/page"}],"author":[{"embeddable":true,"href":"https:\/\/moikk.hu\/index.php\/wp-json\/wp\/v2\/users\/1"}],"replies":[{"embeddable":true,"href":"https:\/\/moikk.hu\/index.php\/wp-json\/wp\/v2\/comments?post=970"}],"version-history":[{"count":2,"href":"https:\/\/moikk.hu\/index.php\/wp-json\/wp\/v2\/pages\/970\/revisions"}],"predecessor-version":[{"id":1155,"href":"https:\/\/moikk.hu\/index.php\/wp-json\/wp\/v2\/pages\/970\/revisions\/1155"}],"wp:attachment":[{"href":"https:\/\/moikk.hu\/index.php\/wp-json\/wp\/v2\/media?parent=970"}],"curies":[{"name":"wp","href":"https:\/\/api.w.org\/{rel}","templated":true}]}}