{"id":951,"date":"2021-10-09T08:32:40","date_gmt":"2021-10-09T08:32:40","guid":{"rendered":"https:\/\/moikk.hu\/?page_id=951"},"modified":"2021-10-14T08:59:35","modified_gmt":"2021-10-14T08:59:35","slug":"dr-hankiss-janos-es-unokai","status":"publish","type":"page","link":"https:\/\/moikk.hu\/index.php\/dr-hankiss-janos-es-unokai\/","title":{"rendered":"Dr. Hankiss J\u00e1nos alap\u00edt\u00f3 \u00e9s unok\u00e1i"},"content":{"rendered":"\n<div class=\"wp-block-columns is-layout-flex wp-container-core-columns-is-layout-9d6595d7 wp-block-columns-is-layout-flex\">\n<div class=\"wp-block-column is-layout-flow wp-block-column-is-layout-flow\" style=\"flex-basis:100%\">\n<div class=\"wp-block-columns is-layout-flex wp-container-core-columns-is-layout-9d6595d7 wp-block-columns-is-layout-flex\">\n<div class=\"wp-block-column is-layout-flow wp-block-column-is-layout-flow\" style=\"flex-basis:100%\">\n<div class=\"wp-block-columns is-layout-flex wp-container-core-columns-is-layout-9d6595d7 wp-block-columns-is-layout-flex\">\n<div class=\"wp-block-column is-layout-flow wp-block-column-is-layout-flow\">\n<figure class=\"wp-block-gallery columns-1 is-cropped wp-block-gallery-1 is-layout-flex wp-block-gallery-is-layout-flex\"><ul class=\"blocks-gallery-grid\"><li class=\"blocks-gallery-item\"><figure><img loading=\"lazy\" decoding=\"async\" width=\"1024\" height=\"768\" src=\"https:\/\/moikk.hu\/wp-content\/uploads\/2021\/10\/1.-Dr.-Hankiss-Janos-es-unokai-eloadasa-min-1024x768.jpg\" alt=\"\" data-id=\"952\" data-full-url=\"https:\/\/moikk.hu\/wp-content\/uploads\/2021\/10\/1.-Dr.-Hankiss-Janos-es-unokai-eloadasa-min-scaled.jpg\" data-link=\"https:\/\/moikk.hu\/?attachment_id=952\" class=\"wp-image-952\" srcset=\"https:\/\/moikk.hu\/wp-content\/uploads\/2021\/10\/1.-Dr.-Hankiss-Janos-es-unokai-eloadasa-min-1024x768.jpg 1024w, https:\/\/moikk.hu\/wp-content\/uploads\/2021\/10\/1.-Dr.-Hankiss-Janos-es-unokai-eloadasa-min-300x225.jpg 300w, https:\/\/moikk.hu\/wp-content\/uploads\/2021\/10\/1.-Dr.-Hankiss-Janos-es-unokai-eloadasa-min-768x576.jpg 768w, https:\/\/moikk.hu\/wp-content\/uploads\/2021\/10\/1.-Dr.-Hankiss-Janos-es-unokai-eloadasa-min-1536x1152.jpg 1536w, https:\/\/moikk.hu\/wp-content\/uploads\/2021\/10\/1.-Dr.-Hankiss-Janos-es-unokai-eloadasa-min-2048x1536.jpg 2048w, https:\/\/moikk.hu\/wp-content\/uploads\/2021\/10\/1.-Dr.-Hankiss-Janos-es-unokai-eloadasa-min-850x638.jpg 850w\" sizes=\"auto, (max-width: 1024px) 100vw, 1024px\" \/><\/figure><\/li><\/ul><figcaption class=\"blocks-gallery-caption\"><strong>Dr. Hankiss J\u00e1nos alap\u00edt\u00f3 \u00e9s unok\u00e1i el\u0151ad\u00e1sa<\/strong><\/figcaption><\/figure>\n<\/div>\n\n\n\n<div class=\"wp-block-column is-layout-flow wp-block-column-is-layout-flow\">\n<figure class=\"wp-block-gallery columns-1 is-cropped wp-block-gallery-2 is-layout-flex wp-block-gallery-is-layout-flex\"><ul class=\"blocks-gallery-grid\"><li class=\"blocks-gallery-item\"><figure><img loading=\"lazy\" decoding=\"async\" width=\"1024\" height=\"768\" src=\"https:\/\/moikk.hu\/wp-content\/uploads\/2021\/10\/2.-Hankiss-Janos-dr.-es-unokaja-1024x768.jpg\" alt=\"\" data-id=\"953\" data-full-url=\"https:\/\/moikk.hu\/wp-content\/uploads\/2021\/10\/2.-Hankiss-Janos-dr.-es-unokaja.jpg\" data-link=\"https:\/\/moikk.hu\/?attachment_id=953\" class=\"wp-image-953\" srcset=\"https:\/\/moikk.hu\/wp-content\/uploads\/2021\/10\/2.-Hankiss-Janos-dr.-es-unokaja-1024x768.jpg 1024w, https:\/\/moikk.hu\/wp-content\/uploads\/2021\/10\/2.-Hankiss-Janos-dr.-es-unokaja-300x225.jpg 300w, https:\/\/moikk.hu\/wp-content\/uploads\/2021\/10\/2.-Hankiss-Janos-dr.-es-unokaja-768x576.jpg 768w, https:\/\/moikk.hu\/wp-content\/uploads\/2021\/10\/2.-Hankiss-Janos-dr.-es-unokaja-1536x1152.jpg 1536w, https:\/\/moikk.hu\/wp-content\/uploads\/2021\/10\/2.-Hankiss-Janos-dr.-es-unokaja-2048x1536.jpg 2048w, https:\/\/moikk.hu\/wp-content\/uploads\/2021\/10\/2.-Hankiss-Janos-dr.-es-unokaja-850x638.jpg 850w\" sizes=\"auto, (max-width: 1024px) 100vw, 1024px\" \/><\/figure><\/li><\/ul><figcaption class=\"blocks-gallery-caption\"><strong>Hankiss J\u00e1nos dr. \u00e9s unok\u00e1ja<\/strong><\/figcaption><\/figure>\n<\/div>\n<\/div>\n<\/div>\n<\/div>\n<\/div>\n<\/div>\n\n\n\n<div class=\"wp-block-columns is-layout-flex wp-container-core-columns-is-layout-9d6595d7 wp-block-columns-is-layout-flex\">\n<div class=\"wp-block-column is-layout-flow wp-block-column-is-layout-flow\">\n<figure class=\"wp-block-gallery columns-1 is-cropped wp-block-gallery-3 is-layout-flex wp-block-gallery-is-layout-flex\"><ul class=\"blocks-gallery-grid\"><li class=\"blocks-gallery-item\"><figure><img loading=\"lazy\" decoding=\"async\" width=\"1024\" height=\"768\" src=\"https:\/\/moikk.hu\/wp-content\/uploads\/2021\/10\/3.-Valogatas-a-gazdag-eletmubol-1024x768.jpg\" alt=\"\" data-id=\"954\" data-full-url=\"https:\/\/moikk.hu\/wp-content\/uploads\/2021\/10\/3.-Valogatas-a-gazdag-eletmubol.jpg\" data-link=\"https:\/\/moikk.hu\/?attachment_id=954\" class=\"wp-image-954\" srcset=\"https:\/\/moikk.hu\/wp-content\/uploads\/2021\/10\/3.-Valogatas-a-gazdag-eletmubol-1024x768.jpg 1024w, https:\/\/moikk.hu\/wp-content\/uploads\/2021\/10\/3.-Valogatas-a-gazdag-eletmubol-300x225.jpg 300w, https:\/\/moikk.hu\/wp-content\/uploads\/2021\/10\/3.-Valogatas-a-gazdag-eletmubol-768x576.jpg 768w, https:\/\/moikk.hu\/wp-content\/uploads\/2021\/10\/3.-Valogatas-a-gazdag-eletmubol-1536x1152.jpg 1536w, https:\/\/moikk.hu\/wp-content\/uploads\/2021\/10\/3.-Valogatas-a-gazdag-eletmubol-2048x1536.jpg 2048w, https:\/\/moikk.hu\/wp-content\/uploads\/2021\/10\/3.-Valogatas-a-gazdag-eletmubol-850x638.jpg 850w\" sizes=\"auto, (max-width: 1024px) 100vw, 1024px\" \/><\/figure><\/li><\/ul><figcaption class=\"blocks-gallery-caption\"><strong>V\u00e1logat\u00e1s a gazdag \u00e9letm\u0171b\u0151l<\/strong><\/figcaption><\/figure>\n<\/div>\n\n\n\n<div class=\"wp-block-column is-layout-flow wp-block-column-is-layout-flow\">\n<figure class=\"wp-block-gallery columns-1 is-cropped wp-block-gallery-4 is-layout-flex wp-block-gallery-is-layout-flex\"><ul class=\"blocks-gallery-grid\"><li class=\"blocks-gallery-item\"><figure><img loading=\"lazy\" decoding=\"async\" width=\"1024\" height=\"922\" src=\"https:\/\/moikk.hu\/wp-content\/uploads\/2021\/10\/4.-Vidam-befejezo-mondatok-1024x922.jpg\" alt=\"\" data-id=\"955\" data-full-url=\"https:\/\/moikk.hu\/wp-content\/uploads\/2021\/10\/4.-Vidam-befejezo-mondatok.jpg\" data-link=\"https:\/\/moikk.hu\/?attachment_id=955\" class=\"wp-image-955\" srcset=\"https:\/\/moikk.hu\/wp-content\/uploads\/2021\/10\/4.-Vidam-befejezo-mondatok-1024x922.jpg 1024w, https:\/\/moikk.hu\/wp-content\/uploads\/2021\/10\/4.-Vidam-befejezo-mondatok-300x270.jpg 300w, https:\/\/moikk.hu\/wp-content\/uploads\/2021\/10\/4.-Vidam-befejezo-mondatok-768x692.jpg 768w, https:\/\/moikk.hu\/wp-content\/uploads\/2021\/10\/4.-Vidam-befejezo-mondatok-1536x1383.jpg 1536w, https:\/\/moikk.hu\/wp-content\/uploads\/2021\/10\/4.-Vidam-befejezo-mondatok-850x766.jpg 850w, https:\/\/moikk.hu\/wp-content\/uploads\/2021\/10\/4.-Vidam-befejezo-mondatok.jpg 1821w\" sizes=\"auto, (max-width: 1024px) 100vw, 1024px\" \/><\/figure><\/li><\/ul><figcaption class=\"blocks-gallery-caption\"><strong>Vid\u00e1m befejez\u0151 mondatok<\/strong><\/figcaption><\/figure>\n<\/div>\n<\/div>\n\n\n\n<div class=\"wp-block-columns is-layout-flex wp-container-core-columns-is-layout-9d6595d7 wp-block-columns-is-layout-flex\">\n<div class=\"wp-block-column is-layout-flow wp-block-column-is-layout-flow\">\n<figure class=\"wp-block-gallery columns-1 is-cropped wp-block-gallery-5 is-layout-flex wp-block-gallery-is-layout-flex\"><ul class=\"blocks-gallery-grid\"><li class=\"blocks-gallery-item\"><figure><img loading=\"lazy\" decoding=\"async\" width=\"1024\" height=\"768\" src=\"https:\/\/moikk.hu\/wp-content\/uploads\/2021\/10\/5.Hankiss-Janos-alapito-es-Misz-Irisz-ujraalapito-elnokok-es-a-Hankiss-unokak-min-1-1024x768.jpg\" alt=\"\" data-id=\"956\" data-full-url=\"https:\/\/moikk.hu\/wp-content\/uploads\/2021\/10\/5.Hankiss-Janos-alapito-es-Misz-Irisz-ujraalapito-elnokok-es-a-Hankiss-unokak-min-1-scaled.jpg\" data-link=\"https:\/\/moikk.hu\/?attachment_id=956\" class=\"wp-image-956\" srcset=\"https:\/\/moikk.hu\/wp-content\/uploads\/2021\/10\/5.Hankiss-Janos-alapito-es-Misz-Irisz-ujraalapito-elnokok-es-a-Hankiss-unokak-min-1-1024x768.jpg 1024w, https:\/\/moikk.hu\/wp-content\/uploads\/2021\/10\/5.Hankiss-Janos-alapito-es-Misz-Irisz-ujraalapito-elnokok-es-a-Hankiss-unokak-min-1-300x225.jpg 300w, https:\/\/moikk.hu\/wp-content\/uploads\/2021\/10\/5.Hankiss-Janos-alapito-es-Misz-Irisz-ujraalapito-elnokok-es-a-Hankiss-unokak-min-1-768x576.jpg 768w, https:\/\/moikk.hu\/wp-content\/uploads\/2021\/10\/5.Hankiss-Janos-alapito-es-Misz-Irisz-ujraalapito-elnokok-es-a-Hankiss-unokak-min-1-1536x1152.jpg 1536w, https:\/\/moikk.hu\/wp-content\/uploads\/2021\/10\/5.Hankiss-Janos-alapito-es-Misz-Irisz-ujraalapito-elnokok-es-a-Hankiss-unokak-min-1-2048x1536.jpg 2048w, https:\/\/moikk.hu\/wp-content\/uploads\/2021\/10\/5.Hankiss-Janos-alapito-es-Misz-Irisz-ujraalapito-elnokok-es-a-Hankiss-unokak-min-1-850x638.jpg 850w\" sizes=\"auto, (max-width: 1024px) 100vw, 1024px\" \/><\/figure><\/li><\/ul><figcaption class=\"blocks-gallery-caption\"><strong>Hankiss J\u00e1nos alap\u00edt\u00f3 \u00e9s Misz \u00cdrisz \u00fajraalap\u00edt\u00f3 eln\u00f6k\u00f6k \u00e9s a Hankiss unok\u00e1k<\/strong><\/figcaption><\/figure>\n<\/div>\n\n\n\n<div class=\"wp-block-column is-layout-flow wp-block-column-is-layout-flow\">\n<figure class=\"wp-block-gallery columns-1 is-cropped wp-block-gallery-6 is-layout-flex wp-block-gallery-is-layout-flex\"><ul class=\"blocks-gallery-grid\"><li class=\"blocks-gallery-item\"><figure><img loading=\"lazy\" decoding=\"async\" width=\"1024\" height=\"768\" src=\"https:\/\/moikk.hu\/wp-content\/uploads\/2021\/10\/6.-Elnokok-es-Unokak-min-1-1024x768.jpg\" alt=\"\" data-id=\"957\" data-full-url=\"https:\/\/moikk.hu\/wp-content\/uploads\/2021\/10\/6.-Elnokok-es-Unokak-min-1-scaled.jpg\" data-link=\"https:\/\/moikk.hu\/?attachment_id=957\" class=\"wp-image-957\" srcset=\"https:\/\/moikk.hu\/wp-content\/uploads\/2021\/10\/6.-Elnokok-es-Unokak-min-1-1024x768.jpg 1024w, https:\/\/moikk.hu\/wp-content\/uploads\/2021\/10\/6.-Elnokok-es-Unokak-min-1-300x225.jpg 300w, https:\/\/moikk.hu\/wp-content\/uploads\/2021\/10\/6.-Elnokok-es-Unokak-min-1-768x576.jpg 768w, https:\/\/moikk.hu\/wp-content\/uploads\/2021\/10\/6.-Elnokok-es-Unokak-min-1-1536x1152.jpg 1536w, https:\/\/moikk.hu\/wp-content\/uploads\/2021\/10\/6.-Elnokok-es-Unokak-min-1-2048x1536.jpg 2048w, https:\/\/moikk.hu\/wp-content\/uploads\/2021\/10\/6.-Elnokok-es-Unokak-min-1-850x638.jpg 850w\" sizes=\"auto, (max-width: 1024px) 100vw, 1024px\" \/><\/figure><\/li><\/ul><figcaption class=\"blocks-gallery-caption\"><strong>Eln\u00f6k\u00f6k \u00e9s unok\u00e1k<\/strong><\/figcaption><\/figure>\n<\/div>\n<\/div>\n\n\n\n<div class=\"wp-block-columns is-layout-flex wp-container-core-columns-is-layout-9d6595d7 wp-block-columns-is-layout-flex\"><\/div>\n\n\n\n<figure class=\"wp-block-gallery columns-1 is-cropped wp-block-gallery-7 is-layout-flex wp-block-gallery-is-layout-flex\"><ul class=\"blocks-gallery-grid\"><li class=\"blocks-gallery-item\"><figure><img loading=\"lazy\" decoding=\"async\" width=\"1024\" height=\"711\" src=\"https:\/\/moikk.hu\/wp-content\/uploads\/2021\/10\/7.-Harom-elnok.-Hankiss-J.-Misz-I.-es-Nemeth-Nyiba-S.-Krudy-Kor-elnoke-1-1024x711.jpg\" alt=\"\" data-id=\"959\" data-full-url=\"https:\/\/moikk.hu\/wp-content\/uploads\/2021\/10\/7.-Harom-elnok.-Hankiss-J.-Misz-I.-es-Nemeth-Nyiba-S.-Krudy-Kor-elnoke-1-scaled.jpg\" data-link=\"https:\/\/moikk.hu\/?attachment_id=959\" class=\"wp-image-959\" srcset=\"https:\/\/moikk.hu\/wp-content\/uploads\/2021\/10\/7.-Harom-elnok.-Hankiss-J.-Misz-I.-es-Nemeth-Nyiba-S.-Krudy-Kor-elnoke-1-1024x711.jpg 1024w, https:\/\/moikk.hu\/wp-content\/uploads\/2021\/10\/7.-Harom-elnok.-Hankiss-J.-Misz-I.-es-Nemeth-Nyiba-S.-Krudy-Kor-elnoke-1-300x208.jpg 300w, https:\/\/moikk.hu\/wp-content\/uploads\/2021\/10\/7.-Harom-elnok.-Hankiss-J.-Misz-I.-es-Nemeth-Nyiba-S.-Krudy-Kor-elnoke-1-768x533.jpg 768w, https:\/\/moikk.hu\/wp-content\/uploads\/2021\/10\/7.-Harom-elnok.-Hankiss-J.-Misz-I.-es-Nemeth-Nyiba-S.-Krudy-Kor-elnoke-1-1536x1067.jpg 1536w, https:\/\/moikk.hu\/wp-content\/uploads\/2021\/10\/7.-Harom-elnok.-Hankiss-J.-Misz-I.-es-Nemeth-Nyiba-S.-Krudy-Kor-elnoke-1-2048x1422.jpg 2048w, https:\/\/moikk.hu\/wp-content\/uploads\/2021\/10\/7.-Harom-elnok.-Hankiss-J.-Misz-I.-es-Nemeth-Nyiba-S.-Krudy-Kor-elnoke-1-850x590.jpg 850w\" sizes=\"auto, (max-width: 1024px) 100vw, 1024px\" \/><\/figure><\/li><\/ul><figcaption class=\"blocks-gallery-caption\"><strong>H\u00e1rom eln\u00f6k: <\/strong><em>Hankiss J\u00e1nos, Misz \u00cdrisz \u00e9s<\/em> <strong>N\u00e9meth Nyiba S\u00e1ndor a Kr\u00fady K\u00f6r eln\u00f6ke<\/strong><\/figcaption><\/figure>\n\n\n\n<p><\/p>\n","protected":false},"excerpt":{"rendered":"","protected":false},"author":1,"featured_media":0,"parent":0,"menu_order":0,"comment_status":"closed","ping_status":"closed","template":"","meta":{"footnotes":""},"class_list":["post-951","page","type-page","status-publish","hentry"],"_links":{"self":[{"href":"https:\/\/moikk.hu\/index.php\/wp-json\/wp\/v2\/pages\/951","targetHints":{"allow":["GET"]}}],"collection":[{"href":"https:\/\/moikk.hu\/index.php\/wp-json\/wp\/v2\/pages"}],"about":[{"href":"https:\/\/moikk.hu\/index.php\/wp-json\/wp\/v2\/types\/page"}],"author":[{"embeddable":true,"href":"https:\/\/moikk.hu\/index.php\/wp-json\/wp\/v2\/users\/1"}],"replies":[{"embeddable":true,"href":"https:\/\/moikk.hu\/index.php\/wp-json\/wp\/v2\/comments?post=951"}],"version-history":[{"count":3,"href":"https:\/\/moikk.hu\/index.php\/wp-json\/wp\/v2\/pages\/951\/revisions"}],"predecessor-version":[{"id":1158,"href":"https:\/\/moikk.hu\/index.php\/wp-json\/wp\/v2\/pages\/951\/revisions\/1158"}],"wp:attachment":[{"href":"https:\/\/moikk.hu\/index.php\/wp-json\/wp\/v2\/media?parent=951"}],"curies":[{"name":"wp","href":"https:\/\/api.w.org\/{rel}","templated":true}]}}