{"id":899,"date":"2021-10-08T08:49:17","date_gmt":"2021-10-08T08:49:17","guid":{"rendered":"https:\/\/moikk.hu\/?page_id=899"},"modified":"2021-10-09T08:53:00","modified_gmt":"2021-10-09T08:53:00","slug":"nemeth-nyiba-sandor-zenes-megnyitoja","status":"publish","type":"page","link":"https:\/\/moikk.hu\/index.php\/nemeth-nyiba-sandor-zenes-megnyitoja\/","title":{"rendered":"N\u00e9meth Nyiba S\u00e1ndor zen\u00e9s megnyit\u00f3ja"},"content":{"rendered":"\n<p><\/p>\n\n\n\n<div class=\"wp-block-group\"><div class=\"wp-block-group__inner-container is-layout-flow wp-block-group-is-layout-flow\">\n<figure class=\"wp-block-gallery aligncenter columns-2 is-cropped wp-block-gallery-1 is-layout-flex wp-block-gallery-is-layout-flex\"><ul class=\"blocks-gallery-grid\"><li class=\"blocks-gallery-item\"><figure><img loading=\"lazy\" decoding=\"async\" width=\"1024\" height=\"768\" src=\"https:\/\/moikk.hu\/wp-content\/uploads\/2021\/10\/8.-Nemeth-Nyiba-Sandor-zenes-megnyitoja-min-1024x768.jpg\" alt=\"\" data-id=\"900\" data-full-url=\"https:\/\/moikk.hu\/wp-content\/uploads\/2021\/10\/8.-Nemeth-Nyiba-Sandor-zenes-megnyitoja-min-scaled.jpg\" data-link=\"https:\/\/moikk.hu\/index.php\/nemeth-nyiba-sandor-zenes-megnyitoja\/8-nemeth-nyiba-sandor-zenes-megnyitoja-min\/\" class=\"wp-image-900\" srcset=\"https:\/\/moikk.hu\/wp-content\/uploads\/2021\/10\/8.-Nemeth-Nyiba-Sandor-zenes-megnyitoja-min-1024x768.jpg 1024w, https:\/\/moikk.hu\/wp-content\/uploads\/2021\/10\/8.-Nemeth-Nyiba-Sandor-zenes-megnyitoja-min-300x225.jpg 300w, https:\/\/moikk.hu\/wp-content\/uploads\/2021\/10\/8.-Nemeth-Nyiba-Sandor-zenes-megnyitoja-min-768x576.jpg 768w, https:\/\/moikk.hu\/wp-content\/uploads\/2021\/10\/8.-Nemeth-Nyiba-Sandor-zenes-megnyitoja-min-1536x1152.jpg 1536w, https:\/\/moikk.hu\/wp-content\/uploads\/2021\/10\/8.-Nemeth-Nyiba-Sandor-zenes-megnyitoja-min-2048x1536.jpg 2048w, https:\/\/moikk.hu\/wp-content\/uploads\/2021\/10\/8.-Nemeth-Nyiba-Sandor-zenes-megnyitoja-min-850x638.jpg 850w\" sizes=\"auto, (max-width: 1024px) 100vw, 1024px\" \/><\/figure><\/li><li class=\"blocks-gallery-item\"><figure><img loading=\"lazy\" decoding=\"async\" width=\"768\" height=\"1024\" src=\"https:\/\/moikk.hu\/wp-content\/uploads\/2021\/10\/9.-Nemeth-Nyiba-Sandor-min-768x1024.jpg\" alt=\"\" data-id=\"901\" data-full-url=\"https:\/\/moikk.hu\/wp-content\/uploads\/2021\/10\/9.-Nemeth-Nyiba-Sandor-min-scaled.jpg\" data-link=\"https:\/\/moikk.hu\/index.php\/nemeth-nyiba-sandor-zenes-megnyitoja\/9-nemeth-nyiba-sandor-min\/\" class=\"wp-image-901\" srcset=\"https:\/\/moikk.hu\/wp-content\/uploads\/2021\/10\/9.-Nemeth-Nyiba-Sandor-min-768x1024.jpg 768w, https:\/\/moikk.hu\/wp-content\/uploads\/2021\/10\/9.-Nemeth-Nyiba-Sandor-min-225x300.jpg 225w, https:\/\/moikk.hu\/wp-content\/uploads\/2021\/10\/9.-Nemeth-Nyiba-Sandor-min-1152x1536.jpg 1152w, https:\/\/moikk.hu\/wp-content\/uploads\/2021\/10\/9.-Nemeth-Nyiba-Sandor-min-1536x2048.jpg 1536w, https:\/\/moikk.hu\/wp-content\/uploads\/2021\/10\/9.-Nemeth-Nyiba-Sandor-min-300x400.jpg 300w, https:\/\/moikk.hu\/wp-content\/uploads\/2021\/10\/9.-Nemeth-Nyiba-Sandor-min-850x1133.jpg 850w, https:\/\/moikk.hu\/wp-content\/uploads\/2021\/10\/9.-Nemeth-Nyiba-Sandor-min-scaled.jpg 1920w\" sizes=\"auto, (max-width: 768px) 100vw, 768px\" \/><\/figure><\/li><\/ul><\/figure>\n<\/div><\/div>\n\n\n\n<figure class=\"wp-block-gallery alignleft columns-1 is-cropped wp-block-gallery-2 is-layout-flex wp-block-gallery-is-layout-flex\"><ul class=\"blocks-gallery-grid\"><li class=\"blocks-gallery-item\"><figure><img loading=\"lazy\" decoding=\"async\" width=\"190\" height=\"265\" src=\"https:\/\/moikk.hu\/wp-content\/uploads\/2021\/10\/Nemeth-Nyiba-Sandor2..jpg\" alt=\"\" data-id=\"965\" data-full-url=\"https:\/\/moikk.hu\/wp-content\/uploads\/2021\/10\/Nemeth-Nyiba-Sandor2..jpg\" data-link=\"https:\/\/moikk.hu\/index.php\/nemeth-nyiba-sandor-zenes-megnyitoja\/nemeth-nyiba-sandor2\/\" class=\"wp-image-965\"\/><\/figure><\/li><\/ul><figcaption class=\"blocks-gallery-caption\"><strong>N\u00e9meth Nyiba S\u00e1ndor el\u0151ad<\/strong><\/figcaption><\/figure>\n\n\n\n<figure class=\"wp-block-gallery columns-1 is-cropped wp-block-gallery-3 is-layout-flex wp-block-gallery-is-layout-flex\"><ul class=\"blocks-gallery-grid\"><li class=\"blocks-gallery-item\"><figure><img loading=\"lazy\" decoding=\"async\" width=\"275\" height=\"183\" src=\"https:\/\/moikk.hu\/wp-content\/uploads\/2021\/10\/Nyibamester.jpg\" alt=\"\" data-id=\"966\" data-full-url=\"https:\/\/moikk.hu\/wp-content\/uploads\/2021\/10\/Nyibamester.jpg\" data-link=\"https:\/\/moikk.hu\/index.php\/nemeth-nyiba-sandor-zenes-megnyitoja\/nyibamester\/\" class=\"wp-image-966\"\/><\/figure><\/li><\/ul><figcaption class=\"blocks-gallery-caption\"><strong>Nyibamester<\/strong><\/figcaption><\/figure>\n","protected":false},"excerpt":{"rendered":"","protected":false},"author":1,"featured_media":0,"parent":0,"menu_order":0,"comment_status":"closed","ping_status":"closed","template":"","meta":{"footnotes":""},"class_list":["post-899","page","type-page","status-publish","hentry"],"_links":{"self":[{"href":"https:\/\/moikk.hu\/index.php\/wp-json\/wp\/v2\/pages\/899","targetHints":{"allow":["GET"]}}],"collection":[{"href":"https:\/\/moikk.hu\/index.php\/wp-json\/wp\/v2\/pages"}],"about":[{"href":"https:\/\/moikk.hu\/index.php\/wp-json\/wp\/v2\/types\/page"}],"author":[{"embeddable":true,"href":"https:\/\/moikk.hu\/index.php\/wp-json\/wp\/v2\/users\/1"}],"replies":[{"embeddable":true,"href":"https:\/\/moikk.hu\/index.php\/wp-json\/wp\/v2\/comments?post=899"}],"version-history":[{"count":4,"href":"https:\/\/moikk.hu\/index.php\/wp-json\/wp\/v2\/pages\/899\/revisions"}],"predecessor-version":[{"id":967,"href":"https:\/\/moikk.hu\/index.php\/wp-json\/wp\/v2\/pages\/899\/revisions\/967"}],"wp:attachment":[{"href":"https:\/\/moikk.hu\/index.php\/wp-json\/wp\/v2\/media?parent=899"}],"curies":[{"name":"wp","href":"https:\/\/api.w.org\/{rel}","templated":true}]}}