{"id":862,"date":"2021-09-28T09:55:02","date_gmt":"2021-09-28T09:55:02","guid":{"rendered":"https:\/\/moikk.hu\/?page_id=862"},"modified":"2026-02-10T09:32:24","modified_gmt":"2026-02-10T09:32:24","slug":"konyvbemutatok","status":"publish","type":"page","link":"https:\/\/moikk.hu\/index.php\/konyvbemutatok\/","title":{"rendered":"K\u00f6nyvbemutat\u00f3k"},"content":{"rendered":"\n<p class=\"has-white-color has-text-color has-link-color wp-elements-cf5f51c8cace32565597f368a6023ee6\">xx<\/p>\n\n\n\n<p style=\"font-size:20px\"><strong><a href=\"https:\/\/moikk.hu\/wp-content\/uploads\/2026\/02\/K\u00f6nyvbem-25dec10-DABc.pdf\">K\u00f6nyvbemutat\u00f3 &#8211; 2025. 12. 10. &#8211; Debrecen &#8211; DAB<\/a><\/strong><\/p>\n\n\n\n<p style=\"font-size:20px\"><strong><a href=\"https:\/\/moikk.hu\/wp-content\/uploads\/2026\/02\/K\u00f6nyvbem-25szept14-Vacc.pdf\">K\u00f6nyvbemutat\u00f3 &#8211; 2025. 09. 14. &#8211; V\u00e1c<\/a><\/strong><\/p>\n\n\n\n<p style=\"font-size:20px\"><strong><a href=\"https:\/\/moikk.hu\/wp-content\/uploads\/2026\/01\/K\u00f6nyvbem-Vac-24szept14c.pdf\">K\u00f6nyvbemutat\u00f3 &#8211; 2024. 09. 08. &#8211; V\u00e1c<\/a><\/strong><\/p>\n\n\n\n<p class=\"has-medium-font-size\"><strong><a href=\"https:\/\/moikk.hu\/wp-content\/uploads\/2026\/01\/K\u00f6nyvbem-Siofok-24maj9c.pdf\">K\u00f6nyvbemutat\u00f3 (Rag\u00e1ly-2019) &#8211; Si\u00f3fok, 2024. m\u00e1jus 09.<\/a><\/strong><\/p>\n\n\n\n<p class=\"has-medium-font-size\"><strong><a href=\"https:\/\/moikk.hu\/wp-content\/uploads\/2024\/02\/Ragaly-23dec13.pdf\">K\u00f6nyvbemutat\u00f3 (Rag\u00e1ly-2019) \u2013 Debrecen,<strong><\/strong><\/a><strong><a href=\"https:\/\/moikk.hu\/wp-content\/uploads\/2024\/02\/Ragaly-23dec13.pdf\"> 2023. 12. 13.<\/a><\/strong><\/strong><\/p>\n\n\n\n<p class=\"has-medium-font-size\"><strong><a href=\"https:\/\/moikk.hu\/wp-content\/uploads\/2024\/03\/23K\u00f6nyvbem.pdf\">K\u00f6nyvbemutat\u00f3 &#8211; 2023. 09. 10. &#8211; V\u00e1c<\/a><\/strong><\/p>\n\n\n\n<p class=\"has-medium-font-size\"><strong><a href=\"https:\/\/moikk.hu\/wp-content\/uploads\/2023\/02\/Ragaly-Krudy23febr16.pdf\">K\u00f6nyvbemutat\u00f3 (Rag\u00e1ly-2019) &#8211; 2023. 02. 16. &#8211; Bp. Kr\u00fady K\u00f6r<\/a><\/strong><\/p>\n\n\n\n<p class=\"has-medium-font-size\"><strong>K\u00f6nyvbemutat\u00f3 &#8211; 2022. 11. 17. &#8211; Eger<\/strong><\/p>\n\n\n\n<ul class=\"wp-block-list\">\n<li><a href=\"http:\/\/moikk.hu\/wp-content\/uploads\/2023\/01\/Ragaly-Eger22beszc.pdf\">Besz\u00e1mol\u00f3<\/a> a &#8222;<strong>Rag\u00e1ly-2019<\/strong>&#8221; c. k\u00f6nyv egri bemutat\u00f3j\u00e1r\u00f3l<\/li>\n\n\n\n<li>Heves Megyei H\u00edrlap k\u00f6nyvbemutat\u00f3 <a href=\"http:\/\/moikk.hu\/wp-content\/uploads\/2023\/01\/Ragaly-Eger22el\u00f6zc.pdf\">el\u0151zetes<\/a><\/li>\n\n\n\n<li>Heves Megyei H\u00edrlap <a href=\"http:\/\/moikk.hu\/wp-content\/uploads\/2023\/01\/Ragaly-Eger22cikk.pdf\">\u00fajs\u00e1gcikk<\/a><\/li>\n\n\n\n<li><a href=\"https:\/\/moikk.hu\/wp-content\/uploads\/2023\/01\/Ragaly-meghivo.jpg\">Megh\u00edv\u00f3<\/a> a k\u00f6nyvbemutat\u00f3ra<\/li>\n<\/ul>\n\n\n\n<p class=\"has-medium-font-size\"><strong><a href=\"https:\/\/moikk.hu\/wp-content\/uploads\/2023\/01\/K\u00f6nyvbem-Vac22szept11c.pdf\">K\u00f6nyvbemutat\u00f3 &#8211; 2022. 09. 11. &#8211; V\u00e1c<\/a><\/strong><\/p>\n\n\n\n<p class=\"has-medium-font-size\"><strong><a href=\"https:\/\/moikk.hu\/wp-content\/uploads\/2021\/menu20\/K\u00f6nyvbem1c.pdf\">K\u00f6nyvbemutat\u00f3 &#8211; 2021. 09. 12. &#8211; V\u00e1c<\/a><\/strong><\/p>\n","protected":false},"excerpt":{"rendered":"<p>xx K\u00f6nyvbemutat\u00f3 &#8211; 2025. 12. 10. &#8211; Debrecen &#8211; DAB K\u00f6nyvbemutat\u00f3 &#8211; 2025. 09. 14. &#8211; V\u00e1c K\u00f6nyvbemutat\u00f3 &#8211; 2024. 09. 08. &#8211; V\u00e1c K\u00f6nyvbemutat\u00f3 (Rag\u00e1ly-2019) &#8211; Si\u00f3fok, 2024. m\u00e1jus 09. K\u00f6nyvbemutat\u00f3&#8230;<\/p>\n","protected":false},"author":1,"featured_media":0,"parent":0,"menu_order":0,"comment_status":"closed","ping_status":"closed","template":"","meta":{"footnotes":""},"class_list":["post-862","page","type-page","status-publish","hentry"],"_links":{"self":[{"href":"https:\/\/moikk.hu\/index.php\/wp-json\/wp\/v2\/pages\/862","targetHints":{"allow":["GET"]}}],"collection":[{"href":"https:\/\/moikk.hu\/index.php\/wp-json\/wp\/v2\/pages"}],"about":[{"href":"https:\/\/moikk.hu\/index.php\/wp-json\/wp\/v2\/types\/page"}],"author":[{"embeddable":true,"href":"https:\/\/moikk.hu\/index.php\/wp-json\/wp\/v2\/users\/1"}],"replies":[{"embeddable":true,"href":"https:\/\/moikk.hu\/index.php\/wp-json\/wp\/v2\/comments?post=862"}],"version-history":[{"count":27,"href":"https:\/\/moikk.hu\/index.php\/wp-json\/wp\/v2\/pages\/862\/revisions"}],"predecessor-version":[{"id":3487,"href":"https:\/\/moikk.hu\/index.php\/wp-json\/wp\/v2\/pages\/862\/revisions\/3487"}],"wp:attachment":[{"href":"https:\/\/moikk.hu\/index.php\/wp-json\/wp\/v2\/media?parent=862"}],"curies":[{"name":"wp","href":"https:\/\/api.w.org\/{rel}","templated":true}]}}