{"id":858,"date":"2021-09-28T09:52:23","date_gmt":"2021-09-28T09:52:23","guid":{"rendered":"https:\/\/moikk.hu\/?page_id=858"},"modified":"2025-11-30T13:33:46","modified_gmt":"2025-11-30T13:33:46","slug":"beszamolok","status":"publish","type":"page","link":"https:\/\/moikk.hu\/index.php\/beszamolok\/","title":{"rendered":"Besz\u00e1mol\u00f3k"},"content":{"rendered":"\n<p><\/p>\n\n\n\n<ul class=\"wp-block-list\">\n<li class=\"has-medium-font-size\"><strong>Konferencia<\/strong> &#8211; <strong><em>az \u00f6tvenedik!<\/em><\/strong> &#8211; <strong>V\u00c1C, 2025<\/strong><\/li>\n<\/ul>\n\n\n<ul>\n<li><a href=\"https:\/\/moikk.hu\/wp-content\/uploads\/2025\/11\/MOIKK OH Sipka.pdf\" data-wplink-url-error=\"true\">Dr. Sipka S\u00e1ndor &#8211; ORVOSI HETILAP<\/a> &#8211; 2025, 51. sz\u00e1m<\/li>\n<\/ul>\n<p>\u00a0 \u00a0 &#8211; <a href=\"https:\/\/moikk.hu\/wp-content\/uploads\/2025\/09\/Sipka-Sandor-Konf-beszamolo-2025.pdf\">Dr. Sipka S\u00e1ndor besz\u00e1mol\u00f3ja<\/a>\u00a0<\/p>\n<p>\u00a0 \u00a0&#8211; <a href=\"https:\/\/moikk.hu\/index.php\/2025\/09\/23\/dr-wilhelm-otto-beszamoloja-vac-2025-50\/\">Dr. Wilhelm Ott\u00f3 besz\u00e1mol\u00f3ja<\/a><\/p>\n\n\n<ul class=\"wp-block-list\">\n<li><strong>Konferencia &#8211; <a href=\"https:\/\/moikk.hu\/wp-content\/uploads\/2024\/10\/KonfBesz24.pdf\">V\u00e1c, 2024<\/a><\/strong><\/li>\n<\/ul>\n\n\n\n<p><\/p>\n\n\n\n<ul class=\"wp-block-list\">\n<li style=\"font-style:normal;font-weight:700\">Konferencia &#8211; <a href=\"https:\/\/moikk.hu\/wp-content\/uploads\/2023\/09\/23konf-beszam.pdf\">V\u00e1c, 2023<\/a><\/li>\n<\/ul>\n\n\n\n<p><\/p>\n\n\n\n<ul class=\"wp-block-list\">\n<li><strong>Konferencia &#8211; V\u00e1c, 2022<\/strong><\/li>\n<\/ul>\n\n\n\n<div class=\"wp-block-group is-nowrap is-layout-flex wp-container-core-group-is-layout-ad2f72ca wp-block-group-is-layout-flex\">\n<p>Besz\u00e1mol\u00f3: &#8211; <a href=\"https:\/\/moikk.hu\/wp-content\/uploads\/2022\/09\/2022KonfBeszam.pdf\">Dr. Misz \u00cdrisz<\/a><\/p>\n<\/div>\n\n\n\n<p>Besz\u00e1mol\u00f3: &#8211; <a href=\"https:\/\/moikk.hu\/wp-content\/uploads\/2022\/10\/MOIKK2022-PalmaiT.pdf\">Dr. P\u00e1lmai Tam\u00e1s<\/a><\/p>\n\n\n\n<p>Ismertet\u0151: &#8211; <a href=\"https:\/\/moikk.hu\/wp-content\/uploads\/2023\/06\/Ism-KataM22.pdf\">Dr. Kata Mih\u00e1ly (Gy\u00f3gyszer\u00e9szet, 2023\/5. sz\u00e1m)<\/a><\/p>\n\n\n\n<ul class=\"wp-block-list\">\n<li><a href=\"https:\/\/moikk.hu\/wp-content\/uploads\/2021\/menu20\/Els%C3%B6AlkVacott%20besz1c.pdf\">Konferencia &#8211; V\u00e1c-2021<\/a><\/li>\n<\/ul>\n\n\n\n<p><\/p>\n","protected":false},"excerpt":{"rendered":"<p>Dr. Sipka S\u00e1ndor &#8211; ORVOSI HETILAP &#8211; 2025, 51. sz\u00e1m \u00a0 \u00a0 &#8211; Dr. Sipka S\u00e1ndor besz\u00e1mol\u00f3ja\u00a0 \u00a0 \u00a0&#8211; Dr. Wilhelm Ott\u00f3 besz\u00e1mol\u00f3ja Besz\u00e1mol\u00f3: &#8211; Dr. Misz \u00cdrisz Besz\u00e1mol\u00f3: &#8211; Dr. P\u00e1lmai&#8230;<\/p>\n","protected":false},"author":1,"featured_media":0,"parent":0,"menu_order":0,"comment_status":"closed","ping_status":"closed","template":"","meta":{"footnotes":""},"class_list":["post-858","page","type-page","status-publish","hentry"],"_links":{"self":[{"href":"https:\/\/moikk.hu\/index.php\/wp-json\/wp\/v2\/pages\/858","targetHints":{"allow":["GET"]}}],"collection":[{"href":"https:\/\/moikk.hu\/index.php\/wp-json\/wp\/v2\/pages"}],"about":[{"href":"https:\/\/moikk.hu\/index.php\/wp-json\/wp\/v2\/types\/page"}],"author":[{"embeddable":true,"href":"https:\/\/moikk.hu\/index.php\/wp-json\/wp\/v2\/users\/1"}],"replies":[{"embeddable":true,"href":"https:\/\/moikk.hu\/index.php\/wp-json\/wp\/v2\/comments?post=858"}],"version-history":[{"count":24,"href":"https:\/\/moikk.hu\/index.php\/wp-json\/wp\/v2\/pages\/858\/revisions"}],"predecessor-version":[{"id":3403,"href":"https:\/\/moikk.hu\/index.php\/wp-json\/wp\/v2\/pages\/858\/revisions\/3403"}],"wp:attachment":[{"href":"https:\/\/moikk.hu\/index.php\/wp-json\/wp\/v2\/media?parent=858"}],"curies":[{"name":"wp","href":"https:\/\/api.w.org\/{rel}","templated":true}]}}