{"id":70,"date":"2020-06-17T20:28:54","date_gmt":"2020-06-17T20:28:54","guid":{"rendered":"http:\/\/localhost\/moikk\/?page_id=63"},"modified":"2026-02-21T15:52:36","modified_gmt":"2026-02-21T15:52:36","slug":"napjaink","status":"publish","type":"page","link":"https:\/\/moikk.hu\/index.php\/napjaink\/","title":{"rendered":"Napjaink"},"content":{"rendered":"\n<p>(A c\u00edmekre<em>&nbsp;kattintva megtekinthet\u0151ek a k\u00fcl\u00f6nb\u00f6z\u0151 esem\u00e9nyek fot\u00f3i)<\/em><\/p>\n\n\n\n<p><\/p>\n\n\n\n<p style=\"font-size:26px\"><a href=\"https:\/\/moikk.hu\/index.php\/2024-szeptember-06-08-vac\/\" data-type=\"page\" data-id=\"3580\">2024. szeptember 06 &#8211; 08. &#8211; V\u00e1c &#8211; a MO\u00cdKK 49. konferenci\u00e1ja<\/a><\/p>\n\n\n\n<p style=\"font-size:26px\"><strong><a href=\"https:\/\/moikk.hu\/index.php\/portrek-evrol-evre\/\">Portr\u00e9k &#8211; \u00e9vr\u0151l \u00e9vre<\/a> (2022 &#8211; 2024)<\/strong> &#8211; Dr. Valkai Ter\u00e9z<\/p>\n\n\n\n<p style=\"font-size:26px\"><a href=\"https:\/\/moikk.hu\/index.php\/2023-szeptember-8-10-vac\/\">2023. szeptember 08 &#8211; 10. &#8211; V\u00e1c &#8211; a MO\u00cdKK 48. konferenci\u00e1ja<\/a><\/p>\n\n\n\n<p style=\"font-size:26px\"><a href=\"https:\/\/moikk.hu\/index.php\/2022-szeptember-9-11-vac\/\">2022. szeptember 09-11. &#8211; V\u00e1c &#8211; a MO\u00cdKK 47. konferenci\u00e1ja<\/a><\/p>\n\n\n\n<p style=\"font-size:26px\"><a href=\"https:\/\/moikk.hu\/index.php\/2021-szeptember-10-12-vac-a-moikk-45-46-konferenciaja\/\">2021. szeptember 10-12. &#8211; V\u00e1c &#8211; a MO\u00cdKK 45-46. konferenci\u00e1ja<\/a><\/p>\n\n\n\n<p style=\"font-size:26px\"><a href=\"https:\/\/moikk.hu\/index.php\/2021-jun-12-kozgyules-romai-part\/\">2021. j\u00fanius 12. &#8211; K\u00f6zgy\u0171l\u00e9s a R\u00f3mai Parton<\/a><\/p>\n\n\n\n<p style=\"font-size:26px\"> <a href=\"https:\/\/moikk.hu\/index.php\/2021-jun-12-hev-vel-a-romai-partra\/\">2021. j\u00fanius 12. &#8211; H\u00c9V-vel a R\u00f3mai Partra<\/a> <\/p>\n","protected":false},"excerpt":{"rendered":"<p>(A c\u00edmekre&nbsp;kattintva megtekinthet\u0151ek a k\u00fcl\u00f6nb\u00f6z\u0151 esem\u00e9nyek fot\u00f3i) 2024. szeptember 06 &#8211; 08. &#8211; V\u00e1c &#8211; a MO\u00cdKK 49. konferenci\u00e1ja Portr\u00e9k &#8211; \u00e9vr\u0151l \u00e9vre (2022 &#8211; 2024) &#8211; Dr. Valkai Ter\u00e9z 2023. szeptember&#8230;<\/p>\n","protected":false},"author":2,"featured_media":0,"parent":0,"menu_order":0,"comment_status":"closed","ping_status":"closed","template":"","meta":{"footnotes":""},"class_list":["post-70","page","type-page","status-publish","hentry"],"_links":{"self":[{"href":"https:\/\/moikk.hu\/index.php\/wp-json\/wp\/v2\/pages\/70","targetHints":{"allow":["GET"]}}],"collection":[{"href":"https:\/\/moikk.hu\/index.php\/wp-json\/wp\/v2\/pages"}],"about":[{"href":"https:\/\/moikk.hu\/index.php\/wp-json\/wp\/v2\/types\/page"}],"author":[{"embeddable":true,"href":"https:\/\/moikk.hu\/index.php\/wp-json\/wp\/v2\/users\/2"}],"replies":[{"embeddable":true,"href":"https:\/\/moikk.hu\/index.php\/wp-json\/wp\/v2\/comments?post=70"}],"version-history":[{"count":21,"href":"https:\/\/moikk.hu\/index.php\/wp-json\/wp\/v2\/pages\/70\/revisions"}],"predecessor-version":[{"id":3582,"href":"https:\/\/moikk.hu\/index.php\/wp-json\/wp\/v2\/pages\/70\/revisions\/3582"}],"wp:attachment":[{"href":"https:\/\/moikk.hu\/index.php\/wp-json\/wp\/v2\/media?parent=70"}],"curies":[{"name":"wp","href":"https:\/\/api.w.org\/{rel}","templated":true}]}}