{"id":65,"date":"2020-06-17T20:28:54","date_gmt":"2020-06-17T20:28:54","guid":{"rendered":"http:\/\/localhost\/moikk\/?page_id=58"},"modified":"2024-03-29T18:53:39","modified_gmt":"2024-03-29T18:53:39","slug":"meghivok","status":"publish","type":"page","link":"https:\/\/moikk.hu\/index.php\/meghivok\/","title":{"rendered":"Megh\u00edv\u00f3k"},"content":{"rendered":"\n<ul class=\"wp-block-list\">\n<li style=\"font-size:24px\"><a href=\"https:\/\/moikk.hu\/wp-content\/uploads\/2024\/03\/Leanyfalu-apr-12.pdf\"><strong>Dr. Sz\u00e1sz Istv\u00e1n Tass el\u0151ad\u00e1sa<\/strong><\/a> &#8211; 2024. \u00e1pr. 12.<\/li>\n<\/ul>\n\n\n\n<p class=\"has-white-color has-text-color has-link-color wp-elements-cf5f51c8cace32565597f368a6023ee6\">xx<\/p>\n\n\n\n<ul class=\"wp-block-list\">\n<li style=\"font-size:24px\"><strong><a href=\"https:\/\/moikk.hu\/wp-content\/uploads\/2024\/03\/Krudy-24.jpg\">Kr\u00fady Estek &#8211; 2024-ben<\/a><\/strong><\/li>\n<\/ul>\n\n\n\n<figure class=\"wp-block-image size-large is-resized is-style-default\"><img loading=\"lazy\" decoding=\"async\" width=\"700\" height=\"1024\" src=\"https:\/\/moikk.hu\/wp-content\/uploads\/2024\/03\/Krudy-24-1-700x1024.jpg\" alt=\"\" class=\"wp-image-3102\" style=\"width:660px;height:auto\" srcset=\"https:\/\/moikk.hu\/wp-content\/uploads\/2024\/03\/Krudy-24-1-700x1024.jpg 700w, https:\/\/moikk.hu\/wp-content\/uploads\/2024\/03\/Krudy-24-1-205x300.jpg 205w, https:\/\/moikk.hu\/wp-content\/uploads\/2024\/03\/Krudy-24-1-768x1124.jpg 768w, https:\/\/moikk.hu\/wp-content\/uploads\/2024\/03\/Krudy-24-1-1050x1536.jpg 1050w, https:\/\/moikk.hu\/wp-content\/uploads\/2024\/03\/Krudy-24-1-300x439.jpg 300w, https:\/\/moikk.hu\/wp-content\/uploads\/2024\/03\/Krudy-24-1-850x1244.jpg 850w, https:\/\/moikk.hu\/wp-content\/uploads\/2024\/03\/Krudy-24-1.jpg 1125w\" sizes=\"auto, (max-width: 700px) 100vw, 700px\" \/><\/figure>\n\n\n\n<p class=\"has-white-color has-text-color has-link-color wp-elements-cf5f51c8cace32565597f368a6023ee6\">xx<\/p>\n\n\n\n<p style=\"font-size:24px\"><\/p>\n\n\n\n<p style=\"font-size:24px\"><\/p>\n\n\n","protected":false},"excerpt":{"rendered":"<p>xx xx<\/p>\n","protected":false},"author":2,"featured_media":0,"parent":0,"menu_order":0,"comment_status":"closed","ping_status":"closed","template":"","meta":{"footnotes":""},"class_list":["post-65","page","type-page","status-publish","hentry"],"_links":{"self":[{"href":"https:\/\/moikk.hu\/index.php\/wp-json\/wp\/v2\/pages\/65","targetHints":{"allow":["GET"]}}],"collection":[{"href":"https:\/\/moikk.hu\/index.php\/wp-json\/wp\/v2\/pages"}],"about":[{"href":"https:\/\/moikk.hu\/index.php\/wp-json\/wp\/v2\/types\/page"}],"author":[{"embeddable":true,"href":"https:\/\/moikk.hu\/index.php\/wp-json\/wp\/v2\/users\/2"}],"replies":[{"embeddable":true,"href":"https:\/\/moikk.hu\/index.php\/wp-json\/wp\/v2\/comments?post=65"}],"version-history":[{"count":39,"href":"https:\/\/moikk.hu\/index.php\/wp-json\/wp\/v2\/pages\/65\/revisions"}],"predecessor-version":[{"id":3143,"href":"https:\/\/moikk.hu\/index.php\/wp-json\/wp\/v2\/pages\/65\/revisions\/3143"}],"wp:attachment":[{"href":"https:\/\/moikk.hu\/index.php\/wp-json\/wp\/v2\/media?parent=65"}],"curies":[{"name":"wp","href":"https:\/\/api.w.org\/{rel}","templated":true}]}}