{"id":640,"date":"2021-05-30T12:36:12","date_gmt":"2021-05-30T12:36:12","guid":{"rendered":"https:\/\/moikk.hu\/?page_id=640"},"modified":"2024-01-24T16:29:46","modified_gmt":"2024-01-24T16:29:46","slug":"dr-sibalic-lajcsak-ilona","status":"publish","type":"page","link":"https:\/\/moikk.hu\/index.php\/dr-sibalic-lajcsak-ilona\/","title":{"rendered":"Dr. Sibalic-Lajcs\u00e1k Ilona"},"content":{"rendered":"\n<p style=\"font-size:26px\"><strong>Felt\u00e9ve 2024 janu\u00e1rj\u00e1ban:<\/strong><\/p>\n\n\n\n<figure class=\"wp-block-image size-large is-style-default\"><img loading=\"lazy\" decoding=\"async\" width=\"502\" height=\"1024\" src=\"https:\/\/moikk.hu\/wp-content\/uploads\/2024\/01\/Brossok-selyemfestmeny-502x1024.jpg\" alt=\"\" class=\"wp-image-2841\" srcset=\"https:\/\/moikk.hu\/wp-content\/uploads\/2024\/01\/Brossok-selyemfestmeny-502x1024.jpg 502w, https:\/\/moikk.hu\/wp-content\/uploads\/2024\/01\/Brossok-selyemfestmeny-147x300.jpg 147w, https:\/\/moikk.hu\/wp-content\/uploads\/2024\/01\/Brossok-selyemfestmeny-768x1566.jpg 768w, https:\/\/moikk.hu\/wp-content\/uploads\/2024\/01\/Brossok-selyemfestmeny-753x1536.jpg 753w, https:\/\/moikk.hu\/wp-content\/uploads\/2024\/01\/Brossok-selyemfestmeny-1004x2048.jpg 1004w, https:\/\/moikk.hu\/wp-content\/uploads\/2024\/01\/Brossok-selyemfestmeny-300x612.jpg 300w, https:\/\/moikk.hu\/wp-content\/uploads\/2024\/01\/Brossok-selyemfestmeny-850x1733.jpg 850w, https:\/\/moikk.hu\/wp-content\/uploads\/2024\/01\/Brossok-selyemfestmeny-scaled.jpg 1255w\" sizes=\"auto, (max-width: 502px) 100vw, 502px\" \/><figcaption class=\"wp-element-caption\">Brossok, selyemfestm\u00e9ny<\/figcaption><\/figure>\n\n\n\n<figure class=\"wp-block-image size-large is-style-default\"><img loading=\"lazy\" decoding=\"async\" width=\"768\" height=\"1024\" src=\"https:\/\/moikk.hu\/wp-content\/uploads\/2024\/01\/Delvideki-magyar-viselet-Dr.-Burany-Bela-MOKK-tag-gyujtese-alapjan.-Bemutatja-Dr.-Sibalic-Ilona-768x1024.jpg\" alt=\"\" class=\"wp-image-2846\" srcset=\"https:\/\/moikk.hu\/wp-content\/uploads\/2024\/01\/Delvideki-magyar-viselet-Dr.-Burany-Bela-MOKK-tag-gyujtese-alapjan.-Bemutatja-Dr.-Sibalic-Ilona-768x1024.jpg 768w, https:\/\/moikk.hu\/wp-content\/uploads\/2024\/01\/Delvideki-magyar-viselet-Dr.-Burany-Bela-MOKK-tag-gyujtese-alapjan.-Bemutatja-Dr.-Sibalic-Ilona-225x300.jpg 225w, https:\/\/moikk.hu\/wp-content\/uploads\/2024\/01\/Delvideki-magyar-viselet-Dr.-Burany-Bela-MOKK-tag-gyujtese-alapjan.-Bemutatja-Dr.-Sibalic-Ilona-1152x1536.jpg 1152w, https:\/\/moikk.hu\/wp-content\/uploads\/2024\/01\/Delvideki-magyar-viselet-Dr.-Burany-Bela-MOKK-tag-gyujtese-alapjan.-Bemutatja-Dr.-Sibalic-Ilona-1536x2048.jpg 1536w, https:\/\/moikk.hu\/wp-content\/uploads\/2024\/01\/Delvideki-magyar-viselet-Dr.-Burany-Bela-MOKK-tag-gyujtese-alapjan.-Bemutatja-Dr.-Sibalic-Ilona-300x400.jpg 300w, https:\/\/moikk.hu\/wp-content\/uploads\/2024\/01\/Delvideki-magyar-viselet-Dr.-Burany-Bela-MOKK-tag-gyujtese-alapjan.-Bemutatja-Dr.-Sibalic-Ilona-850x1133.jpg 850w, https:\/\/moikk.hu\/wp-content\/uploads\/2024\/01\/Delvideki-magyar-viselet-Dr.-Burany-Bela-MOKK-tag-gyujtese-alapjan.-Bemutatja-Dr.-Sibalic-Ilona-scaled.jpg 1920w\" sizes=\"auto, (max-width: 768px) 100vw, 768px\" \/><figcaption class=\"wp-element-caption\">D\u00e9lvid\u00e9ki magyar viselet<\/figcaption><\/figure>\n\n\n\n<figure class=\"wp-block-image size-large is-style-default\"><img loading=\"lazy\" decoding=\"async\" width=\"768\" height=\"1024\" src=\"https:\/\/moikk.hu\/wp-content\/uploads\/2024\/01\/Delvideki-Tiszamenti-vadviragos-magyar-viselet-768x1024.jpg\" alt=\"\" class=\"wp-image-2842\" srcset=\"https:\/\/moikk.hu\/wp-content\/uploads\/2024\/01\/Delvideki-Tiszamenti-vadviragos-magyar-viselet-768x1024.jpg 768w, https:\/\/moikk.hu\/wp-content\/uploads\/2024\/01\/Delvideki-Tiszamenti-vadviragos-magyar-viselet-225x300.jpg 225w, https:\/\/moikk.hu\/wp-content\/uploads\/2024\/01\/Delvideki-Tiszamenti-vadviragos-magyar-viselet-1152x1536.jpg 1152w, https:\/\/moikk.hu\/wp-content\/uploads\/2024\/01\/Delvideki-Tiszamenti-vadviragos-magyar-viselet-1536x2048.jpg 1536w, https:\/\/moikk.hu\/wp-content\/uploads\/2024\/01\/Delvideki-Tiszamenti-vadviragos-magyar-viselet-300x400.jpg 300w, https:\/\/moikk.hu\/wp-content\/uploads\/2024\/01\/Delvideki-Tiszamenti-vadviragos-magyar-viselet-850x1133.jpg 850w, https:\/\/moikk.hu\/wp-content\/uploads\/2024\/01\/Delvideki-Tiszamenti-vadviragos-magyar-viselet-scaled.jpg 1920w\" sizes=\"auto, (max-width: 768px) 100vw, 768px\" \/><figcaption class=\"wp-element-caption\">D\u00e9lvid\u00e9ki  Tiszamenti vadvir\u00e1gos magyar viselet<\/figcaption><\/figure>\n\n\n\n<figure class=\"wp-block-image size-large is-style-default\"><img loading=\"lazy\" decoding=\"async\" width=\"768\" height=\"1024\" src=\"https:\/\/moikk.hu\/wp-content\/uploads\/2024\/01\/Dr.-Sibalic-Ilona-a-vajdasagi-magyar-viseletben-I-768x1024.jpg\" alt=\"\" class=\"wp-image-2847\" srcset=\"https:\/\/moikk.hu\/wp-content\/uploads\/2024\/01\/Dr.-Sibalic-Ilona-a-vajdasagi-magyar-viseletben-I-768x1024.jpg 768w, https:\/\/moikk.hu\/wp-content\/uploads\/2024\/01\/Dr.-Sibalic-Ilona-a-vajdasagi-magyar-viseletben-I-225x300.jpg 225w, https:\/\/moikk.hu\/wp-content\/uploads\/2024\/01\/Dr.-Sibalic-Ilona-a-vajdasagi-magyar-viseletben-I-1152x1536.jpg 1152w, https:\/\/moikk.hu\/wp-content\/uploads\/2024\/01\/Dr.-Sibalic-Ilona-a-vajdasagi-magyar-viseletben-I-1536x2048.jpg 1536w, https:\/\/moikk.hu\/wp-content\/uploads\/2024\/01\/Dr.-Sibalic-Ilona-a-vajdasagi-magyar-viseletben-I-300x400.jpg 300w, https:\/\/moikk.hu\/wp-content\/uploads\/2024\/01\/Dr.-Sibalic-Ilona-a-vajdasagi-magyar-viseletben-I-850x1133.jpg 850w, https:\/\/moikk.hu\/wp-content\/uploads\/2024\/01\/Dr.-Sibalic-Ilona-a-vajdasagi-magyar-viseletben-I-scaled.jpg 1920w\" sizes=\"auto, (max-width: 768px) 100vw, 768px\" \/><figcaption class=\"wp-element-caption\">Dr. Sibalic Ilona vajdas\u00e1gi magyar viseletben I.<\/figcaption><\/figure>\n\n\n\n<figure class=\"wp-block-image size-large is-style-default\"><img loading=\"lazy\" decoding=\"async\" width=\"768\" height=\"1024\" src=\"https:\/\/moikk.hu\/wp-content\/uploads\/2024\/01\/Dr.-Sibalic-Ilona-a-vajdasagi-magyar-viseletben-II-768x1024.jpg\" alt=\"\" class=\"wp-image-2848\" srcset=\"https:\/\/moikk.hu\/wp-content\/uploads\/2024\/01\/Dr.-Sibalic-Ilona-a-vajdasagi-magyar-viseletben-II-768x1024.jpg 768w, https:\/\/moikk.hu\/wp-content\/uploads\/2024\/01\/Dr.-Sibalic-Ilona-a-vajdasagi-magyar-viseletben-II-225x300.jpg 225w, https:\/\/moikk.hu\/wp-content\/uploads\/2024\/01\/Dr.-Sibalic-Ilona-a-vajdasagi-magyar-viseletben-II-1152x1536.jpg 1152w, https:\/\/moikk.hu\/wp-content\/uploads\/2024\/01\/Dr.-Sibalic-Ilona-a-vajdasagi-magyar-viseletben-II-1536x2048.jpg 1536w, https:\/\/moikk.hu\/wp-content\/uploads\/2024\/01\/Dr.-Sibalic-Ilona-a-vajdasagi-magyar-viseletben-II-300x400.jpg 300w, https:\/\/moikk.hu\/wp-content\/uploads\/2024\/01\/Dr.-Sibalic-Ilona-a-vajdasagi-magyar-viseletben-II-850x1133.jpg 850w, https:\/\/moikk.hu\/wp-content\/uploads\/2024\/01\/Dr.-Sibalic-Ilona-a-vajdasagi-magyar-viseletben-II-scaled.jpg 1920w\" sizes=\"auto, (max-width: 768px) 100vw, 768px\" \/><figcaption class=\"wp-element-caption\">Dr. Sibalic Ilona vajdas\u00e1gi magyar viseletben II.<\/figcaption><\/figure>\n\n\n\n<figure class=\"wp-block-image size-large is-style-default\"><img loading=\"lazy\" decoding=\"async\" width=\"768\" height=\"1024\" src=\"https:\/\/moikk.hu\/wp-content\/uploads\/2024\/01\/Festett-orias-vallkendo-amarilisszel-768x1024.jpg\" alt=\"\" class=\"wp-image-2849\" srcset=\"https:\/\/moikk.hu\/wp-content\/uploads\/2024\/01\/Festett-orias-vallkendo-amarilisszel-768x1024.jpg 768w, https:\/\/moikk.hu\/wp-content\/uploads\/2024\/01\/Festett-orias-vallkendo-amarilisszel-225x300.jpg 225w, https:\/\/moikk.hu\/wp-content\/uploads\/2024\/01\/Festett-orias-vallkendo-amarilisszel-1152x1536.jpg 1152w, https:\/\/moikk.hu\/wp-content\/uploads\/2024\/01\/Festett-orias-vallkendo-amarilisszel-1536x2048.jpg 1536w, https:\/\/moikk.hu\/wp-content\/uploads\/2024\/01\/Festett-orias-vallkendo-amarilisszel-300x400.jpg 300w, https:\/\/moikk.hu\/wp-content\/uploads\/2024\/01\/Festett-orias-vallkendo-amarilisszel-850x1133.jpg 850w, https:\/\/moikk.hu\/wp-content\/uploads\/2024\/01\/Festett-orias-vallkendo-amarilisszel-scaled.jpg 1920w\" sizes=\"auto, (max-width: 768px) 100vw, 768px\" \/><figcaption class=\"wp-element-caption\">Festett, \u00f3ri\u00e1s v\u00e1llkend\u0151 amarilisszel<\/figcaption><\/figure>\n\n\n\n<figure class=\"wp-block-image size-large is-style-default\"><img loading=\"lazy\" decoding=\"async\" width=\"801\" height=\"1024\" src=\"https:\/\/moikk.hu\/wp-content\/uploads\/2024\/01\/Selyemfestmeny-Gorog-vaza-801x1024.jpg\" alt=\"\" class=\"wp-image-2850\" srcset=\"https:\/\/moikk.hu\/wp-content\/uploads\/2024\/01\/Selyemfestmeny-Gorog-vaza-801x1024.jpg 801w, https:\/\/moikk.hu\/wp-content\/uploads\/2024\/01\/Selyemfestmeny-Gorog-vaza-235x300.jpg 235w, https:\/\/moikk.hu\/wp-content\/uploads\/2024\/01\/Selyemfestmeny-Gorog-vaza-768x982.jpg 768w, https:\/\/moikk.hu\/wp-content\/uploads\/2024\/01\/Selyemfestmeny-Gorog-vaza-1201x1536.jpg 1201w, https:\/\/moikk.hu\/wp-content\/uploads\/2024\/01\/Selyemfestmeny-Gorog-vaza-1601x2048.jpg 1601w, https:\/\/moikk.hu\/wp-content\/uploads\/2024\/01\/Selyemfestmeny-Gorog-vaza-300x384.jpg 300w, https:\/\/moikk.hu\/wp-content\/uploads\/2024\/01\/Selyemfestmeny-Gorog-vaza-850x1087.jpg 850w, https:\/\/moikk.hu\/wp-content\/uploads\/2024\/01\/Selyemfestmeny-Gorog-vaza-scaled.jpg 2002w\" sizes=\"auto, (max-width: 801px) 100vw, 801px\" \/><figcaption class=\"wp-element-caption\">Selyemfestm\u00e9ny, g\u00f6r\u00f6g v\u00e1za<\/figcaption><\/figure>\n\n\n\n<figure class=\"wp-block-image size-large is-style-default\"><img loading=\"lazy\" decoding=\"async\" width=\"818\" height=\"1024\" src=\"https:\/\/moikk.hu\/wp-content\/uploads\/2024\/01\/Viragcsokor-I-818x1024.jpg\" alt=\"\" class=\"wp-image-2851\" srcset=\"https:\/\/moikk.hu\/wp-content\/uploads\/2024\/01\/Viragcsokor-I-818x1024.jpg 818w, https:\/\/moikk.hu\/wp-content\/uploads\/2024\/01\/Viragcsokor-I-240x300.jpg 240w, https:\/\/moikk.hu\/wp-content\/uploads\/2024\/01\/Viragcsokor-I-768x962.jpg 768w, https:\/\/moikk.hu\/wp-content\/uploads\/2024\/01\/Viragcsokor-I-1226x1536.jpg 1226w, https:\/\/moikk.hu\/wp-content\/uploads\/2024\/01\/Viragcsokor-I-1635x2048.jpg 1635w, https:\/\/moikk.hu\/wp-content\/uploads\/2024\/01\/Viragcsokor-I-300x376.jpg 300w, https:\/\/moikk.hu\/wp-content\/uploads\/2024\/01\/Viragcsokor-I-850x1065.jpg 850w, https:\/\/moikk.hu\/wp-content\/uploads\/2024\/01\/Viragcsokor-I-scaled.jpg 2044w\" sizes=\"auto, (max-width: 818px) 100vw, 818px\" \/><figcaption class=\"wp-element-caption\">Vir\u00e1gcsokor I.<\/figcaption><\/figure>\n\n\n\n<figure class=\"wp-block-image size-large is-style-default\"><img loading=\"lazy\" decoding=\"async\" width=\"813\" height=\"1024\" src=\"https:\/\/moikk.hu\/wp-content\/uploads\/2024\/01\/Viragcsokor-II-813x1024.jpg\" alt=\"\" class=\"wp-image-2843\" srcset=\"https:\/\/moikk.hu\/wp-content\/uploads\/2024\/01\/Viragcsokor-II-813x1024.jpg 813w, https:\/\/moikk.hu\/wp-content\/uploads\/2024\/01\/Viragcsokor-II-238x300.jpg 238w, https:\/\/moikk.hu\/wp-content\/uploads\/2024\/01\/Viragcsokor-II-768x968.jpg 768w, https:\/\/moikk.hu\/wp-content\/uploads\/2024\/01\/Viragcsokor-II-1219x1536.jpg 1219w, https:\/\/moikk.hu\/wp-content\/uploads\/2024\/01\/Viragcsokor-II-1625x2048.jpg 1625w, https:\/\/moikk.hu\/wp-content\/uploads\/2024\/01\/Viragcsokor-II-300x378.jpg 300w, https:\/\/moikk.hu\/wp-content\/uploads\/2024\/01\/Viragcsokor-II-850x1071.jpg 850w, https:\/\/moikk.hu\/wp-content\/uploads\/2024\/01\/Viragcsokor-II-scaled.jpg 2032w\" sizes=\"auto, (max-width: 813px) 100vw, 813px\" \/><figcaption class=\"wp-element-caption\">Vir\u00e1gcsokor II.<\/figcaption><\/figure>\n\n\n\n<p><\/p>\n\n\n\n<p style=\"font-size:26px\"><strong>Felt\u00e9ve 2023 janu\u00e1rj\u00e1ban:<\/strong><\/p>\n\n\n\n<figure class=\"wp-block-image size-large is-style-default\"><img loading=\"lazy\" decoding=\"async\" width=\"1024\" height=\"821\" src=\"https:\/\/moikk.hu\/wp-content\/uploads\/2023\/01\/Baromfiudvar-olaj-vaszon-30x40-cm-1024x821.jpg\" alt=\"\" class=\"wp-image-2459\" srcset=\"https:\/\/moikk.hu\/wp-content\/uploads\/2023\/01\/Baromfiudvar-olaj-vaszon-30x40-cm-1024x821.jpg 1024w, https:\/\/moikk.hu\/wp-content\/uploads\/2023\/01\/Baromfiudvar-olaj-vaszon-30x40-cm-300x240.jpg 300w, https:\/\/moikk.hu\/wp-content\/uploads\/2023\/01\/Baromfiudvar-olaj-vaszon-30x40-cm-768x616.jpg 768w, https:\/\/moikk.hu\/wp-content\/uploads\/2023\/01\/Baromfiudvar-olaj-vaszon-30x40-cm-1536x1231.jpg 1536w, https:\/\/moikk.hu\/wp-content\/uploads\/2023\/01\/Baromfiudvar-olaj-vaszon-30x40-cm-2048x1641.jpg 2048w, https:\/\/moikk.hu\/wp-content\/uploads\/2023\/01\/Baromfiudvar-olaj-vaszon-30x40-cm-850x681.jpg 850w\" sizes=\"auto, (max-width: 1024px) 100vw, 1024px\" \/><figcaption class=\"wp-element-caption\"><strong>Baromfiudvar<\/strong><\/figcaption><\/figure>\n\n\n\n<figure class=\"wp-block-image size-large is-style-default\"><img loading=\"lazy\" decoding=\"async\" width=\"819\" height=\"1024\" src=\"https:\/\/moikk.hu\/wp-content\/uploads\/2023\/01\/Boldog-alpesi-tehen-olaj-vaszon-30x40-cm-819x1024.jpg\" alt=\"\" class=\"wp-image-2460\" srcset=\"https:\/\/moikk.hu\/wp-content\/uploads\/2023\/01\/Boldog-alpesi-tehen-olaj-vaszon-30x40-cm-819x1024.jpg 819w, https:\/\/moikk.hu\/wp-content\/uploads\/2023\/01\/Boldog-alpesi-tehen-olaj-vaszon-30x40-cm-240x300.jpg 240w, https:\/\/moikk.hu\/wp-content\/uploads\/2023\/01\/Boldog-alpesi-tehen-olaj-vaszon-30x40-cm-768x960.jpg 768w, https:\/\/moikk.hu\/wp-content\/uploads\/2023\/01\/Boldog-alpesi-tehen-olaj-vaszon-30x40-cm-1228x1536.jpg 1228w, https:\/\/moikk.hu\/wp-content\/uploads\/2023\/01\/Boldog-alpesi-tehen-olaj-vaszon-30x40-cm-1638x2048.jpg 1638w, https:\/\/moikk.hu\/wp-content\/uploads\/2023\/01\/Boldog-alpesi-tehen-olaj-vaszon-30x40-cm-300x375.jpg 300w, https:\/\/moikk.hu\/wp-content\/uploads\/2023\/01\/Boldog-alpesi-tehen-olaj-vaszon-30x40-cm-850x1063.jpg 850w, https:\/\/moikk.hu\/wp-content\/uploads\/2023\/01\/Boldog-alpesi-tehen-olaj-vaszon-30x40-cm-scaled.jpg 2047w\" sizes=\"auto, (max-width: 819px) 100vw, 819px\" \/><figcaption class=\"wp-element-caption\"><strong>Boldog alpesi teh\u00e9n<\/strong><\/figcaption><\/figure>\n\n\n\n<figure class=\"wp-block-image size-large is-style-default\"><img loading=\"lazy\" decoding=\"async\" width=\"1024\" height=\"879\" src=\"https:\/\/moikk.hu\/wp-content\/uploads\/2023\/01\/Harom-gracia-olaj-vaszon-40x50-cm-1024x879.jpg\" alt=\"\" class=\"wp-image-2461\" srcset=\"https:\/\/moikk.hu\/wp-content\/uploads\/2023\/01\/Harom-gracia-olaj-vaszon-40x50-cm-1024x879.jpg 1024w, https:\/\/moikk.hu\/wp-content\/uploads\/2023\/01\/Harom-gracia-olaj-vaszon-40x50-cm-300x258.jpg 300w, https:\/\/moikk.hu\/wp-content\/uploads\/2023\/01\/Harom-gracia-olaj-vaszon-40x50-cm-768x659.jpg 768w, https:\/\/moikk.hu\/wp-content\/uploads\/2023\/01\/Harom-gracia-olaj-vaszon-40x50-cm-1536x1319.jpg 1536w, https:\/\/moikk.hu\/wp-content\/uploads\/2023\/01\/Harom-gracia-olaj-vaszon-40x50-cm-2048x1758.jpg 2048w, https:\/\/moikk.hu\/wp-content\/uploads\/2023\/01\/Harom-gracia-olaj-vaszon-40x50-cm-850x730.jpg 850w\" sizes=\"auto, (max-width: 1024px) 100vw, 1024px\" \/><figcaption class=\"wp-element-caption\"><strong>H\u00e1rom gr\u00e1cia<\/strong><\/figcaption><\/figure>\n\n\n\n<figure class=\"wp-block-image size-large is-style-default\"><img loading=\"lazy\" decoding=\"async\" width=\"1014\" height=\"1024\" src=\"https:\/\/moikk.hu\/wp-content\/uploads\/2023\/01\/Lila-selyemviragok-selyemfestmeny-50x50-cm-1014x1024.jpg\" alt=\"\" class=\"wp-image-2462\" srcset=\"https:\/\/moikk.hu\/wp-content\/uploads\/2023\/01\/Lila-selyemviragok-selyemfestmeny-50x50-cm-1014x1024.jpg 1014w, https:\/\/moikk.hu\/wp-content\/uploads\/2023\/01\/Lila-selyemviragok-selyemfestmeny-50x50-cm-297x300.jpg 297w, https:\/\/moikk.hu\/wp-content\/uploads\/2023\/01\/Lila-selyemviragok-selyemfestmeny-50x50-cm-150x150.jpg 150w, https:\/\/moikk.hu\/wp-content\/uploads\/2023\/01\/Lila-selyemviragok-selyemfestmeny-50x50-cm-768x776.jpg 768w, https:\/\/moikk.hu\/wp-content\/uploads\/2023\/01\/Lila-selyemviragok-selyemfestmeny-50x50-cm-1520x1536.jpg 1520w, https:\/\/moikk.hu\/wp-content\/uploads\/2023\/01\/Lila-selyemviragok-selyemfestmeny-50x50-cm-2027x2048.jpg 2027w, https:\/\/moikk.hu\/wp-content\/uploads\/2023\/01\/Lila-selyemviragok-selyemfestmeny-50x50-cm-300x303.jpg 300w, https:\/\/moikk.hu\/wp-content\/uploads\/2023\/01\/Lila-selyemviragok-selyemfestmeny-50x50-cm-850x859.jpg 850w\" sizes=\"auto, (max-width: 1014px) 100vw, 1014px\" \/><figcaption class=\"wp-element-caption\"><strong>Lila selyemvir\u00e1gok<\/strong><\/figcaption><\/figure>\n\n\n\n<figure class=\"wp-block-image size-large is-style-default\"><img loading=\"lazy\" decoding=\"async\" width=\"1024\" height=\"700\" src=\"https:\/\/moikk.hu\/wp-content\/uploads\/2023\/01\/Stacio-15-kepben-akril-papir-15x20-cm-1024x700.jpg\" alt=\"\" class=\"wp-image-2463\" srcset=\"https:\/\/moikk.hu\/wp-content\/uploads\/2023\/01\/Stacio-15-kepben-akril-papir-15x20-cm-1024x700.jpg 1024w, https:\/\/moikk.hu\/wp-content\/uploads\/2023\/01\/Stacio-15-kepben-akril-papir-15x20-cm-300x205.jpg 300w, https:\/\/moikk.hu\/wp-content\/uploads\/2023\/01\/Stacio-15-kepben-akril-papir-15x20-cm-768x525.jpg 768w, https:\/\/moikk.hu\/wp-content\/uploads\/2023\/01\/Stacio-15-kepben-akril-papir-15x20-cm-1536x1050.jpg 1536w, https:\/\/moikk.hu\/wp-content\/uploads\/2023\/01\/Stacio-15-kepben-akril-papir-15x20-cm-2048x1400.jpg 2048w, https:\/\/moikk.hu\/wp-content\/uploads\/2023\/01\/Stacio-15-kepben-akril-papir-15x20-cm-850x581.jpg 850w\" sizes=\"auto, (max-width: 1024px) 100vw, 1024px\" \/><figcaption class=\"wp-element-caption\"><strong>St\u00e1ci\u00f3 15 k\u00e9pben<\/strong><\/figcaption><\/figure>\n\n\n\n<p><\/p>\n\n\n\n<p style=\"font-size:26px\"><strong>Felt\u00e9ve 2022-ben:<\/strong><\/p>\n\n\n\n<figure class=\"wp-block-image size-full is-style-default\"><img loading=\"lazy\" decoding=\"async\" width=\"768\" height=\"1024\" src=\"https:\/\/moikk.hu\/wp-content\/uploads\/2022\/01\/Napraforgok-selyemfestmeny.jpg\" alt=\"\" class=\"wp-image-1414\" srcset=\"https:\/\/moikk.hu\/wp-content\/uploads\/2022\/01\/Napraforgok-selyemfestmeny.jpg 768w, https:\/\/moikk.hu\/wp-content\/uploads\/2022\/01\/Napraforgok-selyemfestmeny-225x300.jpg 225w, https:\/\/moikk.hu\/wp-content\/uploads\/2022\/01\/Napraforgok-selyemfestmeny-300x400.jpg 300w\" sizes=\"auto, (max-width: 768px) 100vw, 768px\" \/><figcaption class=\"wp-element-caption\">Napraforg\u00f3k (selyemfestm\u00e9ny)<\/figcaption><\/figure>\n\n\n\n<figure class=\"wp-block-image size-large is-style-default\"><img loading=\"lazy\" decoding=\"async\" width=\"817\" height=\"1024\" src=\"https:\/\/moikk.hu\/wp-content\/uploads\/2022\/01\/Stacio-1.-min-817x1024.jpg\" alt=\"\" class=\"wp-image-1415\" srcset=\"https:\/\/moikk.hu\/wp-content\/uploads\/2022\/01\/Stacio-1.-min-817x1024.jpg 817w, https:\/\/moikk.hu\/wp-content\/uploads\/2022\/01\/Stacio-1.-min-239x300.jpg 239w, https:\/\/moikk.hu\/wp-content\/uploads\/2022\/01\/Stacio-1.-min-768x963.jpg 768w, https:\/\/moikk.hu\/wp-content\/uploads\/2022\/01\/Stacio-1.-min-1225x1536.jpg 1225w, https:\/\/moikk.hu\/wp-content\/uploads\/2022\/01\/Stacio-1.-min-1633x2048.jpg 1633w, https:\/\/moikk.hu\/wp-content\/uploads\/2022\/01\/Stacio-1.-min-300x376.jpg 300w, https:\/\/moikk.hu\/wp-content\/uploads\/2022\/01\/Stacio-1.-min-850x1066.jpg 850w, https:\/\/moikk.hu\/wp-content\/uploads\/2022\/01\/Stacio-1.-min-scaled.jpg 2041w\" sizes=\"auto, (max-width: 817px) 100vw, 817px\" \/><figcaption class=\"wp-element-caption\">St\u00e1ci\u00f3 1.<\/figcaption><\/figure>\n\n\n\n<figure class=\"wp-block-image size-large is-style-default\"><img loading=\"lazy\" decoding=\"async\" width=\"768\" height=\"1024\" src=\"https:\/\/moikk.hu\/wp-content\/uploads\/2022\/01\/Stacio-2.-min-768x1024.jpg\" alt=\"\" class=\"wp-image-1416\" srcset=\"https:\/\/moikk.hu\/wp-content\/uploads\/2022\/01\/Stacio-2.-min-768x1024.jpg 768w, https:\/\/moikk.hu\/wp-content\/uploads\/2022\/01\/Stacio-2.-min-225x300.jpg 225w, https:\/\/moikk.hu\/wp-content\/uploads\/2022\/01\/Stacio-2.-min-1152x1536.jpg 1152w, https:\/\/moikk.hu\/wp-content\/uploads\/2022\/01\/Stacio-2.-min-1536x2048.jpg 1536w, https:\/\/moikk.hu\/wp-content\/uploads\/2022\/01\/Stacio-2.-min-300x400.jpg 300w, https:\/\/moikk.hu\/wp-content\/uploads\/2022\/01\/Stacio-2.-min-850x1133.jpg 850w, https:\/\/moikk.hu\/wp-content\/uploads\/2022\/01\/Stacio-2.-min-scaled.jpg 1920w\" sizes=\"auto, (max-width: 768px) 100vw, 768px\" \/><figcaption class=\"wp-element-caption\">St\u00e1ci\u00f3 2.<\/figcaption><\/figure>\n\n\n\n<figure class=\"wp-block-image size-full is-style-default\"><img loading=\"lazy\" decoding=\"async\" width=\"587\" height=\"862\" src=\"https:\/\/moikk.hu\/wp-content\/uploads\/2022\/01\/Viragcsendelet-selyemfestmeny.jpg\" alt=\"\" class=\"wp-image-1421\" srcset=\"https:\/\/moikk.hu\/wp-content\/uploads\/2022\/01\/Viragcsendelet-selyemfestmeny.jpg 587w, https:\/\/moikk.hu\/wp-content\/uploads\/2022\/01\/Viragcsendelet-selyemfestmeny-204x300.jpg 204w, https:\/\/moikk.hu\/wp-content\/uploads\/2022\/01\/Viragcsendelet-selyemfestmeny-300x441.jpg 300w\" sizes=\"auto, (max-width: 587px) 100vw, 587px\" \/><figcaption class=\"wp-element-caption\">Vir\u00e1gcsend\u00e9let (selyemfestm\u00e9ny)<\/figcaption><\/figure>\n\n\n<div class=\"wp-block-image is-style-default\">\n<figure class=\"aligncenter size-large\"><img loading=\"lazy\" decoding=\"async\" width=\"1024\" height=\"508\" src=\"https:\/\/moikk.hu\/wp-content\/uploads\/2021\/05\/SLI1-1024x508.jpg\" alt=\"\" class=\"wp-image-639\" srcset=\"https:\/\/moikk.hu\/wp-content\/uploads\/2021\/05\/SLI1-1024x508.jpg 1024w, https:\/\/moikk.hu\/wp-content\/uploads\/2021\/05\/SLI1-300x149.jpg 300w, https:\/\/moikk.hu\/wp-content\/uploads\/2021\/05\/SLI1-768x381.jpg 768w, https:\/\/moikk.hu\/wp-content\/uploads\/2021\/05\/SLI1-1536x762.jpg 1536w, https:\/\/moikk.hu\/wp-content\/uploads\/2021\/05\/SLI1-2048x1016.jpg 2048w, https:\/\/moikk.hu\/wp-content\/uploads\/2021\/05\/SLI1-850x421.jpg 850w\" sizes=\"auto, (max-width: 1024px) 100vw, 1024px\" \/><figcaption class=\"wp-element-caption\"><strong>Esti nyugalom a puszt\u00e1n<\/strong> ( akryl, 180&#215;80 cm)<\/figcaption><\/figure><\/div>\n\n<div class=\"wp-block-image is-style-default\">\n<figure class=\"aligncenter size-large\"><img loading=\"lazy\" decoding=\"async\" width=\"1024\" height=\"768\" src=\"https:\/\/moikk.hu\/wp-content\/uploads\/2021\/05\/SLI2-1024x768.jpg\" alt=\"\" class=\"wp-image-638\" srcset=\"https:\/\/moikk.hu\/wp-content\/uploads\/2021\/05\/SLI2-1024x768.jpg 1024w, https:\/\/moikk.hu\/wp-content\/uploads\/2021\/05\/SLI2-300x225.jpg 300w, https:\/\/moikk.hu\/wp-content\/uploads\/2021\/05\/SLI2-768x576.jpg 768w, https:\/\/moikk.hu\/wp-content\/uploads\/2021\/05\/SLI2-1536x1152.jpg 1536w, https:\/\/moikk.hu\/wp-content\/uploads\/2021\/05\/SLI2-2048x1536.jpg 2048w, https:\/\/moikk.hu\/wp-content\/uploads\/2021\/05\/SLI2-850x638.jpg 850w\" sizes=\"auto, (max-width: 1024px) 100vw, 1024px\" \/><figcaption class=\"wp-element-caption\"><strong>Selyem nyakkend\u0151k, k\u00e9zi fest\u00e9ssel<\/strong>; ezek nem j\u00f6nnek szembe az utc\u00e1n!<\/figcaption><\/figure><\/div>","protected":false},"excerpt":{"rendered":"<p>Felt\u00e9ve 2024 janu\u00e1rj\u00e1ban: Felt\u00e9ve 2023 janu\u00e1rj\u00e1ban: Felt\u00e9ve 2022-ben:<\/p>\n","protected":false},"author":1,"featured_media":0,"parent":0,"menu_order":0,"comment_status":"closed","ping_status":"closed","template":"","meta":{"footnotes":""},"class_list":["post-640","page","type-page","status-publish","hentry"],"_links":{"self":[{"href":"https:\/\/moikk.hu\/index.php\/wp-json\/wp\/v2\/pages\/640","targetHints":{"allow":["GET"]}}],"collection":[{"href":"https:\/\/moikk.hu\/index.php\/wp-json\/wp\/v2\/pages"}],"about":[{"href":"https:\/\/moikk.hu\/index.php\/wp-json\/wp\/v2\/types\/page"}],"author":[{"embeddable":true,"href":"https:\/\/moikk.hu\/index.php\/wp-json\/wp\/v2\/users\/1"}],"replies":[{"embeddable":true,"href":"https:\/\/moikk.hu\/index.php\/wp-json\/wp\/v2\/comments?post=640"}],"version-history":[{"count":4,"href":"https:\/\/moikk.hu\/index.php\/wp-json\/wp\/v2\/pages\/640\/revisions"}],"predecessor-version":[{"id":2852,"href":"https:\/\/moikk.hu\/index.php\/wp-json\/wp\/v2\/pages\/640\/revisions\/2852"}],"wp:attachment":[{"href":"https:\/\/moikk.hu\/index.php\/wp-json\/wp\/v2\/media?parent=640"}],"curies":[{"name":"wp","href":"https:\/\/api.w.org\/{rel}","templated":true}]}}