{"id":64,"date":"2020-06-17T20:28:54","date_gmt":"2020-06-17T20:28:54","guid":{"rendered":"http:\/\/localhost\/moikk\/?page_id=57"},"modified":"2024-03-07T13:35:54","modified_gmt":"2024-03-07T13:35:54","slug":"egyeb-rendezvenyek","status":"publish","type":"page","link":"https:\/\/moikk.hu\/index.php\/egyeb-rendezvenyek\/","title":{"rendered":"Egy\u00e9b rendezv\u00e9nyek"},"content":{"rendered":"\n<p class=\"has-white-color has-text-color has-link-color wp-elements-6dc66dafe3d957770dd1cba4e34f10d9\" style=\"font-size:24px\">xx<\/p>\n\n\n\n<ul class=\"wp-block-list\">\n<li style=\"font-size:24px\"><strong><a href=\"https:\/\/moikk.hu\/wp-content\/uploads\/2024\/03\/Ujpest-24jan4.pdf\">Kr\u00fady K\u00f6r &#8211; MO\u00cdKK-tagok szerepl\u00e9se<\/a><\/strong> (2024. jan. 4.)<\/li>\n<\/ul>\n\n\n\n<p class=\"has-white-color has-text-color has-link-color wp-elements-cf5f51c8cace32565597f368a6023ee6\">xx<\/p>\n\n\n\n<ul class=\"wp-block-list\">\n<li style=\"font-size:24px\"><strong><a href=\"https:\/\/moikk.hu\/wp-content\/uploads\/2024\/03\/Kecskemet-24febr.pdf\">Kr\u00fady K\u00f6r &#8211; Kecskem\u00e9ti Alkot\u00f3 T\u00e1bor<\/a><\/strong> (2024. febr. 4-6.)<\/li>\n<\/ul>\n\n\n\n<p class=\"has-white-color has-text-color has-link-color wp-elements-cf5f51c8cace32565597f368a6023ee6\">xx<\/p>\n","protected":false},"excerpt":{"rendered":"<p>xx xx xx<\/p>\n","protected":false},"author":2,"featured_media":0,"parent":0,"menu_order":0,"comment_status":"closed","ping_status":"closed","template":"","meta":{"footnotes":""},"class_list":["post-64","page","type-page","status-publish","hentry"],"_links":{"self":[{"href":"https:\/\/moikk.hu\/index.php\/wp-json\/wp\/v2\/pages\/64","targetHints":{"allow":["GET"]}}],"collection":[{"href":"https:\/\/moikk.hu\/index.php\/wp-json\/wp\/v2\/pages"}],"about":[{"href":"https:\/\/moikk.hu\/index.php\/wp-json\/wp\/v2\/types\/page"}],"author":[{"embeddable":true,"href":"https:\/\/moikk.hu\/index.php\/wp-json\/wp\/v2\/users\/2"}],"replies":[{"embeddable":true,"href":"https:\/\/moikk.hu\/index.php\/wp-json\/wp\/v2\/comments?post=64"}],"version-history":[{"count":20,"href":"https:\/\/moikk.hu\/index.php\/wp-json\/wp\/v2\/pages\/64\/revisions"}],"predecessor-version":[{"id":3118,"href":"https:\/\/moikk.hu\/index.php\/wp-json\/wp\/v2\/pages\/64\/revisions\/3118"}],"wp:attachment":[{"href":"https:\/\/moikk.hu\/index.php\/wp-json\/wp\/v2\/media?parent=64"}],"curies":[{"name":"wp","href":"https:\/\/api.w.org\/{rel}","templated":true}]}}