{"id":635,"date":"2021-05-30T12:28:20","date_gmt":"2021-05-30T12:28:20","guid":{"rendered":"https:\/\/moikk.hu\/?page_id=635"},"modified":"2024-01-22T14:31:42","modified_gmt":"2024-01-22T14:31:42","slug":"santha-tamasne-kovacs-eva","status":"publish","type":"page","link":"https:\/\/moikk.hu\/index.php\/santha-tamasne-kovacs-eva\/","title":{"rendered":"Dr. S\u00e1ntha Tam\u00e1sn\u00e9 Kov\u00e1cs \u00c9va"},"content":{"rendered":"\n<p style=\"font-size:26px\"><strong>Felt\u00e9ve 2024-ben:<\/strong><\/p>\n\n\n\n<figure class=\"wp-block-image size-large is-style-default\"><img loading=\"lazy\" decoding=\"async\" width=\"768\" height=\"1024\" src=\"https:\/\/moikk.hu\/wp-content\/uploads\/2024\/01\/SanthaneKovacsE-Tavaszi-viragzas-768x1024.jpg\" alt=\"\" class=\"wp-image-2740\" srcset=\"https:\/\/moikk.hu\/wp-content\/uploads\/2024\/01\/SanthaneKovacsE-Tavaszi-viragzas-768x1024.jpg 768w, https:\/\/moikk.hu\/wp-content\/uploads\/2024\/01\/SanthaneKovacsE-Tavaszi-viragzas-225x300.jpg 225w, https:\/\/moikk.hu\/wp-content\/uploads\/2024\/01\/SanthaneKovacsE-Tavaszi-viragzas-1152x1536.jpg 1152w, https:\/\/moikk.hu\/wp-content\/uploads\/2024\/01\/SanthaneKovacsE-Tavaszi-viragzas-1536x2048.jpg 1536w, https:\/\/moikk.hu\/wp-content\/uploads\/2024\/01\/SanthaneKovacsE-Tavaszi-viragzas-300x400.jpg 300w, https:\/\/moikk.hu\/wp-content\/uploads\/2024\/01\/SanthaneKovacsE-Tavaszi-viragzas-850x1133.jpg 850w, https:\/\/moikk.hu\/wp-content\/uploads\/2024\/01\/SanthaneKovacsE-Tavaszi-viragzas-scaled.jpg 1920w\" sizes=\"auto, (max-width: 768px) 100vw, 768px\" \/><figcaption class=\"wp-element-caption\">Tavaszi vir\u00e1gz\u00e1s<\/figcaption><\/figure>\n\n\n\n<figure class=\"wp-block-image size-large is-style-default\"><img loading=\"lazy\" decoding=\"async\" width=\"768\" height=\"1024\" src=\"https:\/\/moikk.hu\/wp-content\/uploads\/2024\/01\/SanthaneKovacsE-Rozsa-fantazia-768x1024.jpg\" alt=\"\" class=\"wp-image-2742\" srcset=\"https:\/\/moikk.hu\/wp-content\/uploads\/2024\/01\/SanthaneKovacsE-Rozsa-fantazia-768x1024.jpg 768w, https:\/\/moikk.hu\/wp-content\/uploads\/2024\/01\/SanthaneKovacsE-Rozsa-fantazia-225x300.jpg 225w, https:\/\/moikk.hu\/wp-content\/uploads\/2024\/01\/SanthaneKovacsE-Rozsa-fantazia-1152x1536.jpg 1152w, https:\/\/moikk.hu\/wp-content\/uploads\/2024\/01\/SanthaneKovacsE-Rozsa-fantazia-1536x2048.jpg 1536w, https:\/\/moikk.hu\/wp-content\/uploads\/2024\/01\/SanthaneKovacsE-Rozsa-fantazia-300x400.jpg 300w, https:\/\/moikk.hu\/wp-content\/uploads\/2024\/01\/SanthaneKovacsE-Rozsa-fantazia-850x1133.jpg 850w, https:\/\/moikk.hu\/wp-content\/uploads\/2024\/01\/SanthaneKovacsE-Rozsa-fantazia-scaled.jpg 1920w\" sizes=\"auto, (max-width: 768px) 100vw, 768px\" \/><figcaption class=\"wp-element-caption\">R\u00f3zsa-fant\u00e1zia<\/figcaption><\/figure>\n\n\n\n<figure class=\"wp-block-image size-large is-style-default\"><img loading=\"lazy\" decoding=\"async\" width=\"768\" height=\"1024\" src=\"https:\/\/moikk.hu\/wp-content\/uploads\/2024\/01\/SanthaneKovacsE-Osz-szinei-768x1024.jpg\" alt=\"\" class=\"wp-image-2743\" srcset=\"https:\/\/moikk.hu\/wp-content\/uploads\/2024\/01\/SanthaneKovacsE-Osz-szinei-768x1024.jpg 768w, https:\/\/moikk.hu\/wp-content\/uploads\/2024\/01\/SanthaneKovacsE-Osz-szinei-225x300.jpg 225w, https:\/\/moikk.hu\/wp-content\/uploads\/2024\/01\/SanthaneKovacsE-Osz-szinei-1152x1536.jpg 1152w, https:\/\/moikk.hu\/wp-content\/uploads\/2024\/01\/SanthaneKovacsE-Osz-szinei-1536x2048.jpg 1536w, https:\/\/moikk.hu\/wp-content\/uploads\/2024\/01\/SanthaneKovacsE-Osz-szinei-300x400.jpg 300w, https:\/\/moikk.hu\/wp-content\/uploads\/2024\/01\/SanthaneKovacsE-Osz-szinei-850x1133.jpg 850w, https:\/\/moikk.hu\/wp-content\/uploads\/2024\/01\/SanthaneKovacsE-Osz-szinei-scaled.jpg 1920w\" sizes=\"auto, (max-width: 768px) 100vw, 768px\" \/><figcaption class=\"wp-element-caption\">Az \u0151sz sz\u00ednei<\/figcaption><\/figure>\n\n\n\n<p style=\"font-size:26px\"><strong>Felt\u00e9ve 2023-ban:<\/strong><\/p>\n\n\n\n<figure class=\"wp-block-image size-full is-style-default\"><img loading=\"lazy\" decoding=\"async\" width=\"750\" height=\"1000\" src=\"https:\/\/moikk.hu\/wp-content\/uploads\/2023\/01\/Sne-Viragok.jpg\" alt=\"\" class=\"wp-image-2442\" srcset=\"https:\/\/moikk.hu\/wp-content\/uploads\/2023\/01\/Sne-Viragok.jpg 750w, https:\/\/moikk.hu\/wp-content\/uploads\/2023\/01\/Sne-Viragok-225x300.jpg 225w, https:\/\/moikk.hu\/wp-content\/uploads\/2023\/01\/Sne-Viragok-300x400.jpg 300w\" sizes=\"auto, (max-width: 750px) 100vw, 750px\" \/><figcaption class=\"wp-element-caption\"><strong>Vir\u00e1gok<\/strong><\/figcaption><\/figure>\n\n\n\n<figure class=\"wp-block-image size-full is-style-default\"><img loading=\"lazy\" decoding=\"async\" width=\"750\" height=\"1000\" src=\"https:\/\/moikk.hu\/wp-content\/uploads\/2023\/01\/Sne-Egy-szal-virag.jpg\" alt=\"\" class=\"wp-image-2443\" srcset=\"https:\/\/moikk.hu\/wp-content\/uploads\/2023\/01\/Sne-Egy-szal-virag.jpg 750w, https:\/\/moikk.hu\/wp-content\/uploads\/2023\/01\/Sne-Egy-szal-virag-225x300.jpg 225w, https:\/\/moikk.hu\/wp-content\/uploads\/2023\/01\/Sne-Egy-szal-virag-300x400.jpg 300w\" sizes=\"auto, (max-width: 750px) 100vw, 750px\" \/><figcaption class=\"wp-element-caption\"><strong>Egy sz\u00e1l vir\u00e1g<\/strong><\/figcaption><\/figure>\n\n\n\n<figure class=\"wp-block-image size-full is-style-default\"><img loading=\"lazy\" decoding=\"async\" width=\"750\" height=\"1000\" src=\"https:\/\/moikk.hu\/wp-content\/uploads\/2023\/01\/Sne-Lila-tulipanok.jpg\" alt=\"\" class=\"wp-image-2444\" srcset=\"https:\/\/moikk.hu\/wp-content\/uploads\/2023\/01\/Sne-Lila-tulipanok.jpg 750w, https:\/\/moikk.hu\/wp-content\/uploads\/2023\/01\/Sne-Lila-tulipanok-225x300.jpg 225w, https:\/\/moikk.hu\/wp-content\/uploads\/2023\/01\/Sne-Lila-tulipanok-300x400.jpg 300w\" sizes=\"auto, (max-width: 750px) 100vw, 750px\" \/><figcaption class=\"wp-element-caption\"><strong>Lila tulip\u00e1nok<\/strong><\/figcaption><\/figure>\n\n\n\n<figure class=\"wp-block-image size-full is-style-default\"><img loading=\"lazy\" decoding=\"async\" width=\"750\" height=\"1000\" src=\"https:\/\/moikk.hu\/wp-content\/uploads\/2023\/01\/Sne-Magany.jpg\" alt=\"\" class=\"wp-image-2445\" srcset=\"https:\/\/moikk.hu\/wp-content\/uploads\/2023\/01\/Sne-Magany.jpg 750w, https:\/\/moikk.hu\/wp-content\/uploads\/2023\/01\/Sne-Magany-225x300.jpg 225w, https:\/\/moikk.hu\/wp-content\/uploads\/2023\/01\/Sne-Magany-300x400.jpg 300w\" sizes=\"auto, (max-width: 750px) 100vw, 750px\" \/><figcaption class=\"wp-element-caption\"><strong>Mag\u00e1ny<\/strong><\/figcaption><\/figure>\n\n\n\n<figure class=\"wp-block-image size-full is-style-default\"><img loading=\"lazy\" decoding=\"async\" width=\"352\" height=\"468\" src=\"https:\/\/moikk.hu\/wp-content\/uploads\/2023\/01\/Sne-Asszonyok.jpg\" alt=\"\" class=\"wp-image-2446\" srcset=\"https:\/\/moikk.hu\/wp-content\/uploads\/2023\/01\/Sne-Asszonyok.jpg 352w, https:\/\/moikk.hu\/wp-content\/uploads\/2023\/01\/Sne-Asszonyok-226x300.jpg 226w, https:\/\/moikk.hu\/wp-content\/uploads\/2023\/01\/Sne-Asszonyok-300x399.jpg 300w\" sizes=\"auto, (max-width: 352px) 100vw, 352px\" \/><figcaption class=\"wp-element-caption\"><strong>Asszonyok<\/strong><\/figcaption><\/figure>\n\n\n\n<figure class=\"wp-block-image size-full is-style-default\"><img loading=\"lazy\" decoding=\"async\" width=\"750\" height=\"563\" src=\"https:\/\/moikk.hu\/wp-content\/uploads\/2023\/01\/Sne-Domboldalon.jpg\" alt=\"\" class=\"wp-image-2447\" srcset=\"https:\/\/moikk.hu\/wp-content\/uploads\/2023\/01\/Sne-Domboldalon.jpg 750w, https:\/\/moikk.hu\/wp-content\/uploads\/2023\/01\/Sne-Domboldalon-300x225.jpg 300w\" sizes=\"auto, (max-width: 750px) 100vw, 750px\" \/><figcaption class=\"wp-element-caption\"><strong>Domboldalon<\/strong><\/figcaption><\/figure>\n\n\n\n<p><\/p>\n\n\n\n<p style=\"font-size:26px\"><strong>Felt\u00e9ve 2022-ben:<\/strong><\/p>\n\n\n\n<figure class=\"wp-block-image size-full is-style-default\"><img loading=\"lazy\" decoding=\"async\" width=\"640\" height=\"480\" src=\"https:\/\/moikk.hu\/wp-content\/uploads\/2022\/01\/Almaim-viragai-akril.jpg\" alt=\"\" class=\"wp-image-1407\" srcset=\"https:\/\/moikk.hu\/wp-content\/uploads\/2022\/01\/Almaim-viragai-akril.jpg 640w, https:\/\/moikk.hu\/wp-content\/uploads\/2022\/01\/Almaim-viragai-akril-300x225.jpg 300w\" sizes=\"auto, (max-width: 640px) 100vw, 640px\" \/><figcaption class=\"wp-element-caption\">\u00c1lmaim vir\u00e1gai (akril)<\/figcaption><\/figure>\n\n\n\n<figure class=\"wp-block-image size-full is-style-default\"><img loading=\"lazy\" decoding=\"async\" width=\"480\" height=\"640\" src=\"https:\/\/moikk.hu\/wp-content\/uploads\/2022\/01\/Eletfa-tempera.jpg\" alt=\"\" class=\"wp-image-1408\" srcset=\"https:\/\/moikk.hu\/wp-content\/uploads\/2022\/01\/Eletfa-tempera.jpg 480w, https:\/\/moikk.hu\/wp-content\/uploads\/2022\/01\/Eletfa-tempera-225x300.jpg 225w, https:\/\/moikk.hu\/wp-content\/uploads\/2022\/01\/Eletfa-tempera-300x400.jpg 300w\" sizes=\"auto, (max-width: 480px) 100vw, 480px\" \/><figcaption class=\"wp-element-caption\">\u00c9letfa (tempera)<\/figcaption><\/figure>\n\n\n\n<figure class=\"wp-block-image size-full is-style-default\"><img loading=\"lazy\" decoding=\"async\" width=\"480\" height=\"640\" src=\"https:\/\/moikk.hu\/wp-content\/uploads\/2022\/01\/Viragok-vazaban-akvarell.jpg\" alt=\"\" class=\"wp-image-1409\" srcset=\"https:\/\/moikk.hu\/wp-content\/uploads\/2022\/01\/Viragok-vazaban-akvarell.jpg 480w, https:\/\/moikk.hu\/wp-content\/uploads\/2022\/01\/Viragok-vazaban-akvarell-225x300.jpg 225w, https:\/\/moikk.hu\/wp-content\/uploads\/2022\/01\/Viragok-vazaban-akvarell-300x400.jpg 300w\" sizes=\"auto, (max-width: 480px) 100vw, 480px\" \/><figcaption class=\"wp-element-caption\">Vir\u00e1gok v\u00e1z\u00e1ban (akvarell)<\/figcaption><\/figure>\n\n\n<div class=\"wp-block-image is-style-default\">\n<figure class=\"aligncenter size-large\"><img loading=\"lazy\" decoding=\"async\" width=\"480\" height=\"640\" src=\"https:\/\/moikk.hu\/wp-content\/uploads\/2021\/05\/STne1.jpg\" alt=\"\" class=\"wp-image-634\" srcset=\"https:\/\/moikk.hu\/wp-content\/uploads\/2021\/05\/STne1.jpg 480w, https:\/\/moikk.hu\/wp-content\/uploads\/2021\/05\/STne1-225x300.jpg 225w, https:\/\/moikk.hu\/wp-content\/uploads\/2021\/05\/STne1-300x400.jpg 300w\" sizes=\"auto, (max-width: 480px) 100vw, 480px\" \/><figcaption class=\"wp-element-caption\"><strong>Arcok &#8211; 1.<\/strong><\/figcaption><\/figure><\/div>\n\n<div class=\"wp-block-image is-style-default\">\n<figure class=\"aligncenter size-large\"><img loading=\"lazy\" decoding=\"async\" width=\"480\" height=\"640\" src=\"https:\/\/moikk.hu\/wp-content\/uploads\/2021\/05\/STne2.jpg\" alt=\"\" class=\"wp-image-633\" srcset=\"https:\/\/moikk.hu\/wp-content\/uploads\/2021\/05\/STne2.jpg 480w, https:\/\/moikk.hu\/wp-content\/uploads\/2021\/05\/STne2-225x300.jpg 225w, https:\/\/moikk.hu\/wp-content\/uploads\/2021\/05\/STne2-300x400.jpg 300w\" sizes=\"auto, (max-width: 480px) 100vw, 480px\" \/><figcaption class=\"wp-element-caption\"><strong>Arcok &#8211; 2.<\/strong><\/figcaption><\/figure><\/div>\n\n<div class=\"wp-block-image is-style-default\">\n<figure class=\"aligncenter size-large\"><img loading=\"lazy\" decoding=\"async\" width=\"480\" height=\"640\" src=\"https:\/\/moikk.hu\/wp-content\/uploads\/2021\/05\/STne3.jpg\" alt=\"\" class=\"wp-image-632\" srcset=\"https:\/\/moikk.hu\/wp-content\/uploads\/2021\/05\/STne3.jpg 480w, https:\/\/moikk.hu\/wp-content\/uploads\/2021\/05\/STne3-225x300.jpg 225w, https:\/\/moikk.hu\/wp-content\/uploads\/2021\/05\/STne3-300x400.jpg 300w\" sizes=\"auto, (max-width: 480px) 100vw, 480px\" \/><figcaption class=\"wp-element-caption\"><strong>Arcok -3.<\/strong><\/figcaption><\/figure><\/div>\n\n<div class=\"wp-block-image is-style-default\">\n<figure class=\"aligncenter size-large\"><img loading=\"lazy\" decoding=\"async\" width=\"480\" height=\"640\" src=\"https:\/\/moikk.hu\/wp-content\/uploads\/2021\/05\/STne4.jpg\" alt=\"\" class=\"wp-image-631\" srcset=\"https:\/\/moikk.hu\/wp-content\/uploads\/2021\/05\/STne4.jpg 480w, https:\/\/moikk.hu\/wp-content\/uploads\/2021\/05\/STne4-225x300.jpg 225w, https:\/\/moikk.hu\/wp-content\/uploads\/2021\/05\/STne4-300x400.jpg 300w\" sizes=\"auto, (max-width: 480px) 100vw, 480px\" \/><figcaption class=\"wp-element-caption\"><strong>Arcok &#8211; 4.<\/strong><\/figcaption><\/figure><\/div>","protected":false},"excerpt":{"rendered":"<p>Felt\u00e9ve 2024-ben: Felt\u00e9ve 2023-ban: Felt\u00e9ve 2022-ben:<\/p>\n","protected":false},"author":1,"featured_media":0,"parent":0,"menu_order":0,"comment_status":"closed","ping_status":"closed","template":"","meta":{"footnotes":""},"class_list":["post-635","page","type-page","status-publish","hentry"],"_links":{"self":[{"href":"https:\/\/moikk.hu\/index.php\/wp-json\/wp\/v2\/pages\/635","targetHints":{"allow":["GET"]}}],"collection":[{"href":"https:\/\/moikk.hu\/index.php\/wp-json\/wp\/v2\/pages"}],"about":[{"href":"https:\/\/moikk.hu\/index.php\/wp-json\/wp\/v2\/types\/page"}],"author":[{"embeddable":true,"href":"https:\/\/moikk.hu\/index.php\/wp-json\/wp\/v2\/users\/1"}],"replies":[{"embeddable":true,"href":"https:\/\/moikk.hu\/index.php\/wp-json\/wp\/v2\/comments?post=635"}],"version-history":[{"count":6,"href":"https:\/\/moikk.hu\/index.php\/wp-json\/wp\/v2\/pages\/635\/revisions"}],"predecessor-version":[{"id":2746,"href":"https:\/\/moikk.hu\/index.php\/wp-json\/wp\/v2\/pages\/635\/revisions\/2746"}],"wp:attachment":[{"href":"https:\/\/moikk.hu\/index.php\/wp-json\/wp\/v2\/media?parent=635"}],"curies":[{"name":"wp","href":"https:\/\/api.w.org\/{rel}","templated":true}]}}