{"id":628,"date":"2021-05-30T12:16:28","date_gmt":"2021-05-30T12:16:28","guid":{"rendered":"https:\/\/moikk.hu\/?page_id=628"},"modified":"2021-05-30T12:16:28","modified_gmt":"2021-05-30T12:16:28","slug":"dr-revesz-gertrud","status":"publish","type":"page","link":"https:\/\/moikk.hu\/index.php\/dr-revesz-gertrud\/","title":{"rendered":"Dr. R\u00e9v\u00e9sz Gertr\u00fad"},"content":{"rendered":"\n<figure class=\"wp-block-image size-large is-style-default\"><img loading=\"lazy\" decoding=\"async\" width=\"768\" height=\"1024\" src=\"https:\/\/moikk.hu\/wp-content\/uploads\/2021\/05\/RG1-768x1024.jpg\" alt=\"\" class=\"wp-image-625\" srcset=\"https:\/\/moikk.hu\/wp-content\/uploads\/2021\/05\/RG1-768x1024.jpg 768w, https:\/\/moikk.hu\/wp-content\/uploads\/2021\/05\/RG1-225x300.jpg 225w, https:\/\/moikk.hu\/wp-content\/uploads\/2021\/05\/RG1-1152x1536.jpg 1152w, https:\/\/moikk.hu\/wp-content\/uploads\/2021\/05\/RG1-1536x2048.jpg 1536w, https:\/\/moikk.hu\/wp-content\/uploads\/2021\/05\/RG1-300x400.jpg 300w, https:\/\/moikk.hu\/wp-content\/uploads\/2021\/05\/RG1-850x1133.jpg 850w, https:\/\/moikk.hu\/wp-content\/uploads\/2021\/05\/RG1-scaled.jpg 1920w\" sizes=\"auto, (max-width: 768px) 100vw, 768px\" \/><figcaption><strong>Enteri\u0151r<\/strong> (olaj, v\u00e1szon, fest\u0151k\u00e9s, 60&#215;50 cm)<\/figcaption><\/figure>\n\n\n\n<figure class=\"wp-block-image size-large is-style-default\"><img loading=\"lazy\" decoding=\"async\" width=\"744\" height=\"1024\" src=\"https:\/\/moikk.hu\/wp-content\/uploads\/2021\/05\/RG2-744x1024.jpg\" alt=\"\" class=\"wp-image-626\" srcset=\"https:\/\/moikk.hu\/wp-content\/uploads\/2021\/05\/RG2-744x1024.jpg 744w, https:\/\/moikk.hu\/wp-content\/uploads\/2021\/05\/RG2-218x300.jpg 218w, https:\/\/moikk.hu\/wp-content\/uploads\/2021\/05\/RG2-768x1057.jpg 768w, https:\/\/moikk.hu\/wp-content\/uploads\/2021\/05\/RG2-1116x1536.jpg 1116w, https:\/\/moikk.hu\/wp-content\/uploads\/2021\/05\/RG2-300x413.jpg 300w, https:\/\/moikk.hu\/wp-content\/uploads\/2021\/05\/RG2-850x1170.jpg 850w, https:\/\/moikk.hu\/wp-content\/uploads\/2021\/05\/RG2.jpg 1125w\" sizes=\"auto, (max-width: 744px) 100vw, 744px\" \/><figcaption><strong>Portr\u00e9- tanulm\u00e1ny<\/strong> (pap\u00edr, tempera)<\/figcaption><\/figure>\n","protected":false},"excerpt":{"rendered":"","protected":false},"author":1,"featured_media":0,"parent":0,"menu_order":0,"comment_status":"closed","ping_status":"closed","template":"","meta":{"footnotes":""},"class_list":["post-628","page","type-page","status-publish","hentry"],"_links":{"self":[{"href":"https:\/\/moikk.hu\/index.php\/wp-json\/wp\/v2\/pages\/628","targetHints":{"allow":["GET"]}}],"collection":[{"href":"https:\/\/moikk.hu\/index.php\/wp-json\/wp\/v2\/pages"}],"about":[{"href":"https:\/\/moikk.hu\/index.php\/wp-json\/wp\/v2\/types\/page"}],"author":[{"embeddable":true,"href":"https:\/\/moikk.hu\/index.php\/wp-json\/wp\/v2\/users\/1"}],"replies":[{"embeddable":true,"href":"https:\/\/moikk.hu\/index.php\/wp-json\/wp\/v2\/comments?post=628"}],"version-history":[{"count":1,"href":"https:\/\/moikk.hu\/index.php\/wp-json\/wp\/v2\/pages\/628\/revisions"}],"predecessor-version":[{"id":630,"href":"https:\/\/moikk.hu\/index.php\/wp-json\/wp\/v2\/pages\/628\/revisions\/630"}],"wp:attachment":[{"href":"https:\/\/moikk.hu\/index.php\/wp-json\/wp\/v2\/media?parent=628"}],"curies":[{"name":"wp","href":"https:\/\/api.w.org\/{rel}","templated":true}]}}