{"id":622,"date":"2021-05-30T12:07:10","date_gmt":"2021-05-30T12:07:10","guid":{"rendered":"https:\/\/moikk.hu\/?page_id=622"},"modified":"2024-02-10T14:45:04","modified_gmt":"2024-02-10T14:45:04","slug":"dr-peitler-gyula","status":"publish","type":"page","link":"https:\/\/moikk.hu\/index.php\/dr-peitler-gyula\/","title":{"rendered":"Dr. Peitler Gyula"},"content":{"rendered":"\n<p style=\"font-size:26px\"><strong>Felt\u00e9ve 2024 janu\u00e1rj\u00e1ban:<\/strong><\/p>\n\n\n\n<figure class=\"wp-block-image size-large is-style-default\"><img loading=\"lazy\" decoding=\"async\" width=\"849\" height=\"1024\" src=\"https:\/\/moikk.hu\/wp-content\/uploads\/2024\/01\/Alpesi-nyugalom-2023-2-849x1024.jpg\" alt=\"\" class=\"wp-image-2829\" srcset=\"https:\/\/moikk.hu\/wp-content\/uploads\/2024\/01\/Alpesi-nyugalom-2023-2-849x1024.jpg 849w, https:\/\/moikk.hu\/wp-content\/uploads\/2024\/01\/Alpesi-nyugalom-2023-2-249x300.jpg 249w, https:\/\/moikk.hu\/wp-content\/uploads\/2024\/01\/Alpesi-nyugalom-2023-2-768x926.jpg 768w, https:\/\/moikk.hu\/wp-content\/uploads\/2024\/01\/Alpesi-nyugalom-2023-2-1274x1536.jpg 1274w, https:\/\/moikk.hu\/wp-content\/uploads\/2024\/01\/Alpesi-nyugalom-2023-2-1699x2048.jpg 1699w, https:\/\/moikk.hu\/wp-content\/uploads\/2024\/01\/Alpesi-nyugalom-2023-2-300x362.jpg 300w, https:\/\/moikk.hu\/wp-content\/uploads\/2024\/01\/Alpesi-nyugalom-2023-2-850x1025.jpg 850w\" sizes=\"auto, (max-width: 849px) 100vw, 849px\" \/><figcaption class=\"wp-element-caption\"><strong>Alpesi nyugalom<\/strong><\/figcaption><\/figure>\n\n\n\n<figure class=\"wp-block-image size-large is-style-default\"><img loading=\"lazy\" decoding=\"async\" width=\"1024\" height=\"841\" src=\"https:\/\/moikk.hu\/wp-content\/uploads\/2024\/01\/Gorog-emlek-2023-8-1024x841.jpg\" alt=\"\" class=\"wp-image-2835\" srcset=\"https:\/\/moikk.hu\/wp-content\/uploads\/2024\/01\/Gorog-emlek-2023-8-1024x841.jpg 1024w, https:\/\/moikk.hu\/wp-content\/uploads\/2024\/01\/Gorog-emlek-2023-8-300x246.jpg 300w, https:\/\/moikk.hu\/wp-content\/uploads\/2024\/01\/Gorog-emlek-2023-8-768x631.jpg 768w, https:\/\/moikk.hu\/wp-content\/uploads\/2024\/01\/Gorog-emlek-2023-8-1536x1262.jpg 1536w, https:\/\/moikk.hu\/wp-content\/uploads\/2024\/01\/Gorog-emlek-2023-8-2048x1682.jpg 2048w, https:\/\/moikk.hu\/wp-content\/uploads\/2024\/01\/Gorog-emlek-2023-8-850x698.jpg 850w\" sizes=\"auto, (max-width: 1024px) 100vw, 1024px\" \/><figcaption class=\"wp-element-caption\"><strong>G\u00f6r\u00f6g eml\u00e9k<\/strong><\/figcaption><\/figure>\n\n\n\n<figure class=\"wp-block-image size-large is-style-default\"><img loading=\"lazy\" decoding=\"async\" width=\"1024\" height=\"833\" src=\"https:\/\/moikk.hu\/wp-content\/uploads\/2024\/01\/Havas-patakpart-1024x833.jpg\" alt=\"\" class=\"wp-image-2831\" srcset=\"https:\/\/moikk.hu\/wp-content\/uploads\/2024\/01\/Havas-patakpart-1024x833.jpg 1024w, https:\/\/moikk.hu\/wp-content\/uploads\/2024\/01\/Havas-patakpart-300x244.jpg 300w, https:\/\/moikk.hu\/wp-content\/uploads\/2024\/01\/Havas-patakpart-768x625.jpg 768w, https:\/\/moikk.hu\/wp-content\/uploads\/2024\/01\/Havas-patakpart-1536x1250.jpg 1536w, https:\/\/moikk.hu\/wp-content\/uploads\/2024\/01\/Havas-patakpart-2048x1666.jpg 2048w, https:\/\/moikk.hu\/wp-content\/uploads\/2024\/01\/Havas-patakpart-850x692.jpg 850w\" sizes=\"auto, (max-width: 1024px) 100vw, 1024px\" \/><figcaption class=\"wp-element-caption\"><strong>Havas patakpart<\/strong><\/figcaption><\/figure>\n\n\n\n<figure class=\"wp-block-image size-large is-style-default\"><img loading=\"lazy\" decoding=\"async\" width=\"1024\" height=\"853\" src=\"https:\/\/moikk.hu\/wp-content\/uploads\/2024\/01\/Maganyos-csonak-2023-9-1024x853.jpg\" alt=\"\" class=\"wp-image-2832\" srcset=\"https:\/\/moikk.hu\/wp-content\/uploads\/2024\/01\/Maganyos-csonak-2023-9-1024x853.jpg 1024w, https:\/\/moikk.hu\/wp-content\/uploads\/2024\/01\/Maganyos-csonak-2023-9-300x250.jpg 300w, https:\/\/moikk.hu\/wp-content\/uploads\/2024\/01\/Maganyos-csonak-2023-9-768x640.jpg 768w, https:\/\/moikk.hu\/wp-content\/uploads\/2024\/01\/Maganyos-csonak-2023-9-1536x1279.jpg 1536w, https:\/\/moikk.hu\/wp-content\/uploads\/2024\/01\/Maganyos-csonak-2023-9-2048x1706.jpg 2048w, https:\/\/moikk.hu\/wp-content\/uploads\/2024\/01\/Maganyos-csonak-2023-9-850x708.jpg 850w\" sizes=\"auto, (max-width: 1024px) 100vw, 1024px\" \/><figcaption class=\"wp-element-caption\"><strong>Mag\u00e1nyos cs\u00f3nak<\/strong><\/figcaption><\/figure>\n\n\n\n<figure class=\"wp-block-image size-large is-style-default\"><img loading=\"lazy\" decoding=\"async\" width=\"1017\" height=\"1024\" src=\"https:\/\/moikk.hu\/wp-content\/uploads\/2024\/01\/Orgonak-2022-14-1017x1024.jpg\" alt=\"\" class=\"wp-image-2836\" srcset=\"https:\/\/moikk.hu\/wp-content\/uploads\/2024\/01\/Orgonak-2022-14-1017x1024.jpg 1017w, https:\/\/moikk.hu\/wp-content\/uploads\/2024\/01\/Orgonak-2022-14-298x300.jpg 298w, https:\/\/moikk.hu\/wp-content\/uploads\/2024\/01\/Orgonak-2022-14-150x150.jpg 150w, https:\/\/moikk.hu\/wp-content\/uploads\/2024\/01\/Orgonak-2022-14-768x773.jpg 768w, https:\/\/moikk.hu\/wp-content\/uploads\/2024\/01\/Orgonak-2022-14-1526x1536.jpg 1526w, https:\/\/moikk.hu\/wp-content\/uploads\/2024\/01\/Orgonak-2022-14-2034x2048.jpg 2034w, https:\/\/moikk.hu\/wp-content\/uploads\/2024\/01\/Orgonak-2022-14-300x302.jpg 300w, https:\/\/moikk.hu\/wp-content\/uploads\/2024\/01\/Orgonak-2022-14-850x856.jpg 850w\" sizes=\"auto, (max-width: 1017px) 100vw, 1017px\" \/><figcaption class=\"wp-element-caption\"><strong>Orgon\u00e1k<\/strong><\/figcaption><\/figure>\n\n\n\n<p class=\"has-white-color has-text-color has-link-color wp-elements-cf5f51c8cace32565597f368a6023ee6\">xx<\/p>\n\n\n\n<p style=\"font-size:26px\"><strong>Felt\u00e9ve 2023 janu\u00e1rj\u00e1ban:<\/strong><\/p>\n\n\n\n<figure class=\"wp-block-image size-large is-style-default\"><img loading=\"lazy\" decoding=\"async\" width=\"931\" height=\"1024\" src=\"https:\/\/moikk.hu\/wp-content\/uploads\/2023\/01\/Befagyott-patak-olaj-40x55-cm--931x1024.jpg\" alt=\"\" class=\"wp-image-2473\" srcset=\"https:\/\/moikk.hu\/wp-content\/uploads\/2023\/01\/Befagyott-patak-olaj-40x55-cm--931x1024.jpg 931w, https:\/\/moikk.hu\/wp-content\/uploads\/2023\/01\/Befagyott-patak-olaj-40x55-cm--273x300.jpg 273w, https:\/\/moikk.hu\/wp-content\/uploads\/2023\/01\/Befagyott-patak-olaj-40x55-cm--768x845.jpg 768w, https:\/\/moikk.hu\/wp-content\/uploads\/2023\/01\/Befagyott-patak-olaj-40x55-cm--1397x1536.jpg 1397w, https:\/\/moikk.hu\/wp-content\/uploads\/2023\/01\/Befagyott-patak-olaj-40x55-cm--1862x2048.jpg 1862w, https:\/\/moikk.hu\/wp-content\/uploads\/2023\/01\/Befagyott-patak-olaj-40x55-cm--300x330.jpg 300w, https:\/\/moikk.hu\/wp-content\/uploads\/2023\/01\/Befagyott-patak-olaj-40x55-cm--850x935.jpg 850w\" sizes=\"auto, (max-width: 931px) 100vw, 931px\" \/><figcaption class=\"wp-element-caption\"><strong>Befagyott patak<\/strong><\/figcaption><\/figure>\n\n\n\n<figure class=\"wp-block-image size-large is-style-default\"><img loading=\"lazy\" decoding=\"async\" width=\"901\" height=\"1024\" src=\"https:\/\/moikk.hu\/wp-content\/uploads\/2023\/01\/Koves-tengerpart-siralyokkal-olaj-40x55-cm-2022.-901x1024.jpg\" alt=\"\" class=\"wp-image-2474\" srcset=\"https:\/\/moikk.hu\/wp-content\/uploads\/2023\/01\/Koves-tengerpart-siralyokkal-olaj-40x55-cm-2022.-901x1024.jpg 901w, https:\/\/moikk.hu\/wp-content\/uploads\/2023\/01\/Koves-tengerpart-siralyokkal-olaj-40x55-cm-2022.-264x300.jpg 264w, https:\/\/moikk.hu\/wp-content\/uploads\/2023\/01\/Koves-tengerpart-siralyokkal-olaj-40x55-cm-2022.-768x873.jpg 768w, https:\/\/moikk.hu\/wp-content\/uploads\/2023\/01\/Koves-tengerpart-siralyokkal-olaj-40x55-cm-2022.-1351x1536.jpg 1351w, https:\/\/moikk.hu\/wp-content\/uploads\/2023\/01\/Koves-tengerpart-siralyokkal-olaj-40x55-cm-2022.-1801x2048.jpg 1801w, https:\/\/moikk.hu\/wp-content\/uploads\/2023\/01\/Koves-tengerpart-siralyokkal-olaj-40x55-cm-2022.-300x341.jpg 300w, https:\/\/moikk.hu\/wp-content\/uploads\/2023\/01\/Koves-tengerpart-siralyokkal-olaj-40x55-cm-2022.-850x966.jpg 850w\" sizes=\"auto, (max-width: 901px) 100vw, 901px\" \/><figcaption class=\"wp-element-caption\"><strong>K\u00f6ves tengerpart<\/strong><\/figcaption><\/figure>\n\n\n\n<figure class=\"wp-block-image size-large is-style-default\"><img loading=\"lazy\" decoding=\"async\" width=\"840\" height=\"1024\" src=\"https:\/\/moikk.hu\/wp-content\/uploads\/2023\/01\/Napraforgok-olaj-40x40-cm-2022.-840x1024.jpg\" alt=\"\" class=\"wp-image-2475\" srcset=\"https:\/\/moikk.hu\/wp-content\/uploads\/2023\/01\/Napraforgok-olaj-40x40-cm-2022.-840x1024.jpg 840w, https:\/\/moikk.hu\/wp-content\/uploads\/2023\/01\/Napraforgok-olaj-40x40-cm-2022.-246x300.jpg 246w, https:\/\/moikk.hu\/wp-content\/uploads\/2023\/01\/Napraforgok-olaj-40x40-cm-2022.-768x936.jpg 768w, https:\/\/moikk.hu\/wp-content\/uploads\/2023\/01\/Napraforgok-olaj-40x40-cm-2022.-1260x1536.jpg 1260w, https:\/\/moikk.hu\/wp-content\/uploads\/2023\/01\/Napraforgok-olaj-40x40-cm-2022.-1680x2048.jpg 1680w, https:\/\/moikk.hu\/wp-content\/uploads\/2023\/01\/Napraforgok-olaj-40x40-cm-2022.-300x366.jpg 300w, https:\/\/moikk.hu\/wp-content\/uploads\/2023\/01\/Napraforgok-olaj-40x40-cm-2022.-850x1036.jpg 850w\" sizes=\"auto, (max-width: 840px) 100vw, 840px\" \/><figcaption class=\"wp-element-caption\"><strong>Napraforg\u00f3k<\/strong><\/figcaption><\/figure>\n\n\n\n<figure class=\"wp-block-image size-large is-style-default\"><img loading=\"lazy\" decoding=\"async\" width=\"889\" height=\"1024\" src=\"https:\/\/moikk.hu\/wp-content\/uploads\/2023\/01\/Szeles-ocean-part-olaj-40x55-cm-2022.-889x1024.jpg\" alt=\"\" class=\"wp-image-2476\" srcset=\"https:\/\/moikk.hu\/wp-content\/uploads\/2023\/01\/Szeles-ocean-part-olaj-40x55-cm-2022.-889x1024.jpg 889w, https:\/\/moikk.hu\/wp-content\/uploads\/2023\/01\/Szeles-ocean-part-olaj-40x55-cm-2022.-260x300.jpg 260w, https:\/\/moikk.hu\/wp-content\/uploads\/2023\/01\/Szeles-ocean-part-olaj-40x55-cm-2022.-768x885.jpg 768w, https:\/\/moikk.hu\/wp-content\/uploads\/2023\/01\/Szeles-ocean-part-olaj-40x55-cm-2022.-1333x1536.jpg 1333w, https:\/\/moikk.hu\/wp-content\/uploads\/2023\/01\/Szeles-ocean-part-olaj-40x55-cm-2022.-1778x2048.jpg 1778w, https:\/\/moikk.hu\/wp-content\/uploads\/2023\/01\/Szeles-ocean-part-olaj-40x55-cm-2022.-300x346.jpg 300w, https:\/\/moikk.hu\/wp-content\/uploads\/2023\/01\/Szeles-ocean-part-olaj-40x55-cm-2022.-850x979.jpg 850w\" sizes=\"auto, (max-width: 889px) 100vw, 889px\" \/><figcaption class=\"wp-element-caption\"><strong>Sz\u00e9les \u00f3ce\u00e1npart<\/strong><\/figcaption><\/figure>\n\n\n\n<p class=\"has-white-color has-text-color has-link-color wp-elements-cf5f51c8cace32565597f368a6023ee6\">xx<\/p>\n\n\n\n<p style=\"font-size:26px\"><strong>Felt\u00e9ve 2022-ben:<\/strong><\/p>\n\n\n\n<figure class=\"wp-block-image size-large is-style-default\"><img loading=\"lazy\" decoding=\"async\" width=\"1024\" height=\"688\" src=\"https:\/\/moikk.hu\/wp-content\/uploads\/2022\/01\/Obol-vitorlasokkal-min-1024x688.jpg\" alt=\"\" class=\"wp-image-1387\" srcset=\"https:\/\/moikk.hu\/wp-content\/uploads\/2022\/01\/Obol-vitorlasokkal-min-1024x688.jpg 1024w, https:\/\/moikk.hu\/wp-content\/uploads\/2022\/01\/Obol-vitorlasokkal-min-300x201.jpg 300w, https:\/\/moikk.hu\/wp-content\/uploads\/2022\/01\/Obol-vitorlasokkal-min-768x516.jpg 768w, https:\/\/moikk.hu\/wp-content\/uploads\/2022\/01\/Obol-vitorlasokkal-min-1536x1031.jpg 1536w, https:\/\/moikk.hu\/wp-content\/uploads\/2022\/01\/Obol-vitorlasokkal-min-2048x1375.jpg 2048w, https:\/\/moikk.hu\/wp-content\/uploads\/2022\/01\/Obol-vitorlasokkal-min-850x571.jpg 850w\" sizes=\"auto, (max-width: 1024px) 100vw, 1024px\" \/><figcaption class=\"wp-element-caption\">\u00d6b\u00f6l vitorl\u00e1sokkal (olaj, v\u00e1szon)<\/figcaption><\/figure>\n\n\n\n<figure class=\"wp-block-image size-large is-style-default\"><img loading=\"lazy\" decoding=\"async\" width=\"1024\" height=\"798\" src=\"https:\/\/moikk.hu\/wp-content\/uploads\/2022\/01\/Szepkilato-min-1024x798.jpg\" alt=\"\" class=\"wp-image-1388\" srcset=\"https:\/\/moikk.hu\/wp-content\/uploads\/2022\/01\/Szepkilato-min-1024x798.jpg 1024w, https:\/\/moikk.hu\/wp-content\/uploads\/2022\/01\/Szepkilato-min-300x234.jpg 300w, https:\/\/moikk.hu\/wp-content\/uploads\/2022\/01\/Szepkilato-min-768x599.jpg 768w, https:\/\/moikk.hu\/wp-content\/uploads\/2022\/01\/Szepkilato-min-1536x1197.jpg 1536w, https:\/\/moikk.hu\/wp-content\/uploads\/2022\/01\/Szepkilato-min-2048x1596.jpg 2048w, https:\/\/moikk.hu\/wp-content\/uploads\/2022\/01\/Szepkilato-min-850x662.jpg 850w\" sizes=\"auto, (max-width: 1024px) 100vw, 1024px\" \/><figcaption class=\"wp-element-caption\">Sz\u00e9pkil\u00e1t\u00f3 (olaj, v\u00e1szon)<\/figcaption><\/figure>\n\n\n\n<figure class=\"wp-block-image size-large is-style-default\"><img loading=\"lazy\" decoding=\"async\" width=\"1024\" height=\"854\" src=\"https:\/\/moikk.hu\/wp-content\/uploads\/2022\/01\/Teli-telihold-felhokkel-min-1024x854.jpg\" alt=\"\" class=\"wp-image-1389\" srcset=\"https:\/\/moikk.hu\/wp-content\/uploads\/2022\/01\/Teli-telihold-felhokkel-min-1024x854.jpg 1024w, https:\/\/moikk.hu\/wp-content\/uploads\/2022\/01\/Teli-telihold-felhokkel-min-300x250.jpg 300w, https:\/\/moikk.hu\/wp-content\/uploads\/2022\/01\/Teli-telihold-felhokkel-min-768x640.jpg 768w, https:\/\/moikk.hu\/wp-content\/uploads\/2022\/01\/Teli-telihold-felhokkel-min-1536x1281.jpg 1536w, https:\/\/moikk.hu\/wp-content\/uploads\/2022\/01\/Teli-telihold-felhokkel-min-2048x1707.jpg 2048w, https:\/\/moikk.hu\/wp-content\/uploads\/2022\/01\/Teli-telihold-felhokkel-min-850x709.jpg 850w\" sizes=\"auto, (max-width: 1024px) 100vw, 1024px\" \/><figcaption class=\"wp-element-caption\">T\u00e9li telehold felh\u0151kkel (olaj, v\u00e1szon)<\/figcaption><\/figure>\n\n\n<div class=\"wp-block-image is-style-default\">\n<figure class=\"aligncenter size-large\"><img loading=\"lazy\" decoding=\"async\" width=\"576\" height=\"1024\" src=\"https:\/\/moikk.hu\/wp-content\/uploads\/2021\/05\/PGy1-scaled-e1622375772148-576x1024.jpg\" alt=\"\" class=\"wp-image-621\" srcset=\"https:\/\/moikk.hu\/wp-content\/uploads\/2021\/05\/PGy1-scaled-e1622375772148-576x1024.jpg 576w, https:\/\/moikk.hu\/wp-content\/uploads\/2021\/05\/PGy1-scaled-e1622375772148-169x300.jpg 169w, https:\/\/moikk.hu\/wp-content\/uploads\/2021\/05\/PGy1-scaled-e1622375772148-768x1365.jpg 768w, https:\/\/moikk.hu\/wp-content\/uploads\/2021\/05\/PGy1-scaled-e1622375772148-864x1536.jpg 864w, https:\/\/moikk.hu\/wp-content\/uploads\/2021\/05\/PGy1-scaled-e1622375772148-1152x2048.jpg 1152w, https:\/\/moikk.hu\/wp-content\/uploads\/2021\/05\/PGy1-scaled-e1622375772148-300x533.jpg 300w, https:\/\/moikk.hu\/wp-content\/uploads\/2021\/05\/PGy1-scaled-e1622375772148-850x1511.jpg 850w, https:\/\/moikk.hu\/wp-content\/uploads\/2021\/05\/PGy1-scaled-e1622375772148.jpg 1440w\" sizes=\"auto, (max-width: 576px) 100vw, 576px\" \/><figcaption class=\"wp-element-caption\"><strong>S\u00e9ta a G\u00e9b\u00e1rti t\u00f3 partj\u00e1n<\/strong> (olaj)<\/figcaption><\/figure><\/div>\n\n<div class=\"wp-block-image is-style-default\">\n<figure class=\"aligncenter size-large\"><img loading=\"lazy\" decoding=\"async\" width=\"576\" height=\"1024\" src=\"https:\/\/moikk.hu\/wp-content\/uploads\/2021\/05\/PGy2-scaled-e1622375877288-576x1024.jpg\" alt=\"\" class=\"wp-image-620\" srcset=\"https:\/\/moikk.hu\/wp-content\/uploads\/2021\/05\/PGy2-scaled-e1622375877288-576x1024.jpg 576w, https:\/\/moikk.hu\/wp-content\/uploads\/2021\/05\/PGy2-scaled-e1622375877288-169x300.jpg 169w, https:\/\/moikk.hu\/wp-content\/uploads\/2021\/05\/PGy2-scaled-e1622375877288-768x1365.jpg 768w, https:\/\/moikk.hu\/wp-content\/uploads\/2021\/05\/PGy2-scaled-e1622375877288-864x1536.jpg 864w, https:\/\/moikk.hu\/wp-content\/uploads\/2021\/05\/PGy2-scaled-e1622375877288-1152x2048.jpg 1152w, https:\/\/moikk.hu\/wp-content\/uploads\/2021\/05\/PGy2-scaled-e1622375877288-300x533.jpg 300w, https:\/\/moikk.hu\/wp-content\/uploads\/2021\/05\/PGy2-scaled-e1622375877288-850x1511.jpg 850w, https:\/\/moikk.hu\/wp-content\/uploads\/2021\/05\/PGy2-scaled-e1622375877288.jpg 1440w\" sizes=\"auto, (max-width: 576px) 100vw, 576px\" \/><figcaption class=\"wp-element-caption\"><strong>Vudu a csal\u00e1d kedvence<\/strong> (olajpasztel)<\/figcaption><\/figure><\/div>\n\n<div class=\"wp-block-image is-style-default\">\n<figure class=\"aligncenter size-large\"><img loading=\"lazy\" decoding=\"async\" width=\"576\" height=\"1024\" src=\"https:\/\/moikk.hu\/wp-content\/uploads\/2021\/05\/PGy3-scaled-e1622376176723-576x1024.jpg\" alt=\"\" class=\"wp-image-619\" srcset=\"https:\/\/moikk.hu\/wp-content\/uploads\/2021\/05\/PGy3-scaled-e1622376176723-576x1024.jpg 576w, https:\/\/moikk.hu\/wp-content\/uploads\/2021\/05\/PGy3-scaled-e1622376176723-169x300.jpg 169w, https:\/\/moikk.hu\/wp-content\/uploads\/2021\/05\/PGy3-scaled-e1622376176723-768x1365.jpg 768w, https:\/\/moikk.hu\/wp-content\/uploads\/2021\/05\/PGy3-scaled-e1622376176723-864x1536.jpg 864w, https:\/\/moikk.hu\/wp-content\/uploads\/2021\/05\/PGy3-scaled-e1622376176723-1152x2048.jpg 1152w, https:\/\/moikk.hu\/wp-content\/uploads\/2021\/05\/PGy3-scaled-e1622376176723-300x533.jpg 300w, https:\/\/moikk.hu\/wp-content\/uploads\/2021\/05\/PGy3-scaled-e1622376176723-850x1511.jpg 850w, https:\/\/moikk.hu\/wp-content\/uploads\/2021\/05\/PGy3-scaled-e1622376176723.jpg 1440w\" sizes=\"auto, (max-width: 576px) 100vw, 576px\" \/><figcaption class=\"wp-element-caption\"><strong>Zebrapinty<\/strong> (olaj)<\/figcaption><\/figure><\/div>","protected":false},"excerpt":{"rendered":"<p>Felt\u00e9ve 2024 janu\u00e1rj\u00e1ban: xx Felt\u00e9ve 2023 janu\u00e1rj\u00e1ban: xx Felt\u00e9ve 2022-ben:<\/p>\n","protected":false},"author":1,"featured_media":0,"parent":0,"menu_order":0,"comment_status":"closed","ping_status":"closed","template":"","meta":{"footnotes":""},"class_list":["post-622","page","type-page","status-publish","hentry"],"_links":{"self":[{"href":"https:\/\/moikk.hu\/index.php\/wp-json\/wp\/v2\/pages\/622","targetHints":{"allow":["GET"]}}],"collection":[{"href":"https:\/\/moikk.hu\/index.php\/wp-json\/wp\/v2\/pages"}],"about":[{"href":"https:\/\/moikk.hu\/index.php\/wp-json\/wp\/v2\/types\/page"}],"author":[{"embeddable":true,"href":"https:\/\/moikk.hu\/index.php\/wp-json\/wp\/v2\/users\/1"}],"replies":[{"embeddable":true,"href":"https:\/\/moikk.hu\/index.php\/wp-json\/wp\/v2\/comments?post=622"}],"version-history":[{"count":7,"href":"https:\/\/moikk.hu\/index.php\/wp-json\/wp\/v2\/pages\/622\/revisions"}],"predecessor-version":[{"id":2981,"href":"https:\/\/moikk.hu\/index.php\/wp-json\/wp\/v2\/pages\/622\/revisions\/2981"}],"wp:attachment":[{"href":"https:\/\/moikk.hu\/index.php\/wp-json\/wp\/v2\/media?parent=622"}],"curies":[{"name":"wp","href":"https:\/\/api.w.org\/{rel}","templated":true}]}}