{"id":62,"date":"2020-06-17T20:28:54","date_gmt":"2020-06-17T20:28:54","guid":{"rendered":"http:\/\/localhost\/moikk\/?page_id=55"},"modified":"2026-02-06T14:03:20","modified_gmt":"2026-02-06T14:03:20","slug":"program","status":"publish","type":"page","link":"https:\/\/moikk.hu\/index.php\/program\/","title":{"rendered":"Programok"},"content":{"rendered":"\n<p><a href=\"http:\/\/moikk.hu\/wp-content\/uploads\/2026\/02\/2025szeptProg-50.jubc.pdf\">Konferencia &#8211; V\u00e1c, 2025<\/a><\/p>\n\n\n\n<p><a href=\"https:\/\/moikk.hu\/wp-content\/uploads\/2024\/08\/Konferencia-24.pdf\">Konferencia &#8211; V\u00e1c, 2024<\/a><\/p>\n\n\n\n<p><a href=\"https:\/\/moikk.hu\/wp-content\/uploads\/2023\/08\/Konferencia program 2023.pdf\">Konferencia &#8211; V\u00e1c, 2023<\/a><\/p>\n\n\n\n<p><a href=\"https:\/\/moikk.hu\/wp-content\/uploads\/2022\/08\/Konferencia-Vac22.pdf\">Konferencia &#8211; V\u00e1c, 2022<\/a><\/p>\n\n\n\n<p><a href=\"https:\/\/moikk.hu\/wp-content\/uploads\/2021\/menu20\/Konferencia-Vac%202021u.pdf\">Konferencia &#8211; V\u00e1c, 2021<\/a><\/p>\n\n\n\n<p><\/p>\n\n\n\n<p><\/p>\n\n\n\n<p><\/p>\n","protected":false},"excerpt":{"rendered":"<p>Konferencia &#8211; V\u00e1c, 2025 Konferencia &#8211; V\u00e1c, 2024 Konferencia &#8211; V\u00e1c, 2023 Konferencia &#8211; V\u00e1c, 2022 Konferencia &#8211; V\u00e1c, 2021<\/p>\n","protected":false},"author":2,"featured_media":0,"parent":0,"menu_order":0,"comment_status":"closed","ping_status":"closed","template":"","meta":{"footnotes":""},"class_list":["post-62","page","type-page","status-publish","hentry"],"_links":{"self":[{"href":"https:\/\/moikk.hu\/index.php\/wp-json\/wp\/v2\/pages\/62","targetHints":{"allow":["GET"]}}],"collection":[{"href":"https:\/\/moikk.hu\/index.php\/wp-json\/wp\/v2\/pages"}],"about":[{"href":"https:\/\/moikk.hu\/index.php\/wp-json\/wp\/v2\/types\/page"}],"author":[{"embeddable":true,"href":"https:\/\/moikk.hu\/index.php\/wp-json\/wp\/v2\/users\/2"}],"replies":[{"embeddable":true,"href":"https:\/\/moikk.hu\/index.php\/wp-json\/wp\/v2\/comments?post=62"}],"version-history":[{"count":7,"href":"https:\/\/moikk.hu\/index.php\/wp-json\/wp\/v2\/pages\/62\/revisions"}],"predecessor-version":[{"id":3471,"href":"https:\/\/moikk.hu\/index.php\/wp-json\/wp\/v2\/pages\/62\/revisions\/3471"}],"wp:attachment":[{"href":"https:\/\/moikk.hu\/index.php\/wp-json\/wp\/v2\/media?parent=62"}],"curies":[{"name":"wp","href":"https:\/\/api.w.org\/{rel}","templated":true}]}}