{"id":612,"date":"2021-05-30T11:44:21","date_gmt":"2021-05-30T11:44:21","guid":{"rendered":"https:\/\/moikk.hu\/?page_id=612"},"modified":"2021-05-30T11:44:21","modified_gmt":"2021-05-30T11:44:21","slug":"dr-nagy-edit","status":"publish","type":"page","link":"https:\/\/moikk.hu\/index.php\/dr-nagy-edit\/","title":{"rendered":"Dr. Nagy Edit"},"content":{"rendered":"\n<div class=\"wp-block-image is-style-default\"><figure class=\"aligncenter size-large\"><img loading=\"lazy\" decoding=\"async\" width=\"405\" height=\"1024\" src=\"https:\/\/moikk.hu\/wp-content\/uploads\/2021\/05\/NE1-405x1024.jpg\" alt=\"\" class=\"wp-image-611\" srcset=\"https:\/\/moikk.hu\/wp-content\/uploads\/2021\/05\/NE1-405x1024.jpg 405w, https:\/\/moikk.hu\/wp-content\/uploads\/2021\/05\/NE1-119x300.jpg 119w, https:\/\/moikk.hu\/wp-content\/uploads\/2021\/05\/NE1-768x1940.jpg 768w, https:\/\/moikk.hu\/wp-content\/uploads\/2021\/05\/NE1-608x1536.jpg 608w, https:\/\/moikk.hu\/wp-content\/uploads\/2021\/05\/NE1-811x2048.jpg 811w, https:\/\/moikk.hu\/wp-content\/uploads\/2021\/05\/NE1-300x758.jpg 300w, https:\/\/moikk.hu\/wp-content\/uploads\/2021\/05\/NE1-850x2147.jpg 850w, https:\/\/moikk.hu\/wp-content\/uploads\/2021\/05\/NE1-scaled.jpg 1013w\" sizes=\"auto, (max-width: 405px) 100vw, 405px\" \/><figcaption><strong>Sz\u00ednek \u00e9s form\u00e1k &#8211; 1.<\/strong><\/figcaption><\/figure><\/div>\n\n\n\n<div class=\"wp-block-image is-style-default\"><figure class=\"aligncenter size-large\"><img loading=\"lazy\" decoding=\"async\" width=\"407\" height=\"1024\" src=\"https:\/\/moikk.hu\/wp-content\/uploads\/2021\/05\/NE2-407x1024.jpg\" alt=\"\" class=\"wp-image-610\" srcset=\"https:\/\/moikk.hu\/wp-content\/uploads\/2021\/05\/NE2-407x1024.jpg 407w, https:\/\/moikk.hu\/wp-content\/uploads\/2021\/05\/NE2-119x300.jpg 119w, https:\/\/moikk.hu\/wp-content\/uploads\/2021\/05\/NE2-768x1933.jpg 768w, https:\/\/moikk.hu\/wp-content\/uploads\/2021\/05\/NE2-610x1536.jpg 610w, https:\/\/moikk.hu\/wp-content\/uploads\/2021\/05\/NE2-814x2048.jpg 814w, https:\/\/moikk.hu\/wp-content\/uploads\/2021\/05\/NE2-300x755.jpg 300w, https:\/\/moikk.hu\/wp-content\/uploads\/2021\/05\/NE2-850x2139.jpg 850w, https:\/\/moikk.hu\/wp-content\/uploads\/2021\/05\/NE2-scaled.jpg 1017w\" sizes=\"auto, (max-width: 407px) 100vw, 407px\" \/><figcaption><strong>Sz\u00ednek \u00e9s form\u00e1k \u2013 2.<\/strong><\/figcaption><\/figure><\/div>\n\n\n\n<div class=\"wp-block-image is-style-default\"><figure class=\"aligncenter size-large\"><img loading=\"lazy\" decoding=\"async\" width=\"404\" height=\"1024\" src=\"https:\/\/moikk.hu\/wp-content\/uploads\/2021\/05\/NE3-404x1024.jpg\" alt=\"\" class=\"wp-image-609\" srcset=\"https:\/\/moikk.hu\/wp-content\/uploads\/2021\/05\/NE3-404x1024.jpg 404w, https:\/\/moikk.hu\/wp-content\/uploads\/2021\/05\/NE3-118x300.jpg 118w, https:\/\/moikk.hu\/wp-content\/uploads\/2021\/05\/NE3-768x1949.jpg 768w, https:\/\/moikk.hu\/wp-content\/uploads\/2021\/05\/NE3-807x2048.jpg 807w, https:\/\/moikk.hu\/wp-content\/uploads\/2021\/05\/NE3-300x761.jpg 300w, https:\/\/moikk.hu\/wp-content\/uploads\/2021\/05\/NE3-850x2157.jpg 850w, https:\/\/moikk.hu\/wp-content\/uploads\/2021\/05\/NE3-scaled.jpg 1009w\" sizes=\"auto, (max-width: 404px) 100vw, 404px\" \/><figcaption><strong>Sz\u00ednek \u00e9s form\u00e1k \u2013 3.<\/strong><\/figcaption><\/figure><\/div>\n","protected":false},"excerpt":{"rendered":"","protected":false},"author":1,"featured_media":0,"parent":0,"menu_order":0,"comment_status":"closed","ping_status":"closed","template":"","meta":{"footnotes":""},"class_list":["post-612","page","type-page","status-publish","hentry"],"_links":{"self":[{"href":"https:\/\/moikk.hu\/index.php\/wp-json\/wp\/v2\/pages\/612","targetHints":{"allow":["GET"]}}],"collection":[{"href":"https:\/\/moikk.hu\/index.php\/wp-json\/wp\/v2\/pages"}],"about":[{"href":"https:\/\/moikk.hu\/index.php\/wp-json\/wp\/v2\/types\/page"}],"author":[{"embeddable":true,"href":"https:\/\/moikk.hu\/index.php\/wp-json\/wp\/v2\/users\/1"}],"replies":[{"embeddable":true,"href":"https:\/\/moikk.hu\/index.php\/wp-json\/wp\/v2\/comments?post=612"}],"version-history":[{"count":2,"href":"https:\/\/moikk.hu\/index.php\/wp-json\/wp\/v2\/pages\/612\/revisions"}],"predecessor-version":[{"id":1332,"href":"https:\/\/moikk.hu\/index.php\/wp-json\/wp\/v2\/pages\/612\/revisions\/1332"}],"wp:attachment":[{"href":"https:\/\/moikk.hu\/index.php\/wp-json\/wp\/v2\/media?parent=612"}],"curies":[{"name":"wp","href":"https:\/\/api.w.org\/{rel}","templated":true}]}}