{"id":60,"date":"2020-06-17T20:28:54","date_gmt":"2020-06-17T20:28:54","guid":{"rendered":"http:\/\/localhost\/moikk\/?page_id=53"},"modified":"2026-02-06T13:54:56","modified_gmt":"2026-02-06T13:54:56","slug":"konferencia","status":"publish","type":"page","link":"https:\/\/moikk.hu\/index.php\/konferencia\/","title":{"rendered":"Konferencia"},"content":{"rendered":"\n<p class=\"has-medium-font-size\"><strong>\u00c9rtes\u00edt\u0151k<\/strong><\/p>\n\n\n\n<ul class=\"wp-block-list\">\n<li><a href=\"https:\/\/moikk.hu\/wp-content\/uploads\/2026\/02\/Ert-jel-25c.pdf\">\u00c9rtes\u00edt\u0151 &#8211; 2025<\/a><\/li>\n<\/ul>\n\n\n\n<ul class=\"wp-block-list\">\n<li><a href=\"https:\/\/moikk.hu\/wp-content\/uploads\/2026\/02\/Ert-jel-24c.pdf\">\u00c9rtes\u00edt\u0151 &#8211; 2024<\/a><\/li>\n<\/ul>\n\n\n\n<ul class=\"wp-block-list\">\n<li><a href=\"https:\/\/moikk.hu\/wp-content\/uploads\/2024\/02\/Ertesit%C3%B623.pdf\">\u00c9rtes\u00edt\u0151 &#8211; 2023<\/a><\/li>\n<\/ul>\n\n\n\n<ul class=\"wp-block-list\">\n<li><a href=\"http:\/\/moikk.hu\/wp-content\/uploads\/2022\/08\/Tajekozt-2022.pdf\">\u00c9rtes\u00edt\u0151 &#8211; 2022<\/a><\/li>\n<\/ul>\n\n\n\n<ul class=\"wp-block-list\">\n<li><a href=\"https:\/\/moikk.hu\/wp-content\/uploads\/2021\/menu20\/Ertesit\u00f6-2021.pdf\" data-type=\"URL\" data-id=\"https:\/\/moikk.hu\/wp-content\/uploads\/2021\/menu20\/Ertesit\u00f6-2021.pdf\">\u00c9rtes\u00edt\u0151 &#8211; 2021<\/a><\/li>\n<\/ul>\n\n\n\n<p><\/p>\n\n\n\n<p class=\"has-medium-font-size\"><strong>Programok<\/strong><\/p>\n\n\n\n<ul class=\"wp-block-list\">\n<li><a href=\"http:\/\/moikk.hu\/wp-content\/uploads\/2026\/02\/2025szeptProg-50.jubc.pdf\">Konferencia &#8211; V\u00e1c, 2025<\/a><\/li>\n<\/ul>\n\n\n\n<ul class=\"wp-block-list\">\n<li><a href=\"http:\/\/moikk.hu\/wp-content\/uploads\/2026\/01\/2024szeptProg.pdf\">Konferencia &#8211; V\u00e1c, 2024<\/a><\/li>\n<\/ul>\n\n\n\n<ul class=\"wp-block-list\">\n<li><a href=\"http:\/\/moikk.hu\/wp-content\/uploads\/2022\/08\/Konferencia-Vac22.pdf\">Konferencia &#8211; V\u00e1c, 2023<\/a><\/li>\n<\/ul>\n\n\n\n<ul class=\"wp-block-list\">\n<li><a href=\"http:\/\/moikk.hu\/wp-content\/uploads\/2022\/08\/Konferencia-Vac22.pdf\">Konferencia &#8211; V\u00e1c, 2022<\/a><\/li>\n<\/ul>\n\n\n\n<ul class=\"wp-block-list\">\n<li><a href=\"https:\/\/moikk.hu\/wp-content\/uploads\/2021\/menu20\/Konferencia-Vac%202021u.pdf\">Konferencia &#8211; V\u00e1c, 2021<\/a><\/li>\n<\/ul>\n\n\n\n<p><\/p>\n\n\n\n<p class=\"has-medium-font-size\"><strong>Besz\u00e1mol\u00f3k<\/strong><\/p>\n\n\n\n<ul class=\"wp-block-list\">\n<li>Konferencia &#8211; V\u00e1c, 2025\n<ul class=\"wp-block-list\">\n<li>Besz\u00e1mol\u00f3: \u2013 <a href=\"http:\/\/moikk.hu\/wp-content\/uploads\/2026\/02\/2025Konfbesz-SipProfc.pdf\">Dr. Sipka S\u00e1ndor<\/a><\/li>\n\n\n\n<li>Besz\u00e1mol\u00f3: \u2013\u00a0<a href=\"https:\/\/moikk.hu\/wp-content\/uploads\/2026\/02\/2025Konfbesz-WO.pdf\">Dr. Wilhelm Ott\u00f3<\/a><\/li>\n<\/ul>\n<\/li>\n<\/ul>\n\n\n\n<ul class=\"wp-block-list\">\n<li><a href=\"http:\/\/moikk.hu\/wp-content\/uploads\/2026\/01\/2024Konfbesz.pdf\">Konferencia &#8211; V\u00e1c, 2024<\/a><\/li>\n<\/ul>\n\n\n\n<ul class=\"wp-block-list\">\n<li><strong><a href=\"https:\/\/moikk.hu\/wp-content\/uploads\/2023\/09\/23konf-beszam.pdf\">Konferencia &#8211; V\u00e1c, 2023<\/a><\/strong><\/li>\n<\/ul>\n\n\n\n<ul class=\"wp-block-list\">\n<li><strong>Konferencia &#8211; V\u00e1c, 2022<\/strong>\n<ul class=\"wp-block-list\">\n<li>Besz\u00e1mol\u00f3: \u2013&nbsp;<a href=\"https:\/\/moikk.hu\/wp-content\/uploads\/2022\/09\/2022KonfBeszam.pdf\">Dr. Misz \u00cdrisz<\/a><\/li>\n\n\n\n<li>Besz\u00e1mol\u00f3: \u2013&nbsp;<a href=\"https:\/\/moikk.hu\/wp-content\/uploads\/2022\/10\/MOIKK2022-PalmaiT.pdf\">Dr. P\u00e1lmai Tam\u00e1s<\/a><\/li>\n<\/ul>\n<\/li>\n<\/ul>\n\n\n\n<ul class=\"wp-block-list\">\n<li><a href=\"https:\/\/moikk.hu\/wp-content\/uploads\/2021\/menu20\/Els%C3%B6AlkVacott%20besz1c.pdf\">Konferencia &#8211; V\u00e1c, 2021<\/a><\/li>\n<\/ul>\n\n\n\n<p><\/p>\n\n\n\n<p><\/p>\n\n\n\n<p><\/p>\n\n\n\n<p><\/p>\n","protected":false},"excerpt":{"rendered":"<p>\u00c9rtes\u00edt\u0151k Programok Besz\u00e1mol\u00f3k<\/p>\n","protected":false},"author":2,"featured_media":0,"parent":0,"menu_order":0,"comment_status":"closed","ping_status":"closed","template":"","meta":{"footnotes":""},"class_list":["post-60","page","type-page","status-publish","hentry"],"_links":{"self":[{"href":"https:\/\/moikk.hu\/index.php\/wp-json\/wp\/v2\/pages\/60","targetHints":{"allow":["GET"]}}],"collection":[{"href":"https:\/\/moikk.hu\/index.php\/wp-json\/wp\/v2\/pages"}],"about":[{"href":"https:\/\/moikk.hu\/index.php\/wp-json\/wp\/v2\/types\/page"}],"author":[{"embeddable":true,"href":"https:\/\/moikk.hu\/index.php\/wp-json\/wp\/v2\/users\/2"}],"replies":[{"embeddable":true,"href":"https:\/\/moikk.hu\/index.php\/wp-json\/wp\/v2\/comments?post=60"}],"version-history":[{"count":23,"href":"https:\/\/moikk.hu\/index.php\/wp-json\/wp\/v2\/pages\/60\/revisions"}],"predecessor-version":[{"id":3469,"href":"https:\/\/moikk.hu\/index.php\/wp-json\/wp\/v2\/pages\/60\/revisions\/3469"}],"wp:attachment":[{"href":"https:\/\/moikk.hu\/index.php\/wp-json\/wp\/v2\/media?parent=60"}],"curies":[{"name":"wp","href":"https:\/\/api.w.org\/{rel}","templated":true}]}}