{"id":599,"date":"2021-05-30T11:12:11","date_gmt":"2021-05-30T11:12:11","guid":{"rendered":"https:\/\/moikk.hu\/?page_id=599"},"modified":"2024-01-31T08:45:36","modified_gmt":"2024-01-31T08:45:36","slug":"l-burda-zsuzsanna","status":"publish","type":"page","link":"https:\/\/moikk.hu\/index.php\/l-burda-zsuzsanna\/","title":{"rendered":"L. Burda Zsuzsanna"},"content":{"rendered":"\n<p style=\"font-size:25px\"><strong>Felt\u00e9ve 2023. janu\u00e1rj\u00e1ban:<\/strong><\/p>\n\n\n\n<figure class=\"wp-block-gallery has-nested-images columns-default is-cropped wp-block-gallery-1 is-layout-flex wp-block-gallery-is-layout-flex\">\n<figure class=\"wp-block-image size-large is-style-default\"><img loading=\"lazy\" decoding=\"async\" width=\"768\" height=\"1024\" data-id=\"2358\" src=\"https:\/\/moikk.hu\/wp-content\/uploads\/2023\/01\/Burda-szerelem-min-768x1024.jpg\" alt=\"\" class=\"wp-image-2358\" srcset=\"https:\/\/moikk.hu\/wp-content\/uploads\/2023\/01\/Burda-szerelem-min-768x1024.jpg 768w, https:\/\/moikk.hu\/wp-content\/uploads\/2023\/01\/Burda-szerelem-min-225x300.jpg 225w, https:\/\/moikk.hu\/wp-content\/uploads\/2023\/01\/Burda-szerelem-min-300x400.jpg 300w, https:\/\/moikk.hu\/wp-content\/uploads\/2023\/01\/Burda-szerelem-min.jpg 841w\" sizes=\"auto, (max-width: 768px) 100vw, 768px\" \/><figcaption class=\"wp-element-caption\"><strong>Szerelem<\/strong><\/figcaption><\/figure>\n<\/figure>\n\n\n\n<figure class=\"wp-block-gallery has-nested-images columns-default is-cropped wp-block-gallery-2 is-layout-flex wp-block-gallery-is-layout-flex\">\n<figure class=\"wp-block-image size-large is-style-default\"><img loading=\"lazy\" decoding=\"async\" width=\"768\" height=\"1024\" data-id=\"2357\" src=\"https:\/\/moikk.hu\/wp-content\/uploads\/2023\/01\/Burda-klany-min-768x1024.jpg\" alt=\"\" class=\"wp-image-2357\" srcset=\"https:\/\/moikk.hu\/wp-content\/uploads\/2023\/01\/Burda-klany-min-768x1024.jpg 768w, https:\/\/moikk.hu\/wp-content\/uploads\/2023\/01\/Burda-klany-min-225x300.jpg 225w, https:\/\/moikk.hu\/wp-content\/uploads\/2023\/01\/Burda-klany-min-300x400.jpg 300w, https:\/\/moikk.hu\/wp-content\/uploads\/2023\/01\/Burda-klany-min.jpg 841w\" sizes=\"auto, (max-width: 768px) 100vw, 768px\" \/><figcaption class=\"wp-element-caption\"><strong>Kalapos h\u00f6lgy<\/strong><\/figcaption><\/figure>\n<\/figure>\n\n\n\n<figure class=\"wp-block-gallery has-nested-images columns-default is-cropped wp-block-gallery-3 is-layout-flex wp-block-gallery-is-layout-flex\">\n<figure class=\"wp-block-image size-large is-style-default\"><img loading=\"lazy\" decoding=\"async\" width=\"768\" height=\"1024\" data-id=\"2356\" src=\"https:\/\/moikk.hu\/wp-content\/uploads\/2023\/01\/Burda-jlany-min-768x1024.jpg\" alt=\"\" class=\"wp-image-2356\" srcset=\"https:\/\/moikk.hu\/wp-content\/uploads\/2023\/01\/Burda-jlany-min-768x1024.jpg 768w, https:\/\/moikk.hu\/wp-content\/uploads\/2023\/01\/Burda-jlany-min-225x300.jpg 225w, https:\/\/moikk.hu\/wp-content\/uploads\/2023\/01\/Burda-jlany-min-300x400.jpg 300w, https:\/\/moikk.hu\/wp-content\/uploads\/2023\/01\/Burda-jlany-min.jpg 841w\" sizes=\"auto, (max-width: 768px) 100vw, 768px\" \/><figcaption class=\"wp-element-caption\"><strong>J\u00f3g\u00e1z\u00f3 l\u00e1ny<\/strong><\/figcaption><\/figure>\n<\/figure>\n\n\n\n<figure class=\"wp-block-gallery has-nested-images columns-default is-cropped wp-block-gallery-4 is-layout-flex wp-block-gallery-is-layout-flex\">\n<figure class=\"wp-block-image size-large is-style-default\"><img loading=\"lazy\" decoding=\"async\" width=\"579\" height=\"1024\" data-id=\"2355\" src=\"https:\/\/moikk.hu\/wp-content\/uploads\/2023\/01\/Burda-pkalap-min-579x1024.jpg\" alt=\"\" class=\"wp-image-2355\" srcset=\"https:\/\/moikk.hu\/wp-content\/uploads\/2023\/01\/Burda-pkalap-min-579x1024.jpg 579w, https:\/\/moikk.hu\/wp-content\/uploads\/2023\/01\/Burda-pkalap-min-170x300.jpg 170w, https:\/\/moikk.hu\/wp-content\/uploads\/2023\/01\/Burda-pkalap-min-768x1358.jpg 768w, https:\/\/moikk.hu\/wp-content\/uploads\/2023\/01\/Burda-pkalap-min-869x1536.jpg 869w, https:\/\/moikk.hu\/wp-content\/uploads\/2023\/01\/Burda-pkalap-min-300x531.jpg 300w, https:\/\/moikk.hu\/wp-content\/uploads\/2023\/01\/Burda-pkalap-min-850x1503.jpg 850w, https:\/\/moikk.hu\/wp-content\/uploads\/2023\/01\/Burda-pkalap-min.jpg 1097w\" sizes=\"auto, (max-width: 579px) 100vw, 579px\" \/><figcaption class=\"wp-element-caption\"><strong>L\u00e1ny piros kalapban<\/strong><\/figcaption><\/figure>\n<\/figure>\n\n\n\n<p class=\"has-white-color has-text-color has-link-color wp-elements-cf5f51c8cace32565597f368a6023ee6\">xx<\/p>\n\n\n\n<p class=\"has-white-color has-text-color has-link-color wp-elements-cf5f51c8cace32565597f368a6023ee6\">xx<\/p>\n\n\n\n<p style=\"font-size:32px\"><strong>Felt\u00e9ve 2022. janu\u00e1rj\u00e1ban:<\/strong><\/p>\n\n\n\n<figure class=\"wp-block-image size-large is-style-default\"><img loading=\"lazy\" decoding=\"async\" width=\"781\" height=\"1024\" src=\"https:\/\/moikk.hu\/wp-content\/uploads\/2022\/01\/Madonna-a-kisdeddel-Ikon-Fara-temperavalm-781x1024.jpg\" alt=\"\" class=\"wp-image-1339\" srcset=\"https:\/\/moikk.hu\/wp-content\/uploads\/2022\/01\/Madonna-a-kisdeddel-Ikon-Fara-temperavalm-781x1024.jpg 781w, https:\/\/moikk.hu\/wp-content\/uploads\/2022\/01\/Madonna-a-kisdeddel-Ikon-Fara-temperavalm-229x300.jpg 229w, https:\/\/moikk.hu\/wp-content\/uploads\/2022\/01\/Madonna-a-kisdeddel-Ikon-Fara-temperavalm-768x1007.jpg 768w, https:\/\/moikk.hu\/wp-content\/uploads\/2022\/01\/Madonna-a-kisdeddel-Ikon-Fara-temperavalm-1172x1536.jpg 1172w, https:\/\/moikk.hu\/wp-content\/uploads\/2022\/01\/Madonna-a-kisdeddel-Ikon-Fara-temperavalm-300x393.jpg 300w, https:\/\/moikk.hu\/wp-content\/uploads\/2022\/01\/Madonna-a-kisdeddel-Ikon-Fara-temperavalm-850x1114.jpg 850w, https:\/\/moikk.hu\/wp-content\/uploads\/2022\/01\/Madonna-a-kisdeddel-Ikon-Fara-temperavalm.jpg 1544w\" sizes=\"auto, (max-width: 781px) 100vw, 781px\" \/><figcaption class=\"wp-element-caption\"><strong>Madonna a kisdeddel (Ikon &#8211;  f\u00e1ra, temper\u00e1val)<\/strong><\/figcaption><\/figure>\n\n\n\n<figure class=\"wp-block-image size-large is-style-default\"><img loading=\"lazy\" decoding=\"async\" width=\"660\" height=\"1024\" src=\"https:\/\/moikk.hu\/wp-content\/uploads\/2022\/01\/Onarckep-Olaj-Femre-660x1024.jpg\" alt=\"\" class=\"wp-image-1340\" srcset=\"https:\/\/moikk.hu\/wp-content\/uploads\/2022\/01\/Onarckep-Olaj-Femre-660x1024.jpg 660w, https:\/\/moikk.hu\/wp-content\/uploads\/2022\/01\/Onarckep-Olaj-Femre-193x300.jpg 193w, https:\/\/moikk.hu\/wp-content\/uploads\/2022\/01\/Onarckep-Olaj-Femre-768x1191.jpg 768w, https:\/\/moikk.hu\/wp-content\/uploads\/2022\/01\/Onarckep-Olaj-Femre-990x1536.jpg 990w, https:\/\/moikk.hu\/wp-content\/uploads\/2022\/01\/Onarckep-Olaj-Femre-1321x2048.jpg 1321w, https:\/\/moikk.hu\/wp-content\/uploads\/2022\/01\/Onarckep-Olaj-Femre-300x465.jpg 300w, https:\/\/moikk.hu\/wp-content\/uploads\/2022\/01\/Onarckep-Olaj-Femre-850x1318.jpg 850w, https:\/\/moikk.hu\/wp-content\/uploads\/2022\/01\/Onarckep-Olaj-Femre.jpg 1336w\" sizes=\"auto, (max-width: 660px) 100vw, 660px\" \/><figcaption class=\"wp-element-caption\"><strong>\u00d6narck\u00e9p (olaj, f\u00e9mre<\/strong>)<\/figcaption><\/figure>\n\n\n\n<figure class=\"wp-block-image size-large is-style-default\"><img loading=\"lazy\" decoding=\"async\" width=\"768\" height=\"1024\" src=\"https:\/\/moikk.hu\/wp-content\/uploads\/2022\/01\/Piros-ruhas-kalapos-holgy-pasztell-papirm-768x1024.jpg\" alt=\"\" class=\"wp-image-1341\" srcset=\"https:\/\/moikk.hu\/wp-content\/uploads\/2022\/01\/Piros-ruhas-kalapos-holgy-pasztell-papirm-768x1024.jpg 768w, https:\/\/moikk.hu\/wp-content\/uploads\/2022\/01\/Piros-ruhas-kalapos-holgy-pasztell-papirm-225x300.jpg 225w, https:\/\/moikk.hu\/wp-content\/uploads\/2022\/01\/Piros-ruhas-kalapos-holgy-pasztell-papirm-1152x1536.jpg 1152w, https:\/\/moikk.hu\/wp-content\/uploads\/2022\/01\/Piros-ruhas-kalapos-holgy-pasztell-papirm-1536x2048.jpg 1536w, https:\/\/moikk.hu\/wp-content\/uploads\/2022\/01\/Piros-ruhas-kalapos-holgy-pasztell-papirm-300x400.jpg 300w, https:\/\/moikk.hu\/wp-content\/uploads\/2022\/01\/Piros-ruhas-kalapos-holgy-pasztell-papirm-850x1133.jpg 850w, https:\/\/moikk.hu\/wp-content\/uploads\/2022\/01\/Piros-ruhas-kalapos-holgy-pasztell-papirm.jpg 1920w\" sizes=\"auto, (max-width: 768px) 100vw, 768px\" \/><figcaption class=\"wp-element-caption\"><strong>Piros ruh\u00e1s, kalapos h\u00f6lgy (pasztell, pap\u00edr)<\/strong><\/figcaption><\/figure>\n\n\n\n<figure class=\"wp-block-image size-large is-style-default\"><img loading=\"lazy\" decoding=\"async\" width=\"768\" height=\"1024\" src=\"https:\/\/moikk.hu\/wp-content\/uploads\/2022\/01\/Zold-kendos-Madonna-pasztell-papirm.-768x1024.jpg\" alt=\"\" class=\"wp-image-1344\" srcset=\"https:\/\/moikk.hu\/wp-content\/uploads\/2022\/01\/Zold-kendos-Madonna-pasztell-papirm.-768x1024.jpg 768w, https:\/\/moikk.hu\/wp-content\/uploads\/2022\/01\/Zold-kendos-Madonna-pasztell-papirm.-225x300.jpg 225w, https:\/\/moikk.hu\/wp-content\/uploads\/2022\/01\/Zold-kendos-Madonna-pasztell-papirm.-1152x1536.jpg 1152w, https:\/\/moikk.hu\/wp-content\/uploads\/2022\/01\/Zold-kendos-Madonna-pasztell-papirm.-1536x2048.jpg 1536w, https:\/\/moikk.hu\/wp-content\/uploads\/2022\/01\/Zold-kendos-Madonna-pasztell-papirm.-300x400.jpg 300w, https:\/\/moikk.hu\/wp-content\/uploads\/2022\/01\/Zold-kendos-Madonna-pasztell-papirm.-850x1133.jpg 850w, https:\/\/moikk.hu\/wp-content\/uploads\/2022\/01\/Zold-kendos-Madonna-pasztell-papirm..jpg 1920w\" sizes=\"auto, (max-width: 768px) 100vw, 768px\" \/><figcaption class=\"wp-element-caption\"><strong>Z\u00f6ld kend\u0151s madonna (pasztell, pap\u00edr)<\/strong><\/figcaption><\/figure>\n\n\n\n<figure class=\"wp-block-image size-large is-style-default\"><img loading=\"lazy\" decoding=\"async\" width=\"768\" height=\"1024\" src=\"https:\/\/moikk.hu\/wp-content\/uploads\/2021\/05\/BZs1-768x1024.jpg\" alt=\"\" class=\"wp-image-590\" srcset=\"https:\/\/moikk.hu\/wp-content\/uploads\/2021\/05\/BZs1-768x1024.jpg 768w, https:\/\/moikk.hu\/wp-content\/uploads\/2021\/05\/BZs1-225x300.jpg 225w, https:\/\/moikk.hu\/wp-content\/uploads\/2021\/05\/BZs1-1152x1536.jpg 1152w, https:\/\/moikk.hu\/wp-content\/uploads\/2021\/05\/BZs1-300x400.jpg 300w, https:\/\/moikk.hu\/wp-content\/uploads\/2021\/05\/BZs1-850x1133.jpg 850w, https:\/\/moikk.hu\/wp-content\/uploads\/2021\/05\/BZs1.jpg 1536w\" sizes=\"auto, (max-width: 768px) 100vw, 768px\" \/><figcaption class=\"wp-element-caption\"><strong>N\u0151i akt<\/strong> (di\u00f3p\u00e1c)<\/figcaption><\/figure>\n\n\n\n<figure class=\"wp-block-image size-large is-style-default\"><img loading=\"lazy\" decoding=\"async\" width=\"768\" height=\"1024\" src=\"https:\/\/moikk.hu\/wp-content\/uploads\/2021\/05\/BZs2-768x1024.jpg\" alt=\"\" class=\"wp-image-589\" srcset=\"https:\/\/moikk.hu\/wp-content\/uploads\/2021\/05\/BZs2-768x1024.jpg 768w, https:\/\/moikk.hu\/wp-content\/uploads\/2021\/05\/BZs2-225x300.jpg 225w, https:\/\/moikk.hu\/wp-content\/uploads\/2021\/05\/BZs2-1152x1536.jpg 1152w, https:\/\/moikk.hu\/wp-content\/uploads\/2021\/05\/BZs2-300x400.jpg 300w, https:\/\/moikk.hu\/wp-content\/uploads\/2021\/05\/BZs2-850x1133.jpg 850w, https:\/\/moikk.hu\/wp-content\/uploads\/2021\/05\/BZs2.jpg 1536w\" sizes=\"auto, (max-width: 768px) 100vw, 768px\" \/><figcaption class=\"wp-element-caption\"><strong>Az \u00e9n \u00e1s\u00edt\u00f3 inasom<\/strong> (di\u00f3p\u00e1c)<\/figcaption><\/figure>\n\n\n\n<figure class=\"wp-block-image size-large is-style-default\"><img loading=\"lazy\" decoding=\"async\" width=\"768\" height=\"1024\" src=\"https:\/\/moikk.hu\/wp-content\/uploads\/2021\/05\/BZs3-768x1024.jpg\" alt=\"\" class=\"wp-image-588\" srcset=\"https:\/\/moikk.hu\/wp-content\/uploads\/2021\/05\/BZs3-768x1024.jpg 768w, https:\/\/moikk.hu\/wp-content\/uploads\/2021\/05\/BZs3-225x300.jpg 225w, https:\/\/moikk.hu\/wp-content\/uploads\/2021\/05\/BZs3-1152x1536.jpg 1152w, https:\/\/moikk.hu\/wp-content\/uploads\/2021\/05\/BZs3-300x400.jpg 300w, https:\/\/moikk.hu\/wp-content\/uploads\/2021\/05\/BZs3-850x1133.jpg 850w, https:\/\/moikk.hu\/wp-content\/uploads\/2021\/05\/BZs3.jpg 1536w\" sizes=\"auto, (max-width: 768px) 100vw, 768px\" \/><figcaption class=\"wp-element-caption\"><strong>Balerina<\/strong> (grafit)<\/figcaption><\/figure>\n","protected":false},"excerpt":{"rendered":"<p>Felt\u00e9ve 2023. janu\u00e1rj\u00e1ban: xx xx Felt\u00e9ve 2022. janu\u00e1rj\u00e1ban:<\/p>\n","protected":false},"author":1,"featured_media":0,"parent":0,"menu_order":0,"comment_status":"closed","ping_status":"closed","template":"","meta":{"footnotes":""},"class_list":["post-599","page","type-page","status-publish","hentry"],"_links":{"self":[{"href":"https:\/\/moikk.hu\/index.php\/wp-json\/wp\/v2\/pages\/599","targetHints":{"allow":["GET"]}}],"collection":[{"href":"https:\/\/moikk.hu\/index.php\/wp-json\/wp\/v2\/pages"}],"about":[{"href":"https:\/\/moikk.hu\/index.php\/wp-json\/wp\/v2\/types\/page"}],"author":[{"embeddable":true,"href":"https:\/\/moikk.hu\/index.php\/wp-json\/wp\/v2\/users\/1"}],"replies":[{"embeddable":true,"href":"https:\/\/moikk.hu\/index.php\/wp-json\/wp\/v2\/comments?post=599"}],"version-history":[{"count":7,"href":"https:\/\/moikk.hu\/index.php\/wp-json\/wp\/v2\/pages\/599\/revisions"}],"predecessor-version":[{"id":2912,"href":"https:\/\/moikk.hu\/index.php\/wp-json\/wp\/v2\/pages\/599\/revisions\/2912"}],"wp:attachment":[{"href":"https:\/\/moikk.hu\/index.php\/wp-json\/wp\/v2\/media?parent=599"}],"curies":[{"name":"wp","href":"https:\/\/api.w.org\/{rel}","templated":true}]}}