{"id":475,"date":"2021-05-07T07:41:10","date_gmt":"2021-05-07T07:41:10","guid":{"rendered":"https:\/\/moikk.hu\/?page_id=475"},"modified":"2021-05-07T07:50:46","modified_gmt":"2021-05-07T07:50:46","slug":"2014-antologia","status":"publish","type":"page","link":"https:\/\/moikk.hu\/index.php\/2014-antologia\/","title":{"rendered":"2014 &#8211; Antol\u00f3gia"},"content":{"rendered":"\n<p><strong>MOZAIKOK (XXXIX.)<\/strong><\/p>\n\n\n\n<p>Mozaikok a Magyar Orvos\u00edr\u00f3k \u00e9s K\u00e9pz\u0151m\u0171v\u00e9szek K\u00f6re (MOKK) 39. Tal\u00e1lkoz\u00f3j\u00e1nak Antal\u00f3gi\u00e1ja (Duna\u00fajv\u00e1ros, 2014). 20 x 14 cm. Dr. Fodor Etelka szerkeszt\u00e9s\u00e9ben, Pytheas Kiad\u00f3, 2015. 166 oldal.<\/p>\n\n\n\n<p>Hankiss J\u00e1nos f\u0151orvos kezdem\u00e9nyez\u00e9s\u00e9re 1975 \u00f3ta tal\u00e1lkoznak az orvos\u00edr\u00f3k. Az \u00fcgyet t\u00e1mogatta Schultheisz Emil akkori eln\u00f6k \u00e9s Antall J\u00f3zsef f\u0151titk\u00e1r is. 2015-ben a Tal\u00e1lkoz\u00f3t imm\u00e1r negyvenedik alkalommal rendezt\u00e9k meg augusztus 28-30. k\u00f6z\u00f6tt, Duna\u00fajv\u00e1rosban. A m\u0171v\u00e9szeti m\u0171sort ez\u00fattal Sasv\u00e1ri Erzs\u00e9bet \u00e9s Kov\u00e1cs B\u00e9la vezette, git\u00e1ron zen\u00e9lt Tabajdi Gy\u00f6rgy. 2015-ben 35 szerz\u0151 verseket, novell\u00e1kat \u00e9s \u00e9lett\u00f6rt\u00e9neteteket adott el\u0151, ill. 14 k\u00e9pz\u0151m\u0171v\u00e9sz alkot\u00e1sait tekinthett\u00e9k meg, k\u00f6z\u00f6tt\u00fck d\u00edszt\u00e1ny\u00e9rokat, festm\u00e9nyeket, fot\u00f3kat, grafik\u00e1kat, gy\u00f6ngy\u00e9kszereket, k\u00e9zimunk\u00e1kat, selyemfest\u00e9st \u00e9s szobrokat. Mir\u0151l sz\u00f3l a k\u00f6tet? A tavalyi tal\u00e1lkoz\u00f3 szerz\u0151inek nem kis r\u00e9sze nyugd\u00edjas, enn\u00e9lfogva meg\u00e9lt\u00e9k a Horthy-korszak utols\u00f3 \u00e9veit, a II. vil\u00e1gh\u00e1bor\u00fat, a holokausztot, a koncentr\u00e1ci\u00f3s t\u00e1borokat, a gul\u00e1got, majd az 1956-os forradalmat \u00e9s annak lever\u00e9s\u00e9t, a K\u00e1d\u00e1r-\u00e9r\u00e1t \u00e9s a rendszerv\u00e1lt\u00e1s ut\u00e1ni \u00e9veket&#8230; Szakmai t\u00f6rt\u00e9n\u00e9seket, kedves, humoros vagy szorongat\u00f3 \u00e9lm\u00e9nyeket, csal\u00e1dhoz \u00e9s koll\u00e9g\u00e1khoz kapcsol\u00f3d\u00f3 epiz\u00f3dokat pr\u00f3z\u00e1ban, essz\u00e9ben, versben, ismeretterjeszt\u0151 \u00edr\u00e1sban \u2212 \u0151szint\u00e9n \u00e9s sz\u00e9pirodalmi szinten \u2212 ill. sz\u00e9p sz\u00ednes k\u00e9pz\u0151m\u0171v\u00e9szeti alkot\u00e1sokban mutatj\u00e1k be. E k\u00f6tet 30 szerz\u0151 k\u00f6ltem\u00e9nyeit \u00e9s novell\u00e1it, ill. 11 alkot\u00f3 k\u00e9pz\u0151- \u00e9s iparm\u0171v\u00e9szeti alkot\u00e1sait tartalmazza (\u00e9kszerek, \u00e9rmek, festm\u00e9nyek, fot\u00f3k, grafik\u00e1k, k\u00e9zimunk\u00e1k \u00e9s mandala). K\u00fcl\u00f6n \u00f6r\u00f6m, hogy k\u00f6ltem\u00e9nyeikkel k\u00e9t tehets\u00e9ges koll\u00e9g\u00e1nk \u2212 nevezetesen Incze L\u00e1szl\u00f3 (Somogys\u00e1mson) \u00e9s Kov\u00e1cs B\u00e9la (Kiskunlach\u00e1za) \u2212 m\u00e1r sok-sok \u00e9ve e MOKK Tal\u00e1lkoz\u00f3k akt\u00edv \u00e9s elismerten sikeres r\u00e9sztvev\u0151i. E k\u00f6tet is t\u00f6bb sz\u00e9p vers\u00fcket tartalmazza.<\/p>\n\n\n\n<p>Kata Mih\u00e1ly prof. emer.<\/p>\n\n\n\n<p>Forr\u00e1s: <a href=\"https:\/\/www.mgyt.hu\/images\/gyogyszereszet\/2016\/2016-teljes-evfolyam\/Gyogyszereszet-1601.pdf\">https:\/\/www.mgyt.hu\/images\/gyogyszereszet\/2016\/2016-teljes-evfolyam\/Gyogyszereszet-1601.pdf<\/a><\/p>\n","protected":false},"excerpt":{"rendered":"<p>MOZAIKOK (XXXIX.) Mozaikok a Magyar Orvos\u00edr\u00f3k \u00e9s K\u00e9pz\u0151m\u0171v\u00e9szek K\u00f6re (MOKK) 39. Tal\u00e1lkoz\u00f3j\u00e1nak Antal\u00f3gi\u00e1ja (Duna\u00fajv\u00e1ros, 2014). 20 x 14 cm. Dr. Fodor Etelka szerkeszt\u00e9s\u00e9ben, Pytheas Kiad\u00f3, 2015. 166 oldal. Hankiss J\u00e1nos f\u0151orvos kezdem\u00e9nyez\u00e9s\u00e9re&#8230;<\/p>\n","protected":false},"author":1,"featured_media":0,"parent":0,"menu_order":0,"comment_status":"closed","ping_status":"closed","template":"","meta":{"footnotes":""},"class_list":["post-475","page","type-page","status-publish","hentry"],"_links":{"self":[{"href":"https:\/\/moikk.hu\/index.php\/wp-json\/wp\/v2\/pages\/475","targetHints":{"allow":["GET"]}}],"collection":[{"href":"https:\/\/moikk.hu\/index.php\/wp-json\/wp\/v2\/pages"}],"about":[{"href":"https:\/\/moikk.hu\/index.php\/wp-json\/wp\/v2\/types\/page"}],"author":[{"embeddable":true,"href":"https:\/\/moikk.hu\/index.php\/wp-json\/wp\/v2\/users\/1"}],"replies":[{"embeddable":true,"href":"https:\/\/moikk.hu\/index.php\/wp-json\/wp\/v2\/comments?post=475"}],"version-history":[{"count":4,"href":"https:\/\/moikk.hu\/index.php\/wp-json\/wp\/v2\/pages\/475\/revisions"}],"predecessor-version":[{"id":484,"href":"https:\/\/moikk.hu\/index.php\/wp-json\/wp\/v2\/pages\/475\/revisions\/484"}],"wp:attachment":[{"href":"https:\/\/moikk.hu\/index.php\/wp-json\/wp\/v2\/media?parent=475"}],"curies":[{"name":"wp","href":"https:\/\/api.w.org\/{rel}","templated":true}]}}