{"id":472,"date":"2021-05-07T07:40:40","date_gmt":"2021-05-07T07:40:40","guid":{"rendered":"https:\/\/moikk.hu\/?page_id=472"},"modified":"2021-05-07T07:55:24","modified_gmt":"2021-05-07T07:55:24","slug":"2013-antologia","status":"publish","type":"page","link":"https:\/\/moikk.hu\/index.php\/2013-antologia\/","title":{"rendered":"2013 &#8211; Antol\u00f3gia"},"content":{"rendered":"\n<p><strong>VIR\u00c1GAINK &#8211; Irodalom \u00e9s k\u00e9pz\u0151m\u0171v\u00e9szet. (XXXVIII.)<\/strong><\/p>\n\n\n\n<p>Magyar Orvos\u00edr\u00f3k \u00e9s K\u00e9pz\u0151m\u0171v\u00e9szek K\u00f6re XXXVIII. Kongresszus\u00e1nak (Duna\u00fajv\u00e1ros, 2013) kiadv\u00e1nya. Szerkeszt\u0151: dr. Fodor Etelka eln\u00f6k. 170 oldal, Pytheas Kiad\u00f3 \u00e9s Nyomda, 2014. 20&#215;14 cm, ISBN 978-615-5173-01-1 (nincs kereskedelmi forgalomban).<\/p>\n\n\n\n<p>A Magyar Orvos\u00edr\u00f3k \u00e9s K\u00e9pz\u0151m\u0171v\u00e9szek K\u00f6re (MOKK) 2014-es kongresszus\u00e1t Duna\u00fajv\u00e1rosban augusztus 29- 31-\u00e9n rendezt\u00e9k meg. Az erre az alkalomra megjelent \u201eVir\u00e1gaink\u201d c\u00edm\u0171 Antol\u00f3gi\u00e1ban 31 \u00edr\u00f3 \u00e9s k\u00f6lt\u0151 89 remek munk\u00e1ja olvashat\u00f3, valamint 8 k\u00e9pz\u0151m\u0171v\u00e9sz 30 szemet gy\u00f6ny\u00f6rk\u00f6dtet\u0151en sz\u00e9p alkot\u00e1sa l\u00e1that\u00f3. A szerz\u0151k els\u0151sorban tapasztalt orvosok, enn\u00e9l fogva a sz\u00f6veges \u00edr\u00e1sok z\u00f6me ink\u00e1bb az \u0151 munkater\u00fclet\u00fckh\u00f6z kapcsol\u00f3dik, viszont nagyon sz\u00e9les k\u00f6rt \u00f6lel fel: foglalkoznak a s\u00f3b\u00e1lv\u00e1nny\u00e1 v\u00e1l\u00e1ssal is, f\u0151k\u00e9nt azonban a m\u00falt sz\u00e1zad esem\u00e9nyeihez kapcsol\u00f3dnak, ide\u00e9rtve a vil\u00e1gh\u00e1bor\u00fa \u00e9s 1956, valamint napjaink t\u00f6rt\u00e9n\u00e9seit is. V\u00e1logatottan sz\u00e9p \u00edr\u00e1sok&#8230;<\/p>\n\n\n\n<p>K\u00fcl\u00f6n figyelmet \u00e9rdemelnek a sz\u00ednes \u00e9s fekete-feh\u00e9r k\u00e9pz\u0151- \u00e9s iparm\u0171v\u00e9szeti alkot\u00e1sok, fot\u00f3k \u00e9s \u00e9rmek.<\/p>\n\n\n\n<p>K\u00f6ltem\u00e9nyeikkel Incze L\u00e1szl\u00f3 \u00e9s Kov\u00e1cs B\u00e9la koll\u00e9g\u00e1nk \u00e9vek \u00f3ta a MOKK rendezv\u00e9nyek r\u00e9sztvev\u0151i \u00e9s az \u00e9venk\u00e9nt kiad\u00e1sra ker\u00fcl\u0151 \u2212 ehhez hasonl\u00f3 \u2212 k\u00f6tet szerz\u0151i. Ez\u00fattal is hat-hat sz\u00e9p k\u00f6ltem\u00e9nnyel szerepelnek. Ezekben szellemesen-b\u00f6lcsen \u00edrnak az \u00e9let napi gondjair\u00f3l \u00e9s esetenk\u00e9nt filoz\u00f3fiai magass\u00e1gokba is emelkednek.<\/p>\n\n\n\n<p>Egy\u00e9bk\u00e9nt a Szegeden 1954-ben kezdett \u00e9vfolyamr\u00f3l m\u00e1sok is jeleskedtek az irodalom \u00e9s a m\u0171v\u00e9szet ter\u00fclet\u00e9n. St\u00e1jer G\u00e9z\u00e1nak jelentek meg k\u00f6tetei: \u201eA k\u00edgy\u00f3 metamorf\u00f3zisa\u201d, \u201eM\u00e9regt\u0151l a gy\u00f3gyszerig\u201d, \u201eTan\u00e1rseg\u00e9d voltam a f\u00f6ldszinten\u201d, \u201eFeh\u00e9rk\u00f6penyesek a Gy\u00f3gyk\u00e9mr\u0151l\u201d \u00e9s \u201eHarmadik k\u00eds\u00e9rlet\u201d. P\u00e1lffy L\u00e1szl\u00f3nak is remek \u00edr\u00e1sai vannak.<\/p>\n\n\n\n<p>M\u00e1rton B\u00e1lint sz\u00e9p festm\u00e9nyeir\u0151l a Gy\u00f3gyszer\u00e9szet \u00e9ppen a k\u00f6zelm\u00faltban sz\u00e1molt be: 58(9), 579 (2014). R\u00e1ad\u00e1sul a viszonylag kis alak\u00fa, 170 oldal terjedelm\u0171 k\u00f6tet k\u00f6nnyen kezelhet\u0151 is.<\/p>\n\n\n\n<p>Kata Mih\u00e1ly prof. emer.<\/p>\n\n\n\n<p>Forr\u00e1s: <a href=\"https:\/\/www.mgyt.hu\/images\/gyogyszereszet\/2015\/Gyogyszereszet_1501.pdf\">https:\/\/www.mgyt.hu\/images\/gyogyszereszet\/2015\/Gyogyszereszet_1501.pdf<\/a><\/p>\n","protected":false},"excerpt":{"rendered":"<p>VIR\u00c1GAINK &#8211; Irodalom \u00e9s k\u00e9pz\u0151m\u0171v\u00e9szet. (XXXVIII.) Magyar Orvos\u00edr\u00f3k \u00e9s K\u00e9pz\u0151m\u0171v\u00e9szek K\u00f6re XXXVIII. Kongresszus\u00e1nak (Duna\u00fajv\u00e1ros, 2013) kiadv\u00e1nya. Szerkeszt\u0151: dr. Fodor Etelka eln\u00f6k. 170 oldal, Pytheas Kiad\u00f3 \u00e9s Nyomda, 2014. 20&#215;14 cm, ISBN 978-615-5173-01-1&#8230;<\/p>\n","protected":false},"author":1,"featured_media":0,"parent":0,"menu_order":0,"comment_status":"closed","ping_status":"closed","template":"","meta":{"footnotes":""},"class_list":["post-472","page","type-page","status-publish","hentry"],"_links":{"self":[{"href":"https:\/\/moikk.hu\/index.php\/wp-json\/wp\/v2\/pages\/472","targetHints":{"allow":["GET"]}}],"collection":[{"href":"https:\/\/moikk.hu\/index.php\/wp-json\/wp\/v2\/pages"}],"about":[{"href":"https:\/\/moikk.hu\/index.php\/wp-json\/wp\/v2\/types\/page"}],"author":[{"embeddable":true,"href":"https:\/\/moikk.hu\/index.php\/wp-json\/wp\/v2\/users\/1"}],"replies":[{"embeddable":true,"href":"https:\/\/moikk.hu\/index.php\/wp-json\/wp\/v2\/comments?post=472"}],"version-history":[{"count":4,"href":"https:\/\/moikk.hu\/index.php\/wp-json\/wp\/v2\/pages\/472\/revisions"}],"predecessor-version":[{"id":487,"href":"https:\/\/moikk.hu\/index.php\/wp-json\/wp\/v2\/pages\/472\/revisions\/487"}],"wp:attachment":[{"href":"https:\/\/moikk.hu\/index.php\/wp-json\/wp\/v2\/media?parent=472"}],"curies":[{"name":"wp","href":"https:\/\/api.w.org\/{rel}","templated":true}]}}