{"id":47,"date":"2020-06-17T20:28:54","date_gmt":"2020-06-17T20:28:54","guid":{"rendered":"http:\/\/localhost\/moikk\/?page_id=47"},"modified":"2021-05-08T14:02:02","modified_gmt":"2021-05-08T14:02:02","slug":"kuldetes","status":"publish","type":"page","link":"https:\/\/moikk.hu\/index.php\/kuldetes\/","title":{"rendered":"K\u00fcldet\u00e9s"},"content":{"rendered":"<p style=\"text-align: center;\" align=\"center\"><span style=\"color: #c00000;\"><span style=\"font-family: Lucida Calligraphy, cursive;\"><span style=\"font-size: large;\"><b>Medicina \u2013 Ars \u2013 Fides<\/b><\/span><\/span><\/span><br \/>\n<span style=\"color: #c00000;\"><span style=\"font-family: Lucida Calligraphy, cursive;\"><span style=\"font-size: large;\"><b>Gy\u00f3gy\u00edt\u00e1s \u2013 M<\/b><\/span><\/span><\/span><span style=\"color: #c00000;\"><span style=\"font-family: Times New Roman, serif;\"><span style=\"font-size: large;\"><b>\u0171<\/b><\/span><\/span><\/span><span style=\"color: #c00000;\"><span style=\"font-family: Lucida Calligraphy, cursive;\"><span style=\"font-size: large;\"><b>v\u00e9szet \u2013 Hit<\/b><\/span><\/span><\/span><\/p>\n<p class=\"western\"><span style=\"font-family: Bahnschrift, sans-serif;\">A <\/span><span style=\"font-family: Bahnschrift, sans-serif;\"><i><b>Magyar Orvos \u00cdr\u00f3k \u00e9s K\u00e9pz\u0151m\u0171v\u00e9szek K\u00f6re<\/b><\/i><\/span><span style=\"font-family: Bahnschrift, sans-serif;\"> (MO\u00cdKK) olyan orvos-m\u0171v\u00e9szeti t\u00e1rsas\u00e1g &#8211; amely a gy\u00f3gy\u00edt\u00f3 t\u00e1rsszakm\u00e1k k\u00e9pvisel\u0151it is sz\u00edvesen l\u00e1tva soraiban \u2013 <\/span><span style=\"font-family: Bahnschrift, sans-serif;\"><i><b>a gy\u00f3gy\u00edt\u00e1s m\u0171v\u00e9szet\u00e9nek \u00e9s a m\u0171v\u00e9szet gy\u00f3gy\u00edt\u00f3 erej\u00e9nek <\/b><\/i><\/span><span style=\"font-family: Bahnschrift, sans-serif;\">szoros \u00f6sszef\u00fcgg\u00e9s\u00e9t vallja. <\/span><\/p>\n<p class=\"western\"><span style=\"font-family: Bahnschrift, sans-serif;\">C\u00e9lunk, hogy a gy\u00f3gy\u00edt\u00f3 szakemberek, megterhel\u0151 szellemi, lelki \u00e9s fizikai munk\u00e1juk mellett; kreativit\u00e1sukat, egy\u00e9ni m\u0171v\u00e9szi adotts\u00e1gaikat, alkot\u00f3 energi\u00e1jukat &#8211; seg\u00edt\u0151 \u00e9s \u00e9rt\u0151 k\u00f6rnyezetben \u2013 kibontakoztathass\u00e1k. K\u00e9pess\u00e9geiket, tehets\u00e9g\u00fcket tov\u00e1bbfejleszthess\u00e9k,\u00a0 m\u0171veiket min\u00e9l sz\u00e9lesebb k\u00f6rben bemutathass\u00e1k \u00e9s a nyilv\u00e1noss\u00e1g el\u00e9 t\u00e1rhass\u00e1k. <\/span><\/p>\n<p class=\"western\"><span style=\"font-family: Bahnschrift, sans-serif;\"><i><b>A Magyar Orvos \u00cdr\u00f3k \u00e9s K\u00e9pz\u0151m\u0171v\u00e9szek K\u00f6re<\/b><\/i><\/span><span style=\"font-family: Bahnschrift, sans-serif;\"> PLATFOM \u00e9s ALKOT\u00d3M\u0170HELY; elk\u00f6telezett m\u0171v\u00e9szetkedvel\u0151 \u00e9s a m\u0171v\u00e9szet valamely \u00e1g\u00e1t (sz\u00e9pirodalom, k\u00e9pz\u0151m\u0171v\u00e9szet, iparm\u0171v\u00e9szet, fot\u00f3m\u0171v\u00e9szet, stb.) szem\u00e9ly\u00fckben is m\u0171vel\u0151 orvosok sz\u00e1m\u00e1ra.<\/span><\/p>\n","protected":false},"excerpt":{"rendered":"<p>Medicina \u2013 Ars \u2013 Fides Gy\u00f3gy\u00edt\u00e1s \u2013 M\u0171v\u00e9szet \u2013 Hit A Magyar Orvos \u00cdr\u00f3k \u00e9s K\u00e9pz\u0151m\u0171v\u00e9szek K\u00f6re (MO\u00cdKK) olyan orvos-m\u0171v\u00e9szeti t\u00e1rsas\u00e1g &#8211; amely a gy\u00f3gy\u00edt\u00f3 t\u00e1rsszakm\u00e1k k\u00e9pvisel\u0151it is sz\u00edvesen l\u00e1tva soraiban \u2013&#8230;<\/p>\n","protected":false},"author":2,"featured_media":0,"parent":0,"menu_order":0,"comment_status":"closed","ping_status":"closed","template":"","meta":{"footnotes":""},"class_list":["post-47","page","type-page","status-publish","hentry"],"_links":{"self":[{"href":"https:\/\/moikk.hu\/index.php\/wp-json\/wp\/v2\/pages\/47","targetHints":{"allow":["GET"]}}],"collection":[{"href":"https:\/\/moikk.hu\/index.php\/wp-json\/wp\/v2\/pages"}],"about":[{"href":"https:\/\/moikk.hu\/index.php\/wp-json\/wp\/v2\/types\/page"}],"author":[{"embeddable":true,"href":"https:\/\/moikk.hu\/index.php\/wp-json\/wp\/v2\/users\/2"}],"replies":[{"embeddable":true,"href":"https:\/\/moikk.hu\/index.php\/wp-json\/wp\/v2\/comments?post=47"}],"version-history":[{"count":4,"href":"https:\/\/moikk.hu\/index.php\/wp-json\/wp\/v2\/pages\/47\/revisions"}],"predecessor-version":[{"id":538,"href":"https:\/\/moikk.hu\/index.php\/wp-json\/wp\/v2\/pages\/47\/revisions\/538"}],"wp:attachment":[{"href":"https:\/\/moikk.hu\/index.php\/wp-json\/wp\/v2\/media?parent=47"}],"curies":[{"name":"wp","href":"https:\/\/api.w.org\/{rel}","templated":true}]}}