{"id":46,"date":"2020-06-17T20:28:54","date_gmt":"2020-06-17T20:28:54","guid":{"rendered":"http:\/\/localhost\/moikk\/?page_id=46"},"modified":"2021-05-30T13:47:18","modified_gmt":"2021-05-30T13:47:18","slug":"tortenetunk","status":"publish","type":"page","link":"https:\/\/moikk.hu\/index.php\/tortenetunk\/","title":{"rendered":"T\u00f6rt\u00e9net\u00fcnk"},"content":{"rendered":"<header class=\"entry-header\">\n<h1 class=\"entry-title\">A MO\u00cdKK el\u0151t\u00f6rt\u00e9net\u00e9r\u0151l<\/h1>\n<\/header>\n<div class=\"entry-content\">\n<p class=\"western\" align=\"justify\"><i><b>\u00a0<\/b><\/i>(A c\u00edmekre<i> kattintva olvashat\u00f3 a szerz\u0151k \u00edr\u00e1sa)<\/i><\/p>\n<p class=\"western\" align=\"justify\"><i><b>1.\u00a0Dr. Hankiss J\u00e1nos: <a href=\"https:\/\/moikk.hu\/wp-content\/uploads\/2021\/menu20\/MOKK1996HJ.pdf\">A MOKK 20 \u00e9ves jubileuma 1975-1995<\/a><\/b><\/i><\/p>\n<p class=\"western\" align=\"justify\"><i><b>2.\u00a0Dr. Boga B\u00e1lint: <a href=\"https:\/\/moikk.hu\/index.php\/1975-2020-bb\">In illo tempore &#8211; 45 \u00e9ves jubileum<\/a><\/b><\/i><\/p>\n<p class=\"western\" align=\"justify\"><i><b>3.\u00a0Dr. S\u00e1rhegyi J\u00f3zsef: <a href=\"https:\/\/moikk.hu\/index.php\/dr-sarhegyi-jozsef-a-mokk-rovid-tortenete\/\">A MOKK r\u00f6vid t\u00f6rt\u00e9nete: 1975-2020<\/a><\/b><\/i><\/p>\n<\/div>\n","protected":false},"excerpt":{"rendered":"<p>A MO\u00cdKK el\u0151t\u00f6rt\u00e9net\u00e9r\u0151l \u00a0(A c\u00edmekre kattintva olvashat\u00f3 a szerz\u0151k \u00edr\u00e1sa) 1.\u00a0Dr. Hankiss J\u00e1nos: A MOKK 20 \u00e9ves jubileuma 1975-1995 2.\u00a0Dr. Boga B\u00e1lint: In illo tempore &#8211; 45 \u00e9ves jubileum 3.\u00a0Dr. S\u00e1rhegyi J\u00f3zsef:&#8230;<\/p>\n","protected":false},"author":2,"featured_media":0,"parent":0,"menu_order":0,"comment_status":"closed","ping_status":"closed","template":"","meta":{"footnotes":""},"class_list":["post-46","page","type-page","status-publish","hentry"],"_links":{"self":[{"href":"https:\/\/moikk.hu\/index.php\/wp-json\/wp\/v2\/pages\/46","targetHints":{"allow":["GET"]}}],"collection":[{"href":"https:\/\/moikk.hu\/index.php\/wp-json\/wp\/v2\/pages"}],"about":[{"href":"https:\/\/moikk.hu\/index.php\/wp-json\/wp\/v2\/types\/page"}],"author":[{"embeddable":true,"href":"https:\/\/moikk.hu\/index.php\/wp-json\/wp\/v2\/users\/2"}],"replies":[{"embeddable":true,"href":"https:\/\/moikk.hu\/index.php\/wp-json\/wp\/v2\/comments?post=46"}],"version-history":[{"count":8,"href":"https:\/\/moikk.hu\/index.php\/wp-json\/wp\/v2\/pages\/46\/revisions"}],"predecessor-version":[{"id":656,"href":"https:\/\/moikk.hu\/index.php\/wp-json\/wp\/v2\/pages\/46\/revisions\/656"}],"wp:attachment":[{"href":"https:\/\/moikk.hu\/index.php\/wp-json\/wp\/v2\/media?parent=46"}],"curies":[{"name":"wp","href":"https:\/\/api.w.org\/{rel}","templated":true}]}}