{"id":410,"date":"2021-05-02T10:05:10","date_gmt":"2021-05-02T10:05:10","guid":{"rendered":"https:\/\/moikk.hu\/?page_id=410"},"modified":"2022-01-13T12:16:44","modified_gmt":"2022-01-13T12:16:44","slug":"ismertetesek","status":"publish","type":"page","link":"https:\/\/moikk.hu\/index.php\/ismertetesek\/","title":{"rendered":"Refer\u00e1tumok"},"content":{"rendered":"\n<p><a href=\"https:\/\/moikk.hu\/index.php\/2020-antologia\/\">2020 &#8211; Antol\u00f3gia<\/a><\/p>\n\n\n\n<p><a href=\"https:\/\/moikk.hu\/index.php\/2014-antologia\/\">2014 &#8211; Antol\u00f3gia<\/a><\/p>\n\n\n\n<p><a href=\"https:\/\/moikk.hu\/index.php\/2013-antologia\/\">2013 &#8211; Antol\u00f3gia<\/a><\/p>\n\n\n\n<p><a href=\"https:\/\/moikk.hu\/index.php\/2008-antologia\/\">2008 &#8211; Antol\u00f3gia<\/a><\/p>\n\n\n\n<p><a href=\"https:\/\/moikk.hu\/index.php\/2006-antologia\/\">2006 &#8211; Antol\u00f3gi\u00e1k<\/a><\/p>\n","protected":false},"excerpt":{"rendered":"<p>2020 &#8211; Antol\u00f3gia 2014 &#8211; Antol\u00f3gia 2013 &#8211; Antol\u00f3gia 2008 &#8211; Antol\u00f3gia 2006 &#8211; Antol\u00f3gi\u00e1k<\/p>\n","protected":false},"author":1,"featured_media":0,"parent":0,"menu_order":0,"comment_status":"closed","ping_status":"closed","template":"","meta":{"footnotes":""},"class_list":["post-410","page","type-page","status-publish","hentry"],"_links":{"self":[{"href":"https:\/\/moikk.hu\/index.php\/wp-json\/wp\/v2\/pages\/410","targetHints":{"allow":["GET"]}}],"collection":[{"href":"https:\/\/moikk.hu\/index.php\/wp-json\/wp\/v2\/pages"}],"about":[{"href":"https:\/\/moikk.hu\/index.php\/wp-json\/wp\/v2\/types\/page"}],"author":[{"embeddable":true,"href":"https:\/\/moikk.hu\/index.php\/wp-json\/wp\/v2\/users\/1"}],"replies":[{"embeddable":true,"href":"https:\/\/moikk.hu\/index.php\/wp-json\/wp\/v2\/comments?post=410"}],"version-history":[{"count":7,"href":"https:\/\/moikk.hu\/index.php\/wp-json\/wp\/v2\/pages\/410\/revisions"}],"predecessor-version":[{"id":1296,"href":"https:\/\/moikk.hu\/index.php\/wp-json\/wp\/v2\/pages\/410\/revisions\/1296"}],"wp:attachment":[{"href":"https:\/\/moikk.hu\/index.php\/wp-json\/wp\/v2\/media?parent=410"}],"curies":[{"name":"wp","href":"https:\/\/api.w.org\/{rel}","templated":true}]}}