{"id":3580,"date":"2026-02-21T15:50:14","date_gmt":"2026-02-21T15:50:14","guid":{"rendered":"https:\/\/moikk.hu\/?page_id=3580"},"modified":"2026-02-21T16:02:24","modified_gmt":"2026-02-21T16:02:24","slug":"2024-szeptember-06-08-vac","status":"publish","type":"page","link":"https:\/\/moikk.hu\/index.php\/2024-szeptember-06-08-vac\/","title":{"rendered":"2024. szeptember 06 &#8211; 08. &#8211; V\u00e1c"},"content":{"rendered":"\n<p><\/p>\n\n\n\n<ul class=\"wp-block-list\">\n<li style=\"font-size:22px\"><a href=\"https:\/\/moikk.hu\/wp-content\/uploads\/2026\/01\/Ant-24-kit\u00fcnt.pdf\">Kit\u00fcntetettjeink 2024-ben<\/a><\/li>\n<\/ul>\n\n\n\n<ul class=\"wp-block-list\">\n<li style=\"font-size:22px\"><a href=\"https:\/\/moikk.hu\/wp-content\/uploads\/2026\/01\/Ant-24-konf-kepek.pdf\">Konferencia k\u00e9pekben &#8211; 2024<\/a><\/li>\n<\/ul>\n\n\n\n<ul class=\"wp-block-list\">\n<li style=\"font-size:22px\"><a href=\"https:\/\/moikk.hu\/wp-content\/uploads\/2026\/01\/Ant-24-Fot.pdf\">Kir\u00e1ndul\u00e1s F\u00f3tra<\/a><\/li>\n<\/ul>\n\n\n\n<p><\/p>\n","protected":false},"excerpt":{"rendered":"","protected":false},"author":1,"featured_media":0,"parent":0,"menu_order":0,"comment_status":"closed","ping_status":"closed","template":"","meta":{"footnotes":""},"class_list":["post-3580","page","type-page","status-publish","hentry"],"_links":{"self":[{"href":"https:\/\/moikk.hu\/index.php\/wp-json\/wp\/v2\/pages\/3580","targetHints":{"allow":["GET"]}}],"collection":[{"href":"https:\/\/moikk.hu\/index.php\/wp-json\/wp\/v2\/pages"}],"about":[{"href":"https:\/\/moikk.hu\/index.php\/wp-json\/wp\/v2\/types\/page"}],"author":[{"embeddable":true,"href":"https:\/\/moikk.hu\/index.php\/wp-json\/wp\/v2\/users\/1"}],"replies":[{"embeddable":true,"href":"https:\/\/moikk.hu\/index.php\/wp-json\/wp\/v2\/comments?post=3580"}],"version-history":[{"count":4,"href":"https:\/\/moikk.hu\/index.php\/wp-json\/wp\/v2\/pages\/3580\/revisions"}],"predecessor-version":[{"id":3586,"href":"https:\/\/moikk.hu\/index.php\/wp-json\/wp\/v2\/pages\/3580\/revisions\/3586"}],"wp:attachment":[{"href":"https:\/\/moikk.hu\/index.php\/wp-json\/wp\/v2\/media?parent=3580"}],"curies":[{"name":"wp","href":"https:\/\/api.w.org\/{rel}","templated":true}]}}