{"id":3505,"date":"2026-02-12T13:16:03","date_gmt":"2026-02-12T13:16:03","guid":{"rendered":"https:\/\/moikk.hu\/?page_id=3505"},"modified":"2026-02-13T18:47:16","modified_gmt":"2026-02-13T18:47:16","slug":"albumok","status":"publish","type":"page","link":"https:\/\/moikk.hu\/index.php\/albumok\/","title":{"rendered":"Albumok"},"content":{"rendered":"\n<p style=\"font-size:22px\">A k\u00f6tetek tartalma az al\u00e1h\u00fazott c\u00edmre kattintva olvashat\u00f3.<\/p>\n\n\n\n<figure class=\"wp-block-image size-full\"><img loading=\"lazy\" decoding=\"async\" width=\"319\" height=\"451\" src=\"https:\/\/moikk.hu\/wp-content\/uploads\/2026\/02\/Album25.jpg\" alt=\"\" class=\"wp-image-3519\" srcset=\"https:\/\/moikk.hu\/wp-content\/uploads\/2026\/02\/Album25.jpg 319w, https:\/\/moikk.hu\/wp-content\/uploads\/2026\/02\/Album25-212x300.jpg 212w, https:\/\/moikk.hu\/wp-content\/uploads\/2026\/02\/Album25-300x424.jpg 300w\" sizes=\"auto, (max-width: 319px) 100vw, 319px\" \/><figcaption class=\"wp-element-caption\"><strong><a href=\"https:\/\/moikk.hu\/wp-content\/uploads\/2026\/01\/Album25Tc.pdf\">KORT\u00c1RS ORVOS K\u00c9PZ\u0150M\u0170V\u00c9SZEK ALBUMA 2025<\/a><\/strong><\/figcaption><\/figure>\n\n\n\n<p><\/p>\n","protected":false},"excerpt":{"rendered":"<p>A k\u00f6tetek tartalma az al\u00e1h\u00fazott c\u00edmre kattintva olvashat\u00f3.<\/p>\n","protected":false},"author":1,"featured_media":0,"parent":0,"menu_order":0,"comment_status":"closed","ping_status":"closed","template":"","meta":{"footnotes":""},"class_list":["post-3505","page","type-page","status-publish","hentry"],"_links":{"self":[{"href":"https:\/\/moikk.hu\/index.php\/wp-json\/wp\/v2\/pages\/3505","targetHints":{"allow":["GET"]}}],"collection":[{"href":"https:\/\/moikk.hu\/index.php\/wp-json\/wp\/v2\/pages"}],"about":[{"href":"https:\/\/moikk.hu\/index.php\/wp-json\/wp\/v2\/types\/page"}],"author":[{"embeddable":true,"href":"https:\/\/moikk.hu\/index.php\/wp-json\/wp\/v2\/users\/1"}],"replies":[{"embeddable":true,"href":"https:\/\/moikk.hu\/index.php\/wp-json\/wp\/v2\/comments?post=3505"}],"version-history":[{"count":3,"href":"https:\/\/moikk.hu\/index.php\/wp-json\/wp\/v2\/pages\/3505\/revisions"}],"predecessor-version":[{"id":3528,"href":"https:\/\/moikk.hu\/index.php\/wp-json\/wp\/v2\/pages\/3505\/revisions\/3528"}],"wp:attachment":[{"href":"https:\/\/moikk.hu\/index.php\/wp-json\/wp\/v2\/media?parent=3505"}],"curies":[{"name":"wp","href":"https:\/\/api.w.org\/{rel}","templated":true}]}}