{"id":3498,"date":"2026-02-12T10:00:40","date_gmt":"2026-02-12T10:00:40","guid":{"rendered":"https:\/\/moikk.hu\/?page_id=3498"},"modified":"2026-02-13T18:36:30","modified_gmt":"2026-02-13T18:36:30","slug":"kiadoi-kotetek","status":"publish","type":"page","link":"https:\/\/moikk.hu\/index.php\/kiadoi-kotetek\/","title":{"rendered":"Kiad\u00f3i k\u00f6tetek"},"content":{"rendered":"\n<p style=\"font-size:22px\">A k\u00f6tetek tartalma az al\u00e1h\u00fazott c\u00edmre kattintva olvashat\u00f3.<\/p>\n\n\n\n<figure class=\"wp-block-image size-full\"><img loading=\"lazy\" decoding=\"async\" width=\"310\" height=\"439\" src=\"https:\/\/moikk.hu\/wp-content\/uploads\/2026\/02\/Orvosok-betegek25.jpg\" alt=\"\" class=\"wp-image-3511\" srcset=\"https:\/\/moikk.hu\/wp-content\/uploads\/2026\/02\/Orvosok-betegek25.jpg 310w, https:\/\/moikk.hu\/wp-content\/uploads\/2026\/02\/Orvosok-betegek25-212x300.jpg 212w, https:\/\/moikk.hu\/wp-content\/uploads\/2026\/02\/Orvosok-betegek25-300x425.jpg 300w\" sizes=\"auto, (max-width: 310px) 100vw, 310px\" \/><figcaption class=\"wp-element-caption\"><strong><a href=\"https:\/\/moikk.hu\/wp-content\/uploads\/2026\/01\/OrvosokT25.pdf\">ORVOSOK &#8211; BETEGEK<\/a><\/strong> (2025)<\/figcaption><\/figure>\n\n\n\n<p><\/p>\n\n\n\n<figure class=\"wp-block-image size-full\"><img loading=\"lazy\" decoding=\"async\" width=\"310\" height=\"499\" src=\"https:\/\/moikk.hu\/wp-content\/uploads\/2026\/02\/Ragaly22.jpg\" alt=\"\" class=\"wp-image-3508\" srcset=\"https:\/\/moikk.hu\/wp-content\/uploads\/2026\/02\/Ragaly22.jpg 310w, https:\/\/moikk.hu\/wp-content\/uploads\/2026\/02\/Ragaly22-186x300.jpg 186w, https:\/\/moikk.hu\/wp-content\/uploads\/2026\/02\/Ragaly22-300x483.jpg 300w\" sizes=\"auto, (max-width: 310px) 100vw, 310px\" \/><figcaption class=\"wp-element-caption\"><strong><a href=\"https:\/\/moikk.hu\/wp-content\/uploads\/2026\/01\/Ragaly-22Tc.pdf\">RAG\u00c1LY &#8211; 2019<\/a><\/strong> (2022)<\/figcaption><\/figure>\n","protected":false},"excerpt":{"rendered":"<p>A k\u00f6tetek tartalma az al\u00e1h\u00fazott c\u00edmre kattintva olvashat\u00f3.<\/p>\n","protected":false},"author":1,"featured_media":0,"parent":0,"menu_order":0,"comment_status":"closed","ping_status":"closed","template":"","meta":{"footnotes":""},"class_list":["post-3498","page","type-page","status-publish","hentry"],"_links":{"self":[{"href":"https:\/\/moikk.hu\/index.php\/wp-json\/wp\/v2\/pages\/3498","targetHints":{"allow":["GET"]}}],"collection":[{"href":"https:\/\/moikk.hu\/index.php\/wp-json\/wp\/v2\/pages"}],"about":[{"href":"https:\/\/moikk.hu\/index.php\/wp-json\/wp\/v2\/types\/page"}],"author":[{"embeddable":true,"href":"https:\/\/moikk.hu\/index.php\/wp-json\/wp\/v2\/users\/1"}],"replies":[{"embeddable":true,"href":"https:\/\/moikk.hu\/index.php\/wp-json\/wp\/v2\/comments?post=3498"}],"version-history":[{"count":8,"href":"https:\/\/moikk.hu\/index.php\/wp-json\/wp\/v2\/pages\/3498\/revisions"}],"predecessor-version":[{"id":3522,"href":"https:\/\/moikk.hu\/index.php\/wp-json\/wp\/v2\/pages\/3498\/revisions\/3522"}],"wp:attachment":[{"href":"https:\/\/moikk.hu\/index.php\/wp-json\/wp\/v2\/media?parent=3498"}],"curies":[{"name":"wp","href":"https:\/\/api.w.org\/{rel}","templated":true}]}}