{"id":330,"date":"2021-04-24T09:46:31","date_gmt":"2021-04-24T09:46:31","guid":{"rendered":"https:\/\/moikk.hu\/?page_id=330"},"modified":"2026-02-23T12:49:25","modified_gmt":"2026-02-23T12:49:25","slug":"a-moikk-tagjai","status":"publish","type":"page","link":"https:\/\/moikk.hu\/index.php\/a-moikk-tagjai\/","title":{"rendered":"A MOIKK tagjai"},"content":{"rendered":"\n<p class=\"has-vivid-cyan-blue-color has-text-color\" style=\"font-size:25px\"><strong>TAGOK: <\/strong>(a nevekre kattintva fot\u00f3 \u00e9s \u00e9letrajz)<\/p>\n\n\n\n<p class=\"western\"><span style=\"font-family: Times New Roman, serif;\"><span style=\"font-size: large;\"><i><b>1. <a href=\"https:\/\/moikk.hu\/wp-content\/uploads\/2021\/mtagok\/ArvaiJ.pdf\">Dr. \u00c1rvai Judit<\/a><\/b><\/i><\/span><\/span><\/p>\n\n\n\n<p class=\"western\"><span style=\"font-family: Times New Roman, serif;\"><span style=\"font-size: large;\"><i><b>2. <a href=\"https:\/\/moikk.hu\/wp-content\/uploads\/2021\/mtagok\/BaloghM.pdf\"> Balogh M\u00e1rta<\/a><\/b><\/i><\/span><\/span><\/p>\n\n\n\n<p><em><strong>3. <a href=\"https:\/\/moikk.hu\/wp-content\/uploads\/2021\/mtagok\/BobulaZs.pdf\">Dr. Bobula Zsuzsanna<\/a><\/strong><\/em><\/p>\n\n\n\n<p><em><strong>4. <a href=\"https:\/\/moikk.hu\/wp-content\/uploads\/2021\/mtagok\/BoraL.pdf\">Dr. Bora L\u00e1szl\u00f3<\/a><\/strong><\/em><\/p>\n\n\n\n<p><strong><em>5. <a href=\"https:\/\/moikk.hu\/wp-content\/uploads\/2026\/02\/BoruzsJ-c.pdf\">Dr. Boruzs Juli\u00e1nna<\/a><\/em><\/strong><\/p>\n\n\n\n<p class=\"western\"><span style=\"font-family: Times New Roman, serif;\"><span style=\"font-size: large;\"><i><b>6. <a href=\"https:\/\/moikk.hu\/wp-content\/uploads\/2021\/mtagok\/BurdaZs.pdf\"> L. Burda Zsuzsanna <\/a><\/b><\/i><\/span><\/span><\/p>\n\n\n\n<p><strong><em>7. <a href=\"https:\/\/moikk.hu\/wp-content\/uploads\/2026\/02\/DarabosE-c.pdf\">Dr. Darabos Emma Gabriella<\/a><\/em><\/strong><\/p>\n\n\n\n<p class=\"western\"><span style=\"font-family: Times New Roman, serif;\"><span style=\"font-size: large;\"><i><b>8. <a href=\"https:\/\/moikk.hu\/wp-content\/uploads\/2021\/mtagok\/DesitsI.pdf\">Dr. Desits Imre <\/a><\/b><\/i><\/span><\/span><\/p>\n\n\n\n<p><strong><em>9. <a href=\"https:\/\/moikk.hu\/wp-content\/uploads\/2026\/02\/DespotovK-c.pdf\">Dr. Despotov Katalin<\/a><\/em><\/strong><\/p>\n\n\n\n<p><strong><em>10. <a href=\"https:\/\/moikk.hu\/wp-content\/uploads\/2026\/02\/DenesI-c.pdf\">D\u00e9nesi Ildik\u00f3 alias Izolde Johannsen<\/a><\/em><\/strong><\/p>\n\n\n\n<p class=\"western\"><span style=\"font-family: Times New Roman, serif;\"><span style=\"font-size: large;\"><i><b>11. <a href=\"https:\/\/moikk.hu\/wp-content\/uploads\/2021\/mtagok\/ElekA.pdf\">Dr. Elek Attila<\/a><\/b><\/i><\/span><\/span><\/p>\n\n\n\n<p><em><strong>12. <a href=\"https:\/\/moikk.hu\/wp-content\/uploads\/2021\/mtagok\/EperjessyI.pdf\">Dr. Eperjessy Ildik\u00f3<\/a><\/strong><\/em><\/p>\n\n\n\n<p><strong><em>13. <a href=\"https:\/\/moikk.hu\/wp-content\/uploads\/2023\/02\/FabinyiOc.pdf\">Dr. Fabinyi Orsolya<\/a><\/em><\/strong><\/p>\n\n\n\n<p><strong><em>14. <a href=\"https:\/\/moikk.hu\/wp-content\/uploads\/2021\/mtagok\/GerencserE.pdf\">Dr. Gerencs\u00e9r Em\u0151ke<\/a><\/em><\/strong><\/p>\n\n\n\n<p class=\"western\"><span style=\"font-family: Times New Roman, serif;\"><strong>15<\/strong><b style=\"\"><i style=\"font-size: large;\">. <\/i><a style=\"font-size: large; font-style: italic;\" href=\"https:\/\/moikk.hu\/wp-content\/uploads\/2021\/mtagok\/GulyasK.pdf\">Dr. Guly\u00e1s Katalin<\/a><\/b><\/span><\/p>\n\n\n\n<p class=\"western\"><span style=\"font-family: Times New Roman, serif;\"><span style=\"font-size: large;\"><i><b>16. <a href=\"https:\/\/moikk.hu\/wp-content\/uploads\/2021\/mtagok\/Gy\u00f6rfiE.pdf\">Dr. Gy\u0151rfi Ern\u0151<\/a><\/b><\/i><\/span><\/span><\/p>\n\n\n\n<p><em><strong>17. <a href=\"https:\/\/moikk.hu\/wp-content\/uploads\/2023\/02\/HankissJc.pdf\">Dr. Hankiss J\u00e1nos<\/a><\/strong><\/em><\/p>\n\n\n\n<p><strong><em>18. <a href=\"https:\/\/moikk.hu\/wp-content\/uploads\/2021\/mtagok\/HoppL.pdf\">Dr. Hopp L\u00e1szl\u00f3<\/a><\/em><\/strong><\/p>\n\n\n\n<p><strong><em>1<\/em>9. <em><a href=\"https:\/\/moikk.hu\/wp-content\/uploads\/2023\/02\/PatonaiGc.pdf\">Hrtyann\u00e9 Dr. Patonai Gabriella Zsuzsanna<\/a><\/em><\/strong><\/p>\n\n\n\n<p><strong><em>20. <a href=\"https:\/\/moikk.hu\/wp-content\/uploads\/2024\/02\/JuhaszAndrea.pdf\">Dr. Juh\u00e1sz Andrea<\/a><\/em><\/strong><\/p>\n\n\n\n<p><strong>21.<\/strong> <strong><em><a href=\"https:\/\/moikk.hu\/wp-content\/uploads\/2023\/02\/KalydyAc.pdf\">Dr. Kalydy Ant\u00f3nia T\u00fcnde<\/a><\/em><\/strong><\/p>\n\n\n\n<p><strong>22. <em><a href=\"https:\/\/moikk.hu\/wp-content\/uploads\/2023\/02\/KataM.pdf\">Prof. emer. Dr. Kata Mih\u00e1ly<\/a><\/em><\/strong><\/p>\n\n\n\n<p class=\"western\"><span style=\"font-family: Times New Roman, serif;\"><span style=\"font-size: large;\"><i><b>23. <a href=\"https:\/\/moikk.hu\/wp-content\/uploads\/2021\/mtagok\/KazyZ.pdf\">Dr. Kazy Zolt\u00e1n PhD<\/a><\/b><\/i><\/span><\/span><\/p>\n\n\n\n<p class=\"has-normal-font-size\"><strong><em>24. <a href=\"https:\/\/moikk.hu\/wp-content\/uploads\/2021\/mtagok\/KopocsyJ.pdf\">Kop\u00f3csy Judit<\/a><\/em><\/strong><\/p>\n\n\n\n<p class=\"western\"><strong><em>25. <a href=\"https:\/\/moikk.hu\/wp-content\/uploads\/2021\/mtagok\/KovatsZG.pdf\">Dr. Kov\u00e1ts Zolt\u00e1n G\u00e9za<\/a><\/em><\/strong><\/p>\n\n\n\n<p class=\"western\"><strong><em>26. <a href=\"https:\/\/moikk.hu\/wp-content\/uploads\/2021\/mtagok\/KovatsneMK.pdf\">Dr. Kov\u00e1tsn\u00e9 Marics Katalin<\/a><\/em><\/strong><\/p>\n\n\n\n<p><strong><em>27. <a href=\"https:\/\/moikk.hu\/wp-content\/uploads\/2026\/02\/MedveczkyN-c.pdf\">Dr. Medveczky N\u00f3ra<\/a><\/em><\/strong><\/p>\n\n\n\n<p class=\"western\"><span style=\"font-family: Times New Roman, serif;\"><span style=\"font-size: large;\"><i><b><strong><em>2<\/em><\/strong>8. <a href=\"https:\/\/moikk.hu\/wp-content\/uploads\/2021\/mtagok\/MiszI.pdf\">Dr. Misz \u00cdrisz<\/a><\/b><\/i><\/span><\/span><\/p>\n\n\n\n<p><strong><em>29. <a href=\"https:\/\/moikk.hu\/wp-content\/uploads\/2021\/mtagok\/OnodyMu.pdf\">Dr. \u00d3nody Magdolna<\/a><\/em><\/strong><\/p>\n\n\n\n<p class=\"western\"><span style=\"font-family: Times New Roman, serif;\"><span style=\"font-size: large;\"><i><b>30. <a href=\"https:\/\/moikk.hu\/wp-content\/uploads\/2021\/mtagok\/PalmaiT.pdf\">Dr. P\u00e1lmai Tam\u00e1s<\/a><\/b><\/i><\/span><\/span><\/p>\n\n\n\n<p><strong>31. <em><a href=\"https:\/\/moikk.hu\/wp-content\/uploads\/2023\/02\/PetrikSzc.pdf\">Petrik Szilvia<\/a><\/em><\/strong><\/p>\n\n\n\n<p class=\"western has-normal-font-size\"><span style=\"font-family: Times New Roman, serif;\"><span style=\"font-size: large;\"><i><b>32. <\/b><\/i><\/span><\/span><a href=\"https:\/\/moikk.hu\/wp-content\/uploads\/2021\/mtagok\/PorI.pdf\"><span style=\"font-family: Times New Roman, serif;\"><span style=\"font-size: large;\"><i><b>Dr. P\u00f3r Ilo<\/b><\/i><\/span><\/span><strong><em>na<\/em><\/strong><\/a><\/p>\n\n\n\n<p class=\"western has-normal-font-size\"><strong><em>33. <a href=\"https:\/\/moikk.hu\/wp-content\/uploads\/2021\/mtagok\/RadnaiZ.pdf\">Dr. Radnai Zolt\u00e1n<\/a><\/em><\/strong><\/p>\n\n\n\n<p class=\"western\"><span style=\"font-family: Times New Roman, serif;\"><span style=\"font-size: large;\"><i><b>34. <a href=\"https:\/\/moikk.hu\/wp-content\/uploads\/2021\/mtagok\/Regl\u00f6diD.pdf\">Prof. Dr. Regl\u0151di D\u00f3ra<\/a><\/b><\/i><\/span><\/span><\/p>\n\n\n\n<p><strong><em>35. <a href=\"https:\/\/moikk.hu\/wp-content\/uploads\/2023\/02\/RegulaIc.pdf\">Dr. Regula Ildik\u00f3<\/a><\/em><\/strong><\/p>\n\n\n\n<p class=\"western\"><span style=\"font-family: Times New Roman, serif;\"><span style=\"font-size: large;\"><i><b><strong><em>3<\/em><\/strong>6. <a href=\"https:\/\/moikk.hu\/wp-content\/uploads\/2021\/mtagok\/ReveszG.pdf\">Dr. R\u00e9v\u00e9sz Gertrud<\/a><\/b><\/i><\/span><\/span><\/p>\n\n\n\n<p class=\"western\"><span style=\"font-family: Times New Roman, serif;\"><span style=\"font-size: large;\"><i><b><strong><em>3<\/em><\/strong>7. <a href=\"https:\/\/moikk.hu\/wp-content\/uploads\/2021\/mtagok\/SasvariE.pdf\">Dr. Sasv\u00e1ry Erzs\u00e9bet<\/a><\/b><\/i><\/span><\/span><\/p>\n\n\n\n<p class=\"western\"><span style=\"font-family: Times New Roman, serif;\"><span style=\"font-size: large;\"><i><b><strong><em>3<\/em><\/strong>8. <a href=\"https:\/\/moikk.hu\/wp-content\/uploads\/2021\/mtagok\/STneKovacsE.pdf\">Dr. S\u00e1ntha Tam\u00e1sn\u00e9<\/a><\/b><\/i><\/span><\/span><\/p>\n\n\n\n<p class=\"western\"><span style=\"font-family: Times New Roman, serif;\"><span style=\"font-size: large;\"><i><b><strong><em>3<\/em><\/strong>9. <a href=\"https:\/\/moikk.hu\/wp-content\/uploads\/2021\/mtagok\/SchmidtP.pdf\">Dr. Schmidt P\u00e1l PhD<\/a><\/b><\/i><\/span><\/span><\/p>\n\n\n\n<p class=\"western\"><span style=\"font-family: Times New Roman, serif;\"><span style=\"font-size: large;\"><i><b>40. <a href=\"https:\/\/moikk.hu\/wp-content\/uploads\/2021\/mtagok\/SibalicI.pdf\">Dr. Sibalic Ilona<\/a><\/b><\/i><\/span><\/span><\/p>\n\n\n\n<p><strong>41. <em><a href=\"https:\/\/moikk.hu\/wp-content\/uploads\/2023\/02\/SneFodorAc.pdf\">Simonn\u00e9 Fodor Anik\u00f3<\/a><\/em><\/strong><\/p>\n\n\n\n<p><strong><em>42. Prof. emer. Dr. Sipka S\u00e1ndor<\/em><\/strong><\/p>\n\n\n\n<p class=\"western\"><strong><em>43. <a href=\"https:\/\/moikk.hu\/wp-content\/uploads\/2021\/mtagok\/SomogyiE.pdf\">Dr. Somogyi \u00c9va<\/a><\/em><\/strong><\/p>\n\n\n\n<p class=\"western\"><span style=\"font-family: Times New Roman, serif;\"><span style=\"font-size: large;\"><i><b>44. <a href=\"https:\/\/moikk.hu\/wp-content\/uploads\/2021\/mtagok\/SzaszI.pdf\">Dr. Sz\u00e1sz Istv\u00e1n Tas<\/a><\/b><\/i><\/span><\/span><\/p>\n\n\n\n<p class=\"western\"><span style=\"font-family: Times New Roman, serif;\"><span style=\"font-size: large;\"><i><b><strong><em>4<\/em><\/strong>5. <a href=\"https:\/\/moikk.hu\/wp-content\/uploads\/2021\/mtagok\/SztaskoA.pdf\">Sztask\u00f3 Anna<\/a><\/b><\/i><\/span><\/span><\/p>\n\n\n\n<p class=\"western\"><strong><em>46. <a href=\"https:\/\/moikk.hu\/wp-content\/uploads\/2021\/mtagok\/SzuromiP-c.pdf\">Dr. Szuromi P\u00e1l<\/a><\/em><\/strong><\/p>\n\n\n\n<p class=\"western\"><strong><em>47. <a href=\"https:\/\/moikk.hu\/wp-content\/uploads\/2021\/mtagok\/TakacsEI.pdf\">Dr. Tak\u00e1cs Erzs\u00e9bet Ildik\u00f3 PhD<\/a><\/em><\/strong><\/p>\n\n\n\n<p class=\"western\"><span style=\"font-family: Times New Roman, serif;\"><span style=\"font-size: large;\"><i><b><strong><em>4<\/em><\/strong>8. <a href=\"https:\/\/moikk.hu\/wp-content\/uploads\/2021\/mtagok\/TelkesM.pdf\">Dr. Telkes Margit<\/a><\/b><\/i><\/span><\/span><\/p>\n\n\n\n<p class=\"western\"><strong><em>49. <a href=\"https:\/\/moikk.hu\/wp-content\/uploads\/2021\/mtagok\/TihanyiA.pdf\">Dr. Tihanyi \u00c1gnes<\/a><\/em><\/strong><\/p>\n\n\n\n<p class=\"western\"><span style=\"font-family: Times New Roman, serif;\"><span style=\"font-size: large;\"><i><b>50. <a href=\"https:\/\/moikk.hu\/wp-content\/uploads\/2021\/mtagok\/ValkaiT.pdf\">Dr. Valkai Ter\u00e9z<\/a><\/b><\/i><\/span><\/span><\/p>\n\n\n\n<p>51. <strong><em><a href=\"https:\/\/moikk.hu\/wp-content\/uploads\/2021\/mtagok\/VarganeVI.pdf\">Varg\u00e1n\u00e9 Dr. V\u00f6lgyi Ildik\u00f3<\/a><\/em><\/strong><\/p>\n\n\n\n<p><strong><em>52. <a href=\"https:\/\/moikk.hu\/wp-content\/uploads\/2023\/02\/ViSzluhaGy.pdf\">Verb\u00f3i Dr. Szluha Gyula Antal<\/a><\/em><\/strong><\/p>\n\n\n\n<p><strong><em>53. <a href=\"https:\/\/moikk.hu\/wp-content\/uploads\/2026\/02\/VeresA-c.pdf\">Veres Andrea<\/a><\/em><\/strong><\/p>\n\n\n\n<p class=\"western\"><span style=\"font-family: Times New Roman, serif;\"><span style=\"font-size: large;\"><i><b><strong><em>5<\/em><\/strong>4. <a href=\"https:\/\/moikk.hu\/wp-content\/uploads\/2021\/mtagok\/VinczeJ.pdf\">Prof. Dr. Vincze J\u00e1nos<\/a><\/b><\/i><\/span><\/span><\/p>\n\n\n\n<p class=\"western\"><span style=\"font-family: Times New Roman, serif;\"><span style=\"font-size: large;\"><i><b><strong><em>5<\/em><\/strong>5.  <a href=\"https:\/\/moikk.hu\/wp-content\/uploads\/2021\/mtagok\/VinczeTG.pdf\">Dr. Vincze-Tiszay Gabriella<\/a><\/b><\/i><\/span><\/span><\/p>\n\n\n\n<p class=\"western\"><strong><em>56. <a href=\"https:\/\/moikk.hu\/wp-content\/uploads\/2021\/mtagok\/WagnerE.pdf\">Dr. Wagner Erzs\u00e9bet<\/a><\/em><\/strong><\/p>\n\n\n\n<p class=\"western\"><strong><em>57. <a href=\"https:\/\/moikk.hu\/wp-content\/uploads\/2021\/mtagok\/WilhelmO.pdf\">Dr. Wilhelm Ott\u00f3<\/a><\/em><\/strong><\/p>\n\n\n\n<p class=\"western\"><strong><em>58. <a href=\"https:\/\/moikk.hu\/wp-content\/uploads\/2026\/02\/ZsigaE-c.pdf\">Dr. Zsiga Erzs\u00e9bet<\/a><\/em><\/strong><\/p>\n\n\n\n<p>&#8212;&#8212;&#8212;&#8212;&#8212;&#8212;&#8212;&#8212;&#8212;&#8212;&#8212;&#8212;&#8212;&#8212;&#8212;&#8212;&#8212;&#8212;&#8212;&#8212;-<\/p>\n\n\n\n<p class=\"has-vivid-cyan-blue-color has-text-color\" style=\"font-size:25px\"><strong>K\u00fcltagok:<\/strong><\/p>\n\n\n\n<p class=\"western\"><span style=\"font-family: Times New Roman, serif;\"><span style=\"font-size: large;\"><i><b>1. <a href=\"https:\/\/moikk.hu\/wp-content\/uploads\/2021\/mtagok\/BogaBu.pdf\">Dr. Boga B\u00e1lint<\/a><\/b><\/i><\/span><\/span><\/p>\n\n\n\n<p><em><strong>2. Breny\u00f3 J\u00f3zsef<\/strong><\/em><\/p>\n\n\n\n<p class=\"western\"><span style=\"font-family: Times New Roman, serif;\"><span style=\"font-size: large;\"><i><b>3. <a href=\"https:\/\/moikk.hu\/wp-content\/uploads\/2021\/mtagok\/FodorE.pdf\">Dr. Fodor Etelka<\/a><\/b><\/i><\/span><\/span><\/p>\n\n\n\n<p><strong><em>4<\/em>. <em><a href=\"https:\/\/moikk.hu\/wp-content\/uploads\/2023\/02\/N_NyibaSc.pdf\">N\u00e9meth Nyiba S\u00e1ndor<\/a><\/em><\/strong><\/p>\n\n\n\n<p class=\"western\"><span style=\"font-family: Times New Roman, serif;\"><span style=\"font-size: large;\"><i><b>5.<\/b><\/i><\/span><\/span> <em><strong><a href=\"https:\/\/moikk.hu\/wp-content\/uploads\/2021\/mtagok\/PeitlerGy.pdf\">Dr. Peitler Gyula<\/a><\/strong><\/em><\/p>\n\n\n\n<p><em><strong>6<\/strong><\/em>. <em><strong><a href=\"https:\/\/moikk.hu\/wp-content\/uploads\/2021\/mtagok\/Dr.%20Szit%C3%A1s%20J%C3%B3zsef.pdf\">Dr. <\/a><a href=\"https:\/\/moikk.hu\/wp-content\/uploads\/2021\/mtagok\/SzitasJ.pdf\">Szit\u00e1s J\u00f3zsef PhD<\/a><\/strong><\/em><\/p>\n\n\n\n<p class=\"western\">&#8212;&#8212;&#8212;&#8212;&#8212;&#8212;&#8212;&#8212;&#8212;&#8212;&#8212;&#8212;&#8212;&#8212;&#8212;&#8212;&#8212;&#8212;&#8212;&#8212;-<\/p>\n\n\n\n<p class=\"western has-vivid-cyan-blue-color has-text-color\" style=\"font-size:25px\"><strong>\u00d6r\u00f6k\u00f6s tagok:<\/strong><\/p>\n\n\n\n<h2 class=\"wp-block-heading\" style=\"font-size:24px\"><strong>1. <a href=\"https:\/\/moikk.hu\/wp-content\/uploads\/2022\/01\/Dr. Hankiss J\u00e1nos.pdf\">Dr. Hankiss J\u00e1nos alap\u00edt\u00f3 eln\u00f6k<\/a><\/strong><\/h2>\n\n\n\n<h2 class=\"wp-block-heading\" style=\"font-size:24px\"><strong>2. \u2020 <a href=\"https:\/\/moikk.hu\/wp-content\/uploads\/2022\/01\/CsaplarosZs.pdf\">Dr. Csapl\u00e1ros Zsuzsa PhD (1930 &#8211; 2008.)<\/a><\/strong><\/h2>\n\n\n\n<h2 class=\"wp-block-heading has-black-color has-text-color\" style=\"font-size:24px\"><strong>3. \u2020 <a href=\"https:\/\/moikk.hu\/wp-content\/uploads\/2022\/01\/Prof. Dr. Mess B\u00e9la.pdf\">Prof. Dr. Mess B\u00e9la (1927 &#8211; 2019.)<\/a><\/strong><\/h2>\n\n\n\n<p class=\"has-black-color has-text-color has-link-color wp-elements-9b3aa033eaf969dda0fc39c7abb06426\" style=\"font-size:24px\"><strong>4. <a href=\"https:\/\/moikk.hu\/wp-content\/uploads\/2024\/02\/FodorE-eletr.pdf\">Dr. Fodor Etelka<\/a><\/strong><\/p>\n\n\n\n<p style=\"font-size:24px\"><strong>5. <a href=\"https:\/\/moikk.hu\/wp-content\/uploads\/2026\/02\/Nyiba26.pdf\">N\u00e9meth Nyiba S\u00e1ndor<\/a> <\/strong>&#8211; <strong>\u00d6R\u00d6K\u00d6S TISZTELETBELI TAG<\/strong><\/p>\n\n\n\n<p style=\"font-size:24px\"><strong>6. <a href=\"https:\/\/moikk.hu\/wp-content\/uploads\/2021\/mtagok\/BogaBu.pdf\">Dr. Boga B\u00e1lint<\/a><\/strong><\/p>\n\n\n\n<p style=\"font-size:24px\"><strong>7. <a href=\"https:\/\/moikk.hu\/wp-content\/uploads\/2021\/mtagok\/OnodyMu.pdf\">Dr. \u00d3nody Magdolna<\/a><\/strong><\/p>\n\n\n\n<p><\/p>\n\n\n\n<p><\/p>\n","protected":false},"excerpt":{"rendered":"<p>TAGOK: (a nevekre kattintva fot\u00f3 \u00e9s \u00e9letrajz) 1. Dr. \u00c1rvai Judit 2. Balogh M\u00e1rta 3. Dr. Bobula Zsuzsanna 4. Dr. Bora L\u00e1szl\u00f3 5. Dr. Boruzs Juli\u00e1nna 6. L. Burda Zsuzsanna 7. Dr&#8230;.<\/p>\n","protected":false},"author":1,"featured_media":0,"parent":0,"menu_order":0,"comment_status":"closed","ping_status":"closed","template":"","meta":{"footnotes":""},"class_list":["post-330","page","type-page","status-publish","hentry"],"_links":{"self":[{"href":"https:\/\/moikk.hu\/index.php\/wp-json\/wp\/v2\/pages\/330","targetHints":{"allow":["GET"]}}],"collection":[{"href":"https:\/\/moikk.hu\/index.php\/wp-json\/wp\/v2\/pages"}],"about":[{"href":"https:\/\/moikk.hu\/index.php\/wp-json\/wp\/v2\/types\/page"}],"author":[{"embeddable":true,"href":"https:\/\/moikk.hu\/index.php\/wp-json\/wp\/v2\/users\/1"}],"replies":[{"embeddable":true,"href":"https:\/\/moikk.hu\/index.php\/wp-json\/wp\/v2\/comments?post=330"}],"version-history":[{"count":77,"href":"https:\/\/moikk.hu\/index.php\/wp-json\/wp\/v2\/pages\/330\/revisions"}],"predecessor-version":[{"id":3592,"href":"https:\/\/moikk.hu\/index.php\/wp-json\/wp\/v2\/pages\/330\/revisions\/3592"}],"wp:attachment":[{"href":"https:\/\/moikk.hu\/index.php\/wp-json\/wp\/v2\/media?parent=330"}],"curies":[{"name":"wp","href":"https:\/\/api.w.org\/{rel}","templated":true}]}}