{"id":324,"date":"2021-04-24T09:12:15","date_gmt":"2021-04-24T09:12:15","guid":{"rendered":"https:\/\/moikk.hu\/?page_id=324"},"modified":"2021-04-24T15:42:56","modified_gmt":"2021-04-24T15:42:56","slug":"bekoszonto","status":"publish","type":"page","link":"https:\/\/moikk.hu\/","title":{"rendered":"Bek\u00f6sz\u00f6nt\u0151"},"content":{"rendered":"<p class=\"western\" align=\"center\"><span style=\"font-size: x-large;\"><span style=\"color: #c00000;\"><span style=\"font-family: Arial Narrow, sans-serif;\"><b>AVE! KEDVES L\u00c1TOGAT\u00d3!<\/b><\/span><\/span><\/span><\/p>\n<p class=\"western\" align=\"center\"><span style=\"color: #00599d;\"><span style=\"font-family: Arial Black, sans-serif;\"><span style=\"font-size: medium;\"><b>K\u00d6SZ\u00d6NTI \u00d6NT A MAGYAR ORVOS \u00cdR\u00d3K \u00c9S K\u00c9PZ\u0150M\u0170V\u00c9SZEK ALKOT\u00d3 K\u00d6Z\u00d6SS\u00c9GE!<\/b><\/span><\/span><\/span><\/p>\n<p class=\"western\" align=\"justify\"><span style=\"font-family: Times New Roman, serif;\"><span style=\"font-size: large;\"><b>Kit\u00fcntetett figyelemmel \u00e9s k\u00fcl\u00f6n \u00f6r\u00f6mmel k\u00f6sz\u00f6ntj\u00fck Orvos Koll\u00e9g\u00e1inkat &#8211; hat\u00e1rainkon innen \u00e9s t\u00fal, k\u00f6zel s t\u00e1vol a Nagyvil\u00e1gban \u2013 akik \u00e9rdekl\u0151d\u00e9st mutatnak orvos-m\u0171v\u00e9szeti k\u00f6r\u00fcnk \u00e9s ez\u00e1ltal a kult\u00fara \u00e9s a m\u0171v\u00e9szetek ir\u00e1nt!<\/b><\/span><\/span><\/p>\n<p class=\"western\" align=\"justify\"><span style=\"font-family: Times New Roman, serif;\"><span style=\"font-size: large;\">A <i><b>Magyar Orvos \u00cdr\u00f3k \u00e9s K\u00e9pz\u0151m\u0171v\u00e9szek K\u00f6re (MO\u00cdKK) 2020-ban<\/b><\/i> \u00fcnnepelte fenn\u00e1ll\u00e1s\u00e1nak <i><b>45. \u00e9vfordul\u00f3j\u00e1t<\/b><\/i><i><b>.<\/b><\/i> Akkor hat\u00e1roztuk el, hogy a <i><b>mindv\u00e9gig z\u00e1rt orvos-m\u0171v\u00e9szeti t\u00e1rsas\u00e1g nyit a Vil\u00e1g fel\u00e9<\/b><\/i> <b>\u00e9s<\/b><b> <\/b><span style=\"color: #5e8ac7;\"><b>weblapot hoz l\u00e9tre<\/b><\/span><b>. <\/b>Nyilv\u00e1noss\u00e1g el\u00e9 l\u00e9p\u00fcnk, megmutatv\u00e1n \u00e9rt\u00e9keinket \u00e9s mindazokat a lehet\u0151s\u00e9geket, amit k\u00f6z\u00f6ss\u00e9g\u00fcnk a Tagjai sz\u00e1m\u00e1ra biztos\u00edtani k\u00e9pes.<\/span><\/span><\/p>\n<p class=\"western\" align=\"justify\"><span style=\"font-family: Times New Roman, serif;\"><span style=\"font-size: large;\">A MO\u00cdKK olyan orvosokb\u00f3l alakult k\u00f6zel f\u00e9lsz\u00e1z \u00e9ve \u00e9s \u00e1ll jelenleg is, akik napi f\u00e1radts\u00e1gos h\u00edvat\u00e1suk, gy\u00f3gy\u00edt\u00f3, kutat\u00f3 munk\u00e1juk mellett sz\u00fcks\u00e9g\u00e9t \u00e9rzik, hogy gondolataikat \u00e9s \u00e9rz\u00e9seiket a m\u0171v\u00e9szet nyelv\u00e9n is megfogalmazz\u00e1k. Ki-ki a maga eszk\u00f6zeivel \u00e9s tehets\u00e9ge szerint; tollal, ecsettel, v\u00e9s\u0151vel, korongoz\u00e1ssal, sz\u00f6v\u0151sz\u00e9kkel vagy \u00e9ppen teleobjekt\u00edvvel. <\/span><\/span><\/p>\n<p class=\"western\" align=\"center\"><span style=\"font-family: Times New Roman, serif;\"><span style=\"font-size: large;\"><i><b>A l\u00e9nyeg: az ALKOT\u00c1S! <\/b><\/i><\/span><\/span><\/p>\n<p class=\"western\" align=\"justify\"><span style=\"color: #5e8ac7;\"><span style=\"font-family: Times New Roman, serif;\"><span style=\"font-size: large;\"><b>Orvos \u00edr\u00f3k, k\u00f6lt\u0151k, fest\u0151k, grafikusok, szobr\u00e1szok, keramikusok, t\u0171zzom\u00e1nccal, textil- \u00e9s fot\u00f3m\u0171v\u00e9szettel foglalkoz\u00f3k, stb. tartoznak sorainkba, \u00f6sszess\u00e9g\u00e9ben: \u00edr\u00f3k \u00e9s k\u00e9pz\u0151m\u0171v\u00e9szek. <\/b><\/span><\/span><\/span><\/p>\n<p class=\"western\" align=\"justify\"><span style=\"font-family: Times New Roman, serif;\"><span style=\"font-size: large;\"><i><b>Sz\u00e1rnypr\u00f3b\u00e1lgat\u00f3k \u00e9s lelkes amat\u0151r\u00f6k, sikeres profik \u00e9s hobbista m\u0171kedvel\u0151k vegyesen<\/b><\/i>, mivel az els\u0151dleges szempont; az alkot\u00e1s \u00f6r\u00f6m\u00e9nek meg\u00e9l\u00e9se \u00e9s a seg\u00edt\u0151, t\u00e1mogat\u00f3, bar\u00e1ti k\u00f6z\u00f6ss\u00e9g.<\/span><\/span><\/p>\n<p class=\"western\" align=\"justify\"><span style=\"font-family: Times New Roman, serif;\"><span style=\"font-size: large;\">Orvos-m\u0171v\u00e9sz k\u00f6r\u00fcnkbe fogadtuk tov\u00e1bb\u00e1 mindazon <i><b>gy\u00f3gy\u00edt\u00f3 t\u00e1rsszakm\u00e1k k\u00e9pvisel\u0151it,<\/b><\/i> akik n\u00e9lk\u00fcl orvosi szakm\u00e1nk napi gyakorl\u00e1sa megval\u00f3s\u00edthatatlan: gy\u00f3gyszer\u00e9szek, pszichol\u00f3gusok, az eg\u00e9szs\u00e9g\u00fcgy ter\u00fclet\u00e9n <i><b>v\u00e1llvetve a betegell\u00e1t\u00e1st szolg\u00e1l\u00f3<\/b><\/i> biok\u00e9mikus, biol\u00f3gus, biofizikus, genetikus, \u00e1pol\u00f3, dietetikus, gy\u00f3gytorn\u00e1sz, ergoterapeuta, m\u0171v\u00e9szetterapeuta, stb. munkat\u00e1rsainkat!<\/span><\/span><\/p>\n<p class=\"western\" align=\"justify\"><span style=\"font-family: Times New Roman, serif;\"><span style=\"font-size: large;\">Nem lehet k\u00e9rd\u00e9s, hogy a <i><b>magas szint\u0171 gy\u00f3gy\u00edt\u00e1s \u00f6nmag\u00e1ban is m\u0171v\u00e9szet<\/b><\/i>: <span style=\"color: #1b75bc;\"><i><b>a test, a l\u00e9lek \u00e9s a sze<\/b><\/i><\/span><span style=\"color: #1b75bc;\"><i><b>l<\/b><\/i><\/span><span style=\"color: #1b75bc;\"><i><b>l<\/b><\/i><\/span><span style=\"color: #1b75bc;\"><i><b>em h\u00e1rmas egys\u00e9g\u00e9nek megteremt\u00e9se.<\/b><\/i><\/span> <i><b>Az egyens\u00faly \u00e9s az egys\u00e9g harm\u00f3ni\u00e1j\u00e1nak helyre\u00e1ll\u00edt\u00e1sa<\/b><\/i>. Mit sem \u00e9r a mesters\u00e9gbeli tud\u00e1s: intu\u00edci\u00f3, kreativit\u00e1s, \u00e9rzelmi intelligencia, empathia, spiritualit\u00e1s, eszt\u00e9tikai kifejez\u0151k\u00e9pess\u00e9g n\u00e9lk\u00fcl. Ezek n\u00e9lk\u00fcl \u2013 a f\u0151k\u00e9nt jobb agyf\u00e9ltek\u00e9s k\u00e9szs\u00e9gek n\u00e9lk\u00fcl &#8211; csak betan\u00edtott robotok lenn\u00e9nk. <\/span><\/span><\/p>\n<p class=\"western\" align=\"justify\"><span style=\"font-family: Times New Roman, serif;\"><span style=\"font-size: large;\"><i><b>A j\u00f3 orvos: fejlett moralit\u00e1s\u00fa, hum\u00e1nus, alkot\u00f3 ember! <\/b><\/i>\u00c9s a kreativit\u00e1s t\u00f6bb, egym\u00e1st\u00f3l elt\u00e9r\u0151 ter\u00fcleten is k\u00e9pes megnyilv\u00e1nulni. Ez\u00e9rt gyakori az orvosok k\u00f6z\u00f6tt vil\u00e1gszerte, r\u00e9gid\u0151k \u00f3ta a h\u00edrneves m\u0171v\u00e9sz; ak\u00e1r polihisztor adotts\u00e1g\u00fa szem\u00e9ly.<\/span><\/span><\/p>\n<p class=\"western\" align=\"justify\"><span style=\"font-family: Times New Roman, serif;\"><span style=\"font-size: large;\">Tal\u00e1n vannak, akik \u00fagy gondolj\u00e1k, hogy az az orvos, akinek \u201em\u0171v\u00e9szkedni\u201d is van ideje a napi munk\u00e1ja mellett; bizony\u00e1ra nem t\u00f6r\u0151dik teljes \u00e9rt\u00e9k\u0171en a szakm\u00e1j\u00e1val. \u00c1m a val\u00f3s\u00e1g \u00e9ppen az ellenkez\u0151j\u00e9t igazolja; az intuit\u00edv, kreat\u00edv ember minden vonalon, a szakm\u00e1j\u00e1ban is jobban teljes\u00edt. Az orvos \u00edr\u00f3k, k\u00f6lt\u0151k \u00e9s k\u00e9pz\u0151m\u0171v\u00e9szek nem az\u00e9rt \u00edrnak \u00e9s k\u00e9sz\u00edtenek m\u0171veket, mert nincs jobb dolguk, hanem az\u00e9rt, mert meg\u00edzlelt\u00e9k az alkot\u00e1s nagyszer\u0171s\u00e9g\u00e9t. Meg\u00e9lt\u00e9k a csod\u00e1t \u2013 ami eleinte alig hihet\u0151 -, hogy maguk is k\u00e9pesek teremteni. Meg\u00e9lt\u00e9k, amikor a gondolat alakot \u00f6lt \u00e9s a semmib\u0151l \u2013 az \u00fcres pap\u00edron vagy fest\u0151v\u00e1sznon \u2013 megjelenik a <i>Teremtm\u00e9ny<\/i>. Akkor is \u00edrn\u00e1nak \u00e9s alkotn\u00e1nak, ha \u00f6regen, betegen, \u00e9hs\u00e9g, kitasz\u00edtotts\u00e1g viszonyai k\u00f6zepette, j\u00e1rv\u00e1ny s\u00fajtotta id\u0151ben kellene \u00e9lni\u00fck, ha m\u0171veikre senki nem lenne k\u00edv\u00e1ncsi, vagy naponta megsemmis\u00edten\u00e9k \u00e9s tiltan\u00e1k azokat. H\u00e1bor\u00faban, rabs\u00e1gban \u00e9s munkaszol\u00adg\u00e1latban is megsz\u00fcletnek a m\u0171vek, ak\u00e1r egyetlen fecni gy\u0171r\u00f6tt pap\u00edron, fadarabon, sz\u00e9tszak\u00edtott ruhadarabon is. Sz\u00e1mos p\u00e9lda volt \u00e9s van r\u00e1. Mert a k\u00f6zl\u00e9si v\u00e1gy, az emberi-m\u0171v\u00e9szi \u00f6nkifejez\u00e9s, a teremt\u00e9s, utat t\u00f6r mag\u00e1nak. A m\u0171v\u00e9szettel \u201emegvert\u201d ember sz\u00e1m\u00e1ra <i><b>az alkot\u00e1s maga az \u00e9rtelmes Emberi L\u00e9t, maga az \u00c9let.<\/b><\/i><\/span><\/span><\/p>\n<p class=\"western\" align=\"justify\"><span style=\"font-family: Times New Roman, serif;\"><span style=\"font-size: large;\">Ahogyan <i><b>Dr. Guly\u00e1s Katalin<\/b><\/i><i> <\/i>\u2013 t\u00f6bb k\u00f6tetes orvos k\u00f6lt\u0151nk \u2013 \u00edrja: <\/span><\/span><\/p>\n<p class=\"western\" align=\"justify\"><span style=\"color: #5e8ac7;\">\u201e<span style=\"font-family: Times New Roman, serif;\"><span style=\"font-size: large;\"><b>Az \u00edr\u00e1sn\u00e1l nincs nagyobb \u00e9lvezet, az \u00edr\u00e1s az \u00e9rzelmek gy\u0171jt\u0151helye, biztat\u00e1s a szomor\u00fas\u00e1gban&#8230; Az \u00edr\u00e1s f\u00e1jdalomcsillap\u00edt\u00f3, gy\u00f3gyszer a bajokra, borogat\u00e1s a sz\u00e9tzil\u00e1l\u00f3dott \u00e9rzelmekre, kapcsolatokra. Hossz\u00fa \u00e9vek \u00f3ta a verseim az \u00e9kszereim, \u00e1tvisznek a m\u00falton, bearanyozz\u00e1k az \u00f6regs\u00e9get, kiteljes\u00edtik a h\u00e9tk\u00f6znapokat. \u00d6r\u00f6met szerzek vele m\u00e1soknak \u00e9s nyomot hagyok, hogy valaha l\u00e9teztem.\u201d<\/b><\/span><\/span><\/span><\/p>\n<p align=\"justify\"><span style=\"font-family: Times New Roman, serif;\"><span style=\"font-size: large;\"><span style=\"color: #333333;\">A K\u00f6r tagjainak \u00edr\u00e1sai megjelennek helyi \u00e9s orsz\u00e1gos lapokban, \u00e9ves antol\u00f3gi\u00e1kban, pr\u00f3zai-, vagy verses k\u00f6tetei megv\u00e1s\u00e1rolhat\u00f3k a k\u00f6nyvesboltokban \u00e9s az interneten E-k\u00f6nyvek form\u00e1j\u00e1ban: egy\u00e9ni \u00e9s csoportos ki\u00e1ll\u00edt\u00e1saik, t\u00e1rlataik nagy sikert aratnak, festm\u00e9nyeik, k\u00f6zt\u00e9ri szobraik szebb\u00e9 teszik a k\u00f6rnyezetet. S miut\u00e1n nem meg\u00e9lhet\u00e9s\u00fck f\u00fcgg alkot\u00e1saik elismertet\u00e9s\u00e9t\u0151l, \u00edgy k\u00f6zt\u00fck irigys\u00e9g, f\u00e9lt\u00e9kenys\u00e9g, rossz\u00edz\u0171 kritika nem l\u00e9tezik, \u00f6r\u00fclnek egym\u00e1s sikereinek, s annak, hogy hasonl\u00f3 gondolkod\u00e1s\u00fa koll\u00e9g\u00e1kkal tal\u00e1lkozhatnak a rendezv\u00e9nyeken \u00e9s megoszthatj\u00e1k \u00e9lm\u00e9nyeiket, gondjaikat. A K\u00f6r l\u00e9gk\u00f6re \u00e9s Tagjai inspir\u00e1l\u00f3an hatnak egym\u00e1sra \u00e9s seg\u00edtik egym\u00e1s min\u00e9l teljesebb kibontakoz\u00e1s\u00e1t. <\/span><\/span><\/span><\/p>\n<p align=\"justify\"><span style=\"font-family: Times New Roman, serif;\"><span style=\"font-size: large;\"><span style=\"color: #333333;\"><i><b>J\u00f3 sz\u00edvvel aj\u00e1nljuk figyelm\u00fckbe Honlapunkat \u00e9s T\u00e1rsas\u00e1gunkat, s ha kedv\u00fck t\u00e1mad k\u00f6z\u00e9nk tartozni, T\u00e1rsas\u00e1gi Szerz\u0151d\u00e9s\u00fcnk elolvas\u00e1sa \u00e9s elfogad\u00e1sa ut\u00e1n, Bel\u00e9p\u00e9si Nyilatkozat kit\u00f6lt\u00e9se mellett; \u00f6r\u00f6mmel fogadunk minden hazai \u00e9s k\u00fclhoni Orvos Koll\u00e9g\u00e1t, leend\u0151 orvos koll\u00e9g\u00e1t az Orvosi Egyetemekr\u0151l \u00e9s Gy\u00f3gy\u00edt\u00f3 T\u00e1rsszakm\u00e1s Munkat\u00e1rsainkat! <\/b><\/i><\/span><\/span><\/span><\/p>\n<p class=\"western\" align=\"justify\"><span style=\"font-family: Times New Roman, serif;\"><span style=\"font-size: large;\"><i><b>\u00a0 \u00a0 \u00a0 \u00a0 \u00a0 \u00a0 \u00a0 \u00a0 \u00a0 \u00a0 \u00a0 \u00a0 \u00a0 \u00a0 \u00a0 \u00a0 \u00a0 \u00a0 \u00a0 \u00a0 \u00a0 \u00a0 \u00a0 \u00a0 \u00a0 \u00a0 \u00a0 \u00a0 \u00a0 \u00a0 \u00a0 \u00a0 \u00a0 \u00a0 \u00a0 \u00a0 \u00a0 \u00a0 \u00a0 \u00a0 \u00a0 \u00a0 \u00a0 \u00a0 \u00a0 \u00a0 \u00a0 \u00a0 Dr. Misz \u00cdrisz <\/b><\/i><\/span><\/span><\/p>\n<p class=\"western\" align=\"justify\"><span style=\"font-family: Times New Roman, serif;\"><span style=\"font-size: large;\"><i><b>\u00a0 \u00a0 \u00a0 \u00a0 \u00a0 \u00a0 \u00a0 \u00a0 \u00a0 \u00a0 \u00a0 \u00a0 \u00a0 \u00a0 \u00a0 \u00a0 \u00a0 \u00a0 \u00a0 \u00a0 \u00a0 \u00a0 \u00a0 \u00a0 \u00a0 \u00a0 \u00a0 \u00a0 \u00a0 \u00a0 \u00a0 \u00a0 \u00a0 \u00a0 \u00a0 \u00a0 \u00a0 \u00a0 \u00a0 \u00a0 \u00a0 \u00a0 \u00a0 \u00a0 \u00a0 \u00a0 \u00a0 \u00a0 MO\u00cdKK eln\u00f6k<\/b><\/i><\/span><\/span><\/p>\n","protected":false},"excerpt":{"rendered":"<p>AVE! KEDVES L\u00c1TOGAT\u00d3! K\u00d6SZ\u00d6NTI \u00d6NT A MAGYAR ORVOS \u00cdR\u00d3K \u00c9S K\u00c9PZ\u0150M\u0170V\u00c9SZEK ALKOT\u00d3 K\u00d6Z\u00d6SS\u00c9GE! Kit\u00fcntetett figyelemmel \u00e9s k\u00fcl\u00f6n \u00f6r\u00f6mmel k\u00f6sz\u00f6ntj\u00fck Orvos Koll\u00e9g\u00e1inkat &#8211; hat\u00e1rainkon innen \u00e9s t\u00fal, k\u00f6zel s t\u00e1vol a Nagyvil\u00e1gban \u2013&#8230;<\/p>\n","protected":false},"author":1,"featured_media":0,"parent":0,"menu_order":0,"comment_status":"closed","ping_status":"closed","template":"","meta":{"footnotes":""},"class_list":["post-324","page","type-page","status-publish","hentry"],"_links":{"self":[{"href":"https:\/\/moikk.hu\/index.php\/wp-json\/wp\/v2\/pages\/324","targetHints":{"allow":["GET"]}}],"collection":[{"href":"https:\/\/moikk.hu\/index.php\/wp-json\/wp\/v2\/pages"}],"about":[{"href":"https:\/\/moikk.hu\/index.php\/wp-json\/wp\/v2\/types\/page"}],"author":[{"embeddable":true,"href":"https:\/\/moikk.hu\/index.php\/wp-json\/wp\/v2\/users\/1"}],"replies":[{"embeddable":true,"href":"https:\/\/moikk.hu\/index.php\/wp-json\/wp\/v2\/comments?post=324"}],"version-history":[{"count":8,"href":"https:\/\/moikk.hu\/index.php\/wp-json\/wp\/v2\/pages\/324\/revisions"}],"predecessor-version":[{"id":336,"href":"https:\/\/moikk.hu\/index.php\/wp-json\/wp\/v2\/pages\/324\/revisions\/336"}],"wp:attachment":[{"href":"https:\/\/moikk.hu\/index.php\/wp-json\/wp\/v2\/media?parent=324"}],"curies":[{"name":"wp","href":"https:\/\/api.w.org\/{rel}","templated":true}]}}