{"id":3055,"date":"2024-02-27T20:34:07","date_gmt":"2024-02-27T20:34:07","guid":{"rendered":"https:\/\/moikk.hu\/?page_id=3055"},"modified":"2024-03-02T16:50:02","modified_gmt":"2024-03-02T16:50:02","slug":"portrek-evrol-evre","status":"publish","type":"page","link":"https:\/\/moikk.hu\/index.php\/portrek-evrol-evre\/","title":{"rendered":"Portr\u00e9k &#8211; \u00e9vr\u0151l \u00e9vre"},"content":{"rendered":"\n<p class=\"has-text-align-center\"><strong><mark style=\"background-color:rgba(0, 0, 0, 0)\" class=\"has-inline-color has-vivid-cyan-blue-color\">(Dr. Valkai Ter\u00e9z \u00f6ssze\u00e1ll\u00edt\u00e1sa)<\/mark><\/strong><\/p>\n\n\n\n<figure class=\"wp-block-video\"><video controls src=\"https:\/\/moikk.hu\/wp-content\/uploads\/2024\/02\/Portrekr-1.mp4\"><\/video><\/figure>\n","protected":false},"excerpt":{"rendered":"<p>(Dr. Valkai Ter\u00e9z \u00f6ssze\u00e1ll\u00edt\u00e1sa)<\/p>\n","protected":false},"author":1,"featured_media":0,"parent":0,"menu_order":0,"comment_status":"closed","ping_status":"closed","template":"","meta":{"footnotes":""},"class_list":["post-3055","page","type-page","status-publish","hentry"],"_links":{"self":[{"href":"https:\/\/moikk.hu\/index.php\/wp-json\/wp\/v2\/pages\/3055","targetHints":{"allow":["GET"]}}],"collection":[{"href":"https:\/\/moikk.hu\/index.php\/wp-json\/wp\/v2\/pages"}],"about":[{"href":"https:\/\/moikk.hu\/index.php\/wp-json\/wp\/v2\/types\/page"}],"author":[{"embeddable":true,"href":"https:\/\/moikk.hu\/index.php\/wp-json\/wp\/v2\/users\/1"}],"replies":[{"embeddable":true,"href":"https:\/\/moikk.hu\/index.php\/wp-json\/wp\/v2\/comments?post=3055"}],"version-history":[{"count":4,"href":"https:\/\/moikk.hu\/index.php\/wp-json\/wp\/v2\/pages\/3055\/revisions"}],"predecessor-version":[{"id":3066,"href":"https:\/\/moikk.hu\/index.php\/wp-json\/wp\/v2\/pages\/3055\/revisions\/3066"}],"wp:attachment":[{"href":"https:\/\/moikk.hu\/index.php\/wp-json\/wp\/v2\/media?parent=3055"}],"curies":[{"name":"wp","href":"https:\/\/api.w.org\/{rel}","templated":true}]}}