{"id":3017,"date":"2024-02-18T15:36:46","date_gmt":"2024-02-18T15:36:46","guid":{"rendered":"https:\/\/moikk.hu\/?page_id=3017"},"modified":"2026-02-17T14:32:58","modified_gmt":"2026-02-17T14:32:58","slug":"a-moikk-kituntetett-tagjai","status":"publish","type":"page","link":"https:\/\/moikk.hu\/index.php\/a-moikk-kituntetett-tagjai\/","title":{"rendered":"A MO\u00cdKK kit\u00fcntetett tagjai"},"content":{"rendered":"\n<p><\/p>\n\n\n\n<ul class=\"wp-block-list\">\n<li style=\"font-size:26px\"><strong><a href=\"https:\/\/moikk.hu\/wp-content\/uploads\/2024\/02\/Eletm\u00fc25.pdf\">\u00c9LETM\u0170D<\/a><a href=\"https:\/\/moikk.hu\/wp-content\/uploads\/2024\/02\/Eletm\u00fc dij.pdf\">\u00cdJASOK<\/a><\/strong><\/li>\n<\/ul>\n\n\n\n<ul class=\"wp-block-list\">\n<li style=\"font-size:26px\"><strong><a href=\"https:\/\/moikk.hu\/wp-content\/uploads\/2026\/02\/NLdij25.pdf\">MAGYAR ORVOS \u00cdR\u00d3K N\u00c9METH L\u00c1SZL\u00d3 D\u00cdJA<\/a><\/strong><\/li>\n<\/ul>\n\n\n\n<ul class=\"wp-block-list\">\n<li style=\"font-size:26px\"><strong><a href=\"https:\/\/moikk.hu\/wp-content\/uploads\/2024\/02\/Fidius25.pdf\">FIDIUS-OKLEVEL KIT\u00dcNTET\u00c9S<\/a><\/strong><\/li>\n<\/ul>\n\n\n\n<ul class=\"wp-block-list\">\n<li style=\"font-size:26px\"><strong><a href=\"https:\/\/moikk.hu\/wp-content\/uploads\/2024\/02\/Or\u00f6k\u00f6s-tag25.pdf\">\u00d6R\u00d6K\u00d6S TAG KIT\u00dcNTET\u0150 C\u00cdM<\/a><\/strong><\/li>\n<\/ul>\n\n\n\n<ul class=\"wp-block-list\">\n<li style=\"font-size:26px\"><strong><a href=\"https:\/\/moikk.hu\/wp-content\/uploads\/2026\/02\/Diszokl24-25.pdf\">MAGYAR ORVOS \u00cdR\u00d3K \u00c9S K\u00c9PZ\u0150M\u0170V\u00c9SZEK K\u00d6R\u00c9NEK D\u00cdSZOKLEVELE<\/a><\/strong><\/li>\n<\/ul>\n","protected":false},"excerpt":{"rendered":"","protected":false},"author":1,"featured_media":0,"parent":0,"menu_order":0,"comment_status":"closed","ping_status":"closed","template":"","meta":{"footnotes":""},"class_list":["post-3017","page","type-page","status-publish","hentry"],"_links":{"self":[{"href":"https:\/\/moikk.hu\/index.php\/wp-json\/wp\/v2\/pages\/3017","targetHints":{"allow":["GET"]}}],"collection":[{"href":"https:\/\/moikk.hu\/index.php\/wp-json\/wp\/v2\/pages"}],"about":[{"href":"https:\/\/moikk.hu\/index.php\/wp-json\/wp\/v2\/types\/page"}],"author":[{"embeddable":true,"href":"https:\/\/moikk.hu\/index.php\/wp-json\/wp\/v2\/users\/1"}],"replies":[{"embeddable":true,"href":"https:\/\/moikk.hu\/index.php\/wp-json\/wp\/v2\/comments?post=3017"}],"version-history":[{"count":8,"href":"https:\/\/moikk.hu\/index.php\/wp-json\/wp\/v2\/pages\/3017\/revisions"}],"predecessor-version":[{"id":3456,"href":"https:\/\/moikk.hu\/index.php\/wp-json\/wp\/v2\/pages\/3017\/revisions\/3456"}],"wp:attachment":[{"href":"https:\/\/moikk.hu\/index.php\/wp-json\/wp\/v2\/media?parent=3017"}],"curies":[{"name":"wp","href":"https:\/\/api.w.org\/{rel}","templated":true}]}}