{"id":2899,"date":"2024-01-31T08:25:23","date_gmt":"2024-01-31T08:25:23","guid":{"rendered":"https:\/\/moikk.hu\/?page_id=2899"},"modified":"2026-02-05T16:07:14","modified_gmt":"2026-02-05T16:07:14","slug":"adatok","status":"publish","type":"page","link":"https:\/\/moikk.hu\/index.php\/adatok\/","title":{"rendered":"Adatok a tagokr\u00f3l"},"content":{"rendered":"\n<p><\/p>\n\n\n\n<p><\/p>\n\n\n\n<p style=\"font-size:28px\">&#8211; <strong><a href=\"https:\/\/moikk.hu\/wp-content\/uploads\/2026\/01\/Taginfo-2020-25h.pdf\">\u00c1tfog\u00f3 adatok a MO\u00cdKK-r\u00f3l<\/a><\/strong><\/p>\n\n\n\n<p style=\"font-size:28px\">  &#8211; <strong><a href=\"https:\/\/moikk.hu\/index.php\/a-moikk-tagjai\/\">A MO\u00cdKK tagjai<\/a><\/strong><\/p>\n","protected":false},"excerpt":{"rendered":"<p>&#8211; \u00c1tfog\u00f3 adatok a MO\u00cdKK-r\u00f3l &#8211; A MO\u00cdKK tagjai<\/p>\n","protected":false},"author":1,"featured_media":0,"parent":0,"menu_order":0,"comment_status":"closed","ping_status":"closed","template":"","meta":{"footnotes":""},"class_list":["post-2899","page","type-page","status-publish","hentry"],"_links":{"self":[{"href":"https:\/\/moikk.hu\/index.php\/wp-json\/wp\/v2\/pages\/2899","targetHints":{"allow":["GET"]}}],"collection":[{"href":"https:\/\/moikk.hu\/index.php\/wp-json\/wp\/v2\/pages"}],"about":[{"href":"https:\/\/moikk.hu\/index.php\/wp-json\/wp\/v2\/types\/page"}],"author":[{"embeddable":true,"href":"https:\/\/moikk.hu\/index.php\/wp-json\/wp\/v2\/users\/1"}],"replies":[{"embeddable":true,"href":"https:\/\/moikk.hu\/index.php\/wp-json\/wp\/v2\/comments?post=2899"}],"version-history":[{"count":8,"href":"https:\/\/moikk.hu\/index.php\/wp-json\/wp\/v2\/pages\/2899\/revisions"}],"predecessor-version":[{"id":3449,"href":"https:\/\/moikk.hu\/index.php\/wp-json\/wp\/v2\/pages\/2899\/revisions\/3449"}],"wp:attachment":[{"href":"https:\/\/moikk.hu\/index.php\/wp-json\/wp\/v2\/media?parent=2899"}],"curies":[{"name":"wp","href":"https:\/\/api.w.org\/{rel}","templated":true}]}}