{"id":2892,"date":"2024-01-30T19:04:40","date_gmt":"2024-01-30T19:04:40","guid":{"rendered":"https:\/\/moikk.hu\/?page_id=2892"},"modified":"2026-02-05T16:17:29","modified_gmt":"2026-02-05T16:17:29","slug":"nyilatkozatok","status":"publish","type":"page","link":"https:\/\/moikk.hu\/index.php\/nyilatkozatok\/","title":{"rendered":"Nyilatkozatok"},"content":{"rendered":"\n<p><\/p>\n\n\n\n<p class=\"has-medium-font-size\">&#8211; <strong><a href=\"https:\/\/moikk.hu\/wp-content\/uploads\/2021\/menu20\/MOIKK-be26.pdf\">Bel\u00e9p\u00e9si nyilatkozat<\/a><\/strong><\/p>\n\n\n\n<p class=\"has-medium-font-size\">   &#8211;  <strong><a href=\"https:\/\/moikk.hu\/wp-content\/uploads\/2021\/menu20\/MOIKK-ki.pdf\">Kil\u00e9p\u00e9si nyilatkozat<\/a><\/strong><\/p>\n","protected":false},"excerpt":{"rendered":"<p>&#8211; Bel\u00e9p\u00e9si nyilatkozat &#8211; Kil\u00e9p\u00e9si nyilatkozat<\/p>\n","protected":false},"author":1,"featured_media":0,"parent":0,"menu_order":0,"comment_status":"closed","ping_status":"closed","template":"","meta":{"footnotes":""},"class_list":["post-2892","page","type-page","status-publish","hentry"],"_links":{"self":[{"href":"https:\/\/moikk.hu\/index.php\/wp-json\/wp\/v2\/pages\/2892","targetHints":{"allow":["GET"]}}],"collection":[{"href":"https:\/\/moikk.hu\/index.php\/wp-json\/wp\/v2\/pages"}],"about":[{"href":"https:\/\/moikk.hu\/index.php\/wp-json\/wp\/v2\/types\/page"}],"author":[{"embeddable":true,"href":"https:\/\/moikk.hu\/index.php\/wp-json\/wp\/v2\/users\/1"}],"replies":[{"embeddable":true,"href":"https:\/\/moikk.hu\/index.php\/wp-json\/wp\/v2\/comments?post=2892"}],"version-history":[{"count":4,"href":"https:\/\/moikk.hu\/index.php\/wp-json\/wp\/v2\/pages\/2892\/revisions"}],"predecessor-version":[{"id":3450,"href":"https:\/\/moikk.hu\/index.php\/wp-json\/wp\/v2\/pages\/2892\/revisions\/3450"}],"wp:attachment":[{"href":"https:\/\/moikk.hu\/index.php\/wp-json\/wp\/v2\/media?parent=2892"}],"curies":[{"name":"wp","href":"https:\/\/api.w.org\/{rel}","templated":true}]}}