{"id":2766,"date":"2024-01-22T15:22:04","date_gmt":"2024-01-22T15:22:04","guid":{"rendered":"https:\/\/moikk.hu\/?page_id=2766"},"modified":"2024-01-22T15:22:04","modified_gmt":"2024-01-22T15:22:04","slug":"dr-epejessy-ildiko-dr-steinmetzt-gyorgyne","status":"publish","type":"page","link":"https:\/\/moikk.hu\/index.php\/dr-epejessy-ildiko-dr-steinmetzt-gyorgyne\/","title":{"rendered":"Dr. Epejessy Ildik\u00f3 &#8211; Dr. Steinmetzt Gy\u00f6rgyn\u00e9"},"content":{"rendered":"\n<p style=\"font-size:26px\">Felt\u00e9ve 2024-ben:<\/p>\n\n\n\n<figure class=\"wp-block-image size-full is-resized is-style-default\"><img loading=\"lazy\" decoding=\"async\" width=\"271\" height=\"343\" src=\"https:\/\/moikk.hu\/wp-content\/uploads\/2024\/01\/Lanyportre-olaj-vaszon.jpg\" alt=\"\" class=\"wp-image-2760\" style=\"width:840px;height:auto\" srcset=\"https:\/\/moikk.hu\/wp-content\/uploads\/2024\/01\/Lanyportre-olaj-vaszon.jpg 271w, https:\/\/moikk.hu\/wp-content\/uploads\/2024\/01\/Lanyportre-olaj-vaszon-237x300.jpg 237w\" sizes=\"auto, (max-width: 271px) 100vw, 271px\" \/><figcaption class=\"wp-element-caption\">L\u00e1nyportr\u00e9 &#8211; olaj, v\u00e1szon<\/figcaption><\/figure>\n\n\n\n<figure class=\"wp-block-image size-full is-resized is-style-default\"><img loading=\"lazy\" decoding=\"async\" width=\"313\" height=\"443\" src=\"https:\/\/moikk.hu\/wp-content\/uploads\/2024\/01\/Ovalis-viragcsendelet-olaj-farost.jpg\" alt=\"\" class=\"wp-image-2761\" style=\"width:840px;height:auto\" srcset=\"https:\/\/moikk.hu\/wp-content\/uploads\/2024\/01\/Ovalis-viragcsendelet-olaj-farost.jpg 313w, https:\/\/moikk.hu\/wp-content\/uploads\/2024\/01\/Ovalis-viragcsendelet-olaj-farost-212x300.jpg 212w, https:\/\/moikk.hu\/wp-content\/uploads\/2024\/01\/Ovalis-viragcsendelet-olaj-farost-300x425.jpg 300w\" sizes=\"auto, (max-width: 313px) 100vw, 313px\" \/><\/figure>\n\n\n\n<p>Ov\u00e1lis vir\u00e1gcsend\u00e9let &#8211; olaj, farost<\/p>\n\n\n\n<figure class=\"wp-block-image size-large is-resized is-style-default\"><img loading=\"lazy\" decoding=\"async\" width=\"724\" height=\"1024\" src=\"https:\/\/moikk.hu\/wp-content\/uploads\/2024\/01\/Romantikus-viragcsendelet-II.-67x67-cm-olaj-vaszon-1-724x1024.jpg\" alt=\"\" class=\"wp-image-2769\" style=\"width:921px;height:auto\" srcset=\"https:\/\/moikk.hu\/wp-content\/uploads\/2024\/01\/Romantikus-viragcsendelet-II.-67x67-cm-olaj-vaszon-1-724x1024.jpg 724w, https:\/\/moikk.hu\/wp-content\/uploads\/2024\/01\/Romantikus-viragcsendelet-II.-67x67-cm-olaj-vaszon-1-212x300.jpg 212w, https:\/\/moikk.hu\/wp-content\/uploads\/2024\/01\/Romantikus-viragcsendelet-II.-67x67-cm-olaj-vaszon-1-768x1086.jpg 768w, https:\/\/moikk.hu\/wp-content\/uploads\/2024\/01\/Romantikus-viragcsendelet-II.-67x67-cm-olaj-vaszon-1-1086x1536.jpg 1086w, https:\/\/moikk.hu\/wp-content\/uploads\/2024\/01\/Romantikus-viragcsendelet-II.-67x67-cm-olaj-vaszon-1-300x424.jpg 300w, https:\/\/moikk.hu\/wp-content\/uploads\/2024\/01\/Romantikus-viragcsendelet-II.-67x67-cm-olaj-vaszon-1-850x1202.jpg 850w, https:\/\/moikk.hu\/wp-content\/uploads\/2024\/01\/Romantikus-viragcsendelet-II.-67x67-cm-olaj-vaszon-1.jpg 1237w\" sizes=\"auto, (max-width: 724px) 100vw, 724px\" \/><figcaption class=\"wp-element-caption\">Romantikus vir\u00e1gcsend\u00e9let<\/figcaption><\/figure>\n\n\n\n<p><\/p>\n","protected":false},"excerpt":{"rendered":"<p>Felt\u00e9ve 2024-ben: Ov\u00e1lis vir\u00e1gcsend\u00e9let &#8211; olaj, farost<\/p>\n","protected":false},"author":1,"featured_media":0,"parent":0,"menu_order":0,"comment_status":"closed","ping_status":"closed","template":"","meta":{"footnotes":""},"class_list":["post-2766","page","type-page","status-publish","hentry"],"_links":{"self":[{"href":"https:\/\/moikk.hu\/index.php\/wp-json\/wp\/v2\/pages\/2766","targetHints":{"allow":["GET"]}}],"collection":[{"href":"https:\/\/moikk.hu\/index.php\/wp-json\/wp\/v2\/pages"}],"about":[{"href":"https:\/\/moikk.hu\/index.php\/wp-json\/wp\/v2\/types\/page"}],"author":[{"embeddable":true,"href":"https:\/\/moikk.hu\/index.php\/wp-json\/wp\/v2\/users\/1"}],"replies":[{"embeddable":true,"href":"https:\/\/moikk.hu\/index.php\/wp-json\/wp\/v2\/comments?post=2766"}],"version-history":[{"count":1,"href":"https:\/\/moikk.hu\/index.php\/wp-json\/wp\/v2\/pages\/2766\/revisions"}],"predecessor-version":[{"id":2770,"href":"https:\/\/moikk.hu\/index.php\/wp-json\/wp\/v2\/pages\/2766\/revisions\/2770"}],"wp:attachment":[{"href":"https:\/\/moikk.hu\/index.php\/wp-json\/wp\/v2\/media?parent=2766"}],"curies":[{"name":"wp","href":"https:\/\/api.w.org\/{rel}","templated":true}]}}