{"id":2661,"date":"2024-01-21T15:08:38","date_gmt":"2024-01-21T15:08:38","guid":{"rendered":"https:\/\/moikk.hu\/?page_id=2661"},"modified":"2024-01-30T13:56:20","modified_gmt":"2024-01-30T13:56:20","slug":"2022-szeptember-9-11-vac","status":"publish","type":"page","link":"https:\/\/moikk.hu\/index.php\/2022-szeptember-9-11-vac\/","title":{"rendered":"2022. szeptember 9-11. V\u00e1c"},"content":{"rendered":"\n<p class=\"has-text-align-center has-huge-font-size\"><strong>A MO\u00cdKK 47. konferenci\u00e1ja<\/strong><\/p>\n\n\n\n<p class=\"has-text-align-center\">(Az al\u00e1h\u00fazott c\u00edmekre<em>&nbsp;kattintva megtekinthet\u0151 a programpont n\u00e9h\u00e1ny fot\u00f3ja.)<\/em><\/p>\n\n\n\n<ul class=\"wp-block-list\" style=\"font-size:32px\">\n<li><a href=\"http:\/\/moikk.hu\/wp-content\/uploads\/2024\/01\/Megerkezes-2022.pdf\">Meg\u00e9rkez\u00e9s, tal\u00e1lkoz\u00e1s, start 2022!<\/a><\/li>\n<\/ul>\n\n\n\n<ul class=\"wp-block-list\" style=\"font-size:32px\">\n<li><a href=\"http:\/\/moikk.hu\/wp-content\/uploads\/2024\/01\/Megnyito-2022.pdf\">Megnyit\u00f3, koncert, k\u00f6sz\u00f6nt\u0151, meg\u00e1llapod\u00e1s<\/a><\/li>\n<\/ul>\n\n\n\n<ul class=\"wp-block-list\" style=\"font-size:32px\">\n<li><a href=\"http:\/\/moikk.hu\/wp-content\/uploads\/2024\/01\/Uj tagok-2022.pdf\">\u00daj tagok bemutatkoz\u00e1sa<\/a><\/li>\n<\/ul>\n\n\n\n<ul class=\"wp-block-list\" style=\"font-size:32px\">\n<li><a href=\"http:\/\/moikk.hu\/wp-content\/uploads\/2024\/01\/El\u00f6adasok-2022.pdf\">El\u0151ad\u00e1sok a konferenci\u00e1n<\/a><\/li>\n<\/ul>\n\n\n\n<ul class=\"wp-block-list\">\n<li style=\"font-size:32px\"><a href=\"https:\/\/moikk.hu\/wp-content\/uploads\/2024\/01\/OKT-2022.pdf\">Orvos k\u00e9pz\u0151m\u0171v\u00e9szek t\u00e1rlata 2022<\/a><\/li>\n<\/ul>\n\n\n\n<ul class=\"wp-block-list\">\n<li style=\"font-size:32px\"><a href=\"http:\/\/moikk.hu\/wp-content\/uploads\/2024\/01\/K\u00f6nyvbemutato-2022.pdf\">K\u00f6nyvbemutat\u00f3 2022<\/a><\/li>\n<\/ul>\n\n\n\n<ul class=\"wp-block-list\">\n<li style=\"font-size:32px\"><a href=\"http:\/\/moikk.hu\/wp-content\/uploads\/2024\/01\/Tarsasagi-prog-2022.pdf\">T\u00e1rsas\u00e1gi programok<\/a><\/li>\n<\/ul>\n\n\n\n<p><\/p>\n\n\n\n<p><\/p>\n","protected":false},"excerpt":{"rendered":"<p>A MO\u00cdKK 47. konferenci\u00e1ja (Az al\u00e1h\u00fazott c\u00edmekre&nbsp;kattintva megtekinthet\u0151 a programpont n\u00e9h\u00e1ny fot\u00f3ja.)<\/p>\n","protected":false},"author":1,"featured_media":0,"parent":0,"menu_order":0,"comment_status":"closed","ping_status":"closed","template":"","meta":{"footnotes":""},"class_list":["post-2661","page","type-page","status-publish","hentry"],"_links":{"self":[{"href":"https:\/\/moikk.hu\/index.php\/wp-json\/wp\/v2\/pages\/2661","targetHints":{"allow":["GET"]}}],"collection":[{"href":"https:\/\/moikk.hu\/index.php\/wp-json\/wp\/v2\/pages"}],"about":[{"href":"https:\/\/moikk.hu\/index.php\/wp-json\/wp\/v2\/types\/page"}],"author":[{"embeddable":true,"href":"https:\/\/moikk.hu\/index.php\/wp-json\/wp\/v2\/users\/1"}],"replies":[{"embeddable":true,"href":"https:\/\/moikk.hu\/index.php\/wp-json\/wp\/v2\/comments?post=2661"}],"version-history":[{"count":24,"href":"https:\/\/moikk.hu\/index.php\/wp-json\/wp\/v2\/pages\/2661\/revisions"}],"predecessor-version":[{"id":2866,"href":"https:\/\/moikk.hu\/index.php\/wp-json\/wp\/v2\/pages\/2661\/revisions\/2866"}],"wp:attachment":[{"href":"https:\/\/moikk.hu\/index.php\/wp-json\/wp\/v2\/media?parent=2661"}],"curies":[{"name":"wp","href":"https:\/\/api.w.org\/{rel}","templated":true}]}}