{"id":2470,"date":"2023-01-30T14:01:20","date_gmt":"2023-01-30T14:01:20","guid":{"rendered":"https:\/\/moikk.hu\/?page_id=2470"},"modified":"2024-12-07T12:12:59","modified_gmt":"2024-12-07T12:12:59","slug":"petrik-szilvia","status":"publish","type":"page","link":"https:\/\/moikk.hu\/index.php\/petrik-szilvia\/","title":{"rendered":"Petrik Szilvia"},"content":{"rendered":"\n<p style=\"font-size:1px\">.<\/p>\n\n\n\n<ul class=\"wp-block-list\">\n<li style=\"font-size:22px\"><a href=\"https:\/\/moikk.hu\/wp-content\/uploads\/2024\/12\/PetrikSz-24dec.pdf\">Felt\u00f6ltve 2024 december\u00e9ben<\/a><\/li>\n<\/ul>\n\n\n\n<p style=\"font-size:1px\">.<\/p>\n\n\n\n<p style=\"font-size:26px\"><strong>Felt\u00e9ve 2024 j\u00faliusban:<\/strong><\/p>\n\n\n\n<figure class=\"wp-block-image size-large\"><img loading=\"lazy\" decoding=\"async\" width=\"768\" height=\"1024\" src=\"https:\/\/moikk.hu\/wp-content\/uploads\/2024\/08\/PetrikSz-Madarak-768x1024.jpeg\" alt=\"\" class=\"wp-image-3217\" srcset=\"https:\/\/moikk.hu\/wp-content\/uploads\/2024\/08\/PetrikSz-Madarak-768x1024.jpeg 768w, https:\/\/moikk.hu\/wp-content\/uploads\/2024\/08\/PetrikSz-Madarak-225x300.jpeg 225w, https:\/\/moikk.hu\/wp-content\/uploads\/2024\/08\/PetrikSz-Madarak-1152x1536.jpeg 1152w, https:\/\/moikk.hu\/wp-content\/uploads\/2024\/08\/PetrikSz-Madarak-1536x2048.jpeg 1536w, https:\/\/moikk.hu\/wp-content\/uploads\/2024\/08\/PetrikSz-Madarak-300x400.jpeg 300w, https:\/\/moikk.hu\/wp-content\/uploads\/2024\/08\/PetrikSz-Madarak-850x1134.jpeg 850w, https:\/\/moikk.hu\/wp-content\/uploads\/2024\/08\/PetrikSz-Madarak.jpeg 1861w\" sizes=\"auto, (max-width: 768px) 100vw, 768px\" \/><figcaption class=\"wp-element-caption\"><strong>Madarak<\/strong><\/figcaption><\/figure>\n\n\n\n<p style=\"font-size:26px\"><strong>Felt\u00e9ve 2024 janu\u00e1rj\u00e1ban:<\/strong><\/p>\n\n\n\n<figure class=\"wp-block-image size-large is-style-default\"><img loading=\"lazy\" decoding=\"async\" width=\"1024\" height=\"809\" src=\"https:\/\/moikk.hu\/wp-content\/uploads\/2024\/01\/A-puli-vilaga-1024x809.jpg\" alt=\"\" class=\"wp-image-2729\" srcset=\"https:\/\/moikk.hu\/wp-content\/uploads\/2024\/01\/A-puli-vilaga-1024x809.jpg 1024w, https:\/\/moikk.hu\/wp-content\/uploads\/2024\/01\/A-puli-vilaga-300x237.jpg 300w, https:\/\/moikk.hu\/wp-content\/uploads\/2024\/01\/A-puli-vilaga-768x607.jpg 768w, https:\/\/moikk.hu\/wp-content\/uploads\/2024\/01\/A-puli-vilaga-1536x1214.jpg 1536w, https:\/\/moikk.hu\/wp-content\/uploads\/2024\/01\/A-puli-vilaga-2048x1619.jpg 2048w, https:\/\/moikk.hu\/wp-content\/uploads\/2024\/01\/A-puli-vilaga-850x672.jpg 850w\" sizes=\"auto, (max-width: 1024px) 100vw, 1024px\" \/><figcaption class=\"wp-element-caption\">A puli vil\u00e1ga<\/figcaption><\/figure>\n\n\n\n<figure class=\"wp-block-image size-full is-style-default\"><img loading=\"lazy\" decoding=\"async\" width=\"960\" height=\"805\" src=\"https:\/\/moikk.hu\/wp-content\/uploads\/2024\/01\/Teli-hangulat.jpg\" alt=\"\" class=\"wp-image-2730\" srcset=\"https:\/\/moikk.hu\/wp-content\/uploads\/2024\/01\/Teli-hangulat.jpg 960w, https:\/\/moikk.hu\/wp-content\/uploads\/2024\/01\/Teli-hangulat-300x252.jpg 300w, https:\/\/moikk.hu\/wp-content\/uploads\/2024\/01\/Teli-hangulat-768x644.jpg 768w, https:\/\/moikk.hu\/wp-content\/uploads\/2024\/01\/Teli-hangulat-850x713.jpg 850w\" sizes=\"auto, (max-width: 960px) 100vw, 960px\" \/><figcaption class=\"wp-element-caption\">T\u00e9li hangulat<\/figcaption><\/figure>\n\n\n\n<figure class=\"wp-block-image size-large is-style-default\"><img loading=\"lazy\" decoding=\"async\" width=\"692\" height=\"1024\" src=\"https:\/\/moikk.hu\/wp-content\/uploads\/2024\/01\/Ut-692x1024.jpg\" alt=\"\" class=\"wp-image-2731\" srcset=\"https:\/\/moikk.hu\/wp-content\/uploads\/2024\/01\/Ut-692x1024.jpg 692w, https:\/\/moikk.hu\/wp-content\/uploads\/2024\/01\/Ut-203x300.jpg 203w, https:\/\/moikk.hu\/wp-content\/uploads\/2024\/01\/Ut-768x1137.jpg 768w, https:\/\/moikk.hu\/wp-content\/uploads\/2024\/01\/Ut-1038x1536.jpg 1038w, https:\/\/moikk.hu\/wp-content\/uploads\/2024\/01\/Ut-300x444.jpg 300w, https:\/\/moikk.hu\/wp-content\/uploads\/2024\/01\/Ut-850x1258.jpg 850w, https:\/\/moikk.hu\/wp-content\/uploads\/2024\/01\/Ut.jpg 1166w\" sizes=\"auto, (max-width: 692px) 100vw, 692px\" \/><figcaption class=\"wp-element-caption\">\u00dat<\/figcaption><\/figure>\n\n\n\n<figure class=\"wp-block-image size-large is-style-default\"><img loading=\"lazy\" decoding=\"async\" width=\"676\" height=\"1024\" src=\"https:\/\/moikk.hu\/wp-content\/uploads\/2024\/01\/augusztus-676x1024.jpg\" alt=\"\" class=\"wp-image-2734\" srcset=\"https:\/\/moikk.hu\/wp-content\/uploads\/2024\/01\/augusztus-676x1024.jpg 676w, https:\/\/moikk.hu\/wp-content\/uploads\/2024\/01\/augusztus-198x300.jpg 198w, https:\/\/moikk.hu\/wp-content\/uploads\/2024\/01\/augusztus-768x1164.jpg 768w, https:\/\/moikk.hu\/wp-content\/uploads\/2024\/01\/augusztus-1013x1536.jpg 1013w, https:\/\/moikk.hu\/wp-content\/uploads\/2024\/01\/augusztus-1351x2048.jpg 1351w, https:\/\/moikk.hu\/wp-content\/uploads\/2024\/01\/augusztus-300x455.jpg 300w, https:\/\/moikk.hu\/wp-content\/uploads\/2024\/01\/augusztus-850x1288.jpg 850w, https:\/\/moikk.hu\/wp-content\/uploads\/2024\/01\/augusztus.jpg 1429w\" sizes=\"auto, (max-width: 676px) 100vw, 676px\" \/><figcaption class=\"wp-element-caption\">Augusztus<\/figcaption><\/figure>\n\n\n\n<figure class=\"wp-block-image size-large is-style-default\"><img loading=\"lazy\" decoding=\"async\" width=\"1024\" height=\"704\" src=\"https:\/\/moikk.hu\/wp-content\/uploads\/2024\/01\/Expedicio-1024x704.jpg\" alt=\"\" class=\"wp-image-2735\" srcset=\"https:\/\/moikk.hu\/wp-content\/uploads\/2024\/01\/Expedicio-1024x704.jpg 1024w, https:\/\/moikk.hu\/wp-content\/uploads\/2024\/01\/Expedicio-300x206.jpg 300w, https:\/\/moikk.hu\/wp-content\/uploads\/2024\/01\/Expedicio-768x528.jpg 768w, https:\/\/moikk.hu\/wp-content\/uploads\/2024\/01\/Expedicio-1536x1056.jpg 1536w, https:\/\/moikk.hu\/wp-content\/uploads\/2024\/01\/Expedicio-2048x1408.jpg 2048w, https:\/\/moikk.hu\/wp-content\/uploads\/2024\/01\/Expedicio-850x584.jpg 850w\" sizes=\"auto, (max-width: 1024px) 100vw, 1024px\" \/><figcaption class=\"wp-element-caption\">Exped\u00edci\u00f3<\/figcaption><\/figure>\n\n\n\n<figure class=\"wp-block-image size-large is-style-default\"><img loading=\"lazy\" decoding=\"async\" width=\"506\" height=\"1024\" src=\"https:\/\/moikk.hu\/wp-content\/uploads\/2024\/01\/Fenyek-506x1024.jpg\" alt=\"\" class=\"wp-image-2736\" srcset=\"https:\/\/moikk.hu\/wp-content\/uploads\/2024\/01\/Fenyek-506x1024.jpg 506w, https:\/\/moikk.hu\/wp-content\/uploads\/2024\/01\/Fenyek-148x300.jpg 148w, https:\/\/moikk.hu\/wp-content\/uploads\/2024\/01\/Fenyek-768x1555.jpg 768w, https:\/\/moikk.hu\/wp-content\/uploads\/2024\/01\/Fenyek-758x1536.jpg 758w, https:\/\/moikk.hu\/wp-content\/uploads\/2024\/01\/Fenyek-300x608.jpg 300w, https:\/\/moikk.hu\/wp-content\/uploads\/2024\/01\/Fenyek.jpg 790w\" sizes=\"auto, (max-width: 506px) 100vw, 506px\" \/><figcaption class=\"wp-element-caption\">F\u00e9nyek<\/figcaption><\/figure>\n\n\n\n<figure class=\"wp-block-image size-large is-style-default\"><img loading=\"lazy\" decoding=\"async\" width=\"866\" height=\"1024\" src=\"https:\/\/moikk.hu\/wp-content\/uploads\/2024\/01\/Horopogas-866x1024.jpg\" alt=\"\" class=\"wp-image-2737\" srcset=\"https:\/\/moikk.hu\/wp-content\/uploads\/2024\/01\/Horopogas-866x1024.jpg 866w, https:\/\/moikk.hu\/wp-content\/uploads\/2024\/01\/Horopogas-254x300.jpg 254w, https:\/\/moikk.hu\/wp-content\/uploads\/2024\/01\/Horopogas-768x909.jpg 768w, https:\/\/moikk.hu\/wp-content\/uploads\/2024\/01\/Horopogas-1298x1536.jpg 1298w, https:\/\/moikk.hu\/wp-content\/uploads\/2024\/01\/Horopogas-1731x2048.jpg 1731w, https:\/\/moikk.hu\/wp-content\/uploads\/2024\/01\/Horopogas-300x355.jpg 300w, https:\/\/moikk.hu\/wp-content\/uploads\/2024\/01\/Horopogas-850x1006.jpg 850w, https:\/\/moikk.hu\/wp-content\/uploads\/2024\/01\/Horopogas.jpg 1912w\" sizes=\"auto, (max-width: 866px) 100vw, 866px\" \/><figcaption class=\"wp-element-caption\">H\u00f3ropog\u00e1s<\/figcaption><\/figure>\n\n\n\n<figure class=\"wp-block-image size-large is-style-default\"><img loading=\"lazy\" decoding=\"async\" width=\"753\" height=\"1024\" src=\"https:\/\/moikk.hu\/wp-content\/uploads\/2024\/01\/Szent-Simeon-753x1024.jpg\" alt=\"\" class=\"wp-image-2738\" srcset=\"https:\/\/moikk.hu\/wp-content\/uploads\/2024\/01\/Szent-Simeon-753x1024.jpg 753w, https:\/\/moikk.hu\/wp-content\/uploads\/2024\/01\/Szent-Simeon-221x300.jpg 221w, https:\/\/moikk.hu\/wp-content\/uploads\/2024\/01\/Szent-Simeon-768x1045.jpg 768w, https:\/\/moikk.hu\/wp-content\/uploads\/2024\/01\/Szent-Simeon-300x408.jpg 300w, https:\/\/moikk.hu\/wp-content\/uploads\/2024\/01\/Szent-Simeon-850x1156.jpg 850w, https:\/\/moikk.hu\/wp-content\/uploads\/2024\/01\/Szent-Simeon.jpg 1066w\" sizes=\"auto, (max-width: 753px) 100vw, 753px\" \/><figcaption class=\"wp-element-caption\">Szent Simeon<\/figcaption><\/figure>\n\n\n\n<p style=\"font-size:26px\"><strong>Felt\u00e9ve 2023 janu\u00e1rj\u00e1ban:<\/strong><\/p>\n\n\n\n<figure class=\"wp-block-image size-large is-style-default\"><img loading=\"lazy\" decoding=\"async\" width=\"1024\" height=\"712\" src=\"https:\/\/moikk.hu\/wp-content\/uploads\/2023\/01\/PSz-Csetneki-var-1024x712.jpg\" alt=\"\" class=\"wp-image-2480\" srcset=\"https:\/\/moikk.hu\/wp-content\/uploads\/2023\/01\/PSz-Csetneki-var-1024x712.jpg 1024w, https:\/\/moikk.hu\/wp-content\/uploads\/2023\/01\/PSz-Csetneki-var-300x208.jpg 300w, https:\/\/moikk.hu\/wp-content\/uploads\/2023\/01\/PSz-Csetneki-var-768x534.jpg 768w, https:\/\/moikk.hu\/wp-content\/uploads\/2023\/01\/PSz-Csetneki-var-850x591.jpg 850w, https:\/\/moikk.hu\/wp-content\/uploads\/2023\/01\/PSz-Csetneki-var.jpg 1183w\" sizes=\"auto, (max-width: 1024px) 100vw, 1024px\" \/><figcaption class=\"wp-element-caption\"><strong>Csetneki v\u00e1r<\/strong><\/figcaption><\/figure>\n\n\n\n<figure class=\"wp-block-image size-large is-style-default\"><img loading=\"lazy\" decoding=\"async\" width=\"1024\" height=\"705\" src=\"https:\/\/moikk.hu\/wp-content\/uploads\/2023\/01\/PSz-Harangzugas-1024x705.jpg\" alt=\"\" class=\"wp-image-2481\" srcset=\"https:\/\/moikk.hu\/wp-content\/uploads\/2023\/01\/PSz-Harangzugas-1024x705.jpg 1024w, https:\/\/moikk.hu\/wp-content\/uploads\/2023\/01\/PSz-Harangzugas-300x207.jpg 300w, https:\/\/moikk.hu\/wp-content\/uploads\/2023\/01\/PSz-Harangzugas-768x529.jpg 768w, https:\/\/moikk.hu\/wp-content\/uploads\/2023\/01\/PSz-Harangzugas-1536x1058.jpg 1536w, https:\/\/moikk.hu\/wp-content\/uploads\/2023\/01\/PSz-Harangzugas-2048x1410.jpg 2048w, https:\/\/moikk.hu\/wp-content\/uploads\/2023\/01\/PSz-Harangzugas-850x585.jpg 850w\" sizes=\"auto, (max-width: 1024px) 100vw, 1024px\" \/><figcaption class=\"wp-element-caption\"><strong>Harangz\u00fag\u00e1s<\/strong><\/figcaption><\/figure>\n\n\n\n<figure class=\"wp-block-image size-large is-style-default\"><img loading=\"lazy\" decoding=\"async\" width=\"1024\" height=\"738\" src=\"https:\/\/moikk.hu\/wp-content\/uploads\/2023\/01\/PSz-Hoban-1024x738.jpg\" alt=\"\" class=\"wp-image-2482\" srcset=\"https:\/\/moikk.hu\/wp-content\/uploads\/2023\/01\/PSz-Hoban-1024x738.jpg 1024w, https:\/\/moikk.hu\/wp-content\/uploads\/2023\/01\/PSz-Hoban-300x216.jpg 300w, https:\/\/moikk.hu\/wp-content\/uploads\/2023\/01\/PSz-Hoban-768x554.jpg 768w, https:\/\/moikk.hu\/wp-content\/uploads\/2023\/01\/PSz-Hoban-850x613.jpg 850w, https:\/\/moikk.hu\/wp-content\/uploads\/2023\/01\/PSz-Hoban.jpg 1388w\" sizes=\"auto, (max-width: 1024px) 100vw, 1024px\" \/><figcaption class=\"wp-element-caption\"><strong>H\u00f3ban<\/strong><\/figcaption><\/figure>\n\n\n\n<figure class=\"wp-block-image size-large is-style-default\"><img loading=\"lazy\" decoding=\"async\" width=\"785\" height=\"1024\" src=\"https:\/\/moikk.hu\/wp-content\/uploads\/2023\/01\/PSz-Otthon-785x1024.jpg\" alt=\"\" class=\"wp-image-2483\" srcset=\"https:\/\/moikk.hu\/wp-content\/uploads\/2023\/01\/PSz-Otthon-785x1024.jpg 785w, https:\/\/moikk.hu\/wp-content\/uploads\/2023\/01\/PSz-Otthon-230x300.jpg 230w, https:\/\/moikk.hu\/wp-content\/uploads\/2023\/01\/PSz-Otthon-768x1002.jpg 768w, https:\/\/moikk.hu\/wp-content\/uploads\/2023\/01\/PSz-Otthon-1178x1536.jpg 1178w, https:\/\/moikk.hu\/wp-content\/uploads\/2023\/01\/PSz-Otthon-1570x2048.jpg 1570w, https:\/\/moikk.hu\/wp-content\/uploads\/2023\/01\/PSz-Otthon-300x391.jpg 300w, https:\/\/moikk.hu\/wp-content\/uploads\/2023\/01\/PSz-Otthon-850x1109.jpg 850w, https:\/\/moikk.hu\/wp-content\/uploads\/2023\/01\/PSz-Otthon-scaled.jpg 1963w\" sizes=\"auto, (max-width: 785px) 100vw, 785px\" \/><figcaption class=\"wp-element-caption\"><strong>Otthon<\/strong><\/figcaption><\/figure>\n\n\n\n<figure class=\"wp-block-image size-large is-style-default\"><img loading=\"lazy\" decoding=\"async\" width=\"1024\" height=\"837\" src=\"https:\/\/moikk.hu\/wp-content\/uploads\/2023\/01\/PSz-Osz-1024x837.jpg\" alt=\"\" class=\"wp-image-2484\" srcset=\"https:\/\/moikk.hu\/wp-content\/uploads\/2023\/01\/PSz-Osz-1024x837.jpg 1024w, https:\/\/moikk.hu\/wp-content\/uploads\/2023\/01\/PSz-Osz-300x245.jpg 300w, https:\/\/moikk.hu\/wp-content\/uploads\/2023\/01\/PSz-Osz-768x628.jpg 768w, https:\/\/moikk.hu\/wp-content\/uploads\/2023\/01\/PSz-Osz-1536x1256.jpg 1536w, https:\/\/moikk.hu\/wp-content\/uploads\/2023\/01\/PSz-Osz-2048x1674.jpg 2048w, https:\/\/moikk.hu\/wp-content\/uploads\/2023\/01\/PSz-Osz-850x695.jpg 850w\" sizes=\"auto, (max-width: 1024px) 100vw, 1024px\" \/><figcaption class=\"wp-element-caption\"><strong>\u0150sz<\/strong><\/figcaption><\/figure>\n\n\n\n<figure class=\"wp-block-image size-large is-style-default\"><img loading=\"lazy\" decoding=\"async\" width=\"820\" height=\"1024\" src=\"https:\/\/moikk.hu\/wp-content\/uploads\/2023\/01\/PSz-Patakcsobogas-820x1024.jpg\" alt=\"\" class=\"wp-image-2485\" srcset=\"https:\/\/moikk.hu\/wp-content\/uploads\/2023\/01\/PSz-Patakcsobogas-820x1024.jpg 820w, https:\/\/moikk.hu\/wp-content\/uploads\/2023\/01\/PSz-Patakcsobogas-240x300.jpg 240w, https:\/\/moikk.hu\/wp-content\/uploads\/2023\/01\/PSz-Patakcsobogas-768x959.jpg 768w, https:\/\/moikk.hu\/wp-content\/uploads\/2023\/01\/PSz-Patakcsobogas-1230x1536.jpg 1230w, https:\/\/moikk.hu\/wp-content\/uploads\/2023\/01\/PSz-Patakcsobogas-1640x2048.jpg 1640w, https:\/\/moikk.hu\/wp-content\/uploads\/2023\/01\/PSz-Patakcsobogas-300x375.jpg 300w, https:\/\/moikk.hu\/wp-content\/uploads\/2023\/01\/PSz-Patakcsobogas-850x1062.jpg 850w\" sizes=\"auto, (max-width: 820px) 100vw, 820px\" \/><figcaption class=\"wp-element-caption\"><strong>Patakcsobog\u00e1s<\/strong><\/figcaption><\/figure>\n\n\n\n<p><\/p>\n","protected":false},"excerpt":{"rendered":"<p>. . Felt\u00e9ve 2024 j\u00faliusban: Felt\u00e9ve 2024 janu\u00e1rj\u00e1ban: Felt\u00e9ve 2023 janu\u00e1rj\u00e1ban:<\/p>\n","protected":false},"author":1,"featured_media":0,"parent":0,"menu_order":0,"comment_status":"closed","ping_status":"closed","template":"","meta":{"footnotes":""},"class_list":["post-2470","page","type-page","status-publish","hentry"],"_links":{"self":[{"href":"https:\/\/moikk.hu\/index.php\/wp-json\/wp\/v2\/pages\/2470","targetHints":{"allow":["GET"]}}],"collection":[{"href":"https:\/\/moikk.hu\/index.php\/wp-json\/wp\/v2\/pages"}],"about":[{"href":"https:\/\/moikk.hu\/index.php\/wp-json\/wp\/v2\/types\/page"}],"author":[{"embeddable":true,"href":"https:\/\/moikk.hu\/index.php\/wp-json\/wp\/v2\/users\/1"}],"replies":[{"embeddable":true,"href":"https:\/\/moikk.hu\/index.php\/wp-json\/wp\/v2\/comments?post=2470"}],"version-history":[{"count":5,"href":"https:\/\/moikk.hu\/index.php\/wp-json\/wp\/v2\/pages\/2470\/revisions"}],"predecessor-version":[{"id":3310,"href":"https:\/\/moikk.hu\/index.php\/wp-json\/wp\/v2\/pages\/2470\/revisions\/3310"}],"wp:attachment":[{"href":"https:\/\/moikk.hu\/index.php\/wp-json\/wp\/v2\/media?parent=2470"}],"curies":[{"name":"wp","href":"https:\/\/api.w.org\/{rel}","templated":true}]}}