{"id":2417,"date":"2023-01-29T19:41:05","date_gmt":"2023-01-29T19:41:05","guid":{"rendered":"https:\/\/moikk.hu\/?page_id=2417"},"modified":"2024-01-24T15:54:49","modified_gmt":"2024-01-24T15:54:49","slug":"dr-misz-irisz","status":"publish","type":"page","link":"https:\/\/moikk.hu\/index.php\/dr-misz-irisz\/","title":{"rendered":"Dr. Misz \u00cdrisz"},"content":{"rendered":"\n<p style=\"font-size:26px\"><strong>Felt\u00e9ve 2024 janu\u00e1rj\u00e1ban:<\/strong><\/p>\n\n\n\n<figure class=\"wp-block-image size-large is-style-default\"><img loading=\"lazy\" decoding=\"async\" width=\"1024\" height=\"768\" src=\"https:\/\/moikk.hu\/wp-content\/uploads\/2024\/01\/6.-Utasra-varva.-Riksak-autok.Peking-2005-1024x768.jpg\" alt=\"\" class=\"wp-image-2822\" srcset=\"https:\/\/moikk.hu\/wp-content\/uploads\/2024\/01\/6.-Utasra-varva.-Riksak-autok.Peking-2005-1024x768.jpg 1024w, https:\/\/moikk.hu\/wp-content\/uploads\/2024\/01\/6.-Utasra-varva.-Riksak-autok.Peking-2005-300x225.jpg 300w, https:\/\/moikk.hu\/wp-content\/uploads\/2024\/01\/6.-Utasra-varva.-Riksak-autok.Peking-2005-768x576.jpg 768w, https:\/\/moikk.hu\/wp-content\/uploads\/2024\/01\/6.-Utasra-varva.-Riksak-autok.Peking-2005-850x637.jpg 850w, https:\/\/moikk.hu\/wp-content\/uploads\/2024\/01\/6.-Utasra-varva.-Riksak-autok.Peking-2005.jpg 1118w\" sizes=\"auto, (max-width: 1024px) 100vw, 1024px\" \/><figcaption class=\"wp-element-caption\">Utasra v\u00e1rva &#8211; riks\u00e1k, aut\u00f3k &#8230; Peking (2005)<\/figcaption><\/figure>\n\n\n\n<figure class=\"wp-block-image size-large is-style-default\"><img loading=\"lazy\" decoding=\"async\" width=\"1024\" height=\"768\" src=\"https:\/\/moikk.hu\/wp-content\/uploads\/2024\/01\/7.-Keleti-Vonzas-Nyugati-Hodolat-1024x768.jpg\" alt=\"\" class=\"wp-image-2823\" srcset=\"https:\/\/moikk.hu\/wp-content\/uploads\/2024\/01\/7.-Keleti-Vonzas-Nyugati-Hodolat-1024x768.jpg 1024w, https:\/\/moikk.hu\/wp-content\/uploads\/2024\/01\/7.-Keleti-Vonzas-Nyugati-Hodolat-300x225.jpg 300w, https:\/\/moikk.hu\/wp-content\/uploads\/2024\/01\/7.-Keleti-Vonzas-Nyugati-Hodolat-768x576.jpg 768w, https:\/\/moikk.hu\/wp-content\/uploads\/2024\/01\/7.-Keleti-Vonzas-Nyugati-Hodolat-850x638.jpg 850w, https:\/\/moikk.hu\/wp-content\/uploads\/2024\/01\/7.-Keleti-Vonzas-Nyugati-Hodolat.jpg 1280w\" sizes=\"auto, (max-width: 1024px) 100vw, 1024px\" \/><figcaption class=\"wp-element-caption\">Keleti vonz\u00e1s, nyugati h\u00f3dolat<\/figcaption><\/figure>\n\n\n\n<figure class=\"wp-block-image size-large is-style-default\"><img loading=\"lazy\" decoding=\"async\" width=\"1024\" height=\"683\" src=\"https:\/\/moikk.hu\/wp-content\/uploads\/2024\/01\/Havas-Krisztus-kereszt-az-erdon-Matra-1024x683.jpg\" alt=\"\" class=\"wp-image-2827\" srcset=\"https:\/\/moikk.hu\/wp-content\/uploads\/2024\/01\/Havas-Krisztus-kereszt-az-erdon-Matra-1024x683.jpg 1024w, https:\/\/moikk.hu\/wp-content\/uploads\/2024\/01\/Havas-Krisztus-kereszt-az-erdon-Matra-300x200.jpg 300w, https:\/\/moikk.hu\/wp-content\/uploads\/2024\/01\/Havas-Krisztus-kereszt-az-erdon-Matra-768x512.jpg 768w, https:\/\/moikk.hu\/wp-content\/uploads\/2024\/01\/Havas-Krisztus-kereszt-az-erdon-Matra-1536x1024.jpg 1536w, https:\/\/moikk.hu\/wp-content\/uploads\/2024\/01\/Havas-Krisztus-kereszt-az-erdon-Matra-2048x1365.jpg 2048w, https:\/\/moikk.hu\/wp-content\/uploads\/2024\/01\/Havas-Krisztus-kereszt-az-erdon-Matra-850x567.jpg 850w\" sizes=\"auto, (max-width: 1024px) 100vw, 1024px\" \/><figcaption class=\"wp-element-caption\">Havas Krisztus-kereszt az erd\u0151n (M\u00e1tra)<\/figcaption><\/figure>\n\n\n\n<figure class=\"wp-block-image size-large is-style-default\"><img loading=\"lazy\" decoding=\"async\" width=\"1024\" height=\"768\" src=\"https:\/\/moikk.hu\/wp-content\/uploads\/2024\/01\/Teli-szerelem-a-Nagyerdon-Debrecen-1024x768.jpg\" alt=\"\" class=\"wp-image-2824\" srcset=\"https:\/\/moikk.hu\/wp-content\/uploads\/2024\/01\/Teli-szerelem-a-Nagyerdon-Debrecen-1024x768.jpg 1024w, https:\/\/moikk.hu\/wp-content\/uploads\/2024\/01\/Teli-szerelem-a-Nagyerdon-Debrecen-300x225.jpg 300w, https:\/\/moikk.hu\/wp-content\/uploads\/2024\/01\/Teli-szerelem-a-Nagyerdon-Debrecen-768x576.jpg 768w, https:\/\/moikk.hu\/wp-content\/uploads\/2024\/01\/Teli-szerelem-a-Nagyerdon-Debrecen-850x638.jpg 850w, https:\/\/moikk.hu\/wp-content\/uploads\/2024\/01\/Teli-szerelem-a-Nagyerdon-Debrecen.jpg 1280w\" sizes=\"auto, (max-width: 1024px) 100vw, 1024px\" \/><figcaption class=\"wp-element-caption\">T\u00e9li szerelem a Nagyerd\u0151n (Debrecen)<\/figcaption><\/figure>\n\n\n\n<p><\/p>\n\n\n\n<p style=\"font-size:26px\"><strong>Felt\u00e9ve 2023 janu\u00e1rj\u00e1ban:<\/strong><\/p>\n\n\n\n<figure class=\"wp-block-image size-large is-style-default\"><img loading=\"lazy\" decoding=\"async\" width=\"768\" height=\"1024\" src=\"https:\/\/moikk.hu\/wp-content\/uploads\/2023\/01\/MI-Tavaszi-merenges-min-768x1024.jpg\" alt=\"\" class=\"wp-image-2422\" srcset=\"https:\/\/moikk.hu\/wp-content\/uploads\/2023\/01\/MI-Tavaszi-merenges-min-768x1024.jpg 768w, https:\/\/moikk.hu\/wp-content\/uploads\/2023\/01\/MI-Tavaszi-merenges-min-225x300.jpg 225w, https:\/\/moikk.hu\/wp-content\/uploads\/2023\/01\/MI-Tavaszi-merenges-min-1152x1536.jpg 1152w, https:\/\/moikk.hu\/wp-content\/uploads\/2023\/01\/MI-Tavaszi-merenges-min-1536x2048.jpg 1536w, https:\/\/moikk.hu\/wp-content\/uploads\/2023\/01\/MI-Tavaszi-merenges-min-300x400.jpg 300w, https:\/\/moikk.hu\/wp-content\/uploads\/2023\/01\/MI-Tavaszi-merenges-min-850x1133.jpg 850w, https:\/\/moikk.hu\/wp-content\/uploads\/2023\/01\/MI-Tavaszi-merenges-min-scaled.jpg 1920w\" sizes=\"auto, (max-width: 768px) 100vw, 768px\" \/><figcaption class=\"wp-element-caption\"><strong>Tavaszi mereng\u00e9s (2021)<\/strong><\/figcaption><\/figure>\n\n\n\n<p><\/p>\n\n\n\n<figure class=\"wp-block-image size-full is-style-default\"><img loading=\"lazy\" decoding=\"async\" width=\"463\" height=\"916\" src=\"https:\/\/moikk.hu\/wp-content\/uploads\/2023\/01\/MI-Migrenem-van-min.jpg\" alt=\"\" class=\"wp-image-2423\" srcset=\"https:\/\/moikk.hu\/wp-content\/uploads\/2023\/01\/MI-Migrenem-van-min.jpg 463w, https:\/\/moikk.hu\/wp-content\/uploads\/2023\/01\/MI-Migrenem-van-min-152x300.jpg 152w, https:\/\/moikk.hu\/wp-content\/uploads\/2023\/01\/MI-Migrenem-van-min-300x594.jpg 300w\" sizes=\"auto, (max-width: 463px) 100vw, 463px\" \/><figcaption class=\"wp-element-caption\"><strong>Migr\u00e9nem van, hogy \u00e1lland\u00f3an megb\u00e1mulnak\u2026.<\/strong><\/figcaption><\/figure>\n\n\n\n<p><\/p>\n\n\n\n<figure class=\"wp-block-image size-large is-style-default\"><img loading=\"lazy\" decoding=\"async\" width=\"1024\" height=\"768\" src=\"https:\/\/moikk.hu\/wp-content\/uploads\/2023\/01\/MI-Nem-festmeny-min-1024x768.jpg\" alt=\"\" class=\"wp-image-2424\" srcset=\"https:\/\/moikk.hu\/wp-content\/uploads\/2023\/01\/MI-Nem-festmeny-min-1024x768.jpg 1024w, https:\/\/moikk.hu\/wp-content\/uploads\/2023\/01\/MI-Nem-festmeny-min-300x225.jpg 300w, https:\/\/moikk.hu\/wp-content\/uploads\/2023\/01\/MI-Nem-festmeny-min-768x576.jpg 768w, https:\/\/moikk.hu\/wp-content\/uploads\/2023\/01\/MI-Nem-festmeny-min-850x638.jpg 850w, https:\/\/moikk.hu\/wp-content\/uploads\/2023\/01\/MI-Nem-festmeny-min.jpg 1280w\" sizes=\"auto, (max-width: 1024px) 100vw, 1024px\" \/><figcaption class=\"wp-element-caption\"><strong>Nem festm\u00e9ny! Val\u00f3s\u00e1g. H\u00edd, v\u00edz, fa, K\u00edna (2005)<\/strong><\/figcaption><\/figure>\n\n\n\n<p><\/p>\n\n\n\n<figure class=\"wp-block-image size-large is-style-default\"><img loading=\"lazy\" decoding=\"async\" width=\"1024\" height=\"768\" src=\"https:\/\/moikk.hu\/wp-content\/uploads\/2023\/01\/MI-Utcasepres-esoben-min-1024x768.jpg\" alt=\"\" class=\"wp-image-2425\" srcset=\"https:\/\/moikk.hu\/wp-content\/uploads\/2023\/01\/MI-Utcasepres-esoben-min-1024x768.jpg 1024w, https:\/\/moikk.hu\/wp-content\/uploads\/2023\/01\/MI-Utcasepres-esoben-min-300x225.jpg 300w, https:\/\/moikk.hu\/wp-content\/uploads\/2023\/01\/MI-Utcasepres-esoben-min-768x576.jpg 768w, https:\/\/moikk.hu\/wp-content\/uploads\/2023\/01\/MI-Utcasepres-esoben-min-850x638.jpg 850w, https:\/\/moikk.hu\/wp-content\/uploads\/2023\/01\/MI-Utcasepres-esoben-min.jpg 1280w\" sizes=\"auto, (max-width: 1024px) 100vw, 1024px\" \/><figcaption class=\"wp-element-caption\"><strong>Utcas\u00f6pr\u00e9s es\u0151ben (Peking, 2005) Rendnek lennie kell!<\/strong><\/figcaption><\/figure>\n\n\n\n<p><\/p>\n","protected":false},"excerpt":{"rendered":"<p>Felt\u00e9ve 2024 janu\u00e1rj\u00e1ban: Felt\u00e9ve 2023 janu\u00e1rj\u00e1ban:<\/p>\n","protected":false},"author":1,"featured_media":0,"parent":0,"menu_order":0,"comment_status":"closed","ping_status":"closed","template":"","meta":{"footnotes":""},"class_list":["post-2417","page","type-page","status-publish","hentry"],"_links":{"self":[{"href":"https:\/\/moikk.hu\/index.php\/wp-json\/wp\/v2\/pages\/2417","targetHints":{"allow":["GET"]}}],"collection":[{"href":"https:\/\/moikk.hu\/index.php\/wp-json\/wp\/v2\/pages"}],"about":[{"href":"https:\/\/moikk.hu\/index.php\/wp-json\/wp\/v2\/types\/page"}],"author":[{"embeddable":true,"href":"https:\/\/moikk.hu\/index.php\/wp-json\/wp\/v2\/users\/1"}],"replies":[{"embeddable":true,"href":"https:\/\/moikk.hu\/index.php\/wp-json\/wp\/v2\/comments?post=2417"}],"version-history":[{"count":5,"href":"https:\/\/moikk.hu\/index.php\/wp-json\/wp\/v2\/pages\/2417\/revisions"}],"predecessor-version":[{"id":2982,"href":"https:\/\/moikk.hu\/index.php\/wp-json\/wp\/v2\/pages\/2417\/revisions\/2982"}],"wp:attachment":[{"href":"https:\/\/moikk.hu\/index.php\/wp-json\/wp\/v2\/media?parent=2417"}],"curies":[{"name":"wp","href":"https:\/\/api.w.org\/{rel}","templated":true}]}}