{"id":24,"date":"2020-06-17T15:31:22","date_gmt":"2020-06-17T15:31:22","guid":{"rendered":"http:\/\/localhost\/moikk\/?page_id=22"},"modified":"2026-02-07T11:11:06","modified_gmt":"2026-02-07T11:11:06","slug":"kapcsolat","status":"publish","type":"page","link":"https:\/\/moikk.hu\/index.php\/kapcsolat\/","title":{"rendered":"Kapcsolat"},"content":{"rendered":"\n<p style=\"font-size:26px\"><strong>EL\u00c9RHET\u0150S\u00c9GEK:<\/strong><\/p>\n\n\n\n<p>A mindenkori eln\u00f6k \u00e9s aleln\u00f6k\u00f6k postai c\u00edme, telefonsz\u00e1ma, e-mail c\u00edme<\/p>\n\n\n\n<p>\u00e9s a MO\u00cdKK Weblapja.<\/p>\n\n\n\n<p style=\"font-size:25px\"><strong><em>WEBc\u00edm<\/em><\/strong><em>: moikk.hu <\/em>\u2013 vagy:<em> <a href=\"https:\/\/www.moikk.hu\/\">https:\/\/www.moikk.hu<\/a><\/em><\/p>\n\n\n\n<p><\/p>\n\n\n\n<p style=\"font-size:23px\"><em><strong>Dr. MISZ \u00cdRISZ \u00fcgyvezet\u0151 eln\u00f6k<\/strong><\/em><\/p>\n\n\n\n<p>Postai C\u00edm: <em>1031 Budapest, Rozgonyi Piroska u. 30.<\/em><\/p>\n\n\n\n<p>Mobil: +36 30 466 9966<\/p>\n\n\n\n<p>E-mail: <a href=\"mailto:irisz.moikk20@gmail.com\"><em>irisz.moikk20@gmail.com<\/em><\/a><\/p>\n\n\n\n<p style=\"font-size:23px\"><em><strong>Dr. Tak\u00e1cs E. Ildik\u00f3  orvos \u00edr\u00f3 aleln\u00f6k<\/strong><\/em><\/p>\n\n\n\n<p>Postai c\u00edm: <em>4032 Debrecen, B\u00f6sz\u00f6rm\u00e9nyi u. 119. fsz. 1.<\/em><\/p>\n\n\n\n<p>Mobil: +36 30 925 9606<\/p>\n\n\n\n<p>E-mail: takacsei@gmail.com <\/p>\n\n\n\n<p style=\"font-size:23px\"><strong>Dr. Kalydy Ant\u00f3nia T\u00fcnde orvos k\u00e9pz\u0151m\u0171v\u00e9sz aleln\u00f6k<\/strong><\/p>\n\n\n\n<p>Postai c\u00edm: 5900 Orosh\u00e1za, Lev\u00e9l utca 6.<\/p>\n\n\n\n<p>Mobil: +36 20 437 6215<\/p>\n\n\n\n<p>E-mail: drkalydyantonia@gmail.com <\/p>\n","protected":false},"excerpt":{"rendered":"<p>EL\u00c9RHET\u0150S\u00c9GEK: A mindenkori eln\u00f6k \u00e9s aleln\u00f6k\u00f6k postai c\u00edme, telefonsz\u00e1ma, e-mail c\u00edme \u00e9s a MO\u00cdKK Weblapja. WEBc\u00edm: moikk.hu \u2013 vagy: https:\/\/www.moikk.hu Dr. MISZ \u00cdRISZ \u00fcgyvezet\u0151 eln\u00f6k Postai C\u00edm: 1031 Budapest, Rozgonyi Piroska u&#8230;.<\/p>\n","protected":false},"author":2,"featured_media":0,"parent":0,"menu_order":0,"comment_status":"closed","ping_status":"closed","template":"","meta":{"footnotes":""},"class_list":["post-24","page","type-page","status-publish","hentry"],"_links":{"self":[{"href":"https:\/\/moikk.hu\/index.php\/wp-json\/wp\/v2\/pages\/24","targetHints":{"allow":["GET"]}}],"collection":[{"href":"https:\/\/moikk.hu\/index.php\/wp-json\/wp\/v2\/pages"}],"about":[{"href":"https:\/\/moikk.hu\/index.php\/wp-json\/wp\/v2\/types\/page"}],"author":[{"embeddable":true,"href":"https:\/\/moikk.hu\/index.php\/wp-json\/wp\/v2\/users\/2"}],"replies":[{"embeddable":true,"href":"https:\/\/moikk.hu\/index.php\/wp-json\/wp\/v2\/comments?post=24"}],"version-history":[{"count":5,"href":"https:\/\/moikk.hu\/index.php\/wp-json\/wp\/v2\/pages\/24\/revisions"}],"predecessor-version":[{"id":3474,"href":"https:\/\/moikk.hu\/index.php\/wp-json\/wp\/v2\/pages\/24\/revisions\/3474"}],"wp:attachment":[{"href":"https:\/\/moikk.hu\/index.php\/wp-json\/wp\/v2\/media?parent=24"}],"curies":[{"name":"wp","href":"https:\/\/api.w.org\/{rel}","templated":true}]}}