{"id":2383,"date":"2023-01-29T12:15:42","date_gmt":"2023-01-29T12:15:42","guid":{"rendered":"https:\/\/moikk.hu\/?page_id=2383"},"modified":"2024-02-10T13:34:03","modified_gmt":"2024-02-10T13:34:03","slug":"kalydy-antonia","status":"publish","type":"page","link":"https:\/\/moikk.hu\/index.php\/kalydy-antonia\/","title":{"rendered":"Dr. Kalydy Ant\u00f3nia"},"content":{"rendered":"\n<ul class=\"wp-block-list\">\n<li style=\"font-size:26px\"><strong>Felt\u00e9ve 2024. janu\u00e1rj\u00e1ban<\/strong><\/li>\n<\/ul>\n\n\n\n<figure class=\"wp-block-image size-full is-style-default\"><img loading=\"lazy\" decoding=\"async\" width=\"806\" height=\"611\" src=\"https:\/\/moikk.hu\/wp-content\/uploads\/2024\/02\/KA-textil-1.jpg\" alt=\"\" class=\"wp-image-2969\" srcset=\"https:\/\/moikk.hu\/wp-content\/uploads\/2024\/02\/KA-textil-1.jpg 806w, https:\/\/moikk.hu\/wp-content\/uploads\/2024\/02\/KA-textil-1-300x227.jpg 300w, https:\/\/moikk.hu\/wp-content\/uploads\/2024\/02\/KA-textil-1-768x582.jpg 768w\" sizes=\"auto, (max-width: 806px) 100vw, 806px\" \/><\/figure>\n\n\n\n<figure class=\"wp-block-image size-full is-style-default\"><img loading=\"lazy\" decoding=\"async\" width=\"874\" height=\"607\" src=\"https:\/\/moikk.hu\/wp-content\/uploads\/2024\/02\/KA-zako-1.jpg\" alt=\"\" class=\"wp-image-2970\" srcset=\"https:\/\/moikk.hu\/wp-content\/uploads\/2024\/02\/KA-zako-1.jpg 874w, https:\/\/moikk.hu\/wp-content\/uploads\/2024\/02\/KA-zako-1-300x208.jpg 300w, https:\/\/moikk.hu\/wp-content\/uploads\/2024\/02\/KA-zako-1-768x533.jpg 768w, https:\/\/moikk.hu\/wp-content\/uploads\/2024\/02\/KA-zako-1-850x590.jpg 850w\" sizes=\"auto, (max-width: 874px) 100vw, 874px\" \/><\/figure>\n\n\n\n<figure class=\"wp-block-image size-full is-resized is-style-default\"><img loading=\"lazy\" decoding=\"async\" width=\"655\" height=\"486\" src=\"https:\/\/moikk.hu\/wp-content\/uploads\/2024\/02\/KA-kockak.jpg\" alt=\"\" class=\"wp-image-2966\" style=\"width:883px;height:auto\" srcset=\"https:\/\/moikk.hu\/wp-content\/uploads\/2024\/02\/KA-kockak.jpg 655w, https:\/\/moikk.hu\/wp-content\/uploads\/2024\/02\/KA-kockak-300x223.jpg 300w\" sizes=\"auto, (max-width: 655px) 100vw, 655px\" \/><\/figure>\n\n\n\n<p class=\"has-white-color has-text-color has-link-color wp-elements-cf5f51c8cace32565597f368a6023ee6\">xx<\/p>\n\n\n\n<ul class=\"wp-block-list\">\n<li style=\"font-size:26px\"><strong>Felt\u00e9ve 2023. janu\u00e1rj\u00e1ban<\/strong><\/li>\n<\/ul>\n\n\n\n<figure class=\"wp-block-image size-large is-style-default\"><img loading=\"lazy\" decoding=\"async\" width=\"498\" height=\"1024\" src=\"https:\/\/moikk.hu\/wp-content\/uploads\/2023\/01\/KA-Alkoto-es-muve-498x1024.jpg\" alt=\"\" class=\"wp-image-2388\" srcset=\"https:\/\/moikk.hu\/wp-content\/uploads\/2023\/01\/KA-Alkoto-es-muve-498x1024.jpg 498w, https:\/\/moikk.hu\/wp-content\/uploads\/2023\/01\/KA-Alkoto-es-muve-146x300.jpg 146w, https:\/\/moikk.hu\/wp-content\/uploads\/2023\/01\/KA-Alkoto-es-muve-768x1579.jpg 768w, https:\/\/moikk.hu\/wp-content\/uploads\/2023\/01\/KA-Alkoto-es-muve-747x1536.jpg 747w, https:\/\/moikk.hu\/wp-content\/uploads\/2023\/01\/KA-Alkoto-es-muve-996x2048.jpg 996w, https:\/\/moikk.hu\/wp-content\/uploads\/2023\/01\/KA-Alkoto-es-muve-300x617.jpg 300w, https:\/\/moikk.hu\/wp-content\/uploads\/2023\/01\/KA-Alkoto-es-muve-850x1747.jpg 850w, https:\/\/moikk.hu\/wp-content\/uploads\/2023\/01\/KA-Alkoto-es-muve-scaled.jpg 1245w\" sizes=\"auto, (max-width: 498px) 100vw, 498px\" \/><figcaption class=\"wp-element-caption\"><strong>Alkot\u00f3 \u00e9s m\u0171ve<\/strong><\/figcaption><\/figure>\n\n\n\n<figure class=\"wp-block-image size-large is-style-default\"><img loading=\"lazy\" decoding=\"async\" width=\"992\" height=\"1024\" src=\"https:\/\/moikk.hu\/wp-content\/uploads\/2023\/01\/KA-A-Rez-992x1024.jpg\" alt=\"\" class=\"wp-image-2389\" srcset=\"https:\/\/moikk.hu\/wp-content\/uploads\/2023\/01\/KA-A-Rez-992x1024.jpg 992w, https:\/\/moikk.hu\/wp-content\/uploads\/2023\/01\/KA-A-Rez-291x300.jpg 291w, https:\/\/moikk.hu\/wp-content\/uploads\/2023\/01\/KA-A-Rez-768x792.jpg 768w, https:\/\/moikk.hu\/wp-content\/uploads\/2023\/01\/KA-A-Rez-1489x1536.jpg 1489w, https:\/\/moikk.hu\/wp-content\/uploads\/2023\/01\/KA-A-Rez-1985x2048.jpg 1985w, https:\/\/moikk.hu\/wp-content\/uploads\/2023\/01\/KA-A-Rez-300x310.jpg 300w, https:\/\/moikk.hu\/wp-content\/uploads\/2023\/01\/KA-A-Rez-850x877.jpg 850w\" sizes=\"auto, (max-width: 992px) 100vw, 992px\" \/><figcaption class=\"wp-element-caption\"><strong>A r\u00e9z<\/strong><\/figcaption><\/figure>\n\n\n\n<figure class=\"wp-block-image size-large is-style-default\"><img loading=\"lazy\" decoding=\"async\" width=\"1024\" height=\"768\" src=\"https:\/\/moikk.hu\/wp-content\/uploads\/2023\/01\/KA-Gyoparosfurdo-1024x768.jpg\" alt=\"\" class=\"wp-image-2390\" srcset=\"https:\/\/moikk.hu\/wp-content\/uploads\/2023\/01\/KA-Gyoparosfurdo-1024x768.jpg 1024w, https:\/\/moikk.hu\/wp-content\/uploads\/2023\/01\/KA-Gyoparosfurdo-300x225.jpg 300w, https:\/\/moikk.hu\/wp-content\/uploads\/2023\/01\/KA-Gyoparosfurdo-768x576.jpg 768w, https:\/\/moikk.hu\/wp-content\/uploads\/2023\/01\/KA-Gyoparosfurdo-1536x1152.jpg 1536w, https:\/\/moikk.hu\/wp-content\/uploads\/2023\/01\/KA-Gyoparosfurdo-2048x1536.jpg 2048w, https:\/\/moikk.hu\/wp-content\/uploads\/2023\/01\/KA-Gyoparosfurdo-850x638.jpg 850w\" sizes=\"auto, (max-width: 1024px) 100vw, 1024px\" \/><figcaption class=\"wp-element-caption\"><strong>Gyop\u00e1rosf\u00fcrd\u0151<\/strong><\/figcaption><\/figure>\n\n\n\n<figure class=\"wp-block-image size-large is-style-default\"><img loading=\"lazy\" decoding=\"async\" width=\"1024\" height=\"833\" src=\"https:\/\/moikk.hu\/wp-content\/uploads\/2023\/01\/KA-Tengerparti-hordalek-1024x833.jpg\" alt=\"\" class=\"wp-image-2391\" srcset=\"https:\/\/moikk.hu\/wp-content\/uploads\/2023\/01\/KA-Tengerparti-hordalek-1024x833.jpg 1024w, https:\/\/moikk.hu\/wp-content\/uploads\/2023\/01\/KA-Tengerparti-hordalek-300x244.jpg 300w, https:\/\/moikk.hu\/wp-content\/uploads\/2023\/01\/KA-Tengerparti-hordalek-768x625.jpg 768w, https:\/\/moikk.hu\/wp-content\/uploads\/2023\/01\/KA-Tengerparti-hordalek-1536x1250.jpg 1536w, https:\/\/moikk.hu\/wp-content\/uploads\/2023\/01\/KA-Tengerparti-hordalek-2048x1666.jpg 2048w, https:\/\/moikk.hu\/wp-content\/uploads\/2023\/01\/KA-Tengerparti-hordalek-850x692.jpg 850w\" sizes=\"auto, (max-width: 1024px) 100vw, 1024px\" \/><figcaption class=\"wp-element-caption\"><strong>Tengerparti hordal\u00e9k<\/strong><\/figcaption><\/figure>\n\n\n\n<figure class=\"wp-block-image size-large is-style-default\"><img loading=\"lazy\" decoding=\"async\" width=\"1024\" height=\"719\" src=\"https:\/\/moikk.hu\/wp-content\/uploads\/2023\/01\/KA-Hatarok-1024x719.jpg\" alt=\"\" class=\"wp-image-2392\" srcset=\"https:\/\/moikk.hu\/wp-content\/uploads\/2023\/01\/KA-Hatarok-1024x719.jpg 1024w, https:\/\/moikk.hu\/wp-content\/uploads\/2023\/01\/KA-Hatarok-300x211.jpg 300w, https:\/\/moikk.hu\/wp-content\/uploads\/2023\/01\/KA-Hatarok-768x539.jpg 768w, https:\/\/moikk.hu\/wp-content\/uploads\/2023\/01\/KA-Hatarok-1536x1078.jpg 1536w, https:\/\/moikk.hu\/wp-content\/uploads\/2023\/01\/KA-Hatarok-2048x1438.jpg 2048w, https:\/\/moikk.hu\/wp-content\/uploads\/2023\/01\/KA-Hatarok-850x597.jpg 850w\" sizes=\"auto, (max-width: 1024px) 100vw, 1024px\" \/><figcaption class=\"wp-element-caption\"><strong>Hat\u00e1rok<\/strong><\/figcaption><\/figure>\n\n\n\n<figure class=\"wp-block-image size-large is-style-default\"><img loading=\"lazy\" decoding=\"async\" width=\"1024\" height=\"1024\" src=\"https:\/\/moikk.hu\/wp-content\/uploads\/2023\/01\/KA-Balaton-1024x1024.jpg\" alt=\"\" class=\"wp-image-2393\" srcset=\"https:\/\/moikk.hu\/wp-content\/uploads\/2023\/01\/KA-Balaton-1024x1024.jpg 1024w, https:\/\/moikk.hu\/wp-content\/uploads\/2023\/01\/KA-Balaton-300x300.jpg 300w, https:\/\/moikk.hu\/wp-content\/uploads\/2023\/01\/KA-Balaton-150x150.jpg 150w, https:\/\/moikk.hu\/wp-content\/uploads\/2023\/01\/KA-Balaton-768x768.jpg 768w, https:\/\/moikk.hu\/wp-content\/uploads\/2023\/01\/KA-Balaton-1536x1536.jpg 1536w, https:\/\/moikk.hu\/wp-content\/uploads\/2023\/01\/KA-Balaton-2048x2048.jpg 2048w, https:\/\/moikk.hu\/wp-content\/uploads\/2023\/01\/KA-Balaton-850x850.jpg 850w\" sizes=\"auto, (max-width: 1024px) 100vw, 1024px\" \/><figcaption class=\"wp-element-caption\"><strong>Balaton<\/strong><\/figcaption><\/figure>\n\n\n\n<figure class=\"wp-block-image size-large is-style-default\"><img loading=\"lazy\" decoding=\"async\" width=\"747\" height=\"1024\" src=\"https:\/\/moikk.hu\/wp-content\/uploads\/2023\/01\/KA-Kekfesto-747x1024.jpg\" alt=\"\" class=\"wp-image-2394\" srcset=\"https:\/\/moikk.hu\/wp-content\/uploads\/2023\/01\/KA-Kekfesto-747x1024.jpg 747w, https:\/\/moikk.hu\/wp-content\/uploads\/2023\/01\/KA-Kekfesto-219x300.jpg 219w, https:\/\/moikk.hu\/wp-content\/uploads\/2023\/01\/KA-Kekfesto-768x1053.jpg 768w, https:\/\/moikk.hu\/wp-content\/uploads\/2023\/01\/KA-Kekfesto-1121x1536.jpg 1121w, https:\/\/moikk.hu\/wp-content\/uploads\/2023\/01\/KA-Kekfesto-1494x2048.jpg 1494w, https:\/\/moikk.hu\/wp-content\/uploads\/2023\/01\/KA-Kekfesto-300x411.jpg 300w, https:\/\/moikk.hu\/wp-content\/uploads\/2023\/01\/KA-Kekfesto-850x1165.jpg 850w, https:\/\/moikk.hu\/wp-content\/uploads\/2023\/01\/KA-Kekfesto-scaled.jpg 1868w\" sizes=\"auto, (max-width: 747px) 100vw, 747px\" \/><figcaption class=\"wp-element-caption\"><strong>K\u00e9kfest\u0151<\/strong><\/figcaption><\/figure>\n\n\n\n<p><\/p>\n","protected":false},"excerpt":{"rendered":"<p>xx<\/p>\n","protected":false},"author":1,"featured_media":0,"parent":0,"menu_order":0,"comment_status":"closed","ping_status":"closed","template":"","meta":{"footnotes":""},"class_list":["post-2383","page","type-page","status-publish","hentry"],"_links":{"self":[{"href":"https:\/\/moikk.hu\/index.php\/wp-json\/wp\/v2\/pages\/2383","targetHints":{"allow":["GET"]}}],"collection":[{"href":"https:\/\/moikk.hu\/index.php\/wp-json\/wp\/v2\/pages"}],"about":[{"href":"https:\/\/moikk.hu\/index.php\/wp-json\/wp\/v2\/types\/page"}],"author":[{"embeddable":true,"href":"https:\/\/moikk.hu\/index.php\/wp-json\/wp\/v2\/users\/1"}],"replies":[{"embeddable":true,"href":"https:\/\/moikk.hu\/index.php\/wp-json\/wp\/v2\/comments?post=2383"}],"version-history":[{"count":5,"href":"https:\/\/moikk.hu\/index.php\/wp-json\/wp\/v2\/pages\/2383\/revisions"}],"predecessor-version":[{"id":2971,"href":"https:\/\/moikk.hu\/index.php\/wp-json\/wp\/v2\/pages\/2383\/revisions\/2971"}],"wp:attachment":[{"href":"https:\/\/moikk.hu\/index.php\/wp-json\/wp\/v2\/media?parent=2383"}],"curies":[{"name":"wp","href":"https:\/\/api.w.org\/{rel}","templated":true}]}}