{"id":2368,"date":"2023-01-29T11:15:56","date_gmt":"2023-01-29T11:15:56","guid":{"rendered":"https:\/\/moikk.hu\/?page_id=2368"},"modified":"2024-08-06T17:23:14","modified_gmt":"2024-08-06T17:23:14","slug":"dr-elek-attila-grafikak-agyagszobrok","status":"publish","type":"page","link":"https:\/\/moikk.hu\/index.php\/dr-elek-attila-grafikak-agyagszobrok\/","title":{"rendered":"<strong>Dr. Elek Attila<\/strong> &#8211; grafik\u00e1k, agyagszobrok"},"content":{"rendered":"\n<ul class=\"wp-block-list\">\n<li><a href=\"https:\/\/moikk.hu\/wp-content\/uploads\/2024\/08\/ElekA-24julc.pdf\">Felt\u00f6ltve 2024 j\u00faliusban<\/a><\/li>\n<\/ul>\n\n\n\n<ul class=\"wp-block-list\">\n<li><a href=\"https:\/\/moikk.hu\/wp-content\/uploads\/2024\/01\/ElekA24cr.pdf\">Felt\u00f6ltve 2024 janu\u00e1rj\u00e1ban<\/a><\/li>\n<\/ul>\n\n\n\n<p><\/p>\n\n\n\n<ul class=\"wp-block-list\">\n<li><a href=\"https:\/\/moikk.hu\/wp-content\/uploads\/2023\/01\/ElekA23c.pdf\">Felt\u00f6ltve 2023 janu\u00e1rj\u00e1ban<\/a><\/li>\n<\/ul>\n\n\n\n<p><\/p>\n\n\n\n<ul class=\"wp-block-list\">\n<li><a href=\"https:\/\/moikk.hu\/wp-content\/uploads\/2022\/01\/Kepzm\/ElekA-Grafikak.pdf\">Felt\u00f6ltve 2022-ben<\/a><\/li>\n<\/ul>\n\n\n\n<p><\/p>\n\n\n\n<ul class=\"wp-block-list\">\n<li><a href=\"https:\/\/moikk.hu\/wp-content\/uploads\/2022\/01\/Kepzm\/ElekA-Grafikak.pdf\">Felt\u00f6ltve 2021-ben<\/a><\/li>\n<\/ul>\n\n\n\n<p><\/p>\n","protected":false},"excerpt":{"rendered":"","protected":false},"author":1,"featured_media":0,"parent":0,"menu_order":0,"comment_status":"closed","ping_status":"closed","template":"","meta":{"footnotes":""},"class_list":["post-2368","page","type-page","status-publish","hentry"],"_links":{"self":[{"href":"https:\/\/moikk.hu\/index.php\/wp-json\/wp\/v2\/pages\/2368","targetHints":{"allow":["GET"]}}],"collection":[{"href":"https:\/\/moikk.hu\/index.php\/wp-json\/wp\/v2\/pages"}],"about":[{"href":"https:\/\/moikk.hu\/index.php\/wp-json\/wp\/v2\/types\/page"}],"author":[{"embeddable":true,"href":"https:\/\/moikk.hu\/index.php\/wp-json\/wp\/v2\/users\/1"}],"replies":[{"embeddable":true,"href":"https:\/\/moikk.hu\/index.php\/wp-json\/wp\/v2\/comments?post=2368"}],"version-history":[{"count":5,"href":"https:\/\/moikk.hu\/index.php\/wp-json\/wp\/v2\/pages\/2368\/revisions"}],"predecessor-version":[{"id":3215,"href":"https:\/\/moikk.hu\/index.php\/wp-json\/wp\/v2\/pages\/2368\/revisions\/3215"}],"wp:attachment":[{"href":"https:\/\/moikk.hu\/index.php\/wp-json\/wp\/v2\/media?parent=2368"}],"curies":[{"name":"wp","href":"https:\/\/api.w.org\/{rel}","templated":true}]}}