{"id":23,"date":"2020-06-17T15:31:22","date_gmt":"2020-06-17T15:31:22","guid":{"rendered":"http:\/\/localhost\/moikk\/?page_id=21"},"modified":"2024-01-21T16:33:58","modified_gmt":"2024-01-21T16:33:58","slug":"galeria","status":"publish","type":"page","link":"https:\/\/moikk.hu\/index.php\/galeria\/","title":{"rendered":"Gal\u00e9ria"},"content":{"rendered":"\n<p class=\"has-large-font-size\"><strong>Napjaink<\/strong><\/p>\n\n\n\n<p>(A c\u00edmekre<em>&nbsp;kattintva megtekinthet\u0151ek a k\u00fcl\u00f6nb\u00f6z\u0151 esem\u00e9nyek fot\u00f3i)<\/em><\/p>\n\n\n\n<p style=\"font-size:26px\"><a href=\"https:\/\/moikk.hu\/index.php\/2022-szeptember-9-11-vac\/\">2022. szeptember 09-11. \u2013 V\u00e1c \u2013 a MO\u00cdKK 47. konferenci\u00e1ja<\/a><\/p>\n\n\n\n<p style=\"font-size:26px\"><a href=\"https:\/\/moikk.hu\/index.php\/2021-szeptember-10-12-vac-a-moikk-45-46-konferenciaja\/\">2021. szeptember 10-12. \u2013 V\u00e1c \u2013 a MO\u00cdKK 45-46. konferenci\u00e1ja<\/a><\/p>\n\n\n\n<ul class=\"wp-block-list\" style=\"font-size:28px\">\n<li>2021. j\u00fanius 12. &#8211; <a href=\"https:\/\/moikk.hu\/index.php\/2021-jun-12-kozgyules-romai-part\/\">K\u00f6zgy\u0171l\u00e9s &#8211; R\u00f3mai part<\/a><\/li>\n<\/ul>\n\n\n\n<ul class=\"wp-block-list\" style=\"font-size:28px\">\n<li>2021. j\u00fanius 12. &#8211; <a href=\"https:\/\/moikk.hu\/index.php\/2021-jun-12-hev-vel-a-romai-partra\/\">H\u00c9V-vel a R\u00f3mai partra<\/a><\/li>\n<\/ul>\n","protected":false},"excerpt":{"rendered":"<p>Napjaink (A c\u00edmekre&nbsp;kattintva megtekinthet\u0151ek a k\u00fcl\u00f6nb\u00f6z\u0151 esem\u00e9nyek fot\u00f3i) 2022. szeptember 09-11. \u2013 V\u00e1c \u2013 a MO\u00cdKK 47. konferenci\u00e1ja 2021. szeptember 10-12. \u2013 V\u00e1c \u2013 a MO\u00cdKK 45-46. konferenci\u00e1ja<\/p>\n","protected":false},"author":2,"featured_media":0,"parent":0,"menu_order":0,"comment_status":"closed","ping_status":"closed","template":"","meta":{"footnotes":""},"class_list":["post-23","page","type-page","status-publish","hentry"],"_links":{"self":[{"href":"https:\/\/moikk.hu\/index.php\/wp-json\/wp\/v2\/pages\/23","targetHints":{"allow":["GET"]}}],"collection":[{"href":"https:\/\/moikk.hu\/index.php\/wp-json\/wp\/v2\/pages"}],"about":[{"href":"https:\/\/moikk.hu\/index.php\/wp-json\/wp\/v2\/types\/page"}],"author":[{"embeddable":true,"href":"https:\/\/moikk.hu\/index.php\/wp-json\/wp\/v2\/users\/2"}],"replies":[{"embeddable":true,"href":"https:\/\/moikk.hu\/index.php\/wp-json\/wp\/v2\/comments?post=23"}],"version-history":[{"count":6,"href":"https:\/\/moikk.hu\/index.php\/wp-json\/wp\/v2\/pages\/23\/revisions"}],"predecessor-version":[{"id":2687,"href":"https:\/\/moikk.hu\/index.php\/wp-json\/wp\/v2\/pages\/23\/revisions\/2687"}],"wp:attachment":[{"href":"https:\/\/moikk.hu\/index.php\/wp-json\/wp\/v2\/media?parent=23"}],"curies":[{"name":"wp","href":"https:\/\/api.w.org\/{rel}","templated":true}]}}