{"id":2265,"date":"2023-01-18T20:43:16","date_gmt":"2023-01-18T20:43:16","guid":{"rendered":"https:\/\/moikk.hu\/?page_id=2265"},"modified":"2023-01-18T20:59:48","modified_gmt":"2023-01-18T20:59:48","slug":"megallapodasok-szerzodesek","status":"publish","type":"page","link":"https:\/\/moikk.hu\/index.php\/megallapodasok-szerzodesek\/","title":{"rendered":"Meg\u00e1llapod\u00e1sok, szerz\u0151d\u00e9sek"},"content":{"rendered":"\n<p><\/p>\n\n\n\n<ul class=\"wp-block-list\">\n<li><strong><a href=\"http:\/\/moikk.hu\/wp-content\/uploads\/2023\/01\/Em\u00fck_Krudy.pdf\">Egy\u00fcttm\u0171k\u00f6d\u00e9si meg\u00e1llapod\u00e1s &#8211; Kr\u00fady K\u00f6r<\/a><\/strong> <strong>(2022)<\/strong><\/li>\n<\/ul>\n","protected":false},"excerpt":{"rendered":"","protected":false},"author":1,"featured_media":0,"parent":0,"menu_order":0,"comment_status":"closed","ping_status":"closed","template":"","meta":{"footnotes":""},"class_list":["post-2265","page","type-page","status-publish","hentry"],"_links":{"self":[{"href":"https:\/\/moikk.hu\/index.php\/wp-json\/wp\/v2\/pages\/2265","targetHints":{"allow":["GET"]}}],"collection":[{"href":"https:\/\/moikk.hu\/index.php\/wp-json\/wp\/v2\/pages"}],"about":[{"href":"https:\/\/moikk.hu\/index.php\/wp-json\/wp\/v2\/types\/page"}],"author":[{"embeddable":true,"href":"https:\/\/moikk.hu\/index.php\/wp-json\/wp\/v2\/users\/1"}],"replies":[{"embeddable":true,"href":"https:\/\/moikk.hu\/index.php\/wp-json\/wp\/v2\/comments?post=2265"}],"version-history":[{"count":3,"href":"https:\/\/moikk.hu\/index.php\/wp-json\/wp\/v2\/pages\/2265\/revisions"}],"predecessor-version":[{"id":2270,"href":"https:\/\/moikk.hu\/index.php\/wp-json\/wp\/v2\/pages\/2265\/revisions\/2270"}],"wp:attachment":[{"href":"https:\/\/moikk.hu\/index.php\/wp-json\/wp\/v2\/media?parent=2265"}],"curies":[{"name":"wp","href":"https:\/\/api.w.org\/{rel}","templated":true}]}}