{"id":2258,"date":"2023-01-18T20:31:48","date_gmt":"2023-01-18T20:31:48","guid":{"rendered":"https:\/\/moikk.hu\/?page_id=2258"},"modified":"2026-01-30T12:51:05","modified_gmt":"2026-01-30T12:51:05","slug":"vezetoseg","status":"publish","type":"page","link":"https:\/\/moikk.hu\/index.php\/vezetoseg\/","title":{"rendered":"Vezet\u0151s\u00e9g"},"content":{"rendered":"\n<pre class=\"wp-block-preformatted has-large-font-size\">- <a href=\"https:\/\/moikk.hu\/wp-content\/uploads\/2026\/01\/MOIKK-eln\u00f6k\u00f6k-vezet\u00f6seg-2026.pdf\">MOKK\/MO\u00cdKK vezet\u0151s\u00e9ge 1975-t\u0151l<\/a><br><br><br><\/pre>\n","protected":false},"excerpt":{"rendered":"<p>&#8211; MOKK\/MO\u00cdKK vezet\u0151s\u00e9ge 1975-t\u0151l<\/p>\n","protected":false},"author":1,"featured_media":0,"parent":0,"menu_order":0,"comment_status":"closed","ping_status":"closed","template":"","meta":{"footnotes":""},"class_list":["post-2258","page","type-page","status-publish","hentry"],"_links":{"self":[{"href":"https:\/\/moikk.hu\/index.php\/wp-json\/wp\/v2\/pages\/2258","targetHints":{"allow":["GET"]}}],"collection":[{"href":"https:\/\/moikk.hu\/index.php\/wp-json\/wp\/v2\/pages"}],"about":[{"href":"https:\/\/moikk.hu\/index.php\/wp-json\/wp\/v2\/types\/page"}],"author":[{"embeddable":true,"href":"https:\/\/moikk.hu\/index.php\/wp-json\/wp\/v2\/users\/1"}],"replies":[{"embeddable":true,"href":"https:\/\/moikk.hu\/index.php\/wp-json\/wp\/v2\/comments?post=2258"}],"version-history":[{"count":6,"href":"https:\/\/moikk.hu\/index.php\/wp-json\/wp\/v2\/pages\/2258\/revisions"}],"predecessor-version":[{"id":3405,"href":"https:\/\/moikk.hu\/index.php\/wp-json\/wp\/v2\/pages\/2258\/revisions\/3405"}],"wp:attachment":[{"href":"https:\/\/moikk.hu\/index.php\/wp-json\/wp\/v2\/media?parent=2258"}],"curies":[{"name":"wp","href":"https:\/\/api.w.org\/{rel}","templated":true}]}}