{"id":2250,"date":"2023-01-18T20:00:24","date_gmt":"2023-01-18T20:00:24","guid":{"rendered":"https:\/\/moikk.hu\/?page_id=2250"},"modified":"2026-02-03T21:15:45","modified_gmt":"2026-02-03T21:15:45","slug":"mellekletek","status":"publish","type":"page","link":"https:\/\/moikk.hu\/index.php\/mellekletek\/","title":{"rendered":"Mell\u00e9kletek"},"content":{"rendered":"\n<ol class=\"wp-block-list\">\n<li><strong>Adatkezel\u00e9si szab\u00e1lyzat<\/strong><\/li>\n\n\n\n<li><strong>Nyilatkozatok: <a href=\"https:\/\/moikk.hu\/wp-content\/uploads\/2021\/menu20\/MOIKK-be26.pdf\">Bel\u00e9p\u00e9si Nyilatkozat<\/a>; <a href=\"https:\/\/moikk.hu\/wp-content\/uploads\/2021\/menu20\/MOIKK-ki.pdf\">Kil\u00e9p\u00e9si Nyilatkozat<\/a><\/strong><\/li>\n\n\n\n<li><a href=\"https:\/\/moikk.hu\/wp-content\/uploads\/2023\/01\/3mKit\u00fcntSzab-2022.pdf\"><strong>Kit\u00fcntet\u00e9sek, d\u00edjak, c\u00edmek<\/strong><\/a><\/li>\n<\/ol>\n\n\n\n<p><\/p>\n","protected":false},"excerpt":{"rendered":"","protected":false},"author":1,"featured_media":0,"parent":0,"menu_order":0,"comment_status":"closed","ping_status":"closed","template":"","meta":{"footnotes":""},"class_list":["post-2250","page","type-page","status-publish","hentry"],"_links":{"self":[{"href":"https:\/\/moikk.hu\/index.php\/wp-json\/wp\/v2\/pages\/2250","targetHints":{"allow":["GET"]}}],"collection":[{"href":"https:\/\/moikk.hu\/index.php\/wp-json\/wp\/v2\/pages"}],"about":[{"href":"https:\/\/moikk.hu\/index.php\/wp-json\/wp\/v2\/types\/page"}],"author":[{"embeddable":true,"href":"https:\/\/moikk.hu\/index.php\/wp-json\/wp\/v2\/users\/1"}],"replies":[{"embeddable":true,"href":"https:\/\/moikk.hu\/index.php\/wp-json\/wp\/v2\/comments?post=2250"}],"version-history":[{"count":8,"href":"https:\/\/moikk.hu\/index.php\/wp-json\/wp\/v2\/pages\/2250\/revisions"}],"predecessor-version":[{"id":3436,"href":"https:\/\/moikk.hu\/index.php\/wp-json\/wp\/v2\/pages\/2250\/revisions\/3436"}],"wp:attachment":[{"href":"https:\/\/moikk.hu\/index.php\/wp-json\/wp\/v2\/media?parent=2250"}],"curies":[{"name":"wp","href":"https:\/\/api.w.org\/{rel}","templated":true}]}}