{"id":22,"date":"2020-06-17T15:31:22","date_gmt":"2020-06-17T15:31:22","guid":{"rendered":"http:\/\/localhost\/moikk\/?page_id=20"},"modified":"2022-01-28T15:49:16","modified_gmt":"2022-01-28T15:49:16","slug":"tallozo-tagjaink-muveibol","status":"publish","type":"page","link":"https:\/\/moikk.hu\/index.php\/tallozo-tagjaink-muveibol\/","title":{"rendered":"Tall\u00f3z\u00f3 tagjaink m\u0171veib\u0151l"},"content":{"rendered":"\n<p><\/p>\n\n\n\n<p style=\"font-size:24px\"><strong><a href=\"https:\/\/moikk.hu\/wp-content\/uploads\/2021\/menu20\/Kirakat_OnodyM.pdf\">A KIRAKATBAN Dr. \u00d3nody Magdolna<\/a><\/strong><\/p>\n\n\n\n<p style=\"font-size:24px\"><strong><a href=\"https:\/\/moikk.hu\/index.php\/orvosirok-muveibol\/\">Orvos\u00edr\u00f3k m\u0171veib\u0151l<\/a><\/strong><\/p>\n\n\n\n<p style=\"font-size:24px\"><strong><a href=\"https:\/\/moikk.hu\/index.php\/orvos-kepzomuveszek-alkotasaibol\/\">Orvos k\u00e9pz\u0151m\u0171v\u00e9szek alkot\u00e1saib\u00f3l<\/a><\/strong><\/p>\n\n\n\n<p style=\"font-size:24px\"><strong><a href=\"https:\/\/moikk.hu\/wp-content\/uploads\/2021\/menu20\/Morzsakc.pdf\">Morzs\u00e1k az internetr\u0151l<\/a><\/strong><\/p>\n","protected":false},"excerpt":{"rendered":"<p>A KIRAKATBAN Dr. \u00d3nody Magdolna Orvos\u00edr\u00f3k m\u0171veib\u0151l Orvos k\u00e9pz\u0151m\u0171v\u00e9szek alkot\u00e1saib\u00f3l Morzs\u00e1k az internetr\u0151l<\/p>\n","protected":false},"author":2,"featured_media":0,"parent":0,"menu_order":0,"comment_status":"closed","ping_status":"closed","template":"","meta":{"footnotes":""},"class_list":["post-22","page","type-page","status-publish","hentry"],"_links":{"self":[{"href":"https:\/\/moikk.hu\/index.php\/wp-json\/wp\/v2\/pages\/22","targetHints":{"allow":["GET"]}}],"collection":[{"href":"https:\/\/moikk.hu\/index.php\/wp-json\/wp\/v2\/pages"}],"about":[{"href":"https:\/\/moikk.hu\/index.php\/wp-json\/wp\/v2\/types\/page"}],"author":[{"embeddable":true,"href":"https:\/\/moikk.hu\/index.php\/wp-json\/wp\/v2\/users\/2"}],"replies":[{"embeddable":true,"href":"https:\/\/moikk.hu\/index.php\/wp-json\/wp\/v2\/comments?post=22"}],"version-history":[{"count":4,"href":"https:\/\/moikk.hu\/index.php\/wp-json\/wp\/v2\/pages\/22\/revisions"}],"predecessor-version":[{"id":1525,"href":"https:\/\/moikk.hu\/index.php\/wp-json\/wp\/v2\/pages\/22\/revisions\/1525"}],"wp:attachment":[{"href":"https:\/\/moikk.hu\/index.php\/wp-json\/wp\/v2\/media?parent=22"}],"curies":[{"name":"wp","href":"https:\/\/api.w.org\/{rel}","templated":true}]}}