{"id":2188,"date":"2022-08-29T17:46:19","date_gmt":"2022-08-29T17:46:19","guid":{"rendered":"https:\/\/moikk.hu\/?page_id=2188"},"modified":"2026-02-15T15:00:02","modified_gmt":"2026-02-15T15:00:02","slug":"antologiak-2020-tol","status":"publish","type":"page","link":"https:\/\/moikk.hu\/index.php\/antologiak-2020-tol\/","title":{"rendered":"Antol\u00f3gi\u00e1k 2020-t\u00f3l"},"content":{"rendered":"\n<p>(Az al\u00e1h\u00fazott c\u00edmre kattintva \u00e9rhet\u0151 el a tartalomjegyz\u00e9k)<\/p>\n\n\n\n<div class=\"wp-block-columns is-layout-flex wp-container-core-columns-is-layout-9d6595d7 wp-block-columns-is-layout-flex\">\n<div class=\"wp-block-column is-layout-flow wp-block-column-is-layout-flow\">\n<figure class=\"wp-block-image size-full\"><img loading=\"lazy\" decoding=\"async\" width=\"381\" height=\"566\" src=\"https:\/\/moikk.hu\/wp-content\/uploads\/2024\/11\/Antciml23-3.jpg\" alt=\"\" class=\"wp-image-3251\" srcset=\"https:\/\/moikk.hu\/wp-content\/uploads\/2024\/11\/Antciml23-3.jpg 381w, https:\/\/moikk.hu\/wp-content\/uploads\/2024\/11\/Antciml23-3-202x300.jpg 202w, https:\/\/moikk.hu\/wp-content\/uploads\/2024\/11\/Antciml23-3-300x446.jpg 300w\" sizes=\"auto, (max-width: 381px) 100vw, 381px\" \/><figcaption class=\"wp-element-caption\"><br><strong><a href=\"https:\/\/moikk.hu\/wp-content\/uploads\/2023\/11\/AntT23.pdf\">Vesz\u00e9lyes id\u0151k tan\u00fai &#8211; 2023<\/a><\/strong><\/figcaption><\/figure>\n<\/div>\n\n\n\n<div class=\"wp-block-column is-layout-flow wp-block-column-is-layout-flow\">\n<figure class=\"wp-block-image size-full is-resized\"><img loading=\"lazy\" decoding=\"async\" width=\"326\" height=\"500\" src=\"https:\/\/moikk.hu\/wp-content\/uploads\/2026\/02\/Ant-Mosolyogj24.jpg\" alt=\"\" class=\"wp-image-3524\" style=\"width:264px;height:auto\" srcset=\"https:\/\/moikk.hu\/wp-content\/uploads\/2026\/02\/Ant-Mosolyogj24.jpg 326w, https:\/\/moikk.hu\/wp-content\/uploads\/2026\/02\/Ant-Mosolyogj24-196x300.jpg 196w, https:\/\/moikk.hu\/wp-content\/uploads\/2026\/02\/Ant-Mosolyogj24-300x460.jpg 300w\" sizes=\"auto, (max-width: 326px) 100vw, 326px\" \/><figcaption class=\"wp-element-caption\"><br><strong><a href=\"https:\/\/moikk.hu\/wp-content\/uploads\/2026\/01\/Ant24Tc.pdf\">Mosolyogj, tov\u00e1bb \u00e9lsz &#8211; 2024<\/a><\/strong><\/figcaption><\/figure>\n<\/div>\n\n\n\n<div class=\"wp-block-column is-layout-flow wp-block-column-is-layout-flow\"><\/div>\n<\/div>\n\n\n\n<div class=\"wp-block-columns is-layout-flex wp-container-core-columns-is-layout-9d6595d7 wp-block-columns-is-layout-flex\">\n<div class=\"wp-block-column is-layout-flow wp-block-column-is-layout-flow\">\n<figure class=\"wp-block-image size-full\"><img loading=\"lazy\" decoding=\"async\" width=\"384\" height=\"573\" src=\"https:\/\/moikk.hu\/wp-content\/uploads\/2022\/08\/Ant20F.jpg\" alt=\"\" class=\"wp-image-2189\" srcset=\"https:\/\/moikk.hu\/wp-content\/uploads\/2022\/08\/Ant20F.jpg 384w, https:\/\/moikk.hu\/wp-content\/uploads\/2022\/08\/Ant20F-201x300.jpg 201w, https:\/\/moikk.hu\/wp-content\/uploads\/2022\/08\/Ant20F-300x448.jpg 300w\" sizes=\"auto, (max-width: 384px) 100vw, 384px\" \/><figcaption class=\"wp-element-caption\"><br><strong><strong><a href=\"https:\/\/moikk.hu\/wp-content\/uploads\/2022\/08\/Ant20T.pdf\">V\u00edrusok \u00e9s \u00c9vfordul\u00f3k<\/a><\/strong> 2020<\/strong><br><em>45. Jubileumi antol\u00f3gia<\/em><\/figcaption><\/figure>\n<\/div>\n\n\n\n<div class=\"wp-block-column is-layout-flow wp-block-column-is-layout-flow\">\n<figure class=\"wp-block-image size-full\"><img loading=\"lazy\" decoding=\"async\" width=\"384\" height=\"568\" src=\"https:\/\/moikk.hu\/wp-content\/uploads\/2022\/08\/Ant21cl.jpg\" alt=\"\" class=\"wp-image-2208\" srcset=\"https:\/\/moikk.hu\/wp-content\/uploads\/2022\/08\/Ant21cl.jpg 384w, https:\/\/moikk.hu\/wp-content\/uploads\/2022\/08\/Ant21cl-203x300.jpg 203w, https:\/\/moikk.hu\/wp-content\/uploads\/2022\/08\/Ant21cl-300x444.jpg 300w\" sizes=\"auto, (max-width: 384px) 100vw, 384px\" \/><figcaption class=\"wp-element-caption\"><br><strong><strong><a href=\"https:\/\/moikk.hu\/wp-content\/uploads\/2022\/08\/Ant21Tc.pdf\">V\u00edrusok \u00e9s V\u00e1ltoz\u00e1sok<\/a><\/strong> 2021<\/strong><\/figcaption><\/figure>\n<\/div>\n\n\n\n<div class=\"wp-block-column is-layout-flow wp-block-column-is-layout-flow\">\n<figure class=\"wp-block-image size-large\"><img loading=\"lazy\" decoding=\"async\" width=\"721\" height=\"1024\" src=\"https:\/\/moikk.hu\/wp-content\/uploads\/2024\/11\/Szintek-elso-721x1024.jpg\" alt=\"\" class=\"wp-image-3250\" srcset=\"https:\/\/moikk.hu\/wp-content\/uploads\/2024\/11\/Szintek-elso-721x1024.jpg 721w, https:\/\/moikk.hu\/wp-content\/uploads\/2024\/11\/Szintek-elso-211x300.jpg 211w, https:\/\/moikk.hu\/wp-content\/uploads\/2024\/11\/Szintek-elso-768x1091.jpg 768w, https:\/\/moikk.hu\/wp-content\/uploads\/2024\/11\/Szintek-elso-300x426.jpg 300w, https:\/\/moikk.hu\/wp-content\/uploads\/2024\/11\/Szintek-elso-850x1207.jpg 850w, https:\/\/moikk.hu\/wp-content\/uploads\/2024\/11\/Szintek-elso.jpg 873w\" sizes=\"auto, (max-width: 721px) 100vw, 721px\" \/><figcaption class=\"wp-element-caption\"><br><strong><a href=\"https:\/\/moikk.hu\/wp-content\/uploads\/2022\/11\/Ant22T_c.pdf\">Szintek, sz\u00ednek, t\u00f6rt\u00e9netek<\/a> &#8211; 2022<\/strong><\/figcaption><\/figure>\n<\/div>\n<\/div>\n\n\n\n<p><\/p>\n\n\n\n<p><\/p>\n","protected":false},"excerpt":{"rendered":"<p>(Az al\u00e1h\u00fazott c\u00edmre kattintva \u00e9rhet\u0151 el a tartalomjegyz\u00e9k)<\/p>\n","protected":false},"author":1,"featured_media":0,"parent":0,"menu_order":0,"comment_status":"closed","ping_status":"closed","template":"","meta":{"footnotes":""},"class_list":["post-2188","page","type-page","status-publish","hentry"],"_links":{"self":[{"href":"https:\/\/moikk.hu\/index.php\/wp-json\/wp\/v2\/pages\/2188","targetHints":{"allow":["GET"]}}],"collection":[{"href":"https:\/\/moikk.hu\/index.php\/wp-json\/wp\/v2\/pages"}],"about":[{"href":"https:\/\/moikk.hu\/index.php\/wp-json\/wp\/v2\/types\/page"}],"author":[{"embeddable":true,"href":"https:\/\/moikk.hu\/index.php\/wp-json\/wp\/v2\/users\/1"}],"replies":[{"embeddable":true,"href":"https:\/\/moikk.hu\/index.php\/wp-json\/wp\/v2\/comments?post=2188"}],"version-history":[{"count":12,"href":"https:\/\/moikk.hu\/index.php\/wp-json\/wp\/v2\/pages\/2188\/revisions"}],"predecessor-version":[{"id":3535,"href":"https:\/\/moikk.hu\/index.php\/wp-json\/wp\/v2\/pages\/2188\/revisions\/3535"}],"wp:attachment":[{"href":"https:\/\/moikk.hu\/index.php\/wp-json\/wp\/v2\/media?parent=2188"}],"curies":[{"name":"wp","href":"https:\/\/api.w.org\/{rel}","templated":true}]}}