{"id":2186,"date":"2022-08-29T17:37:14","date_gmt":"2022-08-29T17:37:14","guid":{"rendered":"https:\/\/moikk.hu\/?page_id=2186"},"modified":"2022-08-29T18:15:30","modified_gmt":"2022-08-29T18:15:30","slug":"a-2019-ig-megjelent-antologiak","status":"publish","type":"page","link":"https:\/\/moikk.hu\/index.php\/a-2019-ig-megjelent-antologiak\/","title":{"rendered":"A 2019-ig megjelent antol\u00f3gi\u00e1k"},"content":{"rendered":"\n<p><\/p>\n\n\n\n<ul class=\"wp-block-list\" style=\"font-size:30px\"><li><a href=\"https:\/\/moikk.hu\/wp-content\/uploads\/2022\/08\/AntTab75-19c.pdf\">Az antol\u00f3gi\u00e1k c\u00edmoldala<\/a><\/li><\/ul>\n\n\n\n<p><\/p>\n\n\n\n<ul class=\"wp-block-list\" style=\"font-size:30px\"><li><a href=\"https:\/\/moikk.hu\/index.php\/az-antologiak-tartalomjegyzeke\/\">Az antol\u00f3gi\u00e1k tartalomjegyz\u00e9ke<\/a><\/li><\/ul>\n","protected":false},"excerpt":{"rendered":"<p>Az antol\u00f3gi\u00e1k c\u00edmoldala Az antol\u00f3gi\u00e1k tartalomjegyz\u00e9ke<\/p>\n","protected":false},"author":1,"featured_media":0,"parent":0,"menu_order":0,"comment_status":"closed","ping_status":"closed","template":"","meta":{"footnotes":""},"class_list":["post-2186","page","type-page","status-publish","hentry"],"_links":{"self":[{"href":"https:\/\/moikk.hu\/index.php\/wp-json\/wp\/v2\/pages\/2186","targetHints":{"allow":["GET"]}}],"collection":[{"href":"https:\/\/moikk.hu\/index.php\/wp-json\/wp\/v2\/pages"}],"about":[{"href":"https:\/\/moikk.hu\/index.php\/wp-json\/wp\/v2\/types\/page"}],"author":[{"embeddable":true,"href":"https:\/\/moikk.hu\/index.php\/wp-json\/wp\/v2\/users\/1"}],"replies":[{"embeddable":true,"href":"https:\/\/moikk.hu\/index.php\/wp-json\/wp\/v2\/comments?post=2186"}],"version-history":[{"count":3,"href":"https:\/\/moikk.hu\/index.php\/wp-json\/wp\/v2\/pages\/2186\/revisions"}],"predecessor-version":[{"id":2197,"href":"https:\/\/moikk.hu\/index.php\/wp-json\/wp\/v2\/pages\/2186\/revisions\/2197"}],"wp:attachment":[{"href":"https:\/\/moikk.hu\/index.php\/wp-json\/wp\/v2\/media?parent=2186"}],"curies":[{"name":"wp","href":"https:\/\/api.w.org\/{rel}","templated":true}]}}