{"id":21,"date":"2020-06-17T15:31:22","date_gmt":"2020-06-17T15:31:22","guid":{"rendered":"http:\/\/localhost\/moikk\/?page_id=19"},"modified":"2024-02-10T19:10:55","modified_gmt":"2024-02-10T19:10:55","slug":"konyv-es-kepzomuveszeti-bemutatok","status":"publish","type":"page","link":"https:\/\/moikk.hu\/index.php\/konyv-es-kepzomuveszeti-bemutatok\/","title":{"rendered":"K\u00f6nyv- \u00e9s k\u00e9pz\u0151m\u0171v\u00e9szeti bemutat\u00f3k"},"content":{"rendered":"\n<ul class=\"wp-block-list\">\n<li><strong>K\u00f6nyvbemutat\u00f3k<\/strong><\/li>\n<\/ul>\n\n\n\n<p><strong><a href=\"https:\/\/moikk.hu\/wp-content\/uploads\/2024\/02\/Ragaly-23dec13.pdf\">K\u00f6nyvbemutat\u00f3 &#8211; 2023. 12. 13. &#8211; Debrecen<\/a><\/strong><\/p>\n\n\n\n<p><strong><a href=\"https:\/\/moikk.hu\/wp-content\/uploads\/2023\/02\/Ragaly-Krudy23febr16.pdf\">K\u00f6nyvbemutat\u00f3 (Rag\u00e1ly-2019) \u2013 2023. 02. 16. \u2013 Bp. Kr\u00fady K\u00f6r<\/a><\/strong><\/p>\n\n\n\n<p><strong>K\u00f6nyvbemutat\u00f3 &#8211; 2022. 11. 17. &#8211; Eger<\/strong><\/p>\n\n\n\n<ul class=\"wp-block-list\">\n<li><a href=\"http:\/\/moikk.hu\/wp-content\/uploads\/2023\/01\/Ragaly-Eger22beszc.pdf\">Besz\u00e1mol\u00f3<\/a>&nbsp;a \u201cRag\u00e1ly-2019\u201d c. k\u00f6nyv egri bemutat\u00f3j\u00e1r\u00f3l<\/li>\n\n\n\n<li>Heves Megyei H\u00edrlap k\u00f6nyvbemutat\u00f3&nbsp;<a href=\"http:\/\/moikk.hu\/wp-content\/uploads\/2023\/01\/Ragaly-Eger22el%C3%B6zc.pdf\">el\u0151zetes<\/a><\/li>\n\n\n\n<li>Heves Megyei H\u00edrlap&nbsp;<a href=\"http:\/\/moikk.hu\/wp-content\/uploads\/2023\/01\/Ragaly-Eger22cikk.pdf\">\u00fajs\u00e1gcikk<\/a><\/li>\n\n\n\n<li><a href=\"https:\/\/moikk.hu\/wp-content\/uploads\/2023\/01\/Ragaly-meghivo.jpg\">Megh\u00edv\u00f3<\/a> a k\u00f6nyvbemutat\u00f3ra<\/li>\n<\/ul>\n\n\n\n<p><strong>K\u00f6nyvbemutat\u00f3 &#8211; 2022. 09. 11. &#8211; V\u00e1c<\/strong><\/p>\n\n\n\n<p><a href=\"https:\/\/moikk.hu\/wp-content\/uploads\/2021\/menu20\/K%C3%B6nyvbem1c.pdf\">K\u00f6nyvbemutat\u00f3 &#8211; 2021. 09. 12. &#8211; V\u00e1c<\/a><\/p>\n\n\n\n<p style=\"font-size:25px\"><\/p>\n\n\n\n<ul class=\"wp-block-list\">\n<li><strong>K\u00e9pz\u0151m\u0171v\u00e9szeti bemutat\u00f3k<\/strong><\/li>\n<\/ul>\n\n\n\n<p><a href=\"https:\/\/moikk.hu\/index.php\/orvos-kepzomuveszek-kiallitasa-2022-vac\/\">ORVOS K\u00c9PZ\u0150M\u0170V\u00c9SZEK KI\u00c1LL\u00cdT\u00c1SA 2022. V\u00c1C<\/a> (2022. szept. 09. MIMK)<\/p>\n\n\n\n<p><\/p>\n","protected":false},"excerpt":{"rendered":"<p>K\u00f6nyvbemutat\u00f3 &#8211; 2023. 12. 13. &#8211; Debrecen K\u00f6nyvbemutat\u00f3 (Rag\u00e1ly-2019) \u2013 2023. 02. 16. \u2013 Bp. Kr\u00fady K\u00f6r K\u00f6nyvbemutat\u00f3 &#8211; 2022. 11. 17. &#8211; Eger K\u00f6nyvbemutat\u00f3 &#8211; 2022. 09. 11. &#8211; V\u00e1c K\u00f6nyvbemutat\u00f3&#8230;<\/p>\n","protected":false},"author":2,"featured_media":0,"parent":0,"menu_order":0,"comment_status":"closed","ping_status":"closed","template":"","meta":{"footnotes":""},"class_list":["post-21","page","type-page","status-publish","hentry"],"_links":{"self":[{"href":"https:\/\/moikk.hu\/index.php\/wp-json\/wp\/v2\/pages\/21","targetHints":{"allow":["GET"]}}],"collection":[{"href":"https:\/\/moikk.hu\/index.php\/wp-json\/wp\/v2\/pages"}],"about":[{"href":"https:\/\/moikk.hu\/index.php\/wp-json\/wp\/v2\/types\/page"}],"author":[{"embeddable":true,"href":"https:\/\/moikk.hu\/index.php\/wp-json\/wp\/v2\/users\/2"}],"replies":[{"embeddable":true,"href":"https:\/\/moikk.hu\/index.php\/wp-json\/wp\/v2\/comments?post=21"}],"version-history":[{"count":10,"href":"https:\/\/moikk.hu\/index.php\/wp-json\/wp\/v2\/pages\/21\/revisions"}],"predecessor-version":[{"id":2991,"href":"https:\/\/moikk.hu\/index.php\/wp-json\/wp\/v2\/pages\/21\/revisions\/2991"}],"wp:attachment":[{"href":"https:\/\/moikk.hu\/index.php\/wp-json\/wp\/v2\/media?parent=21"}],"curies":[{"name":"wp","href":"https:\/\/api.w.org\/{rel}","templated":true}]}}