{"id":20,"date":"2020-06-17T15:31:22","date_gmt":"2020-06-17T15:31:22","guid":{"rendered":"http:\/\/localhost\/moikk\/?page_id=18"},"modified":"2026-02-12T10:12:18","modified_gmt":"2026-02-12T10:12:18","slug":"antologiak","status":"publish","type":"page","link":"https:\/\/moikk.hu\/index.php\/antologiak\/","title":{"rendered":"K\u00f6nyvek, Albumok"},"content":{"rendered":"\n<p style=\"font-size:27px\"><strong>Ebben a men\u0171pontban a MO\u00cdKK \u00e1ltal kiadott k\u00f6nyvekr\u0151l \u00e9s albumokr\u00f3l lehet \u00e1ttekint\u00e9st kapni.<\/strong><\/p>\n\n\n\n<p><\/p>\n","protected":false},"excerpt":{"rendered":"<p>Ebben a men\u0171pontban a MO\u00cdKK \u00e1ltal kiadott k\u00f6nyvekr\u0151l \u00e9s albumokr\u00f3l lehet \u00e1ttekint\u00e9st kapni.<\/p>\n","protected":false},"author":2,"featured_media":0,"parent":0,"menu_order":0,"comment_status":"closed","ping_status":"closed","template":"","meta":{"footnotes":""},"class_list":["post-20","page","type-page","status-publish","hentry"],"_links":{"self":[{"href":"https:\/\/moikk.hu\/index.php\/wp-json\/wp\/v2\/pages\/20","targetHints":{"allow":["GET"]}}],"collection":[{"href":"https:\/\/moikk.hu\/index.php\/wp-json\/wp\/v2\/pages"}],"about":[{"href":"https:\/\/moikk.hu\/index.php\/wp-json\/wp\/v2\/types\/page"}],"author":[{"embeddable":true,"href":"https:\/\/moikk.hu\/index.php\/wp-json\/wp\/v2\/users\/2"}],"replies":[{"embeddable":true,"href":"https:\/\/moikk.hu\/index.php\/wp-json\/wp\/v2\/comments?post=20"}],"version-history":[{"count":3,"href":"https:\/\/moikk.hu\/index.php\/wp-json\/wp\/v2\/pages\/20\/revisions"}],"predecessor-version":[{"id":3504,"href":"https:\/\/moikk.hu\/index.php\/wp-json\/wp\/v2\/pages\/20\/revisions\/3504"}],"wp:attachment":[{"href":"https:\/\/moikk.hu\/index.php\/wp-json\/wp\/v2\/media?parent=20"}],"curies":[{"name":"wp","href":"https:\/\/api.w.org\/{rel}","templated":true}]}}