{"id":19,"date":"2020-06-17T15:31:22","date_gmt":"2020-06-17T15:31:22","guid":{"rendered":"http:\/\/localhost\/moikk\/?page_id=17"},"modified":"2024-03-07T11:15:12","modified_gmt":"2024-03-07T11:15:12","slug":"rendezvenyek","status":"publish","type":"page","link":"https:\/\/moikk.hu\/index.php\/rendezvenyek\/","title":{"rendered":"Rendezv\u00e9nyek"},"content":{"rendered":"\n<p><a href=\"https:\/\/moikk.hu\/index.php\/konferencia\/\">Konferencia<\/a><\/p>\n\n\n\n<p><a href=\"https:\/\/moikk.hu\/index.php\/konyv-es-kepzomuveszeti-bemutatok\/\">K\u00f6nyv- \u00e9s K\u00e9pz\u0151m\u0171v\u00e9szeti Bemutat\u00f3<\/a> <\/p>\n\n\n\n<p><a href=\"https:\/\/moikk.hu\/index.php\/egyeb-rendezvenyek\/\">Egy\u00e9b rendezv\u00e9nyek<\/a><\/p>\n\n\n\n<p><a href=\"https:\/\/moikk.hu\/index.php\/meghivok\/\">Megh\u00edv\u00f3k<\/a><\/p>\n\n\n\n<p><\/p>\n","protected":false},"excerpt":{"rendered":"<p>Konferencia K\u00f6nyv- \u00e9s K\u00e9pz\u0151m\u0171v\u00e9szeti Bemutat\u00f3 Egy\u00e9b rendezv\u00e9nyek Megh\u00edv\u00f3k<\/p>\n","protected":false},"author":2,"featured_media":0,"parent":0,"menu_order":0,"comment_status":"closed","ping_status":"closed","template":"","meta":{"footnotes":""},"class_list":["post-19","page","type-page","status-publish","hentry"],"_links":{"self":[{"href":"https:\/\/moikk.hu\/index.php\/wp-json\/wp\/v2\/pages\/19","targetHints":{"allow":["GET"]}}],"collection":[{"href":"https:\/\/moikk.hu\/index.php\/wp-json\/wp\/v2\/pages"}],"about":[{"href":"https:\/\/moikk.hu\/index.php\/wp-json\/wp\/v2\/types\/page"}],"author":[{"embeddable":true,"href":"https:\/\/moikk.hu\/index.php\/wp-json\/wp\/v2\/users\/2"}],"replies":[{"embeddable":true,"href":"https:\/\/moikk.hu\/index.php\/wp-json\/wp\/v2\/comments?post=19"}],"version-history":[{"count":4,"href":"https:\/\/moikk.hu\/index.php\/wp-json\/wp\/v2\/pages\/19\/revisions"}],"predecessor-version":[{"id":3097,"href":"https:\/\/moikk.hu\/index.php\/wp-json\/wp\/v2\/pages\/19\/revisions\/3097"}],"wp:attachment":[{"href":"https:\/\/moikk.hu\/index.php\/wp-json\/wp\/v2\/media?parent=19"}],"curies":[{"name":"wp","href":"https:\/\/api.w.org\/{rel}","templated":true}]}}