{"id":18,"date":"2020-06-17T15:31:22","date_gmt":"2020-06-17T15:31:22","guid":{"rendered":"http:\/\/localhost\/moikk\/?page_id=16"},"modified":"2026-02-05T16:32:50","modified_gmt":"2026-02-05T16:32:50","slug":"tagsagi-informaciok","status":"publish","type":"page","link":"https:\/\/moikk.hu\/index.php\/tagsagi-informaciok\/","title":{"rendered":"Tags\u00e1gi inform\u00e1ci\u00f3k"},"content":{"rendered":"\n<p class=\"has-white-color has-text-color\">.<\/p>\n\n\n\n<p class=\"has-vivid-cyan-blue-color has-text-color\" style=\"font-size:25px\"><a href=\"https:\/\/moikk.hu\/wp-content\/uploads\/2026\/01\/Taginfo-2020-25h.pdf\" data-type=\"link\" data-id=\"https:\/\/moikk.hu\/wp-content\/uploads\/2024\/01\/Taginfo-2020-23.pdf\"><strong>\u00c1tfog\u00f3 adatok<\/strong><\/a><\/p>\n\n\n\n<p class=\"has-vivid-cyan-blue-color has-text-color has-link-color wp-elements-18886b8713553016e2ec7d6f57487c34\" style=\"font-size:26px\"><strong><a href=\"https:\/\/moikk.hu\/index.php\/a-moikk-tagjai\/\">A MO\u00cdKK tagjai<\/a><\/strong><\/p>\n\n\n\n<p class=\"has-vivid-cyan-blue-color has-text-color has-link-color wp-elements-2064d91858dc5b027430b9fd30726b4b\" style=\"font-size:26px\"><strong><a href=\"https:\/\/moikk.hu\/index.php\/a-moikk-kituntetett-tagjai\/\">A MO\u00cdKK kit\u00fcntetett tagjai<\/a><\/strong> (kit\u00fcntet\u00e9sek, d\u00edjak, c\u00edmek)<\/p>\n\n\n\n<p class=\"has-text-align-left has-vivid-cyan-blue-color has-text-color\" style=\"font-size:25px\"><strong><a href=\"https:\/\/moikk.hu\/wp-content\/uploads\/2021\/menu20\/MOIKK-be26.pdf\">Bel\u00e9p\u00e9si nyilatkozat<\/a><\/strong><\/p>\n\n\n\n<p class=\"has-text-align-left has-vivid-cyan-blue-color has-text-color\" style=\"font-size:25px\"><strong><a href=\"https:\/\/moikk.hu\/wp-content\/uploads\/2021\/menu20\/MOIKK-ki.pdf\">Kil\u00e9p\u00e9si nyilatkozat<\/a><\/strong><\/p>\n\n\n\n<p class=\"has-text-align-center has-medium-font-size\"><\/p>\n","protected":false},"excerpt":{"rendered":"<p>. \u00c1tfog\u00f3 adatok A MO\u00cdKK tagjai A MO\u00cdKK kit\u00fcntetett tagjai (kit\u00fcntet\u00e9sek, d\u00edjak, c\u00edmek) Bel\u00e9p\u00e9si nyilatkozat Kil\u00e9p\u00e9si nyilatkozat<\/p>\n","protected":false},"author":2,"featured_media":0,"parent":0,"menu_order":0,"comment_status":"closed","ping_status":"closed","template":"","meta":{"footnotes":""},"class_list":["post-18","page","type-page","status-publish","hentry"],"_links":{"self":[{"href":"https:\/\/moikk.hu\/index.php\/wp-json\/wp\/v2\/pages\/18","targetHints":{"allow":["GET"]}}],"collection":[{"href":"https:\/\/moikk.hu\/index.php\/wp-json\/wp\/v2\/pages"}],"about":[{"href":"https:\/\/moikk.hu\/index.php\/wp-json\/wp\/v2\/types\/page"}],"author":[{"embeddable":true,"href":"https:\/\/moikk.hu\/index.php\/wp-json\/wp\/v2\/users\/2"}],"replies":[{"embeddable":true,"href":"https:\/\/moikk.hu\/index.php\/wp-json\/wp\/v2\/comments?post=18"}],"version-history":[{"count":24,"href":"https:\/\/moikk.hu\/index.php\/wp-json\/wp\/v2\/pages\/18\/revisions"}],"predecessor-version":[{"id":3451,"href":"https:\/\/moikk.hu\/index.php\/wp-json\/wp\/v2\/pages\/18\/revisions\/3451"}],"wp:attachment":[{"href":"https:\/\/moikk.hu\/index.php\/wp-json\/wp\/v2\/media?parent=18"}],"curies":[{"name":"wp","href":"https:\/\/api.w.org\/{rel}","templated":true}]}}