{"id":1453,"date":"2022-01-27T16:02:37","date_gmt":"2022-01-27T16:02:37","guid":{"rendered":"https:\/\/moikk.hu\/?page_id=1453"},"modified":"2024-02-10T11:57:50","modified_gmt":"2024-02-10T11:57:50","slug":"dr-wagner-erzsebet","status":"publish","type":"page","link":"https:\/\/moikk.hu\/index.php\/dr-wagner-erzsebet\/","title":{"rendered":"Dr. Wagner Erzs\u00e9bet"},"content":{"rendered":"\n<p style=\"font-size:26px\"><strong>Felt\u00e9ve 2024 janu\u00e1rj\u00e1ban:<\/strong><\/p>\n\n\n\n<figure class=\"wp-block-image size-large is-style-default\"><img loading=\"lazy\" decoding=\"async\" width=\"1024\" height=\"768\" src=\"https:\/\/moikk.hu\/wp-content\/uploads\/2024\/02\/Balatoni-naplemente-1024x768.jpg\" alt=\"\" class=\"wp-image-2950\" srcset=\"https:\/\/moikk.hu\/wp-content\/uploads\/2024\/02\/Balatoni-naplemente-1024x768.jpg 1024w, https:\/\/moikk.hu\/wp-content\/uploads\/2024\/02\/Balatoni-naplemente-300x225.jpg 300w, https:\/\/moikk.hu\/wp-content\/uploads\/2024\/02\/Balatoni-naplemente-768x576.jpg 768w, https:\/\/moikk.hu\/wp-content\/uploads\/2024\/02\/Balatoni-naplemente-1536x1152.jpg 1536w, https:\/\/moikk.hu\/wp-content\/uploads\/2024\/02\/Balatoni-naplemente-2048x1536.jpg 2048w, https:\/\/moikk.hu\/wp-content\/uploads\/2024\/02\/Balatoni-naplemente-850x638.jpg 850w\" sizes=\"auto, (max-width: 1024px) 100vw, 1024px\" \/><figcaption class=\"wp-element-caption\"><strong>Balatoni naplemente<\/strong><\/figcaption><\/figure>\n\n\n\n<figure class=\"wp-block-image size-large is-style-default\"><img loading=\"lazy\" decoding=\"async\" width=\"1024\" height=\"768\" src=\"https:\/\/moikk.hu\/wp-content\/uploads\/2024\/02\/Kodos-oszi-reggel-1024x768.jpg\" alt=\"\" class=\"wp-image-2951\" srcset=\"https:\/\/moikk.hu\/wp-content\/uploads\/2024\/02\/Kodos-oszi-reggel-1024x768.jpg 1024w, https:\/\/moikk.hu\/wp-content\/uploads\/2024\/02\/Kodos-oszi-reggel-300x225.jpg 300w, https:\/\/moikk.hu\/wp-content\/uploads\/2024\/02\/Kodos-oszi-reggel-768x576.jpg 768w, https:\/\/moikk.hu\/wp-content\/uploads\/2024\/02\/Kodos-oszi-reggel-1536x1152.jpg 1536w, https:\/\/moikk.hu\/wp-content\/uploads\/2024\/02\/Kodos-oszi-reggel-2048x1536.jpg 2048w, https:\/\/moikk.hu\/wp-content\/uploads\/2024\/02\/Kodos-oszi-reggel-850x638.jpg 850w\" sizes=\"auto, (max-width: 1024px) 100vw, 1024px\" \/><figcaption class=\"wp-element-caption\"><strong>K\u00f6d\u00f6s \u0151szi reggel<\/strong><\/figcaption><\/figure>\n\n\n\n<figure class=\"wp-block-image size-large is-style-default\"><img loading=\"lazy\" decoding=\"async\" width=\"768\" height=\"1024\" src=\"https:\/\/moikk.hu\/wp-content\/uploads\/2024\/02\/Viragcsendelet-768x1024.jpg\" alt=\"\" class=\"wp-image-2952\" srcset=\"https:\/\/moikk.hu\/wp-content\/uploads\/2024\/02\/Viragcsendelet-768x1024.jpg 768w, https:\/\/moikk.hu\/wp-content\/uploads\/2024\/02\/Viragcsendelet-225x300.jpg 225w, https:\/\/moikk.hu\/wp-content\/uploads\/2024\/02\/Viragcsendelet-1152x1536.jpg 1152w, https:\/\/moikk.hu\/wp-content\/uploads\/2024\/02\/Viragcsendelet-1536x2048.jpg 1536w, https:\/\/moikk.hu\/wp-content\/uploads\/2024\/02\/Viragcsendelet-300x400.jpg 300w, https:\/\/moikk.hu\/wp-content\/uploads\/2024\/02\/Viragcsendelet-850x1133.jpg 850w, https:\/\/moikk.hu\/wp-content\/uploads\/2024\/02\/Viragcsendelet-scaled.jpg 1920w\" sizes=\"auto, (max-width: 768px) 100vw, 768px\" \/><figcaption class=\"wp-element-caption\"><strong>Vir\u00e1gcsend\u00e9let<\/strong><\/figcaption><\/figure>\n\n\n\n<p class=\"has-white-color has-text-color has-link-color wp-elements-cf5f51c8cace32565597f368a6023ee6\">xx<\/p>\n\n\n\n<p style=\"font-size:26px\"><strong>Felt\u00e9ve 2023 janu\u00e1rj\u00e1ban:<\/strong><\/p>\n\n\n\n<figure class=\"wp-block-image size-large is-style-default\"><img loading=\"lazy\" decoding=\"async\" width=\"1024\" height=\"733\" src=\"https:\/\/moikk.hu\/wp-content\/uploads\/2023\/01\/WE-Bihari-hegyek-min-1024x733.jpg\" alt=\"\" class=\"wp-image-2502\" srcset=\"https:\/\/moikk.hu\/wp-content\/uploads\/2023\/01\/WE-Bihari-hegyek-min-1024x733.jpg 1024w, https:\/\/moikk.hu\/wp-content\/uploads\/2023\/01\/WE-Bihari-hegyek-min-300x215.jpg 300w, https:\/\/moikk.hu\/wp-content\/uploads\/2023\/01\/WE-Bihari-hegyek-min-768x550.jpg 768w, https:\/\/moikk.hu\/wp-content\/uploads\/2023\/01\/WE-Bihari-hegyek-min-1536x1100.jpg 1536w, https:\/\/moikk.hu\/wp-content\/uploads\/2023\/01\/WE-Bihari-hegyek-min-850x609.jpg 850w, https:\/\/moikk.hu\/wp-content\/uploads\/2023\/01\/WE-Bihari-hegyek-min.jpg 1996w\" sizes=\"auto, (max-width: 1024px) 100vw, 1024px\" \/><figcaption class=\"wp-element-caption\"><strong>Bihari hegyek<\/strong><\/figcaption><\/figure>\n\n\n\n<figure class=\"wp-block-image size-large is-style-default\"><img loading=\"lazy\" decoding=\"async\" width=\"757\" height=\"1024\" src=\"https:\/\/moikk.hu\/wp-content\/uploads\/2023\/01\/WE-Oszi-hangulat-min-757x1024.jpg\" alt=\"\" class=\"wp-image-2503\" srcset=\"https:\/\/moikk.hu\/wp-content\/uploads\/2023\/01\/WE-Oszi-hangulat-min-757x1024.jpg 757w, https:\/\/moikk.hu\/wp-content\/uploads\/2023\/01\/WE-Oszi-hangulat-min-222x300.jpg 222w, https:\/\/moikk.hu\/wp-content\/uploads\/2023\/01\/WE-Oszi-hangulat-min-768x1039.jpg 768w, https:\/\/moikk.hu\/wp-content\/uploads\/2023\/01\/WE-Oszi-hangulat-min-1135x1536.jpg 1135w, https:\/\/moikk.hu\/wp-content\/uploads\/2023\/01\/WE-Oszi-hangulat-min-1514x2048.jpg 1514w, https:\/\/moikk.hu\/wp-content\/uploads\/2023\/01\/WE-Oszi-hangulat-min-300x406.jpg 300w, https:\/\/moikk.hu\/wp-content\/uploads\/2023\/01\/WE-Oszi-hangulat-min-850x1150.jpg 850w, https:\/\/moikk.hu\/wp-content\/uploads\/2023\/01\/WE-Oszi-hangulat-min-scaled.jpg 1892w\" sizes=\"auto, (max-width: 757px) 100vw, 757px\" \/><figcaption class=\"wp-element-caption\"><strong>\u0150szi hangulat<\/strong><\/figcaption><\/figure>\n\n\n\n<figure class=\"wp-block-image size-large is-style-default\"><img loading=\"lazy\" decoding=\"async\" width=\"757\" height=\"1024\" src=\"https:\/\/moikk.hu\/wp-content\/uploads\/2023\/01\/WE-Tukrozodes-min-757x1024.jpg\" alt=\"\" class=\"wp-image-2504\" srcset=\"https:\/\/moikk.hu\/wp-content\/uploads\/2023\/01\/WE-Tukrozodes-min-757x1024.jpg 757w, https:\/\/moikk.hu\/wp-content\/uploads\/2023\/01\/WE-Tukrozodes-min-222x300.jpg 222w, https:\/\/moikk.hu\/wp-content\/uploads\/2023\/01\/WE-Tukrozodes-min-768x1039.jpg 768w, https:\/\/moikk.hu\/wp-content\/uploads\/2023\/01\/WE-Tukrozodes-min-1135x1536.jpg 1135w, https:\/\/moikk.hu\/wp-content\/uploads\/2023\/01\/WE-Tukrozodes-min-1514x2048.jpg 1514w, https:\/\/moikk.hu\/wp-content\/uploads\/2023\/01\/WE-Tukrozodes-min-300x406.jpg 300w, https:\/\/moikk.hu\/wp-content\/uploads\/2023\/01\/WE-Tukrozodes-min-850x1150.jpg 850w, https:\/\/moikk.hu\/wp-content\/uploads\/2023\/01\/WE-Tukrozodes-min.jpg 1824w\" sizes=\"auto, (max-width: 757px) 100vw, 757px\" \/><figcaption class=\"wp-element-caption\"><strong>T\u00fckr\u00f6z\u0151d\u00e9s<\/strong><\/figcaption><\/figure>\n\n\n\n<figure class=\"wp-block-image size-large is-style-default\"><img loading=\"lazy\" decoding=\"async\" width=\"783\" height=\"1024\" src=\"https:\/\/moikk.hu\/wp-content\/uploads\/2023\/01\/WE-Viragcsokor-min-783x1024.jpg\" alt=\"\" class=\"wp-image-2505\" srcset=\"https:\/\/moikk.hu\/wp-content\/uploads\/2023\/01\/WE-Viragcsokor-min-783x1024.jpg 783w, https:\/\/moikk.hu\/wp-content\/uploads\/2023\/01\/WE-Viragcsokor-min-229x300.jpg 229w, https:\/\/moikk.hu\/wp-content\/uploads\/2023\/01\/WE-Viragcsokor-min-768x1004.jpg 768w, https:\/\/moikk.hu\/wp-content\/uploads\/2023\/01\/WE-Viragcsokor-min-1175x1536.jpg 1175w, https:\/\/moikk.hu\/wp-content\/uploads\/2023\/01\/WE-Viragcsokor-min-1566x2048.jpg 1566w, https:\/\/moikk.hu\/wp-content\/uploads\/2023\/01\/WE-Viragcsokor-min-300x392.jpg 300w, https:\/\/moikk.hu\/wp-content\/uploads\/2023\/01\/WE-Viragcsokor-min-850x1111.jpg 850w, https:\/\/moikk.hu\/wp-content\/uploads\/2023\/01\/WE-Viragcsokor-min-scaled.jpg 1958w\" sizes=\"auto, (max-width: 783px) 100vw, 783px\" \/><figcaption class=\"wp-element-caption\"><strong>Vir\u00e1gcsokor<\/strong><\/figcaption><\/figure>\n\n\n\n<p><\/p>\n\n\n\n<p style=\"font-size:26px\"><strong>Felt\u00e9ve 2022-ben:<\/strong><\/p>\n\n\n\n<figure class=\"wp-block-image size-large is-style-default\"><img loading=\"lazy\" decoding=\"async\" width=\"807\" height=\"1024\" src=\"https:\/\/moikk.hu\/wp-content\/uploads\/2022\/01\/Adj-innom-Jezus-es-a-szamariai-asszony-min-807x1024.jpg\" alt=\"\" class=\"wp-image-1449\" srcset=\"https:\/\/moikk.hu\/wp-content\/uploads\/2022\/01\/Adj-innom-Jezus-es-a-szamariai-asszony-min-807x1024.jpg 807w, https:\/\/moikk.hu\/wp-content\/uploads\/2022\/01\/Adj-innom-Jezus-es-a-szamariai-asszony-min-236x300.jpg 236w, https:\/\/moikk.hu\/wp-content\/uploads\/2022\/01\/Adj-innom-Jezus-es-a-szamariai-asszony-min-768x975.jpg 768w, https:\/\/moikk.hu\/wp-content\/uploads\/2022\/01\/Adj-innom-Jezus-es-a-szamariai-asszony-min-1210x1536.jpg 1210w, https:\/\/moikk.hu\/wp-content\/uploads\/2022\/01\/Adj-innom-Jezus-es-a-szamariai-asszony-min-300x381.jpg 300w, https:\/\/moikk.hu\/wp-content\/uploads\/2022\/01\/Adj-innom-Jezus-es-a-szamariai-asszony-min-850x1079.jpg 850w, https:\/\/moikk.hu\/wp-content\/uploads\/2022\/01\/Adj-innom-Jezus-es-a-szamariai-asszony-min.jpg 1542w\" sizes=\"auto, (max-width: 807px) 100vw, 807px\" \/><figcaption class=\"wp-element-caption\">Adj innom!<br>J\u00e9zus \u00e9s a szamariai asszony<\/figcaption><\/figure>\n\n\n\n<figure class=\"wp-block-image size-large is-style-default\"><img loading=\"lazy\" decoding=\"async\" width=\"1024\" height=\"846\" src=\"https:\/\/moikk.hu\/wp-content\/uploads\/2022\/01\/Bodzaag-min-1024x846.jpg\" alt=\"\" class=\"wp-image-1450\" srcset=\"https:\/\/moikk.hu\/wp-content\/uploads\/2022\/01\/Bodzaag-min-1024x846.jpg 1024w, https:\/\/moikk.hu\/wp-content\/uploads\/2022\/01\/Bodzaag-min-300x248.jpg 300w, https:\/\/moikk.hu\/wp-content\/uploads\/2022\/01\/Bodzaag-min-768x635.jpg 768w, https:\/\/moikk.hu\/wp-content\/uploads\/2022\/01\/Bodzaag-min-1536x1270.jpg 1536w, https:\/\/moikk.hu\/wp-content\/uploads\/2022\/01\/Bodzaag-min-850x703.jpg 850w, https:\/\/moikk.hu\/wp-content\/uploads\/2022\/01\/Bodzaag-min.jpg 1973w\" sizes=\"auto, (max-width: 1024px) 100vw, 1024px\" \/><figcaption class=\"wp-element-caption\">Bodza\u00e1g<\/figcaption><\/figure>\n\n\n\n<figure class=\"wp-block-image size-large is-style-default\"><img loading=\"lazy\" decoding=\"async\" width=\"1024\" height=\"714\" src=\"https:\/\/moikk.hu\/wp-content\/uploads\/2022\/01\/HORGASZTO-min-1024x714.jpg\" alt=\"\" class=\"wp-image-1451\" srcset=\"https:\/\/moikk.hu\/wp-content\/uploads\/2022\/01\/HORGASZTO-min-1024x714.jpg 1024w, https:\/\/moikk.hu\/wp-content\/uploads\/2022\/01\/HORGASZTO-min-300x209.jpg 300w, https:\/\/moikk.hu\/wp-content\/uploads\/2022\/01\/HORGASZTO-min-768x535.jpg 768w, https:\/\/moikk.hu\/wp-content\/uploads\/2022\/01\/HORGASZTO-min-1536x1071.jpg 1536w, https:\/\/moikk.hu\/wp-content\/uploads\/2022\/01\/HORGASZTO-min-850x593.jpg 850w, https:\/\/moikk.hu\/wp-content\/uploads\/2022\/01\/HORGASZTO-min.jpg 1770w\" sizes=\"auto, (max-width: 1024px) 100vw, 1024px\" \/><figcaption class=\"wp-element-caption\">HORG\u00c1SZT\u00d3<\/figcaption><\/figure>\n\n\n\n<figure class=\"wp-block-image size-large is-style-default\"><img loading=\"lazy\" decoding=\"async\" width=\"782\" height=\"1024\" src=\"https:\/\/moikk.hu\/wp-content\/uploads\/2022\/01\/KARDVIRAGOK-min-782x1024.jpg\" alt=\"\" class=\"wp-image-1454\" srcset=\"https:\/\/moikk.hu\/wp-content\/uploads\/2022\/01\/KARDVIRAGOK-min-782x1024.jpg 782w, https:\/\/moikk.hu\/wp-content\/uploads\/2022\/01\/KARDVIRAGOK-min-229x300.jpg 229w, https:\/\/moikk.hu\/wp-content\/uploads\/2022\/01\/KARDVIRAGOK-min-768x1006.jpg 768w, https:\/\/moikk.hu\/wp-content\/uploads\/2022\/01\/KARDVIRAGOK-min-1173x1536.jpg 1173w, https:\/\/moikk.hu\/wp-content\/uploads\/2022\/01\/KARDVIRAGOK-min-1564x2048.jpg 1564w, https:\/\/moikk.hu\/wp-content\/uploads\/2022\/01\/KARDVIRAGOK-min-300x393.jpg 300w, https:\/\/moikk.hu\/wp-content\/uploads\/2022\/01\/KARDVIRAGOK-min-850x1113.jpg 850w, https:\/\/moikk.hu\/wp-content\/uploads\/2022\/01\/KARDVIRAGOK-min.jpg 1699w\" sizes=\"auto, (max-width: 782px) 100vw, 782px\" \/><figcaption class=\"wp-element-caption\">KARDVIR\u00c1GOK<\/figcaption><\/figure>\n","protected":false},"excerpt":{"rendered":"<p>Felt\u00e9ve 2024 janu\u00e1rj\u00e1ban: xx Felt\u00e9ve 2023 janu\u00e1rj\u00e1ban: Felt\u00e9ve 2022-ben:<\/p>\n","protected":false},"author":1,"featured_media":0,"parent":0,"menu_order":0,"comment_status":"closed","ping_status":"closed","template":"","meta":{"footnotes":""},"class_list":["post-1453","page","type-page","status-publish","hentry"],"_links":{"self":[{"href":"https:\/\/moikk.hu\/index.php\/wp-json\/wp\/v2\/pages\/1453","targetHints":{"allow":["GET"]}}],"collection":[{"href":"https:\/\/moikk.hu\/index.php\/wp-json\/wp\/v2\/pages"}],"about":[{"href":"https:\/\/moikk.hu\/index.php\/wp-json\/wp\/v2\/types\/page"}],"author":[{"embeddable":true,"href":"https:\/\/moikk.hu\/index.php\/wp-json\/wp\/v2\/users\/1"}],"replies":[{"embeddable":true,"href":"https:\/\/moikk.hu\/index.php\/wp-json\/wp\/v2\/comments?post=1453"}],"version-history":[{"count":5,"href":"https:\/\/moikk.hu\/index.php\/wp-json\/wp\/v2\/pages\/1453\/revisions"}],"predecessor-version":[{"id":2955,"href":"https:\/\/moikk.hu\/index.php\/wp-json\/wp\/v2\/pages\/1453\/revisions\/2955"}],"wp:attachment":[{"href":"https:\/\/moikk.hu\/index.php\/wp-json\/wp\/v2\/media?parent=1453"}],"curies":[{"name":"wp","href":"https:\/\/api.w.org\/{rel}","templated":true}]}}