{"id":1441,"date":"2022-01-27T15:50:12","date_gmt":"2022-01-27T15:50:12","guid":{"rendered":"https:\/\/moikk.hu\/?page_id=1441"},"modified":"2024-12-07T12:18:06","modified_gmt":"2024-12-07T12:18:06","slug":"dr-tihanyi-agnes","status":"publish","type":"page","link":"https:\/\/moikk.hu\/index.php\/dr-tihanyi-agnes\/","title":{"rendered":"Dr. Tihanyi \u00c1gnes"},"content":{"rendered":"\n<p>.<\/p>\n\n\n\n<ul class=\"wp-block-list\">\n<li style=\"font-size:22px\"><a href=\"https:\/\/moikk.hu\/wp-content\/uploads\/2024\/12\/TihanyiA-24dec.pdf\">Felt\u00e9ve 2024 december\u00e9ben<\/a><\/li>\n<\/ul>\n\n\n\n<p style=\"font-size:1px\">.<\/p>\n\n\n\n<p style=\"font-size:32px\"><strong>Felt\u00e9ve 2024 janu\u00e1rj\u00e1ban:<\/strong><\/p>\n\n\n\n<figure class=\"wp-block-image size-large is-style-default\"><img loading=\"lazy\" decoding=\"async\" width=\"1024\" height=\"1024\" src=\"https:\/\/moikk.hu\/wp-content\/uploads\/2024\/01\/TihanyiA-aholpihenanap-1024x1024.jpg\" alt=\"\" class=\"wp-image-2772\" srcset=\"https:\/\/moikk.hu\/wp-content\/uploads\/2024\/01\/TihanyiA-aholpihenanap-1024x1024.jpg 1024w, https:\/\/moikk.hu\/wp-content\/uploads\/2024\/01\/TihanyiA-aholpihenanap-300x300.jpg 300w, https:\/\/moikk.hu\/wp-content\/uploads\/2024\/01\/TihanyiA-aholpihenanap-150x150.jpg 150w, https:\/\/moikk.hu\/wp-content\/uploads\/2024\/01\/TihanyiA-aholpihenanap-768x768.jpg 768w, https:\/\/moikk.hu\/wp-content\/uploads\/2024\/01\/TihanyiA-aholpihenanap-1536x1536.jpg 1536w, https:\/\/moikk.hu\/wp-content\/uploads\/2024\/01\/TihanyiA-aholpihenanap-2048x2048.jpg 2048w, https:\/\/moikk.hu\/wp-content\/uploads\/2024\/01\/TihanyiA-aholpihenanap-850x850.jpg 850w\" sizes=\"auto, (max-width: 1024px) 100vw, 1024px\" \/><figcaption class=\"wp-element-caption\">Ahol pihen a nap<\/figcaption><\/figure>\n\n\n\n<figure class=\"wp-block-image size-large is-style-default\"><img loading=\"lazy\" decoding=\"async\" width=\"1024\" height=\"1024\" src=\"https:\/\/moikk.hu\/wp-content\/uploads\/2024\/01\/TihanyiA-geoda-1024x1024.jpg\" alt=\"\" class=\"wp-image-2774\" srcset=\"https:\/\/moikk.hu\/wp-content\/uploads\/2024\/01\/TihanyiA-geoda-1024x1024.jpg 1024w, https:\/\/moikk.hu\/wp-content\/uploads\/2024\/01\/TihanyiA-geoda-300x300.jpg 300w, https:\/\/moikk.hu\/wp-content\/uploads\/2024\/01\/TihanyiA-geoda-150x150.jpg 150w, https:\/\/moikk.hu\/wp-content\/uploads\/2024\/01\/TihanyiA-geoda-768x768.jpg 768w, https:\/\/moikk.hu\/wp-content\/uploads\/2024\/01\/TihanyiA-geoda-1536x1536.jpg 1536w, https:\/\/moikk.hu\/wp-content\/uploads\/2024\/01\/TihanyiA-geoda-2048x2048.jpg 2048w, https:\/\/moikk.hu\/wp-content\/uploads\/2024\/01\/TihanyiA-geoda-850x850.jpg 850w\" sizes=\"auto, (max-width: 1024px) 100vw, 1024px\" \/><figcaption class=\"wp-element-caption\">Geoda<\/figcaption><\/figure>\n\n\n\n<figure class=\"wp-block-image size-large is-style-default\"><img loading=\"lazy\" decoding=\"async\" width=\"1024\" height=\"1011\" src=\"https:\/\/moikk.hu\/wp-content\/uploads\/2024\/01\/TihanyiA-rozsak-1024x1011.jpg\" alt=\"\" class=\"wp-image-2775\" srcset=\"https:\/\/moikk.hu\/wp-content\/uploads\/2024\/01\/TihanyiA-rozsak-1024x1011.jpg 1024w, https:\/\/moikk.hu\/wp-content\/uploads\/2024\/01\/TihanyiA-rozsak-300x296.jpg 300w, https:\/\/moikk.hu\/wp-content\/uploads\/2024\/01\/TihanyiA-rozsak-768x758.jpg 768w, https:\/\/moikk.hu\/wp-content\/uploads\/2024\/01\/TihanyiA-rozsak-1536x1516.jpg 1536w, https:\/\/moikk.hu\/wp-content\/uploads\/2024\/01\/TihanyiA-rozsak-2048x2021.jpg 2048w, https:\/\/moikk.hu\/wp-content\/uploads\/2024\/01\/TihanyiA-rozsak-850x839.jpg 850w\" sizes=\"auto, (max-width: 1024px) 100vw, 1024px\" \/><figcaption class=\"wp-element-caption\">R\u00f3zs\u00e1k<\/figcaption><\/figure>\n\n\n\n<p class=\"has-white-color has-text-color has-link-color wp-elements-cf5f51c8cace32565597f368a6023ee6\">xx<\/p>\n\n\n\n<p class=\"has-white-color has-text-color has-link-color wp-elements-cf5f51c8cace32565597f368a6023ee6\">xx<\/p>\n\n\n\n<p style=\"font-size:32px\"><strong>Felt\u00e9ve 2023 janu\u00e1rj\u00e1ban:<\/strong><\/p>\n\n\n\n<figure class=\"wp-block-image size-large is-style-default\"><img loading=\"lazy\" decoding=\"async\" width=\"1024\" height=\"1008\" src=\"https:\/\/moikk.hu\/wp-content\/uploads\/2023\/01\/Husevovirag-akril-fa-40x40-cm-min-1024x1008.jpg\" alt=\"\" class=\"wp-image-2496\" srcset=\"https:\/\/moikk.hu\/wp-content\/uploads\/2023\/01\/Husevovirag-akril-fa-40x40-cm-min-1024x1008.jpg 1024w, https:\/\/moikk.hu\/wp-content\/uploads\/2023\/01\/Husevovirag-akril-fa-40x40-cm-min-300x295.jpg 300w, https:\/\/moikk.hu\/wp-content\/uploads\/2023\/01\/Husevovirag-akril-fa-40x40-cm-min-768x756.jpg 768w, https:\/\/moikk.hu\/wp-content\/uploads\/2023\/01\/Husevovirag-akril-fa-40x40-cm-min-1536x1513.jpg 1536w, https:\/\/moikk.hu\/wp-content\/uploads\/2023\/01\/Husevovirag-akril-fa-40x40-cm-min-2048x2017.jpg 2048w, https:\/\/moikk.hu\/wp-content\/uploads\/2023\/01\/Husevovirag-akril-fa-40x40-cm-min-850x837.jpg 850w\" sizes=\"auto, (max-width: 1024px) 100vw, 1024px\" \/><figcaption class=\"wp-element-caption\"><strong>H\u00fasev\u0151vir\u00e1g<\/strong><\/figcaption><\/figure>\n\n\n\n<figure class=\"wp-block-image size-large is-style-default\"><img loading=\"lazy\" decoding=\"async\" width=\"1024\" height=\"1024\" src=\"https:\/\/moikk.hu\/wp-content\/uploads\/2023\/01\/Napkelte-akril-vaszon-40x40-cm-min-1024x1024.jpg\" alt=\"\" class=\"wp-image-2497\" srcset=\"https:\/\/moikk.hu\/wp-content\/uploads\/2023\/01\/Napkelte-akril-vaszon-40x40-cm-min-1024x1024.jpg 1024w, https:\/\/moikk.hu\/wp-content\/uploads\/2023\/01\/Napkelte-akril-vaszon-40x40-cm-min-300x300.jpg 300w, https:\/\/moikk.hu\/wp-content\/uploads\/2023\/01\/Napkelte-akril-vaszon-40x40-cm-min-150x150.jpg 150w, https:\/\/moikk.hu\/wp-content\/uploads\/2023\/01\/Napkelte-akril-vaszon-40x40-cm-min-768x768.jpg 768w, https:\/\/moikk.hu\/wp-content\/uploads\/2023\/01\/Napkelte-akril-vaszon-40x40-cm-min-1536x1536.jpg 1536w, https:\/\/moikk.hu\/wp-content\/uploads\/2023\/01\/Napkelte-akril-vaszon-40x40-cm-min-2048x2048.jpg 2048w, https:\/\/moikk.hu\/wp-content\/uploads\/2023\/01\/Napkelte-akril-vaszon-40x40-cm-min-850x850.jpg 850w\" sizes=\"auto, (max-width: 1024px) 100vw, 1024px\" \/><figcaption class=\"wp-element-caption\"><strong>Napkelte<\/strong><\/figcaption><\/figure>\n\n\n\n<figure class=\"wp-block-image size-large is-style-default\"><img loading=\"lazy\" decoding=\"async\" width=\"994\" height=\"1024\" src=\"https:\/\/moikk.hu\/wp-content\/uploads\/2023\/01\/Nyugalomakril-vaszon-40x40cm-min-994x1024.jpg\" alt=\"\" class=\"wp-image-2498\" srcset=\"https:\/\/moikk.hu\/wp-content\/uploads\/2023\/01\/Nyugalomakril-vaszon-40x40cm-min-994x1024.jpg 994w, https:\/\/moikk.hu\/wp-content\/uploads\/2023\/01\/Nyugalomakril-vaszon-40x40cm-min-291x300.jpg 291w, https:\/\/moikk.hu\/wp-content\/uploads\/2023\/01\/Nyugalomakril-vaszon-40x40cm-min-768x791.jpg 768w, https:\/\/moikk.hu\/wp-content\/uploads\/2023\/01\/Nyugalomakril-vaszon-40x40cm-min-1491x1536.jpg 1491w, https:\/\/moikk.hu\/wp-content\/uploads\/2023\/01\/Nyugalomakril-vaszon-40x40cm-min-300x309.jpg 300w, https:\/\/moikk.hu\/wp-content\/uploads\/2023\/01\/Nyugalomakril-vaszon-40x40cm-min-850x875.jpg 850w, https:\/\/moikk.hu\/wp-content\/uploads\/2023\/01\/Nyugalomakril-vaszon-40x40cm-min.jpg 1634w\" sizes=\"auto, (max-width: 994px) 100vw, 994px\" \/><figcaption class=\"wp-element-caption\"><strong>Nyugalom<\/strong><\/figcaption><\/figure>\n\n\n\n<figure class=\"wp-block-image size-large is-style-default\"><img loading=\"lazy\" decoding=\"async\" width=\"1024\" height=\"1024\" src=\"https:\/\/moikk.hu\/wp-content\/uploads\/2023\/01\/Viharfelhok-akril-vaszon-40x40-cm-min-1024x1024.jpg\" alt=\"\" class=\"wp-image-2499\" srcset=\"https:\/\/moikk.hu\/wp-content\/uploads\/2023\/01\/Viharfelhok-akril-vaszon-40x40-cm-min-1024x1024.jpg 1024w, https:\/\/moikk.hu\/wp-content\/uploads\/2023\/01\/Viharfelhok-akril-vaszon-40x40-cm-min-300x300.jpg 300w, https:\/\/moikk.hu\/wp-content\/uploads\/2023\/01\/Viharfelhok-akril-vaszon-40x40-cm-min-150x150.jpg 150w, https:\/\/moikk.hu\/wp-content\/uploads\/2023\/01\/Viharfelhok-akril-vaszon-40x40-cm-min-768x768.jpg 768w, https:\/\/moikk.hu\/wp-content\/uploads\/2023\/01\/Viharfelhok-akril-vaszon-40x40-cm-min-1536x1536.jpg 1536w, https:\/\/moikk.hu\/wp-content\/uploads\/2023\/01\/Viharfelhok-akril-vaszon-40x40-cm-min-2048x2048.jpg 2048w, https:\/\/moikk.hu\/wp-content\/uploads\/2023\/01\/Viharfelhok-akril-vaszon-40x40-cm-min-850x850.jpg 850w\" sizes=\"auto, (max-width: 1024px) 100vw, 1024px\" \/><figcaption class=\"wp-element-caption\"><strong>Viharfelh\u0151k<\/strong><\/figcaption><\/figure>\n\n\n\n<p class=\"has-white-color has-text-color has-link-color wp-elements-cf5f51c8cace32565597f368a6023ee6\">xx<\/p>\n\n\n\n<p class=\"has-white-color has-text-color has-link-color wp-elements-cf5f51c8cace32565597f368a6023ee6\">xx<\/p>\n\n\n\n<p style=\"font-size:32px\"><strong>Felt\u00e9ve 2022-ben:<\/strong><\/p>\n\n\n\n<figure class=\"wp-block-image size-large is-style-default\"><img loading=\"lazy\" decoding=\"async\" width=\"999\" height=\"1024\" src=\"https:\/\/moikk.hu\/wp-content\/uploads\/2022\/01\/A-tenger-akrilvaszonresin-min-999x1024.jpg\" alt=\"\" class=\"wp-image-1437\" srcset=\"https:\/\/moikk.hu\/wp-content\/uploads\/2022\/01\/A-tenger-akrilvaszonresin-min-999x1024.jpg 999w, https:\/\/moikk.hu\/wp-content\/uploads\/2022\/01\/A-tenger-akrilvaszonresin-min-293x300.jpg 293w, https:\/\/moikk.hu\/wp-content\/uploads\/2022\/01\/A-tenger-akrilvaszonresin-min-768x787.jpg 768w, https:\/\/moikk.hu\/wp-content\/uploads\/2022\/01\/A-tenger-akrilvaszonresin-min-1499x1536.jpg 1499w, https:\/\/moikk.hu\/wp-content\/uploads\/2022\/01\/A-tenger-akrilvaszonresin-min-1998x2048.jpg 1998w, https:\/\/moikk.hu\/wp-content\/uploads\/2022\/01\/A-tenger-akrilvaszonresin-min-300x307.jpg 300w, https:\/\/moikk.hu\/wp-content\/uploads\/2022\/01\/A-tenger-akrilvaszonresin-min-850x871.jpg 850w\" sizes=\"auto, (max-width: 999px) 100vw, 999px\" \/><figcaption class=\"wp-element-caption\">A tenger (akril, v\u00e1szon, resin)<\/figcaption><\/figure>\n\n\n\n<figure class=\"wp-block-image size-large is-style-default\"><img loading=\"lazy\" decoding=\"async\" width=\"1024\" height=\"1012\" src=\"https:\/\/moikk.hu\/wp-content\/uploads\/2022\/01\/Avatar-30x30-cm-es-akril-farost.-min-1024x1012.jpg\" alt=\"\" class=\"wp-image-1438\" srcset=\"https:\/\/moikk.hu\/wp-content\/uploads\/2022\/01\/Avatar-30x30-cm-es-akril-farost.-min-1024x1012.jpg 1024w, https:\/\/moikk.hu\/wp-content\/uploads\/2022\/01\/Avatar-30x30-cm-es-akril-farost.-min-300x297.jpg 300w, https:\/\/moikk.hu\/wp-content\/uploads\/2022\/01\/Avatar-30x30-cm-es-akril-farost.-min-768x759.jpg 768w, https:\/\/moikk.hu\/wp-content\/uploads\/2022\/01\/Avatar-30x30-cm-es-akril-farost.-min-1536x1518.jpg 1536w, https:\/\/moikk.hu\/wp-content\/uploads\/2022\/01\/Avatar-30x30-cm-es-akril-farost.-min-2048x2024.jpg 2048w, https:\/\/moikk.hu\/wp-content\/uploads\/2022\/01\/Avatar-30x30-cm-es-akril-farost.-min-850x840.jpg 850w\" sizes=\"auto, (max-width: 1024px) 100vw, 1024px\" \/><figcaption class=\"wp-element-caption\">Avatar (akril, farost)<\/figcaption><\/figure>\n\n\n\n<figure class=\"wp-block-image size-large is-style-default\"><img loading=\"lazy\" decoding=\"async\" width=\"819\" height=\"1024\" src=\"https:\/\/moikk.hu\/wp-content\/uploads\/2022\/01\/Kozelito-vihar-akril-fluid-art-70x50-min-819x1024.jpg\" alt=\"\" class=\"wp-image-1439\" srcset=\"https:\/\/moikk.hu\/wp-content\/uploads\/2022\/01\/Kozelito-vihar-akril-fluid-art-70x50-min-819x1024.jpg 819w, https:\/\/moikk.hu\/wp-content\/uploads\/2022\/01\/Kozelito-vihar-akril-fluid-art-70x50-min-240x300.jpg 240w, https:\/\/moikk.hu\/wp-content\/uploads\/2022\/01\/Kozelito-vihar-akril-fluid-art-70x50-min-768x960.jpg 768w, https:\/\/moikk.hu\/wp-content\/uploads\/2022\/01\/Kozelito-vihar-akril-fluid-art-70x50-min-1229x1536.jpg 1229w, https:\/\/moikk.hu\/wp-content\/uploads\/2022\/01\/Kozelito-vihar-akril-fluid-art-70x50-min-1638x2048.jpg 1638w, https:\/\/moikk.hu\/wp-content\/uploads\/2022\/01\/Kozelito-vihar-akril-fluid-art-70x50-min-300x375.jpg 300w, https:\/\/moikk.hu\/wp-content\/uploads\/2022\/01\/Kozelito-vihar-akril-fluid-art-70x50-min-850x1063.jpg 850w, https:\/\/moikk.hu\/wp-content\/uploads\/2022\/01\/Kozelito-vihar-akril-fluid-art-70x50-min-scaled.jpg 2048w\" sizes=\"auto, (max-width: 819px) 100vw, 819px\" \/><figcaption class=\"wp-element-caption\">K\u00f6zel\u00edt\u0151 vihar (akril, fluid art)<\/figcaption><\/figure>\n\n\n\n<figure class=\"wp-block-image size-large is-style-default\"><img loading=\"lazy\" decoding=\"async\" width=\"1024\" height=\"1024\" src=\"https:\/\/moikk.hu\/wp-content\/uploads\/2022\/01\/Naplementeakril-vaszonresin-30x25-1-1024x1024.jpg\" alt=\"\" class=\"wp-image-1442\" srcset=\"https:\/\/moikk.hu\/wp-content\/uploads\/2022\/01\/Naplementeakril-vaszonresin-30x25-1-1024x1024.jpg 1024w, https:\/\/moikk.hu\/wp-content\/uploads\/2022\/01\/Naplementeakril-vaszonresin-30x25-1-300x300.jpg 300w, https:\/\/moikk.hu\/wp-content\/uploads\/2022\/01\/Naplementeakril-vaszonresin-30x25-1-150x150.jpg 150w, https:\/\/moikk.hu\/wp-content\/uploads\/2022\/01\/Naplementeakril-vaszonresin-30x25-1-768x768.jpg 768w, https:\/\/moikk.hu\/wp-content\/uploads\/2022\/01\/Naplementeakril-vaszonresin-30x25-1-1536x1536.jpg 1536w, https:\/\/moikk.hu\/wp-content\/uploads\/2022\/01\/Naplementeakril-vaszonresin-30x25-1-850x850.jpg 850w, https:\/\/moikk.hu\/wp-content\/uploads\/2022\/01\/Naplementeakril-vaszonresin-30x25-1.jpg 1815w\" sizes=\"auto, (max-width: 1024px) 100vw, 1024px\" \/><figcaption class=\"wp-element-caption\">Naplemente (akril, v\u00e1szon, resin)<\/figcaption><\/figure>\n\n\n\n<figure class=\"wp-block-image size-large is-style-default\"><img loading=\"lazy\" decoding=\"async\" width=\"1024\" height=\"1024\" src=\"https:\/\/moikk.hu\/wp-content\/uploads\/2022\/01\/Tengeri-szel-akril-vaszon-30x30-min-1024x1024.jpg\" alt=\"\" class=\"wp-image-1443\" srcset=\"https:\/\/moikk.hu\/wp-content\/uploads\/2022\/01\/Tengeri-szel-akril-vaszon-30x30-min-1024x1024.jpg 1024w, https:\/\/moikk.hu\/wp-content\/uploads\/2022\/01\/Tengeri-szel-akril-vaszon-30x30-min-300x300.jpg 300w, https:\/\/moikk.hu\/wp-content\/uploads\/2022\/01\/Tengeri-szel-akril-vaszon-30x30-min-150x150.jpg 150w, https:\/\/moikk.hu\/wp-content\/uploads\/2022\/01\/Tengeri-szel-akril-vaszon-30x30-min-768x768.jpg 768w, https:\/\/moikk.hu\/wp-content\/uploads\/2022\/01\/Tengeri-szel-akril-vaszon-30x30-min-1536x1536.jpg 1536w, https:\/\/moikk.hu\/wp-content\/uploads\/2022\/01\/Tengeri-szel-akril-vaszon-30x30-min-2048x2048.jpg 2048w, https:\/\/moikk.hu\/wp-content\/uploads\/2022\/01\/Tengeri-szel-akril-vaszon-30x30-min-850x850.jpg 850w\" sizes=\"auto, (max-width: 1024px) 100vw, 1024px\" \/><figcaption class=\"wp-element-caption\">Tengeri sz\u00e9l (akril, v\u00e1szon)<\/figcaption><\/figure>\n\n\n\n<figure class=\"wp-block-image size-large is-style-default\"><img loading=\"lazy\" decoding=\"async\" width=\"1020\" height=\"1024\" src=\"https:\/\/moikk.hu\/wp-content\/uploads\/2022\/01\/Tuzmadar-akril-vaszon-30x30-min-1020x1024.jpg\" alt=\"\" class=\"wp-image-1444\" srcset=\"https:\/\/moikk.hu\/wp-content\/uploads\/2022\/01\/Tuzmadar-akril-vaszon-30x30-min-1020x1024.jpg 1020w, https:\/\/moikk.hu\/wp-content\/uploads\/2022\/01\/Tuzmadar-akril-vaszon-30x30-min-300x301.jpg 300w, https:\/\/moikk.hu\/wp-content\/uploads\/2022\/01\/Tuzmadar-akril-vaszon-30x30-min-150x150.jpg 150w, https:\/\/moikk.hu\/wp-content\/uploads\/2022\/01\/Tuzmadar-akril-vaszon-30x30-min-768x771.jpg 768w, https:\/\/moikk.hu\/wp-content\/uploads\/2022\/01\/Tuzmadar-akril-vaszon-30x30-min-1530x1536.jpg 1530w, https:\/\/moikk.hu\/wp-content\/uploads\/2022\/01\/Tuzmadar-akril-vaszon-30x30-min-2040x2048.jpg 2040w, https:\/\/moikk.hu\/wp-content\/uploads\/2022\/01\/Tuzmadar-akril-vaszon-30x30-min-850x853.jpg 850w\" sizes=\"auto, (max-width: 1020px) 100vw, 1020px\" \/><figcaption class=\"wp-element-caption\">T\u0171zmad\u00e1r (akril, v\u00e1szon)<\/figcaption><\/figure>\n","protected":false},"excerpt":{"rendered":"<p>. . Felt\u00e9ve 2024 janu\u00e1rj\u00e1ban: xx xx Felt\u00e9ve 2023 janu\u00e1rj\u00e1ban: xx xx Felt\u00e9ve 2022-ben:<\/p>\n","protected":false},"author":1,"featured_media":0,"parent":0,"menu_order":0,"comment_status":"closed","ping_status":"closed","template":"","meta":{"footnotes":""},"class_list":["post-1441","page","type-page","status-publish","hentry"],"_links":{"self":[{"href":"https:\/\/moikk.hu\/index.php\/wp-json\/wp\/v2\/pages\/1441","targetHints":{"allow":["GET"]}}],"collection":[{"href":"https:\/\/moikk.hu\/index.php\/wp-json\/wp\/v2\/pages"}],"about":[{"href":"https:\/\/moikk.hu\/index.php\/wp-json\/wp\/v2\/types\/page"}],"author":[{"embeddable":true,"href":"https:\/\/moikk.hu\/index.php\/wp-json\/wp\/v2\/users\/1"}],"replies":[{"embeddable":true,"href":"https:\/\/moikk.hu\/index.php\/wp-json\/wp\/v2\/comments?post=1441"}],"version-history":[{"count":5,"href":"https:\/\/moikk.hu\/index.php\/wp-json\/wp\/v2\/pages\/1441\/revisions"}],"predecessor-version":[{"id":3314,"href":"https:\/\/moikk.hu\/index.php\/wp-json\/wp\/v2\/pages\/1441\/revisions\/3314"}],"wp:attachment":[{"href":"https:\/\/moikk.hu\/index.php\/wp-json\/wp\/v2\/media?parent=1441"}],"curies":[{"name":"wp","href":"https:\/\/api.w.org\/{rel}","templated":true}]}}